{"id":7675,"date":"2020-11-23T12:13:44","date_gmt":"2020-11-23T12:13:44","guid":{"rendered":"https:\/\/taski.com\/por-que-taski\/"},"modified":"2022-09-15T09:06:31","modified_gmt":"2022-09-15T09:06:31","slug":"por-que-taski","status":"publish","type":"page","link":"https:\/\/staging.taski.com\/es\/por-que-taski\/","title":{"rendered":"\u00bfPOR QU\u00c9 TASKI?"},"content":{"rendered":"<div class=\"wpb-content-wrapper\"><p>[vc_row][vc_column]\n  <div class=\"page-intro-block size-fit-image style-light font-large\">\n         <div class=\"page-intro-block-i\">\n      <div class=\"row\">\n        <div class=\"page-intro-content\">\n            <div class=\"title-block\">\n                                     <h2>\u00bfC\u00f3mo crea TASKI<br \/>\nlas &lt;strong&gt;m\u00e1quinas de limpieza Definitivas<br \/>\n?&lt;\/strong&gt;<\/h2>\n                                                 <\/div>\n            <div class=\"page-intro-image\">\n                                <div class=\"page-intro-image-alt\">\n                    \n                    <img decoding=\"async\" src=\"https:\/\/staging.taski.com\/wp-content\/uploads\/2020\/11\/Ultimate-Cleaning-Machines.jpg\" alt=\"\" \/>\n\n                <\/div>\n            <\/div>\n        <\/div>\n      <\/div>\n\n\n    <\/div>\n  <\/div>\n  <div class=\"cl-fl\"><\/div>\n[\/vc_column][\/vc_row][vc_row][vc_column]\n  <div class=\"page-description-block style-dark\">\n    <div class=\"page-description-block-i\">\n      <div class=\"row\">\n        <div class=\"page-description-content\">\n          <p>\n[page_description_block]<\/p>\n<h2>TASKI escucha a sus clientes, a los sectores en los que trabajan y <strong>observa las tendencias<\/strong> en ellos. Esta es la base de nuestro proceso de investigaci\u00f3n y desarrollo.<\/h2>\n<p>Las m\u00e1quinas de limpieza Ultimate son producto de sus necesidades y de nuestra innovaci\u00f3n.<\/p>\n        <\/div>\n      <\/div>\n    <\/div>\n  <\/div>\n  <div class=\"cl-fl\"><\/div>\n[\/page_description_block][\/vc_column][\/vc_row][vc_row css=\u00bb.vc_custom_1606748446025{padding-top: 90px !important;padding-bottom: 90px !important;}\u00bb][vc_column css=\u00bb.vc_custom_1606743732250{margin-top: 0px !important;margin-bottom: 0px !important;padding-top: 0px !important;padding-bottom: 0px !important;}\u00bb]\n  <div class=\"taski-carousel-block \" style=\"\">\n    <div class=\"taski-carousel-block-i\">\n\n      <div class=\"taski-carousel-title\"><p>Todo lo que hacemos est\u00e1 dise\u00f1ado para satisfacer tus necesidades<\/p><\/div>\n      <div class=\"row\">\n       <div class=\"taski-carousel-holder\">\n        <div class=\"taski-carousel owl-carousel owl-theme\" id=\"taski-carousel\">\n                                    <div class=\"item taski-slide\">\n                            <div class=\"its-i\">\n                <div class=\"media-w\">\n                    <div class=\"image\">\n                      <div class=\"image-i\">\n                        <img decoding=\"async\" src=\"https:\/\/staging.taski.com\/wp-content\/uploads\/2020\/12\/operational-efficiency.svg\" \/>\n                      <\/div>\n                    <\/div>\n                <\/div>\n                <div class=\"text\">\n                    <div class=\"title\">Eficiencia Operativa<\/div>\n                    <p>Aumenta la eficiencia operativa mediante la innovaci\u00f3n, la productividad y la gesti\u00f3n de la flota.<br \/>\nEcha un vistazo a nuestras \u00faltimas &lt;strong&gt;p\u00e1ginas de Innovaci\u00f3n y Productos.&lt;\/strong&gt;<\/p>\n                                    <\/div>\n              <\/div>\n                          <\/div>\n            <div class=\"item taski-slide\">\n                            <div class=\"its-i\">\n                <div class=\"media-w\">\n                    <div class=\"image\">\n                      <div class=\"image-i\">\n                        <img decoding=\"async\" src=\"https:\/\/staging.taski.com\/wp-content\/uploads\/2020\/12\/continuous-innovation.svg\" \/>\n                      <\/div>\n                    <\/div>\n                <\/div>\n                <div class=\"text\">\n                    <div class=\"title\">Innovaci\u00f3n Continua<\/div>\n                    <p>Utiliza las \u00faltimas tecnolog\u00edas e Internet of Clean para la mejora continua.<br \/>\nConsulta nuestras &lt;strong&gt;p\u00e1ginas de Soluciones Inteligentes&lt;\/strong&gt; para conocer las innovaciones premiadas.<\/p>\n                                    <\/div>\n              <\/div>\n                          <\/div>\n            <div class=\"item taski-slide\">\n                            <div class=\"its-i\">\n                <div class=\"media-w\">\n                    <div class=\"image\">\n                      <div class=\"image-i\">\n                        <img decoding=\"async\" src=\"https:\/\/staging.taski.com\/wp-content\/uploads\/2020\/12\/cost-control.svg\" \/>\n                      <\/div>\n                    <\/div>\n                <\/div>\n                <div class=\"text\">\n                    <div class=\"title\">Crecimiento Rentable<\/div>\n                    <p>Mecanizar m\u00e1s tu limpieza para mejorar la productividad, reducir los costes y aumentar los beneficios.<br \/>\nVisita nuestras &lt;strong&gt;p\u00e1ginas de Financiaci\u00f3n y Servicios&lt;\/strong&gt; para obtener m\u00e1s informaci\u00f3n.<\/p>\n                                    <\/div>\n              <\/div>\n                          <\/div>\n            <div class=\"item taski-slide\">\n                            <div class=\"its-i\">\n                <div class=\"media-w\">\n                    <div class=\"image\">\n                      <div class=\"image-i\">\n                        <img decoding=\"async\" src=\"https:\/\/staging.taski.com\/wp-content\/uploads\/2020\/12\/customer-experience.svg\" \/>\n                      <\/div>\n                    <\/div>\n                <\/div>\n                <div class=\"text\">\n                    <div class=\"title\">Experiencia del Cliente<\/div>\n                    <p>Impresiona a tus clientes y mejora tu marca con suelos m\u00e1s limpios y seguros.<br \/>\nHaz clic en nuestras &lt;strong&gt;p\u00e1ginas de Sectores&lt;\/strong&gt; para conocer nuestras mejores soluciones para tu mercado.<\/p>\n                                    <\/div>\n              <\/div>\n                          <\/div>\n            <div class=\"item taski-slide\">\n                            <div class=\"its-i\">\n                <div class=\"media-w\">\n                    <div class=\"image\">\n                      <div class=\"image-i\">\n                        <img decoding=\"async\" src=\"https:\/\/staging.taski.com\/wp-content\/uploads\/2020\/12\/brand-protection.svg\" \/>\n                      <\/div>\n                    <\/div>\n                <\/div>\n                <div class=\"text\">\n                    <div class=\"title\">Protecci\u00f3n de Marca<\/div>\n                    <p>Protege a tus clientes, visitantes y pacientes al tiempo que proteges tu marca.<br \/>\nHaz clic en nuestras &lt;strong&gt;p\u00e1ginas de Sectores&lt;\/strong&gt; para conocer nuestras mejores soluciones para tu mercado.<\/p>\n                                    <\/div>\n              <\/div>\n                          <\/div>\n            <div class=\"item taski-slide\">\n                            <div class=\"its-i\">\n                <div class=\"media-w\">\n                    <div class=\"image\">\n                      <div class=\"image-i\">\n                        <img decoding=\"async\" src=\"https:\/\/staging.taski.com\/wp-content\/uploads\/2020\/12\/people-safety.svg\" \/>\n                      <\/div>\n                    <\/div>\n                <\/div>\n                <div class=\"text\">\n                    <div class=\"title\">Personas y Seguridad<\/div>\n                    <p>Protege a tus clientes, visitantes, pacientes y personal con una mejor calidad del aire, higiene y secado del suelo.<br \/>\nEcha un vistazo a nuestras &lt;strong&gt;p\u00e1ginas de Productos e Innovaci\u00f3n.&lt;\/strong&gt;<\/p>\n                                    <\/div>\n              <\/div>\n                          <\/div>\n            <div class=\"item taski-slide\">\n                            <div class=\"its-i\">\n                <div class=\"media-w\">\n                    <div class=\"image\">\n                      <div class=\"image-i\">\n                        <img decoding=\"async\" src=\"https:\/\/staging.taski.com\/wp-content\/uploads\/2020\/12\/sustainability.svg\" \/>\n                      <\/div>\n                    <\/div>\n                <\/div>\n                <div class=\"text\">\n                    <div class=\"title\">Sostenibilidad<\/div>\n                    <p>Reduce hasta en un 76% el consumo de energ\u00eda y agua, y cumple con tu sostenibilidad.<br \/>\nConsulta nuestras &lt;strong&gt;Soluciones Inteligentes e Informes.&lt;\/strong&gt;<\/p>\n                                    <\/div>\n              <\/div>\n                          <\/div>\n            <div class=\"item taski-slide\">\n                            <div class=\"its-i\">\n                <div class=\"media-w\">\n                    <div class=\"image\">\n                      <div class=\"image-i\">\n                        <img decoding=\"async\" src=\"https:\/\/staging.taski.com\/wp-content\/uploads\/2020\/12\/working-capital-optimisation.svg\" \/>\n                      <\/div>\n                    <\/div>\n                <\/div>\n                <div class=\"text\">\n                    <div class=\"title\">Optimizaci\u00f3n del Capital de Trabajo<\/div>\n                    <p>Invierte de forma inteligente. Haz que tu dinero trabaje m\u00e1s por ti. Mejora el retorno de la inversi\u00f3n y acorta la recuperaci\u00f3n de la inversi\u00f3n.<br \/>\nVisita nuestras &lt;strong&gt;p\u00e1ginas de Financiaci\u00f3n y Servicios&lt;\/strong&gt; para obtener m\u00e1s informaci\u00f3n.<\/p>\n                                    <\/div>\n              <\/div>\n                          <\/div>\n            <div class=\"item taski-slide\">\n                            <div class=\"its-i\">\n                <div class=\"media-w\">\n                    <div class=\"image\">\n                      <div class=\"image-i\">\n                        <img decoding=\"async\" src=\"https:\/\/staging.taski.com\/wp-content\/uploads\/2020\/12\/asset-protection.svg\" \/>\n                      <\/div>\n                    <\/div>\n                <\/div>\n                <div class=\"text\">\n                    <div class=\"title\">Protecci\u00f3n de Activos<\/div>\n                    <p>Protege y mant\u00e9n los activos de tu edificio a la vez que mejoras su aspecto.<br \/>\nHaz clic en nuestras &lt;strong&gt;p\u00e1ginas de Asesoramiento de Expertos y Contacto&lt;\/strong&gt; para obtener m\u00e1s informaci\u00f3n o formular una pregunta.<\/p>\n                                    <\/div>\n              <\/div>\n                          <\/div>\n            <div class=\"item taski-slide\">\n                            <div class=\"its-i\">\n                <div class=\"media-w\">\n                    <div class=\"image\">\n                      <div class=\"image-i\">\n                        <img decoding=\"async\" src=\"https:\/\/staging.taski.com\/wp-content\/uploads\/2020\/12\/infection-prevention.svg\" \/>\n                      <\/div>\n                    <\/div>\n                <\/div>\n                <div class=\"text\">\n                    <div class=\"title\">Prevenci\u00f3n de Infecciones<\/div>\n                    <p>Protege a tus clientes, invitados, pacientes y a tu personal con los m\u00e1s altos est\u00e1ndares de higiene.<br \/>\nHaz clic en nuestras &lt;strong&gt;p\u00e1ginas de Asesoramiento de Expertos y Contacto&lt;\/strong&gt;para obtener m\u00e1s informaci\u00f3n o formular una pregunta.<\/p>\n                                    <\/div>\n              <\/div>\n                          <\/div>\n                    <\/div>\n\n        <div class=\"taski-carousel-navigation\">\n          <div class=\"nav-left\">\n            <a href=\"#\"><i class=\"fa fa-chevron-left\"><\/i><\/a>\n          <\/div>\n          <div class=\"nav-description\">\n\n          <\/div>\n          <div class=\"nav-right\">\n            <a href=\"#\"><i class=\"fa fa-chevron-right\"><\/i><\/a>\n          <\/div>\n        <\/div>\n       <\/div>\n      <\/div>\n   <\/div>\n  <\/div>\n  <div class=\"cl-fl\"><\/div>\n[\/vc_column][\/vc_row][vc_row][vc_column]\n  <div class=\"three-cta-block\">\n    <div class=\"three-cta-block-i\">\n      <div class=\"row\">\n        <div class=\"three-cta-block-grid\">\n           <div class=\"three-cta-item\">\n            <div class=\"tci-i\">\n             <div class=\"tci-item-content\">\n                <h5>&lt;strong&gt;Consulta nuestras&lt;\/strong&gt;<br \/>\nSoluciones<br \/>\npara la Industria<\/h5>\n                <a href=\"https:\/\/taski.com\/why-taski\/your-markets-sectors\/\"><p>PRODUCTOS, SOLUCIONES <br \/> E INNOVACIONES <br \/><\/p><\/a>\n             <\/div>\n            <\/div>\n           <\/div>\n           <div class=\"three-cta-item\">\n            <div class=\"tci-i\">\n             <div class=\"tci-item-content\">\n                <h5>&lt;strong&gt;Consulta las \u00faltimas&lt;\/strong&gt;<br \/>\nInnovaciones<br \/>\nde TASKI<\/h5>\n                <a href=\"https:\/\/taski.com\/products-innovations-solutions\/innovations\/\"><p>DESCUBRE<br \/>\n\/<br \/>\nM\u00c1S<\/p><\/a>\n             <\/div>\n            <\/div>\n           <\/div>\n           <div class=\"three-cta-item\">\n            <div class=\"tci-i\">\n             <div class=\"tci-item-content\">\n                <h5>&lt;strong&gt;Ponte en contacto&lt;\/strong&gt;<br \/>\ncon<br \/>\nnosotros<\/h5>\n                <a href=\"\/news-help-contacts\/ask-paul-contact\/\"><p>CONTACTO<br \/>EE.UU.<\/p><\/a>\n             <\/div>\n            <\/div>\n           <\/div>\n        <\/div>\n      <\/div>\n    <\/div>\n  <\/div>\n  <div class=\"cl-fl\"><\/div>\n[\/vc_column][\/vc_row]<\/p>\n<\/div>","protected":false},"excerpt":{"rendered":"<p>[vc_row][vc_column][\/vc_column][\/vc_row][vc_row][vc_column][\/page_description_block][\/vc_column][\/vc_row][vc_row css=\u00bb.vc_custom_1606748446025{padding-top: 90px !important;padding-bottom: 90px !important;}\u00bb][vc_column css=\u00bb.vc_custom_1606743732250{margin-top: 0px !important;margin-bottom: 0px !important;padding-top: 0px !important;padding-bottom: 0px !important;}\u00bb][\/vc_column][\/vc_row][vc_row][vc_column][\/vc_column][\/vc_row]<\/p>\n","protected":false},"author":1,"featured_media":0,"parent":0,"menu_order":543,"comment_status":"closed","ping_status":"closed","template":"","meta":{"_acf_changed":false,"_seopress_robots_primary_cat":"","_seopress_titles_title":"","_seopress_titles_desc":"","_seopress_robots_index":"","inline_featured_image":false,"footnotes":""},"class_list":["post-7675","page","type-page","status-publish","hentry"],"acf":[],"_links":{"self":[{"href":"https:\/\/staging.taski.com\/es\/wp-json\/wp\/v2\/pages\/7675","targetHints":{"allow":["GET"]}}],"collection":[{"href":"https:\/\/staging.taski.com\/es\/wp-json\/wp\/v2\/pages"}],"about":[{"href":"https:\/\/staging.taski.com\/es\/wp-json\/wp\/v2\/types\/page"}],"author":[{"embeddable":true,"href":"https:\/\/staging.taski.com\/es\/wp-json\/wp\/v2\/users\/1"}],"replies":[{"embeddable":true,"href":"https:\/\/staging.taski.com\/es\/wp-json\/wp\/v2\/comments?post=7675"}],"version-history":[{"count":0,"href":"https:\/\/staging.taski.com\/es\/wp-json\/wp\/v2\/pages\/7675\/revisions"}],"wp:attachment":[{"href":"https:\/\/staging.taski.com\/es\/wp-json\/wp\/v2\/media?parent=7675"}],"curies":[{"name":"wp","href":"https:\/\/api.w.org\/{rel}","templated":true}]}}