{"id":55113,"date":"2025-02-18T16:43:04","date_gmt":"2025-02-18T16:43:04","guid":{"rendered":"https:\/\/staging.taski.com\/productos-innovaciones-y-soluciones\/productos\/ultimaxx\/"},"modified":"2025-08-25T16:03:51","modified_gmt":"2025-08-25T16:03:51","slug":"ultimaxx","status":"publish","type":"page","link":"https:\/\/staging.taski.com\/es\/productos-innovaciones-y-soluciones\/productos\/ultimaxx\/","title":{"rendered":"Ultimaxx"},"content":{"rendered":"<div class=\"wpb-content-wrapper\"><p>[vc_row][vc_column]\n  <div class=\"page-intro-block size-fit-image style-dark font-large\">\n         <div class=\"page-intro-block-i\">\n      <div class=\"row\">\n        <div class=\"page-intro-content\">\n            <div class=\"title-block\">\n                                     <h2><span class=\"pt\">ULTIMAXX<\/span>La &lt;strong&gt;gama&lt;\/strong&gt; TASKI &lt;strong&gt;ULTIMAXX ofrece una configuraci\u00f3n de m\u00e1quina personalizada&lt;\/strong&gt; con una amplia gama de anchuras de trabajo y cubiertas de cepillos para cada entorno.<\/h2>\n                                                 <\/div>\n            <div class=\"page-intro-image\">\n                                <div class=\"page-intro-image-alt\">\n                    \n                    <img decoding=\"async\" src=\"https:\/\/staging.taski.com\/wp-content\/uploads\/2025\/02\/TASKI-ULTIMAXX-1900-Attachemnts_08-e1739893563789.png\" alt=\"\" \/>\n\n                <\/div>\n            <\/div>\n        <\/div>\n      <\/div>\n\n\n    <\/div>\n  <\/div>\n  <div class=\"cl-fl\"><\/div>\n[\/vc_column][\/vc_row][vc_row][vc_column][vc_basic_grid post_type=\u00bbtaski-products\u00bb style=\u00bbload-more\u00bb show_filter=\u00bbyes\u00bb element_width=\u00bb2&#8243; gap=\u00bb35&#8243; orderby=\u00bbmenu_order\u00bb order=\u00bbASC\u00bb filter_style=\u00bbdefault-less-rounded\u00bb filter_color=\u00bborange\u00bb filter_size=\u00bblg\u00bb item=\u00bb50527&#8243; css=\u00bb.vc_custom_1739899748044{margin-top: 20px !important;margin-bottom: 80px !important;}\u00bb max_items=\u00bb-1&#8243; items_per_page=\u00bb6&#8243; grid_id=\u00bbvc_gid:1749726321825-98d1b2f3-6e21-0&#8243; taxonomies=\u00bb657&#8243; filter_source=\u00bbtaski_product__category\u00bb exclude_filter=\u00bb657&#8243;][\/vc_column][\/vc_row][vc_row css=\u00bb.vc_custom_1606587476742{padding-top: 80px !important;padding-bottom: 95px !important;}\u00bb][vc_column]\n  <div class=\"product-description-block style-dark image-right\">\n    <div class=\"product-description-block-i\">\n        <div class=\"product-description-block-content\">\n          <div class=\"product-description-block-title\">\n                            <div class=\"pdbt-icon\"><img decoding=\"async\" src=\"https:\/\/staging.taski.com\/wp-content\/uploads\/2020\/12\/clock.png\" \/><\/div>\n                <div class=\"pdbt-text\">Eficacia operativa<\/div>\n                      <\/div>\n          <div class=\"product-description-block-text\"><p>Todas las fregadoras TASKI ULTIMAXX y swingo eliminan el tiempo improductivo. Los <strong>controles intuitivos, la escobilla de goma autoajustable y los puntos de mantenimiento amarillos f\u00e1ciles de limpiar<\/strong> aumentan el tiempo de limpieza disponible. Con la nueva gama ULTIMAXX ir\u00e1s m\u00e1s all\u00e1, totalmente personalizada con <strong>IntelliTouch, IntelliZone<\/strong> e incluso un <strong>bot\u00f3n TWISTER<\/strong> para una productividad sin igual. Nunca antes hab\u00eda sido tan f\u00e1cil alcanzar la excelencia en la limpieza y la m\u00e1xima eficacia.  <\/p>\n<\/div>\n        <\/div>\n        <div class=\"product-description-block-image\" style=\"background-image:url(https:\/\/staging.taski.com\/wp-content\/uploads\/2022\/04\/TASKI-ULTIMAXX-1900-Attachemnts_cropped.png)\">\n\n        <\/div>\n    <\/div>\n  <\/div>\n  <div class=\"cl-fl\"><\/div>\n\n  <div class=\"product-description-block style-light image-left\">\n    <div class=\"product-description-block-i\">\n        <div class=\"product-description-block-content\">\n          <div class=\"product-description-block-title\">\n                            <div class=\"pdbt-icon\"><img decoding=\"async\" src=\"https:\/\/staging.taski.com\/wp-content\/uploads\/2020\/12\/people.png\" \/><\/div>\n                <div class=\"pdbt-text\">Personas y seguridad<\/div>\n                      <\/div>\n          <div class=\"product-description-block-text\"><p>Las fregadoras TASKI ULTIMAXX y swingo est\u00e1n <strong>dise\u00f1adas ergon\u00f3micamente<\/strong> para el usuario. La empu\u00f1adura o el volante ergon\u00f3micos y totalmente ajustables <strong>garantizan la comodidad<\/strong>. ULTIMAXX <strong>IntelliTouch<\/strong> es un intuitivo panel de control t\u00e1ctil con iconos comunes, lo que significa que <strong>se necesita poca formaci\u00f3n<\/strong>. Cuando se requiera formaci\u00f3n, los usuarios pueden conectarse a un conjunto de herramientas de asistencia que incluyen la posibilidad de ver v\u00eddeos y acceder a aplicaciones interactivas. Elige ULTIMAXX y opta por EBU (unidad electr\u00f3nica de elevaci\u00f3n de cepillos) y no necesitar\u00e1s tocar los cepillos ni los accionamientos de las almohadillas. Elige Intelliscrub y presiona con precisi\u00f3n. Para una personalizaci\u00f3n completa, elige <strong>IntelliZone<\/strong> para ajustar todos los par\u00e1metros a la perfecci\u00f3n y limpiar siempre a la primera      <\/p>\n<\/div>\n        <\/div>\n        <div class=\"product-description-block-image\" style=\"background-image:url(https:\/\/staging.taski.com\/wp-content\/uploads\/2022\/04\/Wallchart_024.jpg)\">\n\n        <\/div>\n    <\/div>\n  <\/div>\n  <div class=\"cl-fl\"><\/div>\n\n  <div class=\"product-description-block style-light image-right\">\n    <div class=\"product-description-block-i\">\n        <div class=\"product-description-block-content\">\n          <div class=\"product-description-block-title\">\n                            <div class=\"pdbt-icon\"><img decoding=\"async\" src=\"https:\/\/staging.taski.com\/wp-content\/uploads\/2020\/12\/sustainability.svg\" \/><\/div>\n                <div class=\"pdbt-text\">Sostenibilidad<\/div>\n                      <\/div>\n          <div class=\"product-description-block-text\"><p>Los modelos TASKI ULTIMAXX Performance y swingo power incorporan <strong>IntelliFlow para cubrir m\u00e1s m2<\/strong> con un solo llenado del dep\u00f3sito. IntelliFlow con <strong>IntelliDose puede reducir el consumo de agua y productos qu\u00edmicos en m\u00e1s de un 70%.<\/strong> <\/p>\n<\/div>\n        <\/div>\n        <div class=\"product-description-block-image\" style=\"background-image:url(https:\/\/staging.taski.com\/wp-content\/uploads\/2022\/04\/ULTIMAXX-1900-IntelliDose-PLUS.jpg)\">\n\n        <\/div>\n    <\/div>\n  <\/div>\n  <div class=\"cl-fl\"><\/div>\n\n  <div class=\"product-description-block style-dark image-left\">\n    <div class=\"product-description-block-i\">\n        <div class=\"product-description-block-content\">\n          <div class=\"product-description-block-title\">\n                            <div class=\"pdbt-icon\"><img decoding=\"async\" src=\"https:\/\/staging.taski.com\/wp-content\/uploads\/2020\/11\/globe.png\" \/><\/div>\n                <div class=\"pdbt-text\">Optimizaci\u00f3n del capital circulante<\/div>\n                      <\/div>\n          <div class=\"product-description-block-text\"><p>Con una carga hasta <strong>3 veces<\/strong> m\u00e1s r\u00e1pida, las fregadoras <strong>IntelliPowered<\/strong> ULTIMAXX y swingo siempre est\u00e1n disponibles cuando las bater\u00edas convencionales a\u00fan est\u00e1n cargadas. Lo que significa que puede no ser necesaria una segunda m\u00e1quina. Elige la nueva ULTIMAXX con <strong>IntelliScrub<\/strong> y ampl\u00eda a\u00fan m\u00e1s la autonom\u00eda de tu bater\u00eda. Hasta <strong>un 70%<\/strong> m\u00e1s. Eso s\u00ed que es rentabilidad real <strong>de la inversi\u00f3n<\/strong>.    <\/p>\n<\/div>\n        <\/div>\n        <div class=\"product-description-block-image\" style=\"background-image:url(https:\/\/staging.taski.com\/wp-content\/uploads\/2020\/12\/TASKI-Intellipower.png)\">\n\n        <\/div>\n    <\/div>\n  <\/div>\n  <div class=\"cl-fl\"><\/div>\n\n  <div class=\"product-description-block style-light image-right\">\n    <div class=\"product-description-block-i\">\n        <div class=\"product-description-block-content\">\n          <div class=\"product-description-block-title\">\n                            <div class=\"pdbt-icon\"><img decoding=\"async\" src=\"https:\/\/staging.taski.com\/wp-content\/uploads\/2020\/12\/tco.svg\" \/><\/div>\n                <div class=\"pdbt-text\">Coste total de propiedad<\/div>\n                      <\/div>\n          <div class=\"product-description-block-text\"><p>Las fregadoras TASKI ULTIMAXX y Swingo est\u00e1n dise\u00f1adas y fabricadas para <strong>reducir los costes<\/strong> en todas las fases de propiedad. Una selecci\u00f3n cuidadosa significa <strong>menos tiempo improductivo y menos tiempo de inactividad<\/strong>. Las soluciones inteligentes consumen <strong>menos energ\u00eda, agua y productos qu\u00edmicos.<\/strong> Los costes de mantenimiento se reducen con <strong>visitas menos frecuentes y menos aver\u00edas<\/strong>. Las m\u00e1quinas dise\u00f1adas para durar necesitan <strong>sustituirse con menos frecuencia<\/strong>. Con la nueva ULTIMAXX, el ecosistema digital totalmente conectado y el <strong>panel de control IntelliTouch<\/strong>, junto con <strong>IntellTrail 2.0 e IntelliPredict<\/strong>, el tiempo de inactividad es cosa del pasado. Ahora tu m\u00e1quina nunca debe estar fuera de juego. Todo esto se suma al <strong>menor coste total de propiedad<\/strong> de TASKI <strong>y a tu menor coste total de limpieza.<\/strong>      <\/p>\n<\/div>\n        <\/div>\n        <div class=\"product-description-block-image\" style=\"background-image:url(https:\/\/staging.taski.com\/wp-content\/uploads\/2020\/12\/tco.jpg)\">\n\n        <\/div>\n    <\/div>\n  <\/div>\n  <div class=\"cl-fl\"><\/div>\n\n  <div class=\"product-description-block style-dark image-left\">\n    <div class=\"product-description-block-i\">\n        <div class=\"product-description-block-content\">\n          <div class=\"product-description-block-title\">\n                            <div class=\"pdbt-icon\"><img decoding=\"async\" src=\"https:\/\/staging.taski.com\/wp-content\/uploads\/2020\/12\/calculator.png\" \/><\/div>\n                <div class=\"pdbt-text\">Control de costes<\/div>\n                      <\/div>\n          <div class=\"product-description-block-text\"><p>Las opciones de servicio TASKI <strong>minimizan el tiempo de inactividad, reparan los costes y alargan la vida<\/strong> de tu ULTIMAXX o fregadora swingo.<br \/>\nCon ULTIMAXX elige<strong> IntelliPredict<\/strong> y accede a la tecnolog\u00eda electr\u00f3nica m\u00e1s avanzada, que conecta y controla todos los componentes electr\u00f3nicos como motores, bombas y cargadores. ULTIMAXX cambiar\u00e1 radicalmente el panorama hacia un modelo de gesti\u00f3n proactiva del tiempo de funcionamiento con gesti\u00f3n predictiva de los componentes. Aprov\u00e9chate y <strong>ahorra normalmente un 25%<\/strong> en tus facturas de reparaci\u00f3n.  <\/p>\n<\/div>\n        <\/div>\n        <div class=\"product-description-block-image\" style=\"background-image:url(https:\/\/staging.taski.com\/wp-content\/uploads\/2022\/04\/Diversey-People-scaled.jpg)\">\n\n        <\/div>\n    <\/div>\n  <\/div>\n  <div class=\"cl-fl\"><\/div>\n[\/vc_column][\/vc_row][vc_row][vc_column][vc_row_inner][vc_column_inner]\n  <div class=\"three-cta-block\">\n    <div class=\"three-cta-block-i\">\n      <div class=\"row\">\n        <div class=\"three-cta-block-grid\">\n           <div class=\"three-cta-item\">\n            <div class=\"tci-i\">\n             <div class=\"tci-item-content\">\n                <h5>&lt;strong&gt;Consulta nuestras&lt;\/strong&gt; soluciones<br \/>\nIndustria<br \/>\n<\/h5>\n                <a href=\"\/products-innovations-solutions\/\"><p>PRODUCTOS, SOLUCIONES <br \/> E INNOVACIONES <br \/><\/p><\/a>\n             <\/div>\n            <\/div>\n           <\/div>\n           <div class=\"three-cta-item\">\n            <div class=\"tci-i\">\n             <div class=\"tci-item-content\">\n                <h5>&lt;strong&gt;Tendencias&lt;\/strong&gt;<br \/>\n y noticias<\/h5>\n                <a href=\"\/news-help-contacts\/\"><p>EXPLORA<\/p><\/a>\n             <\/div>\n            <\/div>\n           <\/div>\n           <div class=\"three-cta-item\">\n            <div class=\"tci-i\">\n             <div class=\"tci-item-content\">\n                <h5>Ponte &lt;strong&gt;en contacto&lt;\/strong&gt; con<br \/>\na trav\u00e9s de<br \/>\n<\/h5>\n                <a href=\"\/news-help-contacts\/\"><p>CONTACTO<br \/>EE.UU.<\/p><\/a>\n             <\/div>\n            <\/div>\n           <\/div>\n        <\/div>\n      <\/div>\n    <\/div>\n  <\/div>\n  <div class=\"cl-fl\"><\/div>\n[\/vc_column_inner][\/vc_row_inner][\/vc_column][\/vc_row][vc_row][vc_column][vc_column_text][\/vc_column_text][\/vc_column][\/vc_row]<\/p>\n<\/div>","protected":false},"excerpt":{"rendered":"<p>[vc_row][vc_column][\/vc_column][\/vc_row][vc_row][vc_column][vc_basic_grid post_type=\u00bbtaski-products\u00bb style=\u00bbload-more\u00bb show_filter=\u00bbyes\u00bb element_width=\u00bb2&#8243; gap=\u00bb35&#8243; orderby=\u00bbmenu_order\u00bb order=\u00bbASC\u00bb filter_style=\u00bbdefault-less-rounded\u00bb filter_color=\u00bborange\u00bb filter_size=\u00bblg\u00bb item=\u00bb50527&#8243; css=\u00bb.vc_custom_1739899748044{margin-top: 20px !important;margin-bottom: 80px !important;}\u00bb max_items=\u00bb-1&#8243; items_per_page=\u00bb6&#8243; grid_id=\u00bbvc_gid:1749726321825-98d1b2f3-6e21-0&#8243; taxonomies=\u00bb657&#8243; filter_source=\u00bbtaski_product__category\u00bb exclude_filter=\u00bb657&#8243;][\/vc_column][\/vc_row][vc_row css=\u00bb.vc_custom_1606587476742{padding-top: 80px !important;padding-bottom: 95px !important;}\u00bb][vc_column][\/vc_column][\/vc_row][vc_row][vc_column][vc_row_inner][vc_column_inner][\/vc_column_inner][\/vc_row_inner][\/vc_column][\/vc_row][vc_row][vc_column][vc_column_text][\/vc_column_text][\/vc_column][\/vc_row]<\/p>\n","protected":false},"author":1,"featured_media":0,"parent":8398,"menu_order":499,"comment_status":"closed","ping_status":"closed","template":"page-products.php","meta":{"_acf_changed":false,"_seopress_robots_primary_cat":"","_seopress_titles_title":"","_seopress_titles_desc":"","_seopress_robots_index":"","inline_featured_image":false,"footnotes":""},"class_list":["post-55113","page","type-page","status-publish","hentry"],"acf":[],"_links":{"self":[{"href":"https:\/\/staging.taski.com\/es\/wp-json\/wp\/v2\/pages\/55113","targetHints":{"allow":["GET"]}}],"collection":[{"href":"https:\/\/staging.taski.com\/es\/wp-json\/wp\/v2\/pages"}],"about":[{"href":"https:\/\/staging.taski.com\/es\/wp-json\/wp\/v2\/types\/page"}],"author":[{"embeddable":true,"href":"https:\/\/staging.taski.com\/es\/wp-json\/wp\/v2\/users\/1"}],"replies":[{"embeddable":true,"href":"https:\/\/staging.taski.com\/es\/wp-json\/wp\/v2\/comments?post=55113"}],"version-history":[{"count":8,"href":"https:\/\/staging.taski.com\/es\/wp-json\/wp\/v2\/pages\/55113\/revisions"}],"predecessor-version":[{"id":55146,"href":"https:\/\/staging.taski.com\/es\/wp-json\/wp\/v2\/pages\/55113\/revisions\/55146"}],"up":[{"embeddable":true,"href":"https:\/\/staging.taski.com\/es\/wp-json\/wp\/v2\/pages\/8398"}],"wp:attachment":[{"href":"https:\/\/staging.taski.com\/es\/wp-json\/wp\/v2\/media?parent=55113"}],"curies":[{"name":"wp","href":"https:\/\/api.w.org\/{rel}","templated":true}]}}