{"id":54881,"date":"2025-02-18T15:33:00","date_gmt":"2025-02-18T15:33:00","guid":{"rendered":"https:\/\/staging.taski.com\/productos-innovaciones-y-soluciones\/productos\/discos-individuales\/discos-individuales-de-alta-velocidad\/"},"modified":"2025-08-25T14:57:17","modified_gmt":"2025-08-25T14:57:17","slug":"discos-individuales-de-alta-velocidad","status":"publish","type":"page","link":"https:\/\/staging.taski.com\/es\/productos-innovaciones-y-soluciones\/productos\/discos-individuales\/discos-individuales-de-alta-velocidad\/","title":{"rendered":"Discos individuales de alta velocidad"},"content":{"rendered":"<div class=\"wpb-content-wrapper\"><p>[vc_row][vc_column]\n  <div class=\"page-intro-block size-fit-image style-dark font-large\">\n         <div class=\"page-intro-block-i\">\n      <div class=\"row\">\n        <div class=\"page-intro-content\">\n            <div class=\"title-block\">\n                                     <h2><span class=\"pt\">High speed Single Discs<\/span>La gama ergodisc es legendaria por su &lt;strong&gt;calidad y fiabilidad.&lt;\/strong&gt; &lt;strong&gt; Dise\u00f1o, construcci\u00f3n y precisi\u00f3n&lt;\/strong&gt; sin igual &lt;strong&gt;.&lt;\/strong&gt;<\/h2>\n                                                 <\/div>\n            <div class=\"page-intro-image\">\n                                <div class=\"page-intro-image-alt\">\n                    \n                    <img decoding=\"async\" src=\"https:\/\/staging.taski.com\/wp-content\/uploads\/2020\/12\/DSC_0012-scaled.jpg\" alt=\"\" \/>\n\n                <\/div>\n            <\/div>\n        <\/div>\n      <\/div>\n\n\n    <\/div>\n  <\/div>\n  <div class=\"cl-fl\"><\/div>\n[\/vc_column][\/vc_row][vc_row][vc_column][vc_basic_grid post_type=\u00bbtaski-products\u00bb style=\u00bbload-more\u00bb show_filter=\u00bbyes\u00bb element_width=\u00bb2&#8243; gap=\u00bb35&#8243; orderby=\u00bbmenu_order\u00bb order=\u00bbASC\u00bb filter_style=\u00bbdefault-less-rounded\u00bb filter_color=\u00bborange\u00bb filter_size=\u00bblg\u00bb item=\u00bb50527&#8243; css=\u00bb.vc_custom_1739892772348{margin-top: 20px !important;margin-bottom: 80px !important;}\u00bb max_items=\u00bb-1&#8243; items_per_page=\u00bb6&#8243; grid_id=\u00bbvc_gid:1749803774433-8246dbfd-d13f-4&#8243; taxonomies=\u00bb41&#8243; filter_source=\u00bbtaski_product__category\u00bb exclude_filter=\u00bb41&#8243;][\/vc_column][\/vc_row][vc_row css=\u00bb.vc_custom_1606587476742{padding-top: 80px !important;padding-bottom: 95px !important;}\u00bb][vc_column]\n  <div class=\"product-description-block style-light image-left\">\n    <div class=\"product-description-block-i\">\n        <div class=\"product-description-block-content\">\n          <div class=\"product-description-block-title\">\n                            <div class=\"pdbt-icon\"><img decoding=\"async\" src=\"https:\/\/staging.taski.com\/wp-content\/uploads\/2020\/12\/dollar.png\" \/><\/div>\n                <div class=\"pdbt-text\">Coste total de propiedad<\/div>\n                      <\/div>\n          <div class=\"product-description-block-text\"><p>La legendaria calidad y robustez de TASKI significa que la gama ergodisc simplemente sigue funcionando.<\/p>\n<p>Ultra fiables las m\u00e1quinas ergodisc <strong>cumplir\u00e1n sin fallos<\/strong> representando <strong>una excelente relaci\u00f3n calidad-precio<\/strong>.<\/p>\n<\/div>\n        <\/div>\n        <div class=\"product-description-block-image\" style=\"background-image:url(https:\/\/staging.taski.com\/wp-content\/uploads\/2021\/01\/Ergo-Disc_2_mediumsize-scaled.jpg)\">\n\n        <\/div>\n    <\/div>\n  <\/div>\n  <div class=\"cl-fl\"><\/div>\n\n  <div class=\"product-description-block style-dark image-right\">\n    <div class=\"product-description-block-i\">\n        <div class=\"product-description-block-content\">\n          <div class=\"product-description-block-title\">\n                            <div class=\"pdbt-icon\"><img decoding=\"async\" src=\"https:\/\/staging.taski.com\/wp-content\/uploads\/2020\/12\/clock.png\" \/><\/div>\n                <div class=\"pdbt-text\">Eficacia operativa<\/div>\n                      <\/div>\n          <div class=\"product-description-block-text\"><p>Cuando el tiempo es oro, ergodiscs hace el trabajo <strong>siempre<\/strong> a la primera.<\/p>\n<\/div>\n        <\/div>\n        <div class=\"product-description-block-image\" style=\"background-image:url(https:\/\/staging.taski.com\/wp-content\/uploads\/2020\/12\/single-discs.jpg)\">\n\n        <\/div>\n    <\/div>\n  <\/div>\n  <div class=\"cl-fl\"><\/div>\n\n  <div class=\"product-description-block style-light image-left\">\n    <div class=\"product-description-block-i\">\n        <div class=\"product-description-block-content\">\n          <div class=\"product-description-block-title\">\n                            <div class=\"pdbt-icon\"><img decoding=\"async\" src=\"https:\/\/staging.taski.com\/wp-content\/uploads\/2020\/12\/people.png\" \/><\/div>\n                <div class=\"pdbt-text\">Personas y seguridad<\/div>\n                      <\/div>\n          <div class=\"product-description-block-text\"><p>La empu\u00f1adura<strong>ergon\u00f3mica<\/strong> ajustable con protecci\u00f3n para las manos, el arranque suave y el funcionamiento con vibraciones suaves suponen <strong>menos fatiga para tu equipo<\/strong>.<\/p>\n<\/div>\n        <\/div>\n        <div class=\"product-description-block-image\" style=\"background-image:url(https:\/\/staging.taski.com\/wp-content\/uploads\/2021\/01\/ergodisc-165-Image-4.jpg)\">\n\n        <\/div>\n    <\/div>\n  <\/div>\n  <div class=\"cl-fl\"><\/div>\n[\/vc_column][\/vc_row][vc_row][vc_column][vc_row_inner][vc_column_inner]\n  <div class=\"three-cta-block\">\n    <div class=\"three-cta-block-i\">\n      <div class=\"row\">\n        <div class=\"three-cta-block-grid\">\n           <div class=\"three-cta-item\">\n            <div class=\"tci-i\">\n             <div class=\"tci-item-content\">\n                <h5>&lt;strong&gt;Consulta nuestras&lt;\/strong&gt; soluciones<br \/>\nIndustria<br \/>\n<\/h5>\n                <a href=\"\/products-innovations-solutions\/\"><p>PRODUCTOS, SOLUCIONES <br \/> E INNOVACIONES <br \/><\/p><\/a>\n             <\/div>\n            <\/div>\n           <\/div>\n           <div class=\"three-cta-item\">\n            <div class=\"tci-i\">\n             <div class=\"tci-item-content\">\n                <h5>&lt;strong&gt;Consulta las \u00faltimas&lt;\/strong&gt; innovaciones de<br \/>\nTASKI<br \/>\n<\/h5>\n                <a href=\"\/products-innovations-solutions\/innovations\/\"><p>INNOVACIONES<\/p><\/a>\n             <\/div>\n            <\/div>\n           <\/div>\n           <div class=\"three-cta-item\">\n            <div class=\"tci-i\">\n             <div class=\"tci-item-content\">\n                <h5>Ponte &lt;strong&gt;en contacto&lt;\/strong&gt; con<br \/>\na trav\u00e9s de<br \/>\n<\/h5>\n                <a href=\"\/news-help-contacts\/\"><p>CONTACTO<br \/>EE.UU.<\/p><\/a>\n             <\/div>\n            <\/div>\n           <\/div>\n        <\/div>\n      <\/div>\n    <\/div>\n  <\/div>\n  <div class=\"cl-fl\"><\/div>\n[\/vc_column_inner][\/vc_row_inner][\/vc_column][\/vc_row]<\/p>\n<\/div>","protected":false},"excerpt":{"rendered":"<p>[vc_row][vc_column][\/vc_column][\/vc_row][vc_row][vc_column][vc_basic_grid post_type=\u00bbtaski-products\u00bb style=\u00bbload-more\u00bb show_filter=\u00bbyes\u00bb element_width=\u00bb2&#8243; gap=\u00bb35&#8243; orderby=\u00bbmenu_order\u00bb order=\u00bbASC\u00bb filter_style=\u00bbdefault-less-rounded\u00bb filter_color=\u00bborange\u00bb filter_size=\u00bblg\u00bb item=\u00bb50527&#8243; css=\u00bb.vc_custom_1739892772348{margin-top: 20px !important;margin-bottom: 80px !important;}\u00bb max_items=\u00bb-1&#8243; items_per_page=\u00bb6&#8243; grid_id=\u00bbvc_gid:1749803774433-8246dbfd-d13f-4&#8243; taxonomies=\u00bb41&#8243; filter_source=\u00bbtaski_product__category\u00bb exclude_filter=\u00bb41&#8243;][\/vc_column][\/vc_row][vc_row css=\u00bb.vc_custom_1606587476742{padding-top: 80px !important;padding-bottom: 95px !important;}\u00bb][vc_column][\/vc_column][\/vc_row][vc_row][vc_column][vc_row_inner][vc_column_inner][\/vc_column_inner][\/vc_row_inner][\/vc_column][\/vc_row]<\/p>\n","protected":false},"author":1,"featured_media":0,"parent":8701,"menu_order":422,"comment_status":"closed","ping_status":"closed","template":"page-products.php","meta":{"_acf_changed":false,"_seopress_robots_primary_cat":"","_seopress_titles_title":"","_seopress_titles_desc":"","_seopress_robots_index":"","inline_featured_image":false,"footnotes":""},"class_list":["post-54881","page","type-page","status-publish","hentry"],"acf":[],"_links":{"self":[{"href":"https:\/\/staging.taski.com\/es\/wp-json\/wp\/v2\/pages\/54881","targetHints":{"allow":["GET"]}}],"collection":[{"href":"https:\/\/staging.taski.com\/es\/wp-json\/wp\/v2\/pages"}],"about":[{"href":"https:\/\/staging.taski.com\/es\/wp-json\/wp\/v2\/types\/page"}],"author":[{"embeddable":true,"href":"https:\/\/staging.taski.com\/es\/wp-json\/wp\/v2\/users\/1"}],"replies":[{"embeddable":true,"href":"https:\/\/staging.taski.com\/es\/wp-json\/wp\/v2\/comments?post=54881"}],"version-history":[{"count":10,"href":"https:\/\/staging.taski.com\/es\/wp-json\/wp\/v2\/pages\/54881\/revisions"}],"predecessor-version":[{"id":54942,"href":"https:\/\/staging.taski.com\/es\/wp-json\/wp\/v2\/pages\/54881\/revisions\/54942"}],"up":[{"embeddable":true,"href":"https:\/\/staging.taski.com\/es\/wp-json\/wp\/v2\/pages\/8701"}],"wp:attachment":[{"href":"https:\/\/staging.taski.com\/es\/wp-json\/wp\/v2\/media?parent=54881"}],"curies":[{"name":"wp","href":"https:\/\/api.w.org\/{rel}","templated":true}]}}