{"id":54715,"date":"2025-02-19T11:00:16","date_gmt":"2025-02-19T11:00:16","guid":{"rendered":"https:\/\/staging.taski.com\/productos-innovaciones-y-soluciones\/productos\/barredoras\/barredoras-con-conductor-a-pie\/"},"modified":"2025-08-25T14:54:30","modified_gmt":"2025-08-25T14:54:30","slug":"barredoras-con-conductor-a-pie","status":"publish","type":"page","link":"https:\/\/staging.taski.com\/es\/productos-innovaciones-y-soluciones\/productos\/barredoras\/barredoras-con-conductor-a-pie\/","title":{"rendered":"Barredoras con conductor a pie"},"content":{"rendered":"<div class=\"wpb-content-wrapper\"><p>[vc_row][vc_column]\n  <div class=\"page-intro-block size-fit-image style-dark font-large\">\n         <div class=\"page-intro-block-i\">\n      <div class=\"row\">\n        <div class=\"page-intro-content\">\n            <div class=\"title-block\">\n                                     <h2><span class=\"pt\">Walk behind Sweepers<\/span>Las nuevas barredoras balimat incorporan a la perfecci\u00f3n el &lt;strong&gt;exclusivo Sistema de Rodillos T\u00e1ndem&lt;\/strong&gt; para una recogida y eliminaci\u00f3n de polvo superiores.<\/h2>\n                                                 <\/div>\n            <div class=\"page-intro-image\">\n                                <div class=\"page-intro-image-alt\">\n                    \n                    <img decoding=\"async\" src=\"https:\/\/staging.taski.com\/wp-content\/uploads\/2021\/04\/balimat-6500-quarter-right.jpg\" alt=\"\" \/>\n\n                <\/div>\n            <\/div>\n        <\/div>\n      <\/div>\n\n\n    <\/div>\n  <\/div>\n  <div class=\"cl-fl\"><\/div>\n[\/vc_column][\/vc_row][vc_row][vc_column][vc_basic_grid post_type=\u00bbtaski-products\u00bb style=\u00bbload-more\u00bb show_filter=\u00bbyes\u00bb element_width=\u00bb2&#8243; gap=\u00bb35&#8243; orderby=\u00bbmenu_order\u00bb order=\u00bbASC\u00bb filter_style=\u00bbdefault-less-rounded\u00bb filter_color=\u00bborange\u00bb filter_size=\u00bblg\u00bb item=\u00bb50527&#8243; css=\u00bb.vc_custom_1739962805749{margin-top: 20px !important;margin-bottom: 80px !important;}\u00bb max_items=\u00bb-1&#8243; items_per_page=\u00bb6&#8243; grid_id=\u00bbvc_gid:1749805343520-936bb1c7-9323-9&#8243; taxonomies=\u00bb54&#8243; filter_source=\u00bbtaski_product__category\u00bb exclude_filter=\u00bb54&#8243;][\/vc_column][\/vc_row][vc_row css=\u00bb.vc_custom_1606587476742{padding-top: 80px !important;padding-bottom: 95px !important;}\u00bb][vc_column]\n  <div class=\"product-description-block style-dark image-right\">\n    <div class=\"product-description-block-i\">\n        <div class=\"product-description-block-content\">\n          <div class=\"product-description-block-title\">\n                            <div class=\"pdbt-icon\"><img decoding=\"async\" src=\"https:\/\/staging.taski.com\/wp-content\/uploads\/2020\/12\/clock.png\" \/><\/div>\n                <div class=\"pdbt-text\">Eficacia operativa<\/div>\n                      <\/div>\n          <div class=\"product-description-block-text\"><p>La gama balimat dispone de <strong>cepillos laterales dobles de mayor anchura de trabajo<\/strong> que dirigen los residuos hacia el centro, donde <strong>los cepillos cil\u00edndricos dobles barren eficazmente hacia la gran tolva.<\/strong><\/p>\n<\/div>\n        <\/div>\n        <div class=\"product-description-block-image\" style=\"background-image:url(https:\/\/staging.taski.com\/wp-content\/uploads\/2021\/04\/balimat-3300-side-brooms.jpg)\">\n\n        <\/div>\n    <\/div>\n  <\/div>\n  <div class=\"cl-fl\"><\/div>\n\n  <div class=\"product-description-block style-light image-left\">\n    <div class=\"product-description-block-i\">\n        <div class=\"product-description-block-content\">\n          <div class=\"product-description-block-title\">\n                            <div class=\"pdbt-icon\"><img decoding=\"async\" src=\"https:\/\/staging.taski.com\/wp-content\/uploads\/2020\/12\/brand-protection.svg\" \/><\/div>\n                <div class=\"pdbt-text\">Protecci\u00f3n de marca y activos<\/div>\n                      <\/div>\n          <div class=\"product-description-block-text\"><p><span data-sheets-formula-bar-text-style=\"font-size:13px;color:#000000;font-weight:normal;text-decoration:none;font-family:'Arial';font-style:normal;text-decoration-skip-ink:none;\">Mant\u00e9n tus <strong>espacios interiores y exteriores <\/strong><\/span><strong>libres de hojas, polvo y residuos. <\/strong><\/p>\n<p><span data-sheets-formula-bar-text-style=\"font-size:13px;color:#000000;font-weight:normal;text-decoration:none;font-family:'Arial';font-style:normal;text-decoration-skip-ink:none;\">La gama balimat<\/span> <span data-sheets-formula-bar-text-style=\"font-size:13px;color:#000000;font-weight:normal;text-decoration:none;font-family:'Arial';font-style:normal;text-decoration-skip-ink:none;\"><strong>mantiene la<\/strong> <strong>buena <\/strong><\/span><span data-sheets-formula-bar-text-style=\"font-size:13px;color:#000000;font-weight:bold;text-decoration:none;font-family:''Arial'';font-style:normal;text-decoration-skip-ink:none;\"><strong>primera impresi\u00f3n<\/strong> para hu\u00e9spedes y clientes.<\/span><\/p>\n<\/div>\n        <\/div>\n        <div class=\"product-description-block-image\" style=\"background-image:url(https:\/\/staging.taski.com\/wp-content\/uploads\/2021\/03\/balimat-2300-in-use-2.jpg)\">\n\n        <\/div>\n    <\/div>\n  <\/div>\n  <div class=\"cl-fl\"><\/div>\n\n  <div class=\"product-description-block style-dark image-right\">\n    <div class=\"product-description-block-i\">\n        <div class=\"product-description-block-content\">\n          <div class=\"product-description-block-title\">\n                            <div class=\"pdbt-icon\"><img decoding=\"async\" src=\"https:\/\/staging.taski.com\/wp-content\/uploads\/2021\/02\/people-safety-white.png\" \/><\/div>\n                <div class=\"pdbt-text\">Personas y seguridad<\/div>\n                      <\/div>\n          <div class=\"product-description-block-text\"><p>La gama balimat est\u00e1 <strong>dise\u00f1ada para ser f\u00e1cil de usar<\/strong> y la opci\u00f3n con conductor a bordo puede <strong>aumentar la productividad, ahorr\u00e1ndote dinero en el coste de la limpieza.<\/strong><\/p>\n<\/div>\n        <\/div>\n        <div class=\"product-description-block-image\" style=\"background-image:url(https:\/\/staging.taski.com\/wp-content\/uploads\/2021\/04\/balimat-3300-handle.jpg)\">\n\n        <\/div>\n    <\/div>\n  <\/div>\n  <div class=\"cl-fl\"><\/div>\n[\/vc_column][\/vc_row][vc_row][vc_column][vc_row_inner][vc_column_inner]\n  <div class=\"three-cta-block\">\n    <div class=\"three-cta-block-i\">\n      <div class=\"row\">\n        <div class=\"three-cta-block-grid\">\n           <div class=\"three-cta-item\">\n            <div class=\"tci-i\">\n             <div class=\"tci-item-content\">\n                <h5>&lt;strong&gt;Consulta nuestras&lt;\/strong&gt; soluciones<br \/>\nIndustria<br \/>\n<\/h5>\n                <a href=\"\/products-innovations-solutions\/\"><p>PRODUCTOS, SOLUCIONES <br \/> E INNOVACIONES <br \/><\/p><\/a>\n             <\/div>\n            <\/div>\n           <\/div>\n           <div class=\"three-cta-item\">\n            <div class=\"tci-i\">\n             <div class=\"tci-item-content\">\n                <h5>&lt;strong&gt;Consulta las \u00faltimas&lt;\/strong&gt; innovaciones de<br \/>\nTASKI<br \/>\n<\/h5>\n                <a href=\"\/products-innovations-solutions\/innovations\/\"><p>INNOVACIONES<\/p><\/a>\n             <\/div>\n            <\/div>\n           <\/div>\n           <div class=\"three-cta-item\">\n            <div class=\"tci-i\">\n             <div class=\"tci-item-content\">\n                <h5>Ponte &lt;strong&gt;en contacto&lt;\/strong&gt; con<br \/>\na trav\u00e9s de<br \/>\n<\/h5>\n                <a href=\"\/news-help-contacts\/\"><p>CONTACTO<br \/>EE.UU.<\/p><\/a>\n             <\/div>\n            <\/div>\n           <\/div>\n        <\/div>\n      <\/div>\n    <\/div>\n  <\/div>\n  <div class=\"cl-fl\"><\/div>\n[\/vc_column_inner][\/vc_row_inner][\/vc_column][\/vc_row]<\/p>\n<\/div>","protected":false},"excerpt":{"rendered":"<p>[vc_row][vc_column][\/vc_column][\/vc_row][vc_row][vc_column][vc_basic_grid post_type=\u00bbtaski-products\u00bb style=\u00bbload-more\u00bb show_filter=\u00bbyes\u00bb element_width=\u00bb2&#8243; gap=\u00bb35&#8243; orderby=\u00bbmenu_order\u00bb order=\u00bbASC\u00bb filter_style=\u00bbdefault-less-rounded\u00bb filter_color=\u00bborange\u00bb filter_size=\u00bblg\u00bb item=\u00bb50527&#8243; css=\u00bb.vc_custom_1739962805749{margin-top: 20px !important;margin-bottom: 80px !important;}\u00bb max_items=\u00bb-1&#8243; items_per_page=\u00bb6&#8243; grid_id=\u00bbvc_gid:1749805343520-936bb1c7-9323-9&#8243; taxonomies=\u00bb54&#8243; filter_source=\u00bbtaski_product__category\u00bb exclude_filter=\u00bb54&#8243;][\/vc_column][\/vc_row][vc_row css=\u00bb.vc_custom_1606587476742{padding-top: 80px !important;padding-bottom: 95px !important;}\u00bb][vc_column][\/vc_column][\/vc_row][vc_row][vc_column][vc_row_inner][vc_column_inner][\/vc_column_inner][\/vc_row_inner][\/vc_column][\/vc_row]<\/p>\n","protected":false},"author":1,"featured_media":0,"parent":7771,"menu_order":264,"comment_status":"closed","ping_status":"closed","template":"page-products.php","meta":{"_acf_changed":false,"_seopress_robots_primary_cat":"","_seopress_titles_title":"","_seopress_titles_desc":"","_seopress_robots_index":"","inline_featured_image":false,"footnotes":""},"class_list":["post-54715","page","type-page","status-publish","hentry"],"acf":[],"_links":{"self":[{"href":"https:\/\/staging.taski.com\/es\/wp-json\/wp\/v2\/pages\/54715","targetHints":{"allow":["GET"]}}],"collection":[{"href":"https:\/\/staging.taski.com\/es\/wp-json\/wp\/v2\/pages"}],"about":[{"href":"https:\/\/staging.taski.com\/es\/wp-json\/wp\/v2\/types\/page"}],"author":[{"embeddable":true,"href":"https:\/\/staging.taski.com\/es\/wp-json\/wp\/v2\/users\/1"}],"replies":[{"embeddable":true,"href":"https:\/\/staging.taski.com\/es\/wp-json\/wp\/v2\/comments?post=54715"}],"version-history":[{"count":1,"href":"https:\/\/staging.taski.com\/es\/wp-json\/wp\/v2\/pages\/54715\/revisions"}],"predecessor-version":[{"id":54724,"href":"https:\/\/staging.taski.com\/es\/wp-json\/wp\/v2\/pages\/54715\/revisions\/54724"}],"up":[{"embeddable":true,"href":"https:\/\/staging.taski.com\/es\/wp-json\/wp\/v2\/pages\/7771"}],"wp:attachment":[{"href":"https:\/\/staging.taski.com\/es\/wp-json\/wp\/v2\/media?parent=54715"}],"curies":[{"name":"wp","href":"https:\/\/api.w.org\/{rel}","templated":true}]}}