{"id":54538,"date":"2025-02-19T12:15:44","date_gmt":"2025-02-19T12:15:44","guid":{"rendered":"https:\/\/staging.taski.com\/productos-innovaciones-y-soluciones\/productos\/cuidado-de-las-alfombras\/extraccion-por-pulverizacion-cepillado\/"},"modified":"2025-08-25T14:50:18","modified_gmt":"2025-08-25T14:50:18","slug":"extraccion-por-pulverizacion-cepillado","status":"publish","type":"page","link":"https:\/\/staging.taski.com\/es\/productos-innovaciones-y-soluciones\/productos\/cuidado-de-las-alfombras\/extraccion-por-pulverizacion-cepillado\/","title":{"rendered":"Extracci\u00f3n por pulverizaci\u00f3n\/cepillado"},"content":{"rendered":"<div class=\"wpb-content-wrapper\"><p>[vc_row][vc_column]\n  <div class=\"page-intro-block size-fit-image style-dark font-large\">\n         <div class=\"page-intro-block-i\">\n      <div class=\"row\">\n        <div class=\"page-intro-content\">\n            <div class=\"title-block\">\n                                     <h2><span class=\"pt\">Spray\/brush extraction<\/span>Las m\u00e1quinas Aquamat y procarpet combinan &lt;strong&gt;una limpieza profunda extraordinaria y un secado excepcional&lt;\/strong&gt; para obtener los mejores resultados de su clase.<\/h2>\n                                                 <\/div>\n            <div class=\"page-intro-image\">\n                                <div class=\"page-intro-image-alt\">\n                    \n                    <img decoding=\"async\" src=\"https:\/\/staging.taski.com\/wp-content\/uploads\/2020\/12\/T2C0596-1-scaled.jpg\" alt=\"\" \/>\n\n                <\/div>\n            <\/div>\n        <\/div>\n      <\/div>\n\n\n    <\/div>\n  <\/div>\n  <div class=\"cl-fl\"><\/div>\n[\/vc_column][\/vc_row][vc_row][vc_column][vc_basic_grid post_type=\u00bbtaski-products\u00bb style=\u00bbload-more\u00bb show_filter=\u00bbyes\u00bb element_width=\u00bb2&#8243; gap=\u00bb35&#8243; orderby=\u00bbmenu_order\u00bb order=\u00bbASC\u00bb filter_style=\u00bbdefault-less-rounded\u00bb filter_color=\u00bborange\u00bb filter_size=\u00bblg\u00bb item=\u00bb50527&#8243; css=\u00bb.vc_custom_1739967336495{margin-top: 20px !important;margin-bottom: 80px !important;}\u00bb max_items=\u00bb-1&#8243; items_per_page=\u00bb6&#8243; grid_id=\u00bbvc_gid:1749804567616-99d18b3c-da8d-2&#8243; taxonomies=\u00bb48&#8243; filter_source=\u00bbtaski_product__category\u00bb exclude_filter=\u00bb48, 47&#8243;][\/vc_column][\/vc_row][vc_row css=\u00bb.vc_custom_1606587476742{padding-top: 80px !important;padding-bottom: 95px !important;}\u00bb][vc_column]\n  <div class=\"product-description-block style-dark image-right\">\n    <div class=\"product-description-block-i\">\n        <div class=\"product-description-block-content\">\n          <div class=\"product-description-block-title\">\n                            <div class=\"pdbt-icon\"><img decoding=\"async\" src=\"https:\/\/staging.taski.com\/wp-content\/uploads\/2021\/02\/people-safety-white.png\" \/><\/div>\n                <div class=\"pdbt-text\">Tu experiencia como cliente\/hu\u00e9sped\/paciente<\/div>\n                      <\/div>\n          <div class=\"product-description-block-text\"><p>La <strong>acci\u00f3n del cepillo de limpieza profunda<\/strong> de la gama procarpet y sus <strong>potentes<\/strong> puntos de <strong>succi\u00f3n<\/strong> dobles <strong>ofrecen unos resultados de<\/strong> limpieza excelentes <strong>que tus invitados, clientes y pacientes notar\u00e1n.<\/strong><\/p>\n<\/div>\n        <\/div>\n        <div class=\"product-description-block-image\" style=\"background-image:url(https:\/\/staging.taski.com\/wp-content\/uploads\/2021\/01\/Carpet-extraction-scaled.jpg)\">\n\n        <\/div>\n    <\/div>\n  <\/div>\n  <div class=\"cl-fl\"><\/div>\n\n  <div class=\"product-description-block style-light image-left\">\n    <div class=\"product-description-block-i\">\n        <div class=\"product-description-block-content\">\n          <div class=\"product-description-block-title\">\n                            <div class=\"pdbt-icon\"><img decoding=\"async\" src=\"https:\/\/staging.taski.com\/wp-content\/uploads\/2020\/12\/brand-protection.svg\" \/><\/div>\n                <div class=\"pdbt-text\">Protecci\u00f3n de marca y activos<\/div>\n                      <\/div>\n          <div class=\"product-description-block-text\"><p>Tratar una mancha a tiempo evita que se convierta en una <strong>fea<\/strong> mancha permanente.<\/p>\n<p>La aquamat, f\u00e1cil de usar y ligera, puede estar <strong>lista en cuesti\u00f3n de minutos<\/strong>.<\/p>\n<p>Tus invitados, clientes y pacientes no tienen por qu\u00e9 saberlo nunca.<\/p>\n<\/div>\n        <\/div>\n        <div class=\"product-description-block-image\" style=\"background-image:url(https:\/\/staging.taski.com\/wp-content\/uploads\/2021\/01\/Spot-cleaning-scaled.jpg)\">\n\n        <\/div>\n    <\/div>\n  <\/div>\n  <div class=\"cl-fl\"><\/div>\n\n  <div class=\"product-description-block style-dark image-right\">\n    <div class=\"product-description-block-i\">\n        <div class=\"product-description-block-content\">\n          <div class=\"product-description-block-title\">\n                            <div class=\"pdbt-icon\"><img decoding=\"async\" src=\"https:\/\/staging.taski.com\/wp-content\/uploads\/2020\/11\/globe.png\" \/><\/div>\n                <div class=\"pdbt-text\">Optimizaci\u00f3n del capital circulante<\/div>\n                      <\/div>\n          <div class=\"product-description-block-text\"><p><strong>\u00bfPor qu\u00e9 pagar por<\/strong> una<strong>costosa<\/strong> limpieza de moquetas subcontratada?<\/p>\n<p>Tu limpiador de moquetas TASKI <strong>te proporcionar\u00e1 una amortizaci\u00f3n t\u00edpica en menos de 12 meses.<\/strong><\/p>\n<\/div>\n        <\/div>\n        <div class=\"product-description-block-image\" style=\"background-image:url(https:\/\/staging.taski.com\/wp-content\/uploads\/2021\/01\/Carpet-extraction-2-scaled.jpg)\">\n\n        <\/div>\n    <\/div>\n  <\/div>\n  <div class=\"cl-fl\"><\/div>\n[\/vc_column][\/vc_row][vc_row][vc_column][vc_row_inner][vc_column_inner]\n  <div class=\"three-cta-block\">\n    <div class=\"three-cta-block-i\">\n      <div class=\"row\">\n        <div class=\"three-cta-block-grid\">\n           <div class=\"three-cta-item\">\n            <div class=\"tci-i\">\n             <div class=\"tci-item-content\">\n                <h5>&lt;strong&gt;Consulta nuestras&lt;\/strong&gt; soluciones<br \/>\nIndustria<br \/>\n<\/h5>\n                <a href=\"\/products-innovations-solutions\/\"><p>PRODUCTOS, SOLUCIONES <br \/> E INNOVACIONES <br \/><\/p><\/a>\n             <\/div>\n            <\/div>\n           <\/div>\n           <div class=\"three-cta-item\">\n            <div class=\"tci-i\">\n             <div class=\"tci-item-content\">\n                <h5>&lt;strong&gt;Consulta las \u00faltimas&lt;\/strong&gt; innovaciones de<br \/>\nTASKI<br \/>\n<\/h5>\n                <a href=\"\/products-innovations-solutions\/innovations\/\"><p>INNOVACIONES<\/p><\/a>\n             <\/div>\n            <\/div>\n           <\/div>\n           <div class=\"three-cta-item\">\n            <div class=\"tci-i\">\n             <div class=\"tci-item-content\">\n                <h5>Ponte &lt;strong&gt;en contacto&lt;\/strong&gt; con<br \/>\na trav\u00e9s de<br \/>\n<\/h5>\n                <a href=\"\/news-help-contacts\/\"><p>CONTACTO<br \/>EE.UU.<\/p><\/a>\n             <\/div>\n            <\/div>\n           <\/div>\n        <\/div>\n      <\/div>\n    <\/div>\n  <\/div>\n  <div class=\"cl-fl\"><\/div>\n[\/vc_column_inner][\/vc_row_inner][\/vc_column][\/vc_row]<\/p>\n<\/div>","protected":false},"excerpt":{"rendered":"<p>[vc_row][vc_column][\/vc_column][\/vc_row][vc_row][vc_column][vc_basic_grid post_type=\u00bbtaski-products\u00bb style=\u00bbload-more\u00bb show_filter=\u00bbyes\u00bb element_width=\u00bb2&#8243; gap=\u00bb35&#8243; orderby=\u00bbmenu_order\u00bb order=\u00bbASC\u00bb filter_style=\u00bbdefault-less-rounded\u00bb filter_color=\u00bborange\u00bb filter_size=\u00bblg\u00bb item=\u00bb50527&#8243; css=\u00bb.vc_custom_1739967336495{margin-top: 20px !important;margin-bottom: 80px !important;}\u00bb max_items=\u00bb-1&#8243; items_per_page=\u00bb6&#8243; grid_id=\u00bbvc_gid:1749804567616-99d18b3c-da8d-2&#8243; taxonomies=\u00bb48&#8243; filter_source=\u00bbtaski_product__category\u00bb exclude_filter=\u00bb48, 47&#8243;][\/vc_column][\/vc_row][vc_row css=\u00bb.vc_custom_1606587476742{padding-top: 80px !important;padding-bottom: 95px !important;}\u00bb][vc_column][\/vc_column][\/vc_row][vc_row][vc_column][vc_row_inner][vc_column_inner][\/vc_column_inner][\/vc_row_inner][\/vc_column][\/vc_row]<\/p>\n","protected":false},"author":1,"featured_media":0,"parent":8923,"menu_order":288,"comment_status":"closed","ping_status":"closed","template":"page-products.php","meta":{"_acf_changed":false,"_seopress_robots_primary_cat":"","_seopress_titles_title":"","_seopress_titles_desc":"","_seopress_robots_index":"","inline_featured_image":false,"footnotes":""},"class_list":["post-54538","page","type-page","status-publish","hentry"],"acf":[],"_links":{"self":[{"href":"https:\/\/staging.taski.com\/es\/wp-json\/wp\/v2\/pages\/54538","targetHints":{"allow":["GET"]}}],"collection":[{"href":"https:\/\/staging.taski.com\/es\/wp-json\/wp\/v2\/pages"}],"about":[{"href":"https:\/\/staging.taski.com\/es\/wp-json\/wp\/v2\/types\/page"}],"author":[{"embeddable":true,"href":"https:\/\/staging.taski.com\/es\/wp-json\/wp\/v2\/users\/1"}],"replies":[{"embeddable":true,"href":"https:\/\/staging.taski.com\/es\/wp-json\/wp\/v2\/comments?post=54538"}],"version-history":[{"count":1,"href":"https:\/\/staging.taski.com\/es\/wp-json\/wp\/v2\/pages\/54538\/revisions"}],"predecessor-version":[{"id":54548,"href":"https:\/\/staging.taski.com\/es\/wp-json\/wp\/v2\/pages\/54538\/revisions\/54548"}],"up":[{"embeddable":true,"href":"https:\/\/staging.taski.com\/es\/wp-json\/wp\/v2\/pages\/8923"}],"wp:attachment":[{"href":"https:\/\/staging.taski.com\/es\/wp-json\/wp\/v2\/media?parent=54538"}],"curies":[{"name":"wp","href":"https:\/\/api.w.org\/{rel}","templated":true}]}}