{"id":54387,"date":"2025-02-19T13:32:43","date_gmt":"2025-02-19T13:32:43","guid":{"rendered":"https:\/\/staging.taski.com\/productos-innovaciones-y-soluciones\/productos\/robotica\/fregadora\/"},"modified":"2025-08-25T14:23:18","modified_gmt":"2025-08-25T14:23:18","slug":"fregadora","status":"publish","type":"page","link":"https:\/\/staging.taski.com\/es\/productos-innovaciones-y-soluciones\/productos\/robotica\/fregadora\/","title":{"rendered":"Fregadora"},"content":{"rendered":"<div class=\"wpb-content-wrapper\"><p>[vc_row][vc_column]\n  <div class=\"page-intro-block size-fit-image style-dark font-large\">\n         <div class=\"page-intro-block-i\">\n      <div class=\"row\">\n        <div class=\"page-intro-content\">\n            <div class=\"title-block\">\n                                     <h2><span class=\"pt\">Scrubber drier<\/span>Bienvenido a la nueva era de la limpieza automatizada de suelos.<br \/>\nPresentaci\u00f3n de &lt;strong&gt;Ecobot&lt;\/strong&gt;<\/h2>\n                                                 <\/div>\n            <div class=\"page-intro-image\">\n                <div class=\"embed-video-title video-responsive\"><div style=\"position:relative;\"><iframe src=\"https:\/\/player.vimeo.com\/video\/906717660?h=004281b333&amp;badge=0&amp;autopause=0&amp;autoplay=1&amp;player_id=0&amp;app_id=58479&amp;controls=0&amp;muted=1\" frameborder=\"0\" allow=\"autoplay; fullscreen; picture-in-picture\" allowfullscreen style=\"position:absolute;top:0;left:0;width:100%;height:100%;\" title=\"TASKI_GAUSIUM_BOOTH.mp4\"><\/iframe><\/div><script src=\"https:\/\/player.vimeo.com\/api\/player.js\"><\/script><\/div>                <div class=\"page-intro-image-alt\">\n                    \n                    <img decoding=\"async\" src=\"https:\/\/staging.taski.com\/wp-content\/uploads\/2023\/01\/robotics-header-scale.jpg\" alt=\"\" \/>\n\n                <\/div>\n            <\/div>\n        <\/div>\n      <\/div>\n\n\n    <\/div>\n  <\/div>\n  <div class=\"cl-fl\"><\/div>\n[\/vc_column][\/vc_row][vc_row][vc_column][vc_basic_grid post_type=\u00bbtaski-products\u00bb style=\u00bbload-more\u00bb show_filter=\u00bbyes\u00bb element_width=\u00bb2&#8243; gap=\u00bb35&#8243; orderby=\u00bbmenu_order\u00bb order=\u00bbASC\u00bb filter_style=\u00bbdefault-less-rounded\u00bb filter_color=\u00bborange\u00bb filter_size=\u00bblg\u00bb item=\u00bb50527&#8243; css=\u00bb.vc_custom_1739976755147{margin-top: 20px !important;margin-bottom: 80px !important;}\u00bb max_items=\u00bb-1&#8243; items_per_page=\u00bb6&#8243; grid_id=\u00bbvc_gid:1749722145368-64dfc29a-6243-6&#8243; taxonomies=\u00bb53&#8243; filter_source=\u00bbtaski_product__category\u00bb exclude_filter=\u00bb53, 29&#8243;][\/vc_column][\/vc_row][vc_row css=\u00bb.vc_custom_1606587476742{padding-top: 80px !important;padding-bottom: 95px !important;}\u00bb][vc_column]\n  <div class=\"product-description-block style-dark image-right\">\n    <div class=\"product-description-block-i\">\n        <div class=\"product-description-block-content\">\n          <div class=\"product-description-block-title\">\n                            <div class=\"pdbt-icon\"><img decoding=\"async\" src=\"https:\/\/staging.taski.com\/wp-content\/uploads\/2020\/12\/operational-efficiency.svg\" \/><\/div>\n                <div class=\"pdbt-text\">Eficacia operativa<\/div>\n                      <\/div>\n          <div class=\"product-description-block-text\"><p>Las m\u00e1quinas automatizadas de limpieza TASKI te ofrecen la oportunidad de <strong>redistribuir tu mano de obra<\/strong> para tareas m\u00e1s prioritarias.<\/p>\n<p>La automatizaci\u00f3n de la limpieza de suelos libera recursos para a\u00f1adir valor real y ofrece a tus empleados la posibilidad de realizar <strong>tareas<\/strong> m\u00e1s <strong>gratificantes y valoradas.<\/strong><\/p>\n<\/div>\n        <\/div>\n        <div class=\"product-description-block-image\" style=\"background-image:url(https:\/\/staging.taski.com\/wp-content\/uploads\/2023\/01\/Gaussian_014-min-scaled-2.jpg)\">\n\n        <\/div>\n    <\/div>\n  <\/div>\n  <div class=\"cl-fl\"><\/div>\n\n  <div class=\"product-description-block style-light image-left\">\n    <div class=\"product-description-block-i\">\n        <div class=\"product-description-block-content\">\n          <div class=\"product-description-block-title\">\n                            <div class=\"pdbt-icon\"><img decoding=\"async\" src=\"https:\/\/staging.taski.com\/wp-content\/uploads\/2020\/12\/people-safety.svg\" \/><\/div>\n                <div class=\"pdbt-text\">Protecci\u00f3n de marca y activos<\/div>\n                      <\/div>\n          <div class=\"product-description-block-text\"><p>Tanto si en tu empresa se trata de aprovechar las <strong>\u00faltimas innovaciones,<\/strong> como si tu negocio tiene <strong>retos y limitaciones laborales<\/strong>, los robots de limpieza automatizados TASKI aportan infinitas posibilidades para <strong>mejorar y proteger tu marca<\/strong>.<\/p>\n<\/div>\n        <\/div>\n        <div class=\"product-description-block-image\" style=\"background-image:url(https:\/\/staging.taski.com\/wp-content\/uploads\/2023\/01\/Robot-247-scaled-2.jpg)\">\n\n        <\/div>\n    <\/div>\n  <\/div>\n  <div class=\"cl-fl\"><\/div>\n\n  <div class=\"product-description-block style-dark image-right\">\n    <div class=\"product-description-block-i\">\n        <div class=\"product-description-block-content\">\n          <div class=\"product-description-block-title\">\n                            <div class=\"pdbt-icon\"><img decoding=\"async\" src=\"https:\/\/staging.taski.com\/wp-content\/uploads\/2020\/12\/people-safety.svg\" \/><\/div>\n                <div class=\"pdbt-text\">Tu experiencia como cliente\/hu\u00e9sped\/paciente<\/div>\n                      <\/div>\n          <div class=\"product-description-block-text\"><p><strong>Automatizar la limpieza de suelos<\/strong> significa que ahora puede tener lugar <strong>24 horas al d\u00eda, 7 d\u00edas a la semana. <\/strong><\/p>\n<p>Los robots Ecobot 50P y Ecobot 40 <strong>limpiar\u00e1n donde y cuando lo necesites<\/strong>.<\/p>\n<p>Esto garantiza que, sean cuales sean las limitaciones, tu edificio tendr\u00e1 el mejor aspecto para tus clientes, invitados y el p\u00fablico.<\/p>\n<\/div>\n        <\/div>\n        <div class=\"product-description-block-image\" style=\"background-image:url(https:\/\/staging.taski.com\/wp-content\/uploads\/2023\/01\/Robot-247-scaled-3.jpg)\">\n\n        <\/div>\n    <\/div>\n  <\/div>\n  <div class=\"cl-fl\"><\/div>\n\n  <div class=\"product-description-block style-light image-left\">\n    <div class=\"product-description-block-i\">\n        <div class=\"product-description-block-content\">\n          <div class=\"product-description-block-title\">\n                            <div class=\"pdbt-icon\"><img decoding=\"async\" src=\"https:\/\/staging.taski.com\/wp-content\/uploads\/2020\/12\/continuous-innovation.svg\" \/><\/div>\n                <div class=\"pdbt-text\">Innovaci\u00f3n continua<\/div>\n                      <\/div>\n          <div class=\"product-description-block-text\"><p>Con m\u00e1s de 65 a\u00f1os de innovaci\u00f3n continua, TASKI seguir\u00e1 aportando al mercado tecnolog\u00edas disruptivas.<\/p>\n<p>Ecobot 50 Pro es la \u00faltima generaci\u00f3n de fregadora automatizada y Ecobot 40 a\u00f1ade el potencial de la aspiraci\u00f3n automatizada.<\/p>\n<\/div>\n        <\/div>\n        <div class=\"product-description-block-image\" style=\"background-image:url(https:\/\/staging.taski.com\/wp-content\/uploads\/2022\/12\/Gaussian_086-min-scaled.jpg)\">\n\n        <\/div>\n    <\/div>\n  <\/div>\n  <div class=\"cl-fl\"><\/div>\n\n  <div class=\"product-description-block style-dark image-right\">\n    <div class=\"product-description-block-i\">\n        <div class=\"product-description-block-content\">\n          <div class=\"product-description-block-title\">\n                            <div class=\"pdbt-icon\"><img decoding=\"async\" src=\"https:\/\/staging.taski.com\/wp-content\/uploads\/2020\/12\/people.png\" \/><\/div>\n                <div class=\"pdbt-text\">Personas y seguridad<\/div>\n                      <\/div>\n          <div class=\"product-description-block-text\"><p>Menos fatiga, menos tiempo de inactividad. Todas las m\u00e1quinas TASKI est\u00e1n dise\u00f1adas para <strong>ser intuitivas, f\u00e1ciles de usar sin fatigar al usuario.<\/strong> <\/p>\n<p>Elimina los peligrosos derrames de agua. Las fregadoras TASKI swingo con rasquetas patentadas <strong>recogen el 99% del agua.<\/strong> <\/p>\n<p>M\u00e1s presi\u00f3n de contacto, mejor higiene. Las fregadoras TASKI aplican <strong>10 veces m\u00e1s presi\u00f3n de contacto que las mopas, para suelos m\u00e1s limpios, secos y seguros.<\/strong> <\/p>\n<\/div>\n        <\/div>\n        <div class=\"product-description-block-image\" style=\"background-image:url(https:\/\/staging.taski.com\/wp-content\/uploads\/2023\/01\/Robot-247-scaled-4.jpg)\">\n\n        <\/div>\n    <\/div>\n  <\/div>\n  <div class=\"cl-fl\"><\/div>\n[\/vc_column][\/vc_row][vc_row][vc_column][vc_row_inner][vc_column_inner]\n  <div class=\"three-cta-block\">\n    <div class=\"three-cta-block-i\">\n      <div class=\"row\">\n        <div class=\"three-cta-block-grid\">\n           <div class=\"three-cta-item\">\n            <div class=\"tci-i\">\n             <div class=\"tci-item-content\">\n                <h5>&lt;strong&gt;Consulta nuestras&lt;\/strong&gt; soluciones<br \/>\nIndustria<br \/>\n<\/h5>\n                <a href=\"\/products-innovations-solutions\/\"><p>PRODUCTOS, SOLUCIONES <br \/> E INNOVACIONES <br \/><\/p><\/a>\n             <\/div>\n            <\/div>\n           <\/div>\n           <div class=\"three-cta-item\">\n            <div class=\"tci-i\">\n             <div class=\"tci-item-content\">\n                <h5>&lt;strong&gt;Consulta las \u00faltimas&lt;\/strong&gt; innovaciones de<br \/>\nTASKI<br \/>\n<\/h5>\n                <a href=\"\/products-innovations-solutions\/innovations\/\"><p>Innovaciones<\/p><\/a>\n             <\/div>\n            <\/div>\n           <\/div>\n           <div class=\"three-cta-item\">\n            <div class=\"tci-i\">\n             <div class=\"tci-item-content\">\n                <h5>Ponte &lt;strong&gt;en contacto&lt;\/strong&gt; con<br \/>\na trav\u00e9s de<br \/>\n<\/h5>\n                <a href=\"\/news-help-contacts\/ask-paul-contact\/\"><p>CONTACTO<br \/>EE.UU.<\/p><\/a>\n             <\/div>\n            <\/div>\n           <\/div>\n        <\/div>\n      <\/div>\n    <\/div>\n  <\/div>\n  <div class=\"cl-fl\"><\/div>\n[\/vc_column_inner][\/vc_row_inner][\/vc_column][\/vc_row]<\/p>\n<\/div>","protected":false},"excerpt":{"rendered":"<p>[vc_row][vc_column][\/vc_column][\/vc_row][vc_row][vc_column][vc_basic_grid post_type=\u00bbtaski-products\u00bb style=\u00bbload-more\u00bb show_filter=\u00bbyes\u00bb element_width=\u00bb2&#8243; gap=\u00bb35&#8243; orderby=\u00bbmenu_order\u00bb order=\u00bbASC\u00bb filter_style=\u00bbdefault-less-rounded\u00bb filter_color=\u00bborange\u00bb filter_size=\u00bblg\u00bb item=\u00bb50527&#8243; css=\u00bb.vc_custom_1739976755147{margin-top: 20px !important;margin-bottom: 80px !important;}\u00bb max_items=\u00bb-1&#8243; items_per_page=\u00bb6&#8243; grid_id=\u00bbvc_gid:1749722145368-64dfc29a-6243-6&#8243; taxonomies=\u00bb53&#8243; filter_source=\u00bbtaski_product__category\u00bb exclude_filter=\u00bb53, 29&#8243;][\/vc_column][\/vc_row][vc_row css=\u00bb.vc_custom_1606587476742{padding-top: 80px !important;padding-bottom: 95px !important;}\u00bb][vc_column][\/vc_column][\/vc_row][vc_row][vc_column][vc_row_inner][vc_column_inner][\/vc_column_inner][\/vc_row_inner][\/vc_column][\/vc_row]<\/p>\n","protected":false},"author":1,"featured_media":0,"parent":8957,"menu_order":163,"comment_status":"closed","ping_status":"closed","template":"page-products.php","meta":{"_acf_changed":false,"_seopress_robots_primary_cat":"","_seopress_titles_title":"","_seopress_titles_desc":"","_seopress_robots_index":"","inline_featured_image":false,"footnotes":""},"class_list":["post-54387","page","type-page","status-publish","hentry"],"acf":[],"_links":{"self":[{"href":"https:\/\/staging.taski.com\/es\/wp-json\/wp\/v2\/pages\/54387","targetHints":{"allow":["GET"]}}],"collection":[{"href":"https:\/\/staging.taski.com\/es\/wp-json\/wp\/v2\/pages"}],"about":[{"href":"https:\/\/staging.taski.com\/es\/wp-json\/wp\/v2\/types\/page"}],"author":[{"embeddable":true,"href":"https:\/\/staging.taski.com\/es\/wp-json\/wp\/v2\/users\/1"}],"replies":[{"embeddable":true,"href":"https:\/\/staging.taski.com\/es\/wp-json\/wp\/v2\/comments?post=54387"}],"version-history":[{"count":8,"href":"https:\/\/staging.taski.com\/es\/wp-json\/wp\/v2\/pages\/54387\/revisions"}],"predecessor-version":[{"id":54419,"href":"https:\/\/staging.taski.com\/es\/wp-json\/wp\/v2\/pages\/54387\/revisions\/54419"}],"up":[{"embeddable":true,"href":"https:\/\/staging.taski.com\/es\/wp-json\/wp\/v2\/pages\/8957"}],"wp:attachment":[{"href":"https:\/\/staging.taski.com\/es\/wp-json\/wp\/v2\/media?parent=54387"}],"curies":[{"name":"wp","href":"https:\/\/api.w.org\/{rel}","templated":true}]}}