{"id":41426,"date":"2024-11-28T11:45:17","date_gmt":"2024-11-28T11:45:17","guid":{"rendered":"https:\/\/taski.com\/?page_id=41426"},"modified":"2024-11-28T14:36:22","modified_gmt":"2024-11-28T14:36:22","slug":"segunda-mano","status":"publish","type":"page","link":"https:\/\/staging.taski.com\/es\/productos-innovaciones-y-soluciones\/productos\/segunda-mano\/","title":{"rendered":"Segunda Mano"},"content":{"rendered":"<div class=\"wpb-content-wrapper\"><p>[vc_row][vc_column]\n  <div class=\"page-intro-block size-original-size style-light font-large\">\n         <div class=\"page-intro-block-i\">\n      <div class=\"row\">\n        <div class=\"page-intro-content\">\n            <div class=\"title-block\">\n                                     <h2><span class=\"pt\">Segunda Mano<\/span>M\u00e1quinas de limpieza de <strong>segunda mano y ocasi\u00f3n<\/strong><\/h2>\n                    <p>Nuestras m\u00e1quinas TASKI de segunda mano y ocasi\u00f3n han sido revisadas, probadas, y cuentan adem\u00e1s con una garant\u00eda de seis meses desde su adquisici\u00f3n en piezas y componentes.<\/p>\n<p>Somos especialistas en la venta fregadoras de limpieza, tanto de hombre acompa\u00f1ante como de hombre a bordo, as\u00ed como de otras m\u00e1quinas especiales destinadas a la mecanizaci\u00f3n de los procesos de limpieza (rotativas, aspiradores, barredoras, vaporetas, etc\u2026).<\/p>\n<p>Si desea disfrutar de las ventajas de unas m\u00e1quinas de la m\u00e1xima calidad, p\u00f3ngase en contacto con nosotros y descubra nuestro parque de m\u00e1quinas seminuevas y de ocasi\u00f3n, al mejor precio y garantizadas.<\/p>\n                             <\/div>\n            <div class=\"page-intro-image\">\n                                <div class=\"page-intro-image-alt\">\n                    \n                    <img decoding=\"async\" src=\"https:\/\/staging.taski.com\/wp-content\/uploads\/2021\/02\/XP_R-brush-deck-closeup-1.jpg\" alt=\"\" \/>\n\n                <\/div>\n            <\/div>\n        <\/div>\n      <\/div>\n\n\n    <\/div>\n  <\/div>\n  <div class=\"cl-fl\"><\/div>\n[\/vc_column][\/vc_row][vc_row][vc_column]<div class=\"woocommerce columns-4 \"><ul class=\"products columns-4\">\n<li class=\"product type-product post-41424 status-publish first instock product_cat-segunda-mano has-post-thumbnail shipping-taxable purchasable product-type-simple\">\n\t<a href=\"https:\/\/staging.taski.com\/es\/producto\/41424\/\" class=\"woocommerce-LoopProduct-link woocommerce-loop-product__link\"><img loading=\"lazy\" decoding=\"async\" width=\"300\" height=\"300\" src=\"https:\/\/staging.taski.com\/wp-content\/uploads\/2024\/11\/PRUEBA-CON-ALVARO-04-300x300.jpg\" class=\"attachment-woocommerce_thumbnail size-woocommerce_thumbnail\" alt=\"swingo 455\" srcset=\"https:\/\/staging.taski.com\/wp-content\/uploads\/2024\/11\/PRUEBA-CON-ALVARO-04-300x300.jpg 300w, https:\/\/staging.taski.com\/wp-content\/uploads\/2024\/11\/PRUEBA-CON-ALVARO-04-150x150.jpg 150w, https:\/\/staging.taski.com\/wp-content\/uploads\/2024\/11\/PRUEBA-CON-ALVARO-04-768x768.jpg 768w, https:\/\/staging.taski.com\/wp-content\/uploads\/2024\/11\/PRUEBA-CON-ALVARO-04-400x400.jpg 400w, https:\/\/staging.taski.com\/wp-content\/uploads\/2024\/11\/PRUEBA-CON-ALVARO-04-600x600.jpg 600w, https:\/\/staging.taski.com\/wp-content\/uploads\/2024\/11\/PRUEBA-CON-ALVARO-04-100x100.jpg 100w, https:\/\/staging.taski.com\/wp-content\/uploads\/2024\/11\/PRUEBA-CON-ALVARO-04.jpg 900w\" sizes=\"auto, (max-width: 300px) 100vw, 300px\" \/><h2 class=\"woocommerce-loop-product__title\">swingo 455<\/h2>\n<\/a>\n    <div class=\"view-more-loop\"><a href=\"https:\/\/staging.taski.com\/es\/producto\/41424\/\">VER M\u00c1S<\/a><\/div>\n\n<\/li>\n<li class=\"product type-product post-41462 status-publish instock product_cat-segunda-mano has-post-thumbnail shipping-taxable purchasable product-type-simple\">\n\t<a href=\"https:\/\/staging.taski.com\/es\/producto\/swingo-855\/\" class=\"woocommerce-LoopProduct-link woocommerce-loop-product__link\"><img loading=\"lazy\" decoding=\"async\" width=\"300\" height=\"300\" src=\"https:\/\/staging.taski.com\/wp-content\/uploads\/2020\/12\/02-maquinaria-litio-segunda-mano-300x300.jpg\" class=\"attachment-woocommerce_thumbnail size-woocommerce_thumbnail\" alt=\"swingo 855\" srcset=\"https:\/\/staging.taski.com\/wp-content\/uploads\/2020\/12\/02-maquinaria-litio-segunda-mano-300x300.jpg 300w, https:\/\/staging.taski.com\/wp-content\/uploads\/2020\/12\/02-maquinaria-litio-segunda-mano-150x150.jpg 150w, https:\/\/staging.taski.com\/wp-content\/uploads\/2020\/12\/02-maquinaria-litio-segunda-mano-768x768.jpg 768w, https:\/\/staging.taski.com\/wp-content\/uploads\/2020\/12\/02-maquinaria-litio-segunda-mano-400x400.jpg 400w, https:\/\/staging.taski.com\/wp-content\/uploads\/2020\/12\/02-maquinaria-litio-segunda-mano-600x600.jpg 600w, https:\/\/staging.taski.com\/wp-content\/uploads\/2020\/12\/02-maquinaria-litio-segunda-mano-100x100.jpg 100w, https:\/\/staging.taski.com\/wp-content\/uploads\/2020\/12\/02-maquinaria-litio-segunda-mano.jpg 900w\" sizes=\"auto, (max-width: 300px) 100vw, 300px\" \/><h2 class=\"woocommerce-loop-product__title\">swingo 855<\/h2>\n<\/a>\n    <div class=\"view-more-loop\"><a href=\"https:\/\/staging.taski.com\/es\/producto\/swingo-855\/\">VER M\u00c1S<\/a><\/div>\n\n<\/li>\n<\/ul>\n<\/div>[\/vc_column][\/vc_row][vc_row][vc_column][vc_row_inner][vc_column_inner]\n  <div class=\"three-cta-block\">\n    <div class=\"three-cta-block-i\">\n      <div class=\"row\">\n        <div class=\"three-cta-block-grid\">\n           <div class=\"three-cta-item\">\n            <div class=\"tci-i\">\n             <div class=\"tci-item-content\">\n                <h5>&lt;strong&gt;Consulta nuestras&lt;\/strong&gt;<br \/>\nSoluciones<br \/>\npara la Industria<\/h5>\n                <a href=\"\/products-innovations-solutions\/\"><p>PRODUCTOS, SOLUCIONES <br \/> E INNOVACIONES <br \/><\/p><\/a>\n             <\/div>\n            <\/div>\n           <\/div>\n           <div class=\"three-cta-item\">\n            <div class=\"tci-i\">\n             <div class=\"tci-item-content\">\n                <h5>&lt;strong&gt;Consulta las \u00faltimas&lt;\/strong&gt;<br \/>\nInnovaciones<br \/>\nde TASKI<\/h5>\n                <a href=\"\/shop\/\"><p>MI<br \/>TASKI<br \/>TIENDA<\/p><\/a>\n             <\/div>\n            <\/div>\n           <\/div>\n           <div class=\"three-cta-item\">\n            <div class=\"tci-i\">\n             <div class=\"tci-item-content\">\n                <h5>&lt;strong&gt;Ponte en contacto&lt;\/strong&gt;<br \/>\ncon<br \/>\nnosotros<\/h5>\n                <a href=\"\/news-help-contacts\/\"><p>CONTACTO<br \/>EE.UU.<\/p><\/a>\n             <\/div>\n            <\/div>\n           <\/div>\n        <\/div>\n      <\/div>\n    <\/div>\n  <\/div>\n  <div class=\"cl-fl\"><\/div>\n[\/vc_column_inner][\/vc_row_inner][\/vc_column][\/vc_row]<\/p>\n<\/div>","protected":false},"excerpt":{"rendered":"<p>[vc_row][vc_column][\/vc_column][\/vc_row][vc_row][vc_column][\/vc_column][\/vc_row][vc_row][vc_column][vc_row_inner][vc_column_inner][\/vc_column_inner][\/vc_row_inner][\/vc_column][\/vc_row]<\/p>\n","protected":false},"author":1,"featured_media":0,"parent":8398,"menu_order":615,"comment_status":"closed","ping_status":"closed","template":"page-products.php","meta":{"_acf_changed":false,"_seopress_robots_primary_cat":"","_seopress_titles_title":"","_seopress_titles_desc":"","_seopress_robots_index":"","inline_featured_image":false,"footnotes":""},"class_list":["post-41426","page","type-page","status-publish","hentry"],"acf":[],"_links":{"self":[{"href":"https:\/\/staging.taski.com\/es\/wp-json\/wp\/v2\/pages\/41426","targetHints":{"allow":["GET"]}}],"collection":[{"href":"https:\/\/staging.taski.com\/es\/wp-json\/wp\/v2\/pages"}],"about":[{"href":"https:\/\/staging.taski.com\/es\/wp-json\/wp\/v2\/types\/page"}],"author":[{"embeddable":true,"href":"https:\/\/staging.taski.com\/es\/wp-json\/wp\/v2\/users\/1"}],"replies":[{"embeddable":true,"href":"https:\/\/staging.taski.com\/es\/wp-json\/wp\/v2\/comments?post=41426"}],"version-history":[{"count":10,"href":"https:\/\/staging.taski.com\/es\/wp-json\/wp\/v2\/pages\/41426\/revisions"}],"predecessor-version":[{"id":41469,"href":"https:\/\/staging.taski.com\/es\/wp-json\/wp\/v2\/pages\/41426\/revisions\/41469"}],"up":[{"embeddable":true,"href":"https:\/\/staging.taski.com\/es\/wp-json\/wp\/v2\/pages\/8398"}],"wp:attachment":[{"href":"https:\/\/staging.taski.com\/es\/wp-json\/wp\/v2\/media?parent=41426"}],"curies":[{"name":"wp","href":"https:\/\/api.w.org\/{rel}","templated":true}]}}