{"id":7207,"date":"2021-01-07T14:49:48","date_gmt":"2021-01-07T14:49:48","guid":{"rendered":"https:\/\/taski.com\/product\/swingo-150-e\/"},"modified":"2021-12-13T08:17:02","modified_gmt":"2021-12-13T08:17:02","slug":"swingo-150","status":"publish","type":"product","link":"https:\/\/staging.taski.com\/de\/produkt\/swingo-150\/","title":{"rendered":"swingo 150 E"},"content":{"rendered":"","protected":false},"excerpt":{"rendered":"<p>Die swingo 150 ist Ihr erster Schritt in die maschinelle Reinigung.<\/p>\n<p>Eine ultrakompakte, aufrechte Scheuersaugmaschine f\u00fcr die Fleckenreinigung und kleine R\u00e4ume.<\/p>\n<h3>Hauptmerkmale<\/h3>\n<p>2,6 l Tankinhalt<br \/>\n33cm Arbeitsbreite<br \/>\nWalzenb\u00fcrstensystem<br \/>\nOption f\u00fcr Elektro- oder Li-Ionen-Akkus<\/p>\n<h3>Hauptvorteile<\/h3>\n<p>Leichtes, kompaktes Design f\u00fcr einfache Bedienung<br \/>\nHohe mechanische Reinigungskraft der Walzenb\u00fcrsten<br \/>\nReinigt und nimmt Wasser vorw\u00e4rts und r\u00fcckw\u00e4rts auf<br \/>\nGeringer Platzbedarf f\u00fcr einfache Aufbewahrung<br \/>\nModelle mit elektrischem oder kabellosem Li-Ion-Akku<\/p>\n","protected":false},"featured_media":4602,"template":"","meta":{"_acf_changed":false,"_seopress_robots_primary_cat":"","_seopress_titles_title":"","_seopress_titles_desc":"","_seopress_robots_index":"","inline_featured_image":false},"product_brand":[],"product_cat":[150,151],"product_tag":[],"class_list":{"0":"post-7207","1":"product","2":"type-product","3":"status-publish","4":"has-post-thumbnail","6":"product_cat-scheuersaugmaschinen","7":"product_cat-nachlaufmodelle","9":"first","10":"instock","11":"shipping-taxable","12":"purchasable","13":"product-type-simple"},"acf":[],"_links":{"self":[{"href":"https:\/\/staging.taski.com\/de\/wp-json\/wp\/v2\/product\/7207","targetHints":{"allow":["GET"]}}],"collection":[{"href":"https:\/\/staging.taski.com\/de\/wp-json\/wp\/v2\/product"}],"about":[{"href":"https:\/\/staging.taski.com\/de\/wp-json\/wp\/v2\/types\/product"}],"wp:featuredmedia":[{"embeddable":true,"href":"https:\/\/staging.taski.com\/de\/wp-json\/wp\/v2\/media\/4602"}],"wp:attachment":[{"href":"https:\/\/staging.taski.com\/de\/wp-json\/wp\/v2\/media?parent=7207"}],"wp:term":[{"taxonomy":"product_brand","embeddable":true,"href":"https:\/\/staging.taski.com\/de\/wp-json\/wp\/v2\/product_brand?post=7207"},{"taxonomy":"product_cat","embeddable":true,"href":"https:\/\/staging.taski.com\/de\/wp-json\/wp\/v2\/product_cat?post=7207"},{"taxonomy":"product_tag","embeddable":true,"href":"https:\/\/staging.taski.com\/de\/wp-json\/wp\/v2\/product_tag?post=7207"}],"curies":[{"name":"wp","href":"https:\/\/api.w.org\/{rel}","templated":true}]}}