{"id":7204,"date":"2021-01-14T15:32:25","date_gmt":"2021-01-14T15:32:25","guid":{"rendered":"https:\/\/taski.com\/product\/jet-38\/"},"modified":"2021-12-13T08:53:52","modified_gmt":"2021-12-13T08:53:52","slug":"jet-38-50","status":"publish","type":"product","link":"https:\/\/staging.taski.com\/de\/produkt\/jet-38-50\/","title":{"rendered":"jet 38"},"content":{"rendered":"","protected":false},"excerpt":{"rendered":"<p>Leistungsstarke 38 Doppelmotor-Staubsauger<\/p>\n<h3>Hauptmerkmale<\/h3>\n<p>Doppelmotoren f\u00fcr Leistung und Haltbarkeit<br \/>\n38cm oder 50cm Arbeitsbreite<br \/>\nWerkzeuge an Bord<\/p>\n<h3>Hauptvorteile<\/h3>\n<p>Zwei leistungsstarke Motoren f\u00fcr kombinierte B\u00fcrste und Absaugung<br \/>\n38 oder 50 cm breite Arbeitsbreite f\u00fcr Produktivit\u00e4t bei Agilit\u00e4t<br \/>\nLanglebige Konstruktion f\u00fcr lange Lebensdauer und guten ROI<br \/>\nBordwerkzeuge und Verl\u00e4ngerungsschlauch f\u00fcr Kantenreinigung und hohes Niveau<\/p>\n","protected":false},"featured_media":4777,"template":"","meta":{"_acf_changed":false,"_seopress_robots_primary_cat":"","_seopress_titles_title":"","_seopress_titles_desc":"","_seopress_robots_index":"","inline_featured_image":false},"product_brand":[],"product_cat":[140,141],"product_tag":[],"class_list":{"0":"post-7204","1":"product","2":"type-product","3":"status-publish","4":"has-post-thumbnail","6":"product_cat-buerstsauger","7":"product_cat-staubsauger","9":"first","10":"instock","11":"shipping-taxable","12":"purchasable","13":"product-type-simple"},"acf":[],"_links":{"self":[{"href":"https:\/\/staging.taski.com\/de\/wp-json\/wp\/v2\/product\/7204","targetHints":{"allow":["GET"]}}],"collection":[{"href":"https:\/\/staging.taski.com\/de\/wp-json\/wp\/v2\/product"}],"about":[{"href":"https:\/\/staging.taski.com\/de\/wp-json\/wp\/v2\/types\/product"}],"wp:featuredmedia":[{"embeddable":true,"href":"https:\/\/staging.taski.com\/de\/wp-json\/wp\/v2\/media\/4777"}],"wp:attachment":[{"href":"https:\/\/staging.taski.com\/de\/wp-json\/wp\/v2\/media?parent=7204"}],"wp:term":[{"taxonomy":"product_brand","embeddable":true,"href":"https:\/\/staging.taski.com\/de\/wp-json\/wp\/v2\/product_brand?post=7204"},{"taxonomy":"product_cat","embeddable":true,"href":"https:\/\/staging.taski.com\/de\/wp-json\/wp\/v2\/product_cat?post=7204"},{"taxonomy":"product_tag","embeddable":true,"href":"https:\/\/staging.taski.com\/de\/wp-json\/wp\/v2\/product_tag?post=7204"}],"curies":[{"name":"wp","href":"https:\/\/api.w.org\/{rel}","templated":true}]}}