{"id":7203,"date":"2021-01-14T15:49:39","date_gmt":"2021-01-14T15:49:39","guid":{"rendered":"https:\/\/taski.com\/product\/aero-bp-e\/"},"modified":"2021-12-13T08:52:38","modified_gmt":"2021-12-13T08:52:38","slug":"aero-bp","status":"publish","type":"product","link":"https:\/\/staging.taski.com\/de\/produkt\/aero-bp\/","title":{"rendered":"AERO BP E"},"content":{"rendered":"","protected":false},"excerpt":{"rendered":"<p>Leichte Staubsauger f\u00fcr Elektro- und Batterierucks\u00e4cke<\/p>\n<h3>Hauptmerkmale<\/h3>\n<p>3in1 Funktionen &#8211; R\u00fccken- \/ Kesselsauger \/ Gebl\u00e4se<br \/>\nElektro-, Batterie- und Batterie-Plus-Modelle<\/p>\n<h3>Hauptvorteile<\/h3>\n<p>Superleicht bei weniger als 6 kg reduziert Erm\u00fcdung<br \/>\n3in1 &#8211; Rucksack + Kesselsauger + Gebl\u00e4sefunktion in einem &#8211; ein gro\u00dfartiges Preis-Leistungs-Verh\u00e4ltnis<br \/>\nEinfache Umstellung auf Batteriewannenvakuum oder Option f\u00fcr TASKI Trolleys<br \/>\nSuperleichte und hochwertige Rucksackmaterialien f\u00fcr hervorragende Ergonomie<\/p>\n","protected":false},"featured_media":4779,"template":"","meta":{"_acf_changed":false,"_seopress_robots_primary_cat":"","_seopress_titles_title":"","_seopress_titles_desc":"","_seopress_robots_index":"","inline_featured_image":false},"product_brand":[],"product_cat":[144,141],"product_tag":[],"class_list":{"0":"post-7203","1":"product","2":"type-product","3":"status-publish","4":"has-post-thumbnail","6":"product_cat-rueckensauger","7":"product_cat-staubsauger","9":"first","10":"instock","11":"shipping-taxable","12":"purchasable","13":"product-type-simple"},"acf":[],"_links":{"self":[{"href":"https:\/\/staging.taski.com\/de\/wp-json\/wp\/v2\/product\/7203","targetHints":{"allow":["GET"]}}],"collection":[{"href":"https:\/\/staging.taski.com\/de\/wp-json\/wp\/v2\/product"}],"about":[{"href":"https:\/\/staging.taski.com\/de\/wp-json\/wp\/v2\/types\/product"}],"wp:featuredmedia":[{"embeddable":true,"href":"https:\/\/staging.taski.com\/de\/wp-json\/wp\/v2\/media\/4779"}],"wp:attachment":[{"href":"https:\/\/staging.taski.com\/de\/wp-json\/wp\/v2\/media?parent=7203"}],"wp:term":[{"taxonomy":"product_brand","embeddable":true,"href":"https:\/\/staging.taski.com\/de\/wp-json\/wp\/v2\/product_brand?post=7203"},{"taxonomy":"product_cat","embeddable":true,"href":"https:\/\/staging.taski.com\/de\/wp-json\/wp\/v2\/product_cat?post=7203"},{"taxonomy":"product_tag","embeddable":true,"href":"https:\/\/staging.taski.com\/de\/wp-json\/wp\/v2\/product_tag?post=7203"}],"curies":[{"name":"wp","href":"https:\/\/api.w.org\/{rel}","templated":true}]}}