{"id":7202,"date":"2021-01-14T15:54:45","date_gmt":"2021-01-14T15:54:45","guid":{"rendered":"https:\/\/taski.com\/product\/aero-8-8-plus\/"},"modified":"2021-01-14T15:54:45","modified_gmt":"2021-01-14T15:54:45","slug":"aero-8-15-8-15-plus-2","status":"publish","type":"product","link":"https:\/\/staging.taski.com\/de\/produkt\/aero-8-15-8-15-plus-2\/","title":{"rendered":"AERO 8 &amp; 8 Plus"},"content":{"rendered":"","protected":false},"excerpt":{"rendered":"<p>Vier hocheffiziente und leise Wannenstaubsauger mit patentiertem Fl\u00fcstermotor mit zus\u00e4tzlichen Funktionen und Werkzeugen<\/p>\n<h3>Hauptmerkmale<\/h3>\n<p>13L Kapazit\u00e4t<br \/>\n585W Fl\u00fcstermotor<br \/>\nUltra Low Sound (50dBA)<br \/>\nDie Plus-Modi enthalten zus\u00e4tzliche Funktionen und Tools<\/p>\n<h3>Hauptvorteile<\/h3>\n<p>Super effizient und leise f\u00fcr ein hervorragendes Reinigungsergebnis und minimale St\u00f6rungen<br \/>\nFl\u00fcstermotor f\u00fcr extrem niedrigen Energieverbrauch \/ niedrigen Klang<br \/>\nErgonomischer Teleskopschlauch und fu\u00dfbet\u00e4tigter Ein- \/ Ausschalter f\u00fcr Benutzerkomfort<br \/>\nPlus-Modelle verf\u00fcgen \u00fcber zus\u00e4tzliche Funktionen &#8211; Kabelwickler und Eco-Taste sowie integrierte Werkzeuge<\/p>\n","protected":false},"featured_media":5840,"template":"","meta":{"_acf_changed":false,"_seopress_robots_primary_cat":"","_seopress_titles_title":"","_seopress_titles_desc":"","_seopress_robots_index":"","inline_featured_image":false},"product_brand":[],"product_cat":[142,141],"product_tag":[],"class_list":{"0":"post-7202","1":"product","2":"type-product","3":"status-publish","4":"has-post-thumbnail","6":"product_cat-kesselsauger","7":"product_cat-staubsauger","9":"first","10":"instock","11":"shipping-taxable","12":"purchasable","13":"product-type-simple"},"acf":[],"_links":{"self":[{"href":"https:\/\/staging.taski.com\/de\/wp-json\/wp\/v2\/product\/7202","targetHints":{"allow":["GET"]}}],"collection":[{"href":"https:\/\/staging.taski.com\/de\/wp-json\/wp\/v2\/product"}],"about":[{"href":"https:\/\/staging.taski.com\/de\/wp-json\/wp\/v2\/types\/product"}],"wp:featuredmedia":[{"embeddable":true,"href":"https:\/\/staging.taski.com\/de\/wp-json\/wp\/v2\/media\/5840"}],"wp:attachment":[{"href":"https:\/\/staging.taski.com\/de\/wp-json\/wp\/v2\/media?parent=7202"}],"wp:term":[{"taxonomy":"product_brand","embeddable":true,"href":"https:\/\/staging.taski.com\/de\/wp-json\/wp\/v2\/product_brand?post=7202"},{"taxonomy":"product_cat","embeddable":true,"href":"https:\/\/staging.taski.com\/de\/wp-json\/wp\/v2\/product_cat?post=7202"},{"taxonomy":"product_tag","embeddable":true,"href":"https:\/\/staging.taski.com\/de\/wp-json\/wp\/v2\/product_tag?post=7202"}],"curies":[{"name":"wp","href":"https:\/\/api.w.org\/{rel}","templated":true}]}}