{"id":7196,"date":"2021-01-14T17:11:53","date_gmt":"2021-01-14T17:11:53","guid":{"rendered":"https:\/\/taski.com\/product\/aquamat-20\/"},"modified":"2021-12-13T09:29:34","modified_gmt":"2021-12-13T09:29:34","slug":"aquamat-20","status":"publish","type":"product","link":"https:\/\/staging.taski.com\/de\/produkt\/aquamat-20\/","title":{"rendered":"aquamat 20"},"content":{"rendered":"","protected":false},"excerpt":{"rendered":"<p>Spr\u00fchextraktionsmaschine mittlerer Kapazit\u00e4t f\u00fcr Teppiche und Polster<\/p>\n<h3>Hauptmerkmale<\/h3>\n<p>20L Kapazit\u00e4t<br \/>\n1050w Motor<br \/>\n47 l \/ s Absaugung<br \/>\nAuswahl an Zubeh\u00f6r<\/p>\n<h3>Hauptvorteile<\/h3>\n<p>Mittlere Kapazit\u00e4t f\u00fcr Flexibilit\u00e4t und Produktivit\u00e4t<br \/>\nKraftvolle Absaugung f\u00fcr schnelles Trocknen<br \/>\nWerkzeuge f\u00fcr Spot-, Polster- und Stoffreinigung<\/p>\n","protected":false},"featured_media":4787,"template":"","meta":{"_acf_changed":false,"_seopress_robots_primary_cat":"","_seopress_titles_title":"","_seopress_titles_desc":"","_seopress_robots_index":"","inline_featured_image":false},"product_brand":[],"product_cat":[158,159],"product_tag":[],"class_list":{"0":"post-7196","1":"product","2":"type-product","3":"status-publish","4":"has-post-thumbnail","6":"product_cat-teppichreinigung","7":"product_cat-spruehextraktion","9":"first","10":"instock","11":"shipping-taxable","12":"purchasable","13":"product-type-simple"},"acf":[],"_links":{"self":[{"href":"https:\/\/staging.taski.com\/de\/wp-json\/wp\/v2\/product\/7196","targetHints":{"allow":["GET"]}}],"collection":[{"href":"https:\/\/staging.taski.com\/de\/wp-json\/wp\/v2\/product"}],"about":[{"href":"https:\/\/staging.taski.com\/de\/wp-json\/wp\/v2\/types\/product"}],"wp:featuredmedia":[{"embeddable":true,"href":"https:\/\/staging.taski.com\/de\/wp-json\/wp\/v2\/media\/4787"}],"wp:attachment":[{"href":"https:\/\/staging.taski.com\/de\/wp-json\/wp\/v2\/media?parent=7196"}],"wp:term":[{"taxonomy":"product_brand","embeddable":true,"href":"https:\/\/staging.taski.com\/de\/wp-json\/wp\/v2\/product_brand?post=7196"},{"taxonomy":"product_cat","embeddable":true,"href":"https:\/\/staging.taski.com\/de\/wp-json\/wp\/v2\/product_cat?post=7196"},{"taxonomy":"product_tag","embeddable":true,"href":"https:\/\/staging.taski.com\/de\/wp-json\/wp\/v2\/product_tag?post=7196"}],"curies":[{"name":"wp","href":"https:\/\/api.w.org\/{rel}","templated":true}]}}