{"id":7194,"date":"2021-01-14T17:29:44","date_gmt":"2021-01-14T17:29:44","guid":{"rendered":"https:\/\/taski.com\/product\/spruehgeraet-bp-15-li-ion\/"},"modified":"2021-08-09T09:34:59","modified_gmt":"2021-08-09T09:34:59","slug":"sprayer-bp-15-li-ion","status":"publish","type":"product","link":"https:\/\/staging.taski.com\/de\/produkt\/sprayer-bp-15-li-ion\/","title":{"rendered":"TASKI Sprayer BP 15 Li Ion"},"content":{"rendered":"","protected":false},"excerpt":{"rendered":"<p>Hochwertiges Li-Ion-Akku-R\u00fcckenspr\u00fchger\u00e4t zum Auftragen von Chemikalien- und Desinfektionsl\u00f6sungen<\/p>\n<h3>Hauptmerkmale<\/h3>\n<p>15 l Tankinhalt<br \/>\n3 bar Druck<br \/>\nLi-Ionen-Akku<\/p>\n<h3>Hauptvorteile<\/h3>\n<p>Volle Flexibilit\u00e4t und Freiheit mit Li-Ion-Akku (4 Stunden Laufzeit)<br \/>\nEdelstahlrohr f\u00fcr h\u00f6chste Haltbarkeit<br \/>\nEinstellbare Spr\u00fchfunktion 60-200 Mikron<br \/>\nDas System ist einsatzbereit, einschlie\u00dflich Akku und Ladeger\u00e4t.<\/p>\n","protected":false},"featured_media":4811,"template":"","meta":{"_acf_changed":false,"_seopress_robots_primary_cat":"","_seopress_titles_title":"","_seopress_titles_desc":"","_seopress_robots_index":"","inline_featured_image":false},"product_brand":[],"product_cat":[155],"product_tag":[],"class_list":{"0":"post-7194","1":"product","2":"type-product","3":"status-publish","4":"has-post-thumbnail","6":"product_cat-spruhgerate","8":"first","9":"instock","10":"shipping-taxable","11":"purchasable","12":"product-type-simple"},"acf":[],"_links":{"self":[{"href":"https:\/\/staging.taski.com\/de\/wp-json\/wp\/v2\/product\/7194","targetHints":{"allow":["GET"]}}],"collection":[{"href":"https:\/\/staging.taski.com\/de\/wp-json\/wp\/v2\/product"}],"about":[{"href":"https:\/\/staging.taski.com\/de\/wp-json\/wp\/v2\/types\/product"}],"wp:featuredmedia":[{"embeddable":true,"href":"https:\/\/staging.taski.com\/de\/wp-json\/wp\/v2\/media\/4811"}],"wp:attachment":[{"href":"https:\/\/staging.taski.com\/de\/wp-json\/wp\/v2\/media?parent=7194"}],"wp:term":[{"taxonomy":"product_brand","embeddable":true,"href":"https:\/\/staging.taski.com\/de\/wp-json\/wp\/v2\/product_brand?post=7194"},{"taxonomy":"product_cat","embeddable":true,"href":"https:\/\/staging.taski.com\/de\/wp-json\/wp\/v2\/product_cat?post=7194"},{"taxonomy":"product_tag","embeddable":true,"href":"https:\/\/staging.taski.com\/de\/wp-json\/wp\/v2\/product_tag?post=7194"}],"curies":[{"name":"wp","href":"https:\/\/api.w.org\/{rel}","templated":true}]}}