{"id":7193,"date":"2021-01-14T17:39:07","date_gmt":"2021-01-14T17:39:07","guid":{"rendered":"https:\/\/taski.com\/product\/balimat-45\/"},"modified":"2021-12-13T09:34:46","modified_gmt":"2021-12-13T09:34:46","slug":"balimat-45","status":"publish","type":"product","link":"https:\/\/staging.taski.com\/de\/produkt\/balimat-45\/","title":{"rendered":"balimat 45"},"content":{"rendered":"","protected":false},"excerpt":{"rendered":"<p>Manuelle begehbare Kehrmaschine f\u00fcr kleine Au\u00dfen- oder Innenbereiche<\/p>\n<h3>Hauptmerkmale<\/h3>\n<p>40 l Fassungsverm\u00f6gen<br \/>\n47 cm B\u00fcrstenbreite<br \/>\n13 kg Gesamtgewicht<\/p>\n<h3>Hauptvorteile<\/h3>\n<p>Leicht und sehr wendig<br \/>\nBen\u00f6tigt keinen Strom oder Batterien<br \/>\nKann drinnen oder drau\u00dfen auch bei N\u00e4sse verwendet werden<br \/>\nIdeal f\u00fcr Eing\u00e4nge und Geb\u00e4udeperimeter<\/p>\n","protected":false},"featured_media":4622,"template":"","meta":{"_acf_changed":false,"_seopress_robots_primary_cat":"","_seopress_titles_title":"","_seopress_titles_desc":"","_seopress_robots_index":"","inline_featured_image":false},"product_brand":[],"product_cat":[154],"product_tag":[],"class_list":{"0":"post-7193","1":"product","2":"type-product","3":"status-publish","4":"has-post-thumbnail","6":"product_cat-sweepers-de","8":"first","9":"instock","10":"shipping-taxable","11":"purchasable","12":"product-type-simple"},"acf":[],"_links":{"self":[{"href":"https:\/\/staging.taski.com\/de\/wp-json\/wp\/v2\/product\/7193","targetHints":{"allow":["GET"]}}],"collection":[{"href":"https:\/\/staging.taski.com\/de\/wp-json\/wp\/v2\/product"}],"about":[{"href":"https:\/\/staging.taski.com\/de\/wp-json\/wp\/v2\/types\/product"}],"wp:featuredmedia":[{"embeddable":true,"href":"https:\/\/staging.taski.com\/de\/wp-json\/wp\/v2\/media\/4622"}],"wp:attachment":[{"href":"https:\/\/staging.taski.com\/de\/wp-json\/wp\/v2\/media?parent=7193"}],"wp:term":[{"taxonomy":"product_brand","embeddable":true,"href":"https:\/\/staging.taski.com\/de\/wp-json\/wp\/v2\/product_brand?post=7193"},{"taxonomy":"product_cat","embeddable":true,"href":"https:\/\/staging.taski.com\/de\/wp-json\/wp\/v2\/product_cat?post=7193"},{"taxonomy":"product_tag","embeddable":true,"href":"https:\/\/staging.taski.com\/de\/wp-json\/wp\/v2\/product_tag?post=7193"}],"curies":[{"name":"wp","href":"https:\/\/api.w.org\/{rel}","templated":true}]}}