{"id":7168,"date":"2021-01-20T16:29:06","date_gmt":"2021-01-20T16:29:06","guid":{"rendered":"https:\/\/taski.com\/product\/swingo-350-b-bms\/"},"modified":"2021-12-13T08:42:04","modified_gmt":"2021-12-13T08:42:04","slug":"swingo-350-b-bms","status":"publish","type":"product","link":"https:\/\/staging.taski.com\/de\/produkt\/swingo-350-b-bms\/","title":{"rendered":"swingo 350 B BMS"},"content":{"rendered":"","protected":false},"excerpt":{"rendered":"<p>Mit seiner effizienten Walzenb\u00fcrste eignet sich die swingo 350 hervorragend f\u00fcr die Reinigung in Ecken und entlang der W\u00e4nde.<\/p>\n<p>Perfekt f\u00fcr Waschr\u00e4ume und K\u00fcchen.<\/p>\n<h3>Hauptmerkmale<\/h3>\n<p>10L Tankinhalt<br \/>\n35cm Arbeitsbreite<br \/>\nRollenb\u00fcrstensystem<br \/>\nOptionen f\u00fcr Elektro- \/ Gel- \/ Li-Ionen-Akkus<\/p>\n<h3>Hauptvorteile<\/h3>\n<p>Hohe mechanische Schrubbwirkung und hervorragende Wasseraufnahme f\u00fcr sichere, saubere B\u00f6den<br \/>\nFlaches Design, um unter Armaturen zu kommen<br \/>\nQuadratisch und gekr\u00f6pft f\u00fcr hervorragende Reinigung bis in die Kanten und Ecken<br \/>\nErgonomisch verstellbarer \/ klappbarer Griff und Handschutz f\u00fcr die Sicherheit des Bedieners<br \/>\nElektrische oder kabellose On-Board-Ladeger\u00e4te mit wahlweise wartungsfreien Gel- oder Li-Ionen-Batterien<\/p>\n","protected":false},"featured_media":4909,"template":"","meta":{"_acf_changed":false,"_seopress_robots_primary_cat":"","_seopress_titles_title":"","_seopress_titles_desc":"","_seopress_robots_index":"","inline_featured_image":false},"product_brand":[],"product_cat":[150,151],"product_tag":[],"class_list":{"0":"post-7168","1":"product","2":"type-product","3":"status-publish","4":"has-post-thumbnail","6":"product_cat-scheuersaugmaschinen","7":"product_cat-nachlaufmodelle","9":"first","10":"instock","11":"shipping-taxable","12":"purchasable","13":"product-type-simple"},"acf":[],"_links":{"self":[{"href":"https:\/\/staging.taski.com\/de\/wp-json\/wp\/v2\/product\/7168","targetHints":{"allow":["GET"]}}],"collection":[{"href":"https:\/\/staging.taski.com\/de\/wp-json\/wp\/v2\/product"}],"about":[{"href":"https:\/\/staging.taski.com\/de\/wp-json\/wp\/v2\/types\/product"}],"wp:featuredmedia":[{"embeddable":true,"href":"https:\/\/staging.taski.com\/de\/wp-json\/wp\/v2\/media\/4909"}],"wp:attachment":[{"href":"https:\/\/staging.taski.com\/de\/wp-json\/wp\/v2\/media?parent=7168"}],"wp:term":[{"taxonomy":"product_brand","embeddable":true,"href":"https:\/\/staging.taski.com\/de\/wp-json\/wp\/v2\/product_brand?post=7168"},{"taxonomy":"product_cat","embeddable":true,"href":"https:\/\/staging.taski.com\/de\/wp-json\/wp\/v2\/product_cat?post=7168"},{"taxonomy":"product_tag","embeddable":true,"href":"https:\/\/staging.taski.com\/de\/wp-json\/wp\/v2\/product_tag?post=7168"}],"curies":[{"name":"wp","href":"https:\/\/api.w.org\/{rel}","templated":true}]}}