{"id":7159,"date":"2021-01-25T14:12:07","date_gmt":"2021-01-25T14:12:07","guid":{"rendered":"https:\/\/taski.com\/product\/aero-bp-b-li-ion-b-plus\/"},"modified":"2021-01-25T14:12:07","modified_gmt":"2021-01-25T14:12:07","slug":"7524498-taski-aero-bp-b-li-ion-plus-2","status":"publish","type":"product","link":"https:\/\/staging.taski.com\/de\/produkt\/7524498-taski-aero-bp-b-li-ion-plus-2\/","title":{"rendered":"AERO BP B Li-Ion &amp; B Plus"},"content":{"rendered":"","protected":false},"excerpt":{"rendered":"<p>Leichte Staubsauger f\u00fcr Elektro- und Batterierucks\u00e4cke<\/p>\n<h3>Hauptmerkmale<\/h3>\n<p>Digital- und Li-Ion-Akku<br \/>\n3in1 Funktionen &#8211; Rucksack \/ Wanne Vac \/ Gebl\u00e4se<br \/>\nElektro-, Batterie- und Batterie-Plus-Modelle<\/p>\n<h3>Hauptvorteile<\/h3>\n<p>Superleicht bei weniger als 6 kg reduziert Erm\u00fcdung<br \/>\n3in1 &#8211; Rucksack + Wannensauger + Gebl\u00e4sefunktion in einem &#8211; ein gro\u00dfartiges Preis-Leistungs-Verh\u00e4ltnis<br \/>\nEinfache Umstellung auf Batteriewannenvakuum oder Option f\u00fcr TASKI Trolleys<br \/>\nSuperleichte und hochwertige Rucksackmaterialien f\u00fcr hervorragende Ergonomie<\/p>\n<p>Das Modell B Plus bietet Fernbedienung und eine Laufzeit von 60 Minuten.<\/p>\n","protected":false},"featured_media":0,"template":"","meta":{"_acf_changed":false,"_seopress_robots_primary_cat":"","_seopress_titles_title":"","_seopress_titles_desc":"","_seopress_robots_index":"","inline_featured_image":false},"product_brand":[],"product_cat":[17],"product_tag":[],"class_list":{"0":"post-7159","1":"product","2":"type-product","3":"status-publish","5":"product_cat-accessories","7":"first","8":"instock","9":"shipping-taxable","10":"purchasable","11":"product-type-simple"},"acf":[],"_links":{"self":[{"href":"https:\/\/staging.taski.com\/de\/wp-json\/wp\/v2\/product\/7159","targetHints":{"allow":["GET"]}}],"collection":[{"href":"https:\/\/staging.taski.com\/de\/wp-json\/wp\/v2\/product"}],"about":[{"href":"https:\/\/staging.taski.com\/de\/wp-json\/wp\/v2\/types\/product"}],"wp:attachment":[{"href":"https:\/\/staging.taski.com\/de\/wp-json\/wp\/v2\/media?parent=7159"}],"wp:term":[{"taxonomy":"product_brand","embeddable":true,"href":"https:\/\/staging.taski.com\/de\/wp-json\/wp\/v2\/product_brand?post=7159"},{"taxonomy":"product_cat","embeddable":true,"href":"https:\/\/staging.taski.com\/de\/wp-json\/wp\/v2\/product_cat?post=7159"},{"taxonomy":"product_tag","embeddable":true,"href":"https:\/\/staging.taski.com\/de\/wp-json\/wp\/v2\/product_tag?post=7159"}],"curies":[{"name":"wp","href":"https:\/\/api.w.org\/{rel}","templated":true}]}}