{"id":7148,"date":"2021-02-02T13:41:33","date_gmt":"2021-02-02T13:41:33","guid":{"rendered":"https:\/\/taski.com\/product\/jet-50\/"},"modified":"2021-12-13T08:54:49","modified_gmt":"2021-12-13T08:54:49","slug":"jet-50","status":"publish","type":"product","link":"https:\/\/staging.taski.com\/de\/produkt\/jet-50\/","title":{"rendered":"jet 50"},"content":{"rendered":"","protected":false},"excerpt":{"rendered":"<p>Leistungsstarke 50-cm-Doppelmotor-Staubsauger<\/p>\n<h3>Hauptmerkmale<\/h3>\n<p>Doppelmotoren f\u00fcr Leistung und Langlebigkeit<br \/>\n38cm oder 50cm Arbeitsbreite<br \/>\nWerkzeuge an Bord<\/p>\n<h3>Hauptvorteile<\/h3>\n<p>Zwei leistungsstarke Motoren f\u00fcr integrierte B\u00fcrste und Saugfunktion<br \/>\n38 oder 50 cm breite Arbeitsbreite f\u00fcr Produktivit\u00e4t und Beweglichkeit.<br \/>\nLanglebige Konstruktion f\u00fcr lange Lebensdauer und hohen ROI<br \/>\nBordwerkzeug und Verl\u00e4ngerungsschlauch f\u00fcr die Reinigung von R\u00e4ndern und hohen Bereichen.<\/p>\n","protected":false},"featured_media":4777,"template":"","meta":{"_acf_changed":false,"_seopress_robots_primary_cat":"","_seopress_titles_title":"","_seopress_titles_desc":"","_seopress_robots_index":"","inline_featured_image":false},"product_brand":[],"product_cat":[140,141],"product_tag":[],"class_list":{"0":"post-7148","1":"product","2":"type-product","3":"status-publish","4":"has-post-thumbnail","6":"product_cat-buerstsauger","7":"product_cat-staubsauger","9":"first","10":"instock","11":"shipping-taxable","12":"purchasable","13":"product-type-simple"},"acf":[],"_links":{"self":[{"href":"https:\/\/staging.taski.com\/de\/wp-json\/wp\/v2\/product\/7148","targetHints":{"allow":["GET"]}}],"collection":[{"href":"https:\/\/staging.taski.com\/de\/wp-json\/wp\/v2\/product"}],"about":[{"href":"https:\/\/staging.taski.com\/de\/wp-json\/wp\/v2\/types\/product"}],"wp:featuredmedia":[{"embeddable":true,"href":"https:\/\/staging.taski.com\/de\/wp-json\/wp\/v2\/media\/4777"}],"wp:attachment":[{"href":"https:\/\/staging.taski.com\/de\/wp-json\/wp\/v2\/media?parent=7148"}],"wp:term":[{"taxonomy":"product_brand","embeddable":true,"href":"https:\/\/staging.taski.com\/de\/wp-json\/wp\/v2\/product_brand?post=7148"},{"taxonomy":"product_cat","embeddable":true,"href":"https:\/\/staging.taski.com\/de\/wp-json\/wp\/v2\/product_cat?post=7148"},{"taxonomy":"product_tag","embeddable":true,"href":"https:\/\/staging.taski.com\/de\/wp-json\/wp\/v2\/product_tag?post=7148"}],"curies":[{"name":"wp","href":"https:\/\/api.w.org\/{rel}","templated":true}]}}