{"id":21222,"date":"2021-11-01T08:37:10","date_gmt":"2021-11-01T08:37:10","guid":{"rendered":"https:\/\/taski.com\/?post_type=product&#038;p=21222"},"modified":"2021-12-13T08:24:27","modified_gmt":"2021-12-13T08:24:27","slug":"taski-balimat-2300","status":"publish","type":"product","link":"https:\/\/staging.taski.com\/de\/produkt\/taski-balimat-2300\/","title":{"rendered":"balimat 2300"},"content":{"rendered":"<p>TASKI balimat 2300 Kompakte Kehrsaugmaschine f\u00fcr mittelgrosse Fl\u00e4chen<\/p>\n","protected":false},"excerpt":{"rendered":"<p>Robuste handgef\u00fchrte Kehrsaugmaschine f\u00fcr das t\u00e4gliche Kehren von mittleren Fl\u00e4chen inkl. 2 St\u00fcck Walzenb\u00fcrsten, 1 Seitenbesen<\/p>\n","protected":false},"featured_media":0,"template":"","meta":{"_acf_changed":false,"_seopress_robots_primary_cat":"","_seopress_titles_title":"","_seopress_titles_desc":"","_seopress_robots_index":"","inline_featured_image":false},"product_brand":[],"product_cat":[17],"product_tag":[],"class_list":{"0":"post-21222","1":"product","2":"type-product","3":"status-publish","5":"product_cat-accessories","7":"first","8":"instock","9":"shipping-taxable","10":"purchasable","11":"product-type-simple"},"acf":[],"_links":{"self":[{"href":"https:\/\/staging.taski.com\/de\/wp-json\/wp\/v2\/product\/21222","targetHints":{"allow":["GET"]}}],"collection":[{"href":"https:\/\/staging.taski.com\/de\/wp-json\/wp\/v2\/product"}],"about":[{"href":"https:\/\/staging.taski.com\/de\/wp-json\/wp\/v2\/types\/product"}],"wp:attachment":[{"href":"https:\/\/staging.taski.com\/de\/wp-json\/wp\/v2\/media?parent=21222"}],"wp:term":[{"taxonomy":"product_brand","embeddable":true,"href":"https:\/\/staging.taski.com\/de\/wp-json\/wp\/v2\/product_brand?post=21222"},{"taxonomy":"product_cat","embeddable":true,"href":"https:\/\/staging.taski.com\/de\/wp-json\/wp\/v2\/product_cat?post=21222"},{"taxonomy":"product_tag","embeddable":true,"href":"https:\/\/staging.taski.com\/de\/wp-json\/wp\/v2\/product_tag?post=21222"}],"curies":[{"name":"wp","href":"https:\/\/api.w.org\/{rel}","templated":true}]}}