{"id":7103,"date":"2020-12-05T13:16:40","date_gmt":"2020-12-05T13:16:40","guid":{"rendered":"https:\/\/taski.com\/warum-taski\/expert-advice\/elektronische-werkzeuge\/"},"modified":"2026-03-24T09:56:29","modified_gmt":"2026-03-24T09:56:29","slug":"elektronische-hilfsmittel","status":"publish","type":"page","link":"https:\/\/staging.taski.com\/de\/warum-taski\/expert-advice\/elektronische-hilfsmittel\/","title":{"rendered":"Elektronische Hilfsmittel"},"content":{"rendered":"<div class=\"wpb-content-wrapper\"><p>[vc_row][vc_column]\n  <div class=\"main-banner-block full-width content-video-no\" style=\"background-image:url(https:\/\/staging.taski.com\/wp-content\/uploads\/2020\/12\/electronic-tools-1.jpg);\">\n         <div class=\"main-banner-block-i\">\n      <div class=\"row\">\n       <div class=\"mbb-fl\">\n        <div class=\"main-banner-block-content\">\n            <h2>Elektronische Tools, mit denen Sie auf Knopfdruck zum Experten werden.<br \/>\n<strong>TASKI Selector \/ TASKI APP \/ IntelliTrail Analytics<\/strong><\/h2>\n            <div class=\"button-wrapper\">\n                        <\/div>\n        <\/div>\n               <\/div>\n      <\/div>\n\n\n    <\/div>\n  <\/div>\n  <div class=\"cl-fl\"><\/div>\n[\/vc_column][\/vc_row][vc_row][vc_column]\n  <div class=\"page-description-block style-dark\">\n    <div class=\"page-description-block-i\">\n      <div class=\"row\">\n        <div class=\"page-description-content\">\n          <\/div><\/div><\/div><\/div><\/p>\n<h2>Elektronische Hilfsmittel<\/h2>\n<p><span data-sheets-value=\"{\" data-sheets-userformat=\"{\" data-sheets-textstyleruns=\"[null,0,{\"><strong><img alt=\"\" loading=\"lazy\" decoding=\"async\" class=\"alignnone wp-image-1246\" src=\"https:\/\/taski.com\/wp-content\/uploads\/2020\/12\/fleet-management-300x204.jpg\" alt=\"\" width=\"500\" height=\"340\" \/><\/strong><\/span><\/p>\n<p><span data-sheets-value=\"{\" data-sheets-userformat=\"{\" data-sheets-textstyleruns=\"[null,0,{\"><strong>TASKI Online-Maschinenberater<\/strong><br \/>\nEin hochentwickeltes Modellierungswerkzeug zur Modellierung der perfekten Maschinenauswahl, mit dem sogar Ihre Gesamtreinigungskosten berechnet werden. Klicken Sie hier f\u00fcr den <a href=\"https:\/\/taski.com\/taski-maschinenberater\/?lang=de\"><strong>TASKI Online-Maschinenberater<\/strong>.<\/a><\/span><\/p>\n<p><strong><img alt=\"\" loading=\"lazy\" decoding=\"async\" class=\"alignnone wp-image-676\" src=\"https:\/\/taski.com\/wp-content\/uploads\/2020\/12\/electronic-tools-1-300x169.jpg\" alt=\"\" width=\"500\" height=\"282\" \/><\/strong><\/p>\n<p><strong>TASKI App<\/strong><br \/>\nGreifen Sie \u00fcber Ihr Telefon oder Tablet auf fast alles von TASKI zu. Klicken Sie hier, um die <strong><a href=\"https:\/\/taski.com\/taski-app\/?lang=de\"><span style=\"color: #ff6600;\"><span style=\"color: #ff9900;\">TASKI App<\/span><\/span><\/a> <\/strong>herunterzuladen.<\/p>\n<p><strong><img alt=\"\" loading=\"lazy\" decoding=\"async\" class=\"alignnone wp-image-520\" src=\"https:\/\/taski.com\/wp-content\/uploads\/2020\/12\/internet-of-clean-300x300.jpg\" alt=\"\" width=\"500\" height=\"500\" srcset=\"https:\/\/staging.taski.com\/wp-content\/uploads\/2020\/12\/internet-of-clean-300x300.jpg 300w, https:\/\/staging.taski.com\/wp-content\/uploads\/2020\/12\/internet-of-clean-100x100.jpg 100w, https:\/\/staging.taski.com\/wp-content\/uploads\/2020\/12\/internet-of-clean.jpg 600w\" sizes=\"auto, (max-width: 500px) 100vw, 500px\" \/><\/strong><\/p>\n<p><strong>TASKI IntelliTrail<\/strong><br \/>\nEin elektronisches Analysetool, das Sie zu einem Experten f\u00fcr Flottenmanagement macht. Klicken Sie hier f\u00fcr mehr Informationen \u00fcber<a href=\"https:\/\/taski.com\/intelligent-solution\/intellitrail-erweiterte-telemetrie-fuer-das-flottenmanagement\/?lang=de\"><strong> IntelliTrail.<\/strong><\/a><\/p>\n<p><strong><img alt=\"\" loading=\"lazy\" decoding=\"async\" class=\"alignnone wp-image-526\" src=\"https:\/\/taski.com\/wp-content\/uploads\/2020\/12\/taski-helps-300x300.jpg\" alt=\"\" width=\"500\" height=\"500\" srcset=\"https:\/\/staging.taski.com\/wp-content\/uploads\/2020\/12\/taski-helps-300x300.jpg 300w, https:\/\/staging.taski.com\/wp-content\/uploads\/2020\/12\/taski-helps-100x100.jpg 100w, https:\/\/staging.taski.com\/wp-content\/uploads\/2020\/12\/taski-helps.jpg 400w\" sizes=\"auto, (max-width: 500px) 100vw, 500px\" \/><\/strong><\/p>\n<p><a href=\"https:\/\/taski.com\/wp-content\/uploads\/2022\/07\/TASKI_Remote_Guidance_DE.pdf\"><strong>Remote Guidance<\/strong><\/a><br \/>\nWenn unsere Experten nicht pers\u00f6nlich vor Ort sein k\u00f6nnen, diagnostizieren und l\u00f6sen sie Probleme aus der Ferne &#8211; in Echtzeit.<\/p>\n        <\/div>\n      \n    \n  \n  <div class=\"cl-fl\"><\/div>\n[\/vc_column][\/vc_row][vc_row css=&#8220;.vc_custom_1607164076720{padding-top: 90px !important;padding-bottom: 190px !important;}&#8220;][vc_column][vc_column_text css=&#8220;.vc_custom_1608053090976{padding-bottom: 90px !important;}&#8220;]\n<h2 style=\"text-align: center;\">Downloads<\/h2>\n<p>[\/vc_column_text][vc_row_inner css=&#8220;.vc_custom_1607161003581{padding-bottom: 50px !important;}&#8220;][vc_column_inner width=&#8220;1\/3&#8243;]  <div class=\"feature-icon-w\">\n    <div class=\"feature-icon-i\">\n     <a href=\"https:\/\/taski.com\/wp-content\/uploads\/2022\/07\/TASKI_Remote_Guidance_DE.pdf\" target=\"_blank\">       <div class=\"feature-tbl\">\n        <div class=\"feature-cell image-cell\">\n          <img decoding=\"async\" class=\"aligncenter size-full\" alt=\"\" src=\"https:\/\/staging.taski.com\/wp-content\/uploads\/2020\/12\/icon-document.png\"\/>\n        <\/div>\n        <div class=\"feature-cell description-cell\">\n          <p>Brosch\u00fcre zu Remote Guidance<\/p>\n        <\/div>\n       <\/div>\n        <\/a>       <div class=\"cl-fl\"><\/div>\n    <\/div>\n  <\/div>\n[\/vc_column_inner][\/vc_row_inner][\/vc_column][\/vc_row][vc_row css=&#8220;.vc_custom_1607327415736{background-color: #fafafa !important;}&#8220;][vc_column]\n  <div class=\"three-cta-block\">\n    <div class=\"three-cta-block-i\">\n      <div class=\"row\">\n        <div class=\"three-cta-block-grid\">\n           <div class=\"three-cta-item\">\n            <div class=\"tci-i\">\n             <div class=\"tci-item-content\">\n                <h5><strong> Jetzt <\/strong><br \/>\nmehr erfahren!<\/h5>\n                <a href=\"\/produkte-innovationen-loesungen\/?lang=de\"><p>Produkte<br \/>\nund L\u00f6sungen<\/p><\/a>\n             <\/div>\n            <\/div>\n           <\/div>\n           <div class=\"three-cta-item\">\n            <div class=\"tci-i\">\n             <div class=\"tci-item-content\">\n                <h5><strong> Jetzt <\/strong><br \/>\nbestellen!<\/h5>\n                <a href=\"\/mein-taski-shop\/?lang=de\"><p>Zum<br \/>\nTASKI<br \/>\nShop<\/p><\/a>\n             <\/div>\n            <\/div>\n           <\/div>\n           <div class=\"three-cta-item\">\n            <div class=\"tci-i\">\n             <div class=\"tci-item-content\">\n                <h5><strong> Jetzt <\/strong><br \/>\nanfragen!<\/h5>\n                <a href=\"\/nachrichten-hilfe-kontakte\/kontakt\/?lang=de\"><p>Kontakt<\/p><\/a>\n             <\/div>\n            <\/div>\n           <\/div>\n        <\/div>\n      <\/div>\n    <\/div>\n  <\/div>\n  <div class=\"cl-fl\"><\/div>\n[\/vc_column][\/vc_row]<\/p>\n","protected":false},"excerpt":{"rendered":"<p>Elektronische Werkzeuge, mit denen Sie auf Knopfdruck Ihr eigener Experte sein k\u00f6nnen.<br \/>\nTASKI Selector \/ TASKI APP \/ IntelliTrail Analytics \/ Fernsteuerung<\/p>\n","protected":false},"author":1,"featured_media":4746,"parent":6721,"menu_order":664,"comment_status":"closed","ping_status":"closed","template":"","meta":{"_acf_changed":false,"_seopress_robots_primary_cat":"","_seopress_titles_title":"","_seopress_titles_desc":"","_seopress_robots_index":"","inline_featured_image":false,"footnotes":""},"class_list":["post-7103","page","type-page","status-publish","has-post-thumbnail","hentry"],"acf":[],"_links":{"self":[{"href":"https:\/\/staging.taski.com\/de\/wp-json\/wp\/v2\/pages\/7103","targetHints":{"allow":["GET"]}}],"collection":[{"href":"https:\/\/staging.taski.com\/de\/wp-json\/wp\/v2\/pages"}],"about":[{"href":"https:\/\/staging.taski.com\/de\/wp-json\/wp\/v2\/types\/page"}],"author":[{"embeddable":true,"href":"https:\/\/staging.taski.com\/de\/wp-json\/wp\/v2\/users\/1"}],"replies":[{"embeddable":true,"href":"https:\/\/staging.taski.com\/de\/wp-json\/wp\/v2\/comments?post=7103"}],"version-history":[{"count":2,"href":"https:\/\/staging.taski.com\/de\/wp-json\/wp\/v2\/pages\/7103\/revisions"}],"predecessor-version":[{"id":56152,"href":"https:\/\/staging.taski.com\/de\/wp-json\/wp\/v2\/pages\/7103\/revisions\/56152"}],"up":[{"embeddable":true,"href":"https:\/\/staging.taski.com\/de\/wp-json\/wp\/v2\/pages\/6721"}],"wp:featuredmedia":[{"embeddable":true,"href":"https:\/\/staging.taski.com\/de\/wp-json\/wp\/v2\/media\/4746"}],"wp:attachment":[{"href":"https:\/\/staging.taski.com\/de\/wp-json\/wp\/v2\/media?parent=7103"}],"curies":[{"name":"wp","href":"https:\/\/api.w.org\/{rel}","templated":true}]}}