{"id":7092,"date":"2020-12-05T13:17:25","date_gmt":"2020-12-05T13:17:25","guid":{"rendered":"https:\/\/taski.com\/warum-taski\/expert-advice\/aktuelle-trends-best-practice\/"},"modified":"2026-03-24T09:53:19","modified_gmt":"2026-03-24T09:53:19","slug":"aktuelle-trends-best-practice","status":"publish","type":"page","link":"https:\/\/staging.taski.com\/de\/warum-taski\/expert-advice\/aktuelle-trends-best-practice\/","title":{"rendered":"Aktuelle Trends &#038; Best Practice"},"content":{"rendered":"<div class=\"wpb-content-wrapper\"><p>[vc_row][vc_column]\n  <div class=\"main-banner-block full-width content-video-no\" style=\"background-image:url(https:\/\/staging.taski.com\/wp-content\/uploads\/2020\/12\/current-trends.jpg);\">\n         <div class=\"main-banner-block-i\">\n      <div class=\"row\">\n       <div class=\"mbb-fl\">\n        <div class=\"main-banner-block-content\">\n            <h2>Erfahren Sie mehr \u00fcber bew\u00e4hrte Verfahren und neue Trends. Fachkundige Beratung zur Reinigung oder Umsetzung von Hygienestandards<\/h2>\n            <div class=\"button-wrapper\">\n                        <\/div>\n        <\/div>\n               <\/div>\n      <\/div>\n\n\n    <\/div>\n  <\/div>\n  <div class=\"cl-fl\"><\/div>\n[\/vc_column][\/vc_row][vc_row][vc_column]\n  <div class=\"page-description-block style-dark\">\n    <div class=\"page-description-block-i\">\n      <div class=\"row\">\n        <div class=\"page-description-content\">\n          <\/div><\/div><\/div><\/div><\/p>\n<h2>Aktuelle Trends &amp; Best Practice<\/h2>\n<h3>Megatrends:<\/h3>\n<p>&nbsp;<\/p>\n<p>&nbsp;<\/p>\n<p><strong><img alt=\"\" loading=\"lazy\" decoding=\"async\" class=\"alignnone wp-image-1766\" src=\"https:\/\/taski.com\/wp-content\/uploads\/2020\/12\/85288_Reduced-cost.jpg\" alt=\"\" width=\"500\" height=\"500\" srcset=\"https:\/\/staging.taski.com\/wp-content\/uploads\/2020\/12\/85288_Reduced-cost.jpg 294w, https:\/\/staging.taski.com\/wp-content\/uploads\/2020\/12\/85288_Reduced-cost-100x100.jpg 100w\" sizes=\"auto, (max-width: 500px) 100vw, 500px\" \/><\/strong><\/p>\n<p><strong>Betriebskosten senken<\/strong><br \/>\nUm die Reinigungskosten zu senken, durchlaufen Reinigungsprozesse derzeit einen Wandel. Neue Vertr\u00e4ge sehen h\u00e4ufig eine Kostenteilung mit dem Endkunden vor. Das Know-how und die Innovationen von TASKI sind darauf ausgelegt, erhebliche und messbare Einsparungen zu erzielen<\/p>\n<p><strong><img alt=\"\" loading=\"lazy\" decoding=\"async\" class=\"alignnone wp-image-1891\" src=\"https:\/\/taski.com\/wp-content\/uploads\/2020\/12\/85288_Results.jpg\" alt=\"\" width=\"500\" height=\"500\" srcset=\"https:\/\/staging.taski.com\/wp-content\/uploads\/2020\/12\/85288_Results.jpg 296w, https:\/\/staging.taski.com\/wp-content\/uploads\/2020\/12\/85288_Results-100x100.jpg 100w\" sizes=\"auto, (max-width: 500px) 100vw, 500px\" \/><\/strong><\/p>\n<p><strong>Ergebnisorientierte Reinigung<\/strong><br \/>\nIn der Branche vollzieht sich ein Wandel hin zu einer flexibleren punktuellen Reinigung oder einer weniger h\u00e4ufigen Reinigung, da Geb\u00e4ude weniger oder anders genutzt werden. TASKIs Fachwissen und Innovationen wie IntelliTrail und SmartView bieten die Werkzeuge, um Sie bei diesem Wandel zu unterst\u00fctzen.<\/p>\n<p><strong><img alt=\"\" loading=\"lazy\" decoding=\"async\" class=\"alignnone wp-image-975\" src=\"https:\/\/taski.com\/wp-content\/uploads\/2020\/12\/FOODSERVICE_5_SWINGO-1-1-1-300x194.jpg\" alt=\"\" width=\"500\" height=\"324\" \/><\/strong><\/p>\n<p><strong>Mechanisierung der Reinigung<\/strong><br \/>\nMechanisierung ist f\u00fcr jeden sinnvoll. Aber selbst die kleinsten Maschinen m\u00fcssen immer noch die Einfachheit, den Komfort und die Beweglichkeit des Wischens bieten. TASKIs Sortiment an Lithium-Batterie-betriebenen Scheuersaugmaschinen bedeutet, dass jetzt jeder vom Wischen wegkommen kann.<\/p>\n<p><strong><img alt=\"\" loading=\"lazy\" decoding=\"async\" class=\"alignnone wp-image-53019 size-full\" src=\"https:\/\/staging.taski.com\/wp-content\/uploads\/2025\/05\/TASKI_ECOBOT-07958-1-1-1.png\" alt=\"\" width=\"300\" height=\"300\" srcset=\"https:\/\/staging.taski.com\/wp-content\/uploads\/2025\/05\/TASKI_ECOBOT-07958-1-1-1.png 300w, https:\/\/staging.taski.com\/wp-content\/uploads\/2025\/05\/TASKI_ECOBOT-07958-1-1-1-150x150.png 150w, https:\/\/staging.taski.com\/wp-content\/uploads\/2025\/05\/TASKI_ECOBOT-07958-1-1-1-100x100.png 100w\" sizes=\"auto, (max-width: 300px) 100vw, 300px\" \/><\/strong><\/p>\n<p><strong>Automatisierte Reinigung<\/strong><br \/>\nDie Verknappung und Verteuerung von Arbeitskr\u00e4ften sowie die Alterung der Bev\u00f6lkerung sind die Hauptgr\u00fcnde f\u00fcr die Automatisierung in der Zukunft. Die Automatisierung wird auch das gesamte Industriemodell beeinflussen. TASKI hat diese Revolution in der Reinigungsbranche angef\u00fchrt.<\/p>\n<p>Die neuesten Nachrichten finden Sie auf unserer<strong> <a href=\"https:\/\/taski.com\/nachrichten-hilfe-kontakte\/?lang=de\">Nachrichten-, Kontakt- und Hilfeseite.<\/a><\/strong><\/p>\n        <\/div>\n      \n    \n  \n  <div class=\"cl-fl\"><\/div>\n[\/vc_column][\/vc_row][vc_row css=&#8220;.vc_custom_1607164076720{padding-top: 90px !important;padding-bottom: 190px !important;}&#8220;][vc_column][vc_column_text css=&#8220;.vc_custom_1608052975519{padding-bottom: 90px !important;}&#8220;]\n<h2 style=\"text-align: center;\">Downloads<\/h2>\n<p>[\/vc_column_text][vc_row_inner css=&#8220;.vc_custom_1607161003581{padding-bottom: 50px !important;}&#8220;][vc_column_inner width=&#8220;1\/3&#8243;]  <div class=\"feature-icon-w\">\n    <div class=\"feature-icon-i\">\n     <a href=\"https:\/\/taski.com\/wp-content\/uploads\/2022\/06\/Reinigungsmaschinen-COVID-19-Leitfaden-fuer-Reinigung-Desinfektion.pdf\" target=\"_blank\">       <div class=\"feature-tbl\">\n        <div class=\"feature-cell image-cell\">\n          <img decoding=\"async\" class=\"aligncenter size-full\" alt=\"\" src=\"https:\/\/staging.taski.com\/wp-content\/uploads\/2020\/12\/icon-document.png\"\/>\n        <\/div>\n        <div class=\"feature-cell description-cell\">\n          <p>Reinigungsmaschinen &amp; COVID 19 - Leitfaden f\u00fcr die Reinigung und Desinfektion<\/p>\n        <\/div>\n       <\/div>\n        <\/a>       <div class=\"cl-fl\"><\/div>\n    <\/div>\n  <\/div>\n[\/vc_column_inner][vc_column_inner width=&#8220;1\/3&#8243;]  <div class=\"feature-icon-w\">\n    <div class=\"feature-icon-i\">\n     <a href=\"https:\/\/taski.com\/wp-content\/uploads\/2020\/12\/Cleaning-Machine-Cleaning-Disinfection-Infographic.pdf\" target=\"_blank\">       <div class=\"feature-tbl\">\n        <div class=\"feature-cell image-cell\">\n          <img decoding=\"async\" class=\"aligncenter size-full\" alt=\"\" src=\"https:\/\/staging.taski.com\/wp-content\/uploads\/2020\/12\/icon-document.png\"\/>\n        <\/div>\n        <div class=\"feature-cell description-cell\">\n          <p>Reinigungsmaschinen &amp; COVID 19 - Infografik zur Reinigung &amp; Desinfektion<\/p>\n        <\/div>\n       <\/div>\n        <\/a>       <div class=\"cl-fl\"><\/div>\n    <\/div>\n  <\/div>\n[\/vc_column_inner][vc_column_inner width=&#8220;1\/3&#8243;]  <div class=\"feature-icon-w\">\n    <div class=\"feature-icon-i\">\n     <a href=\"https:\/\/taski.com\/wp-content\/uploads\/2020\/12\/Vacuum-COVID-19-Cleaning-Disinfection-Guide.pdf\" target=\"_blank\">       <div class=\"feature-tbl\">\n        <div class=\"feature-cell image-cell\">\n          <img decoding=\"async\" class=\"aligncenter size-full\" alt=\"\" src=\"https:\/\/staging.taski.com\/wp-content\/uploads\/2020\/12\/icon-document.png\"\/>\n        <\/div>\n        <div class=\"feature-cell description-cell\">\n          <p>Staubsauger &amp; COVID 19 - Leitfaden f\u00fcr Reinigung und Desinfektion<\/p>\n        <\/div>\n       <\/div>\n        <\/a>       <div class=\"cl-fl\"><\/div>\n    <\/div>\n  <\/div>\n[\/vc_column_inner][\/vc_row_inner][vc_row_inner][vc_column_inner width=&#8220;1\/3&#8243;]  <div class=\"feature-icon-w\">\n    <div class=\"feature-icon-i\">\n     <a href=\"https:\/\/taski.com\/wp-content\/uploads\/2020\/12\/Vacuum-COVID-19-Cleaning-Disinfection-Infographic.pdf\" target=\"_blank\">       <div class=\"feature-tbl\">\n        <div class=\"feature-cell image-cell\">\n          <img decoding=\"async\" class=\"aligncenter size-full\" alt=\"\" src=\"https:\/\/staging.taski.com\/wp-content\/uploads\/2020\/12\/icon-document.png\"\/>\n        <\/div>\n        <div class=\"feature-cell description-cell\">\n          <p>Staubsauger &amp; COVID 19 - Infografik zur Reinigung und Desinfektion<\/p>\n        <\/div>\n       <\/div>\n        <\/a>       <div class=\"cl-fl\"><\/div>\n    <\/div>\n  <\/div>\n[\/vc_column_inner][vc_column_inner width=&#8220;1\/3&#8243;]  <div class=\"feature-icon-w\">\n    <div class=\"feature-icon-i\">\n     <a href=\"https:\/\/taski.com\/wp-content\/uploads\/2020\/12\/AERO-Vacuum-IAQ-Whitepaper.pdf\" target=\"_blank\">       <div class=\"feature-tbl\">\n        <div class=\"feature-cell image-cell\">\n          <img decoding=\"async\" class=\"aligncenter size-full\" alt=\"\" src=\"https:\/\/staging.taski.com\/wp-content\/uploads\/2020\/12\/icon-document.png\"\/>\n        <\/div>\n        <div class=\"feature-cell description-cell\">\n          <p>Informationsblatt zur Raumluftqualit\u00e4t mit Staubsauger<\/p>\n        <\/div>\n       <\/div>\n        <\/a>       <div class=\"cl-fl\"><\/div>\n    <\/div>\n  <\/div>\n[\/vc_column_inner][vc_column_inner width=&#8220;1\/3&#8243;]  <div class=\"feature-icon-w\">\n    <div class=\"feature-icon-i\">\n     <a href=\"https:\/\/taski.com\/wp-content\/uploads\/2020\/12\/AERO-Vacuum-Energy-Whitepaper.pdf\" target=\"_blank\">       <div class=\"feature-tbl\">\n        <div class=\"feature-cell image-cell\">\n          <img decoding=\"async\" class=\"aligncenter size-full\" alt=\"\" src=\"https:\/\/staging.taski.com\/wp-content\/uploads\/2020\/12\/icon-document.png\"\/>\n        <\/div>\n        <div class=\"feature-cell description-cell\">\n          <p>Informationsblatt zur Energieeinsparung beim Staubsaugen<\/p>\n        <\/div>\n       <\/div>\n        <\/a>       <div class=\"cl-fl\"><\/div>\n    <\/div>\n  <\/div>\n[\/vc_column_inner][\/vc_row_inner][vc_row_inner][vc_column_inner width=&#8220;1\/3&#8243;]  <div class=\"feature-icon-w\">\n    <div class=\"feature-icon-i\">\n     <a href=\"https:\/\/taski.com\/wp-content\/uploads\/2020\/12\/AERO-Vacuum-Day-Time-Cleaning-Whitepaper.pdf\" target=\"_blank\">       <div class=\"feature-tbl\">\n        <div class=\"feature-cell image-cell\">\n          <img decoding=\"async\" class=\"aligncenter size-full\" alt=\"\" src=\"https:\/\/staging.taski.com\/wp-content\/uploads\/2020\/12\/icon-document.png\"\/>\n        <\/div>\n        <div class=\"feature-cell description-cell\">\n          <p>Informationsblatt zur Tagesreinigung mit dem Staubsauger<\/p>\n        <\/div>\n       <\/div>\n        <\/a>       <div class=\"cl-fl\"><\/div>\n    <\/div>\n  <\/div>\n[\/vc_column_inner][vc_column_inner width=&#8220;1\/3&#8243;]  <div class=\"feature-icon-w\">\n    <div class=\"feature-icon-i\">\n     <a href=\"https:\/\/taski.com\/wp-content\/uploads\/2021\/04\/Back-to-work_Reopening.pdf\" target=\"_blank\">       <div class=\"feature-tbl\">\n        <div class=\"feature-cell image-cell\">\n          <img decoding=\"async\" class=\"aligncenter size-full\" alt=\"\" src=\"https:\/\/staging.taski.com\/wp-content\/uploads\/2020\/12\/icon-document.png\"\/>\n        <\/div>\n        <div class=\"feature-cell description-cell\">\n          <p>Zur\u00fcck ins B\u00fcro? Wir sind weiterhin f\u00fcr Sie da<\/p>\n        <\/div>\n       <\/div>\n        <\/a>       <div class=\"cl-fl\"><\/div>\n    <\/div>\n  <\/div>\n[\/vc_column_inner][vc_column_inner width=&#8220;1\/3&#8243;][\/vc_column_inner][\/vc_row_inner][\/vc_column][\/vc_row][vc_row css=&#8220;.vc_custom_1607327415736{background-color: #fafafa !important;}&#8220;][vc_column]\n  <div class=\"three-cta-block\">\n    <div class=\"three-cta-block-i\">\n      <div class=\"row\">\n        <div class=\"three-cta-block-grid\">\n           <div class=\"three-cta-item\">\n            <div class=\"tci-i\">\n             <div class=\"tci-item-content\">\n                <h5><strong> Jetzt <\/strong><br \/>\nmehr erfahren!<\/h5>\n                <a href=\"\/produkte-innovationen-loesungen\/?lang=de\"><p>Produkte<br \/>\nund L\u00f6sungen<\/p><\/a>\n             <\/div>\n            <\/div>\n           <\/div>\n           <div class=\"three-cta-item\">\n            <div class=\"tci-i\">\n             <div class=\"tci-item-content\">\n                <h5><strong> Jetzt <\/strong><br \/>\nbestellen!<\/h5>\n                <a href=\"\/mein-taski-shop\/?lang=de\"><p>Zum<br \/>\nTASKI<br \/>\nShop<\/p><\/a>\n             <\/div>\n            <\/div>\n           <\/div>\n           <div class=\"three-cta-item\">\n            <div class=\"tci-i\">\n             <div class=\"tci-item-content\">\n                <h5><strong> Jetzt <\/strong><br \/>\nanfragen!<\/h5>\n                <a href=\"\/nachrichten-hilfe-kontakte\/kontakt\/?lang=de\"><p>Kontakt<\/p><\/a>\n             <\/div>\n            <\/div>\n           <\/div>\n        <\/div>\n      <\/div>\n    <\/div>\n  <\/div>\n  <div class=\"cl-fl\"><\/div>\n[\/vc_column][\/vc_row]<\/p>\n","protected":false},"excerpt":{"rendered":"<p>TASKI und Diversey zusammen sind in der Branche als die Beh\u00f6rden f\u00fcr hervorragende Reinigungs- und Hygieneleistungen bekannt. Bei TASKI sind unsere Experten immer f\u00fcr Sie da.<\/p>\n","protected":false},"author":1,"featured_media":4744,"parent":6721,"menu_order":669,"comment_status":"closed","ping_status":"closed","template":"","meta":{"_acf_changed":false,"_seopress_robots_primary_cat":"","_seopress_titles_title":"","_seopress_titles_desc":"","_seopress_robots_index":"","inline_featured_image":false,"footnotes":""},"class_list":["post-7092","page","type-page","status-publish","has-post-thumbnail","hentry"],"acf":[],"_links":{"self":[{"href":"https:\/\/staging.taski.com\/de\/wp-json\/wp\/v2\/pages\/7092","targetHints":{"allow":["GET"]}}],"collection":[{"href":"https:\/\/staging.taski.com\/de\/wp-json\/wp\/v2\/pages"}],"about":[{"href":"https:\/\/staging.taski.com\/de\/wp-json\/wp\/v2\/types\/page"}],"author":[{"embeddable":true,"href":"https:\/\/staging.taski.com\/de\/wp-json\/wp\/v2\/users\/1"}],"replies":[{"embeddable":true,"href":"https:\/\/staging.taski.com\/de\/wp-json\/wp\/v2\/comments?post=7092"}],"version-history":[{"count":3,"href":"https:\/\/staging.taski.com\/de\/wp-json\/wp\/v2\/pages\/7092\/revisions"}],"predecessor-version":[{"id":56151,"href":"https:\/\/staging.taski.com\/de\/wp-json\/wp\/v2\/pages\/7092\/revisions\/56151"}],"up":[{"embeddable":true,"href":"https:\/\/staging.taski.com\/de\/wp-json\/wp\/v2\/pages\/6721"}],"wp:featuredmedia":[{"embeddable":true,"href":"https:\/\/staging.taski.com\/de\/wp-json\/wp\/v2\/media\/4744"}],"wp:attachment":[{"href":"https:\/\/staging.taski.com\/de\/wp-json\/wp\/v2\/media?parent=7092"}],"curies":[{"name":"wp","href":"https:\/\/api.w.org\/{rel}","templated":true}]}}