{"id":7084,"date":"2020-12-05T13:17:51","date_gmt":"2020-12-05T13:17:51","guid":{"rendered":"https:\/\/taski.com\/warum-taski\/expert-advice\/mechanische-reinigung\/"},"modified":"2026-03-24T10:02:21","modified_gmt":"2026-03-24T10:02:21","slug":"maschinelle-reinigung","status":"publish","type":"page","link":"https:\/\/staging.taski.com\/de\/warum-taski\/expert-advice\/maschinelle-reinigung\/","title":{"rendered":"Maschinelle Reinigung"},"content":{"rendered":"<div class=\"wpb-content-wrapper\"><p>[vc_row][vc_column]\n  <div class=\"main-banner-block full-width content-video-no\" style=\"background-image:url(https:\/\/staging.taski.com\/wp-content\/uploads\/2020\/12\/FOODSERVICE_5_SWINGO-1-1-1.jpg);\">\n         <div class=\"main-banner-block-i\">\n      <div class=\"row\">\n       <div class=\"mbb-fl\">\n        <div class=\"main-banner-block-content\">\n            <h2>Wo stehen Sie in der Evolution der Reinigung?<br \/>\nHier sind die wichtigsten Gr\u00fcnde, warum Maschinen so viel besser reinigen als Mopps.<\/h2>\n            <div class=\"button-wrapper\">\n                        <\/div>\n        <\/div>\n               <\/div>\n      <\/div>\n\n\n    <\/div>\n  <\/div>\n  <div class=\"cl-fl\"><\/div>\n[\/vc_column][\/vc_row][vc_row][vc_column]\n  <div class=\"page-description-block style-dark\">\n    <div class=\"page-description-block-i\">\n      <div class=\"row\">\n        <div class=\"page-description-content\">\n          <\/div><\/div><\/div><\/div><\/p>\n<h2>Maschinelle Reinigung<\/h2>\n<p>F\u00fcr alle, die das ULTIMATIVE Reinigungsergebnis w\u00fcnschen \u2013 im Vergleich zum Wischen ist die maschinelle Reinigung in jeder Hinsicht \u00fcberlegen, wenn es darum geht,<strong> hervorragende Reinigungsergebnisse zu erzielen.<\/strong><\/p>\n<p>&nbsp;<\/p>\n<p>\u2713 Zeitersparnis\u2013 Sie ben\u00f6tigen weniger wertvolle Reinigungszeit, sodass Sie sich auf weitere Aufgaben konzentrieren k\u00f6nnen.<\/p>\n<p><img alt=\"\" loading=\"lazy\" decoding=\"async\" class=\"alignnone wp-image-2990\" src=\"https:\/\/taski.com\/wp-content\/uploads\/2021\/01\/More-productive-image-300x96.png\" alt=\"\" width=\"701\" height=\"224\" \/><\/p>\n<p>\u2713Hervorragendes Reinigungsergebnis \u2013 Die Maschinen reinigen mit 10-mal mehr Druck, erzielen ein besseres Ergebnis, arbeiten schneller und hinterlassen deutlich trockenere B\u00f6den. Und das alles in einem automatisierten Arbeitsgang.<\/p>\n<p><img alt=\"\" loading=\"lazy\" decoding=\"async\" class=\"alignnone wp-image-2988\" src=\"https:\/\/taski.com\/wp-content\/uploads\/2021\/01\/Cleaner-floors-image-300x97.png\" alt=\"\" width=\"699\" height=\"226\" \/><\/p>\n<p>\u2713Sicherer \u2013 Maschinen machen Ihr Arbeitsumfeld sicherer. Maschinen entfernen 65 % mehr Wasser als Nasswischen. Trockene B\u00f6den = mehr Sicherheit<\/p>\n<p><img alt=\"\" loading=\"lazy\" decoding=\"async\" class=\"alignnone wp-image-2989\" src=\"https:\/\/taski.com\/wp-content\/uploads\/2021\/01\/Safer-Floors-image-300x99.png\" alt=\"\" width=\"700\" height=\"231\" \/><\/p>\n<p>\u2713 Hygienisch &#8211; Maschinen machen Ihre Arbeitsumgebung hygienischer. Maschinen <strong>entfernen 5 x mehr Verschmutzungen. Weniger Verschmutzung = weniger Keime.<\/strong><\/p>\n<p>\u2713 Besser f\u00fcr Ihr Personal &#8211; Maschinen sind <strong>ergonomischer und weniger erm\u00fcdend<\/strong> f\u00fcr die Mitarbeiter. Sie k\u00f6nnen sogar w\u00e4hrend der Reinigung fahren!<\/p>\n<p>\u2713 Geringere Kosten und weniger Abfall &#8211; Maschinen <strong>verbrauchen weniger Wasser und weniger Chemikalien. Sicherer + weniger Kosten = einfach viel besser!<\/strong><\/p>\n        <\/div>\n      \n    \n  \n  <div class=\"cl-fl\"><\/div>\n[\/vc_column][\/vc_row][vc_row css=&#8220;.vc_custom_1607164076720{padding-top: 90px !important;padding-bottom: 190px !important;}&#8220;][vc_column][vc_column_text css=&#8220;.vc_custom_1608052861471{padding-bottom: 90px !important;}&#8220;]\n<h2 style=\"text-align: center;\">Downloads<\/h2>\n<p>[\/vc_column_text][vc_row_inner css=&#8220;.vc_custom_1607161003581{padding-bottom: 50px !important;}&#8220;][vc_column_inner width=&#8220;1\/3&#8243;]  <div class=\"feature-icon-w\">\n    <div class=\"feature-icon-i\">\n     <a href=\"https:\/\/taski.com\/wp-content\/uploads\/2020\/12\/Machanical-Cleaning-Brochure.pdf\" target=\"_blank\">       <div class=\"feature-tbl\">\n        <div class=\"feature-cell image-cell\">\n          <img decoding=\"async\" class=\"aligncenter size-full\" alt=\"\" src=\"https:\/\/staging.taski.com\/wp-content\/uploads\/2020\/12\/icon-document.png\"\/>\n        <\/div>\n        <div class=\"feature-cell description-cell\">\n          <p>Brosch\u00fcre zur maschinellen Reinigung<\/p>\n        <\/div>\n       <\/div>\n        <\/a>       <div class=\"cl-fl\"><\/div>\n    <\/div>\n  <\/div>\n[\/vc_column_inner][vc_column_inner width=&#8220;1\/3&#8243;]  <div class=\"feature-icon-w\">\n    <div class=\"feature-icon-i\">\n     <a href=\"https:\/\/taski.com\/wp-content\/uploads\/2020\/12\/Day-Time-Cleaning-Brochure-.pdf\" target=\"_blank\">       <div class=\"feature-tbl\">\n        <div class=\"feature-cell image-cell\">\n          <img decoding=\"async\" class=\"aligncenter size-full\" alt=\"\" src=\"https:\/\/staging.taski.com\/wp-content\/uploads\/2020\/12\/icon-document.png\"\/>\n        <\/div>\n        <div class=\"feature-cell description-cell\">\n          <p>Brosch\u00fcre zur allt\u00e4glichen Reinigung<\/p>\n        <\/div>\n       <\/div>\n        <\/a>       <div class=\"cl-fl\"><\/div>\n    <\/div>\n  <\/div>\n[\/vc_column_inner][\/vc_row_inner][\/vc_column][\/vc_row][vc_row css=&#8220;.vc_custom_1607327415736{background-color: #fafafa !important;}&#8220;][vc_column]\n  <div class=\"three-cta-block\">\n    <div class=\"three-cta-block-i\">\n      <div class=\"row\">\n        <div class=\"three-cta-block-grid\">\n           <div class=\"three-cta-item\">\n            <div class=\"tci-i\">\n             <div class=\"tci-item-content\">\n                <h5><strong> Jetzt <\/strong><br \/>\nmehr erfahren!<\/h5>\n                <a href=\"\/produkte-innovationen-loesungen\/?lang=de\"><p>Produkte<br \/>\nund L\u00f6sungen<\/p><\/a>\n             <\/div>\n            <\/div>\n           <\/div>\n           <div class=\"three-cta-item\">\n            <div class=\"tci-i\">\n             <div class=\"tci-item-content\">\n                <h5><strong> Jetzt <\/strong><br \/>\nbestellen!<\/h5>\n                <a href=\"\/mein-taski-shop\/?lang=de\"><p>Zum<br \/>\nTASKI<br \/>\nShop<\/p><\/a>\n             <\/div>\n            <\/div>\n           <\/div>\n           <div class=\"three-cta-item\">\n            <div class=\"tci-i\">\n             <div class=\"tci-item-content\">\n                <h5><strong> Jetzt <\/strong><br \/>\nanfragen!<\/h5>\n                <a href=\"\/nachrichten-hilfe-kontakte\/kontakt\/?lang=de\"><p>Kontakt<\/p><\/a>\n             <\/div>\n            <\/div>\n           <\/div>\n        <\/div>\n      <\/div>\n    <\/div>\n  <\/div>\n  <div class=\"cl-fl\"><\/div>\n[\/vc_column][\/vc_row]<\/p>\n","protected":false},"excerpt":{"rendered":"<p>Wo befinden Sie sich in der Entwicklung der Reinigung?<br \/>\nHier sind die wichtigsten Gr\u00fcnde, warum Maschinen so viel besser sind als Wischen &#8230;<\/p>\n","protected":false},"author":1,"featured_media":4898,"parent":6721,"menu_order":679,"comment_status":"closed","ping_status":"closed","template":"","meta":{"_acf_changed":false,"_seopress_robots_primary_cat":"","_seopress_titles_title":"","_seopress_titles_desc":"","_seopress_robots_index":"","inline_featured_image":false,"footnotes":""},"class_list":["post-7084","page","type-page","status-publish","has-post-thumbnail","hentry"],"acf":[],"_links":{"self":[{"href":"https:\/\/staging.taski.com\/de\/wp-json\/wp\/v2\/pages\/7084","targetHints":{"allow":["GET"]}}],"collection":[{"href":"https:\/\/staging.taski.com\/de\/wp-json\/wp\/v2\/pages"}],"about":[{"href":"https:\/\/staging.taski.com\/de\/wp-json\/wp\/v2\/types\/page"}],"author":[{"embeddable":true,"href":"https:\/\/staging.taski.com\/de\/wp-json\/wp\/v2\/users\/1"}],"replies":[{"embeddable":true,"href":"https:\/\/staging.taski.com\/de\/wp-json\/wp\/v2\/comments?post=7084"}],"version-history":[{"count":2,"href":"https:\/\/staging.taski.com\/de\/wp-json\/wp\/v2\/pages\/7084\/revisions"}],"predecessor-version":[{"id":56154,"href":"https:\/\/staging.taski.com\/de\/wp-json\/wp\/v2\/pages\/7084\/revisions\/56154"}],"up":[{"embeddable":true,"href":"https:\/\/staging.taski.com\/de\/wp-json\/wp\/v2\/pages\/6721"}],"wp:featuredmedia":[{"embeddable":true,"href":"https:\/\/staging.taski.com\/de\/wp-json\/wp\/v2\/media\/4898"}],"wp:attachment":[{"href":"https:\/\/staging.taski.com\/de\/wp-json\/wp\/v2\/media?parent=7084"}],"curies":[{"name":"wp","href":"https:\/\/api.w.org\/{rel}","templated":true}]}}