{"id":7073,"date":"2020-12-05T13:19:51","date_gmt":"2020-12-05T13:19:51","guid":{"rendered":"https:\/\/taski.com\/warum-taski\/expert-advice\/bodenpflege-expertise\/"},"modified":"2026-03-24T10:07:12","modified_gmt":"2026-03-24T10:07:12","slug":"bodenpflege-expertise","status":"publish","type":"page","link":"https:\/\/staging.taski.com\/de\/warum-taski\/expert-advice\/bodenpflege-expertise\/","title":{"rendered":"Expertise f\u00fcr Bodenpflege"},"content":{"rendered":"<div class=\"wpb-content-wrapper\"><p>[vc_row][vc_column]\n  <div class=\"main-banner-block full-width content-video-no\" style=\"background-image:url(https:\/\/staging.taski.com\/wp-content\/uploads\/2020\/12\/virtual-floor-care-expert-1.jpg);\">\n         <div class=\"main-banner-block-i\">\n      <div class=\"row\">\n       <div class=\"mbb-fl\">\n        <div class=\"main-banner-block-content\">\n            <h2>Beim Kauf einer TASKI Maschine stellen wir Ihnen kostenlos einen beratenden Experten f\u00fcr Ihre Bodenreinigung zur Seite!<br \/>\n<\/h2>\n            <div class=\"button-wrapper\">\n                        <\/div>\n        <\/div>\n               <\/div>\n      <\/div>\n\n\n    <\/div>\n  <\/div>\n  <div class=\"cl-fl\"><\/div>\n[\/vc_column][\/vc_row][vc_row][vc_column]\n  <div class=\"page-description-block style-dark\">\n    <div class=\"page-description-block-i\">\n      <div class=\"row\">\n        <div class=\"page-description-content\">\n          <\/div><\/div><\/div><\/div><\/p>\n<h2>Ihr virtueller Experte f\u00fcr die Reinigung<\/h2>\n<p>Der erste Eindruck z\u00e4hlt. Das Geb\u00e4ude sagt alles \u00fcber den Eigent\u00fcmer aus. Manche geben Millionen von Dollar f\u00fcr die hochwertigsten, luxuri\u00f6sesten und in der Regel auch teuersten Baumaterialien aus.<\/p>\n<p><img alt=\"\" loading=\"lazy\" decoding=\"async\" class=\"alignnone wp-image-2993\" src=\"https:\/\/taski.com\/wp-content\/uploads\/2021\/01\/Airport_Hallway_Flooring1-1-300x201.jpg\" alt=\"\" width=\"300\" height=\"201\" \/><img alt=\"\" loading=\"lazy\" decoding=\"async\" class=\"alignnone wp-image-2994\" src=\"https:\/\/taski.com\/wp-content\/uploads\/2021\/01\/Marmorboden-300x201.jpg\" alt=\"\" width=\"302\" height=\"202\" \/><img alt=\"\" loading=\"lazy\" decoding=\"async\" class=\"alignnone wp-image-2995\" src=\"https:\/\/taski.com\/wp-content\/uploads\/2021\/01\/Hotelpool-300x199.jpg\" alt=\"\" width=\"302\" height=\"200\" \/><\/p>\n<p>Fu\u00dfb\u00f6den machen zwar den gr\u00f6\u00dften Teil der Oberfl\u00e4chen eines Geb\u00e4udes aus, doch wird in der Regel nur ein Viertel der Reinigungszeit f\u00fcr die Reinigung von B\u00f6den und Teppichen aufgewendet. Optisch haben B\u00f6den einen gro\u00dfen Einfluss auf den Eindruck von Sauberkeit.<\/p>\n<p><img alt=\"\" loading=\"lazy\" decoding=\"async\" class=\"alignnone wp-image-2966\" src=\"https:\/\/taski.com\/wp-content\/uploads\/2021\/01\/Transport-needs-image-300x169.jpg\" alt=\"\" width=\"377\" height=\"212\" \/><img alt=\"\" loading=\"lazy\" decoding=\"async\" class=\"alignnone wp-image-2724\" src=\"https:\/\/taski.com\/wp-content\/uploads\/2021\/01\/TASKI_IntelliSpray-hotel-lobby-300x200.jpg\" alt=\"\" width=\"318\" height=\"213\" \/><img alt=\"\" loading=\"lazy\" decoding=\"async\" class=\"alignnone wp-image-4297\" src=\"https:\/\/taski.com\/wp-content\/uploads\/2020\/11\/hospitality.jpg\" alt=\"\" width=\"211\" height=\"211\" srcset=\"https:\/\/staging.taski.com\/wp-content\/uploads\/2020\/11\/hospitality.jpg 290w, https:\/\/staging.taski.com\/wp-content\/uploads\/2020\/11\/hospitality-100x100.jpg 100w\" sizes=\"auto, (max-width: 211px) 100vw, 211px\" \/><\/p>\n<p>Noch wichtiger ist jedoch, dass die Reinigung die Sicherheit und Hygiene in Waschr\u00e4umen, K\u00fcchen, Lebensmittelzubereitungsbereichen und klinischen Bereichen im Gesundheitswesen verbessern kann.<\/p>\n<p><img alt=\"\" loading=\"lazy\" decoding=\"async\" class=\"alignnone wp-image-4315\" src=\"https:\/\/taski.com\/wp-content\/uploads\/2020\/11\/food-service.jpg\" alt=\"\" width=\"306\" height=\"306\" srcset=\"https:\/\/staging.taski.com\/wp-content\/uploads\/2020\/11\/food-service.jpg 290w, https:\/\/staging.taski.com\/wp-content\/uploads\/2020\/11\/food-service-100x100.jpg 100w\" sizes=\"auto, (max-width: 306px) 100vw, 306px\" \/><img alt=\"\" loading=\"lazy\" decoding=\"async\" class=\"alignnone wp-image-2199\" src=\"https:\/\/taski.com\/wp-content\/uploads\/2021\/01\/swingo150B-image-3-300x300.jpg\" alt=\"\" width=\"305\" height=\"305\" srcset=\"https:\/\/staging.taski.com\/wp-content\/uploads\/2021\/01\/swingo150B-image-3-300x300.jpg 300w, https:\/\/staging.taski.com\/wp-content\/uploads\/2021\/01\/swingo150B-image-3-100x100.jpg 100w, https:\/\/staging.taski.com\/wp-content\/uploads\/2021\/01\/swingo150B-image-3-600x600.jpg 600w, https:\/\/staging.taski.com\/wp-content\/uploads\/2021\/01\/swingo150B-image-3.jpg 1800w\" sizes=\"auto, (max-width: 305px) 100vw, 305px\" \/><img alt=\"\" loading=\"lazy\" decoding=\"async\" class=\"alignnone wp-image-4303\" src=\"https:\/\/taski.com\/wp-content\/uploads\/2020\/11\/healthcare-acute.jpg\" alt=\"\" width=\"306\" height=\"306\" srcset=\"https:\/\/staging.taski.com\/wp-content\/uploads\/2020\/11\/healthcare-acute.jpg 290w, https:\/\/staging.taski.com\/wp-content\/uploads\/2020\/11\/healthcare-acute-100x100.jpg 100w\" sizes=\"auto, (max-width: 306px) 100vw, 306px\" \/><\/p>\n<p>TASKI Bodenpflegesysteme sind so konstruiert, dass sie die strengsten Anforderungen an Hygiene und Sicherheit erf\u00fcllen.<\/p>\n<p><strong>Laden Sie unsere Informationsdatenbl\u00e4tter zu dem Thema Bodenpflege herunter, um weitere Ratschl\u00e4gen zu erhalten. Wenn Sie mehr \u00fcber Diverseys Bodenpflege-Produkte erfahren m\u00f6chten, <a href=\"https:\/\/diversey.de\/de\/losungen\/bodenpflege\">klicken Sie hier<\/a>.<\/strong><\/p>\n        <\/div>\n      \n    \n  \n  <div class=\"cl-fl\"><\/div>\n[\/vc_column][\/vc_row][vc_row css=&#8220;.vc_custom_1607164076720{padding-top: 90px !important;padding-bottom: 190px !important;}&#8220;][vc_column][vc_column_text css=&#8220;.vc_custom_1608052812509{padding-bottom: 90px !important;}&#8220;]\n<h2 style=\"text-align: center;\">Downloads<\/h2>\n<p>[\/vc_column_text][vc_row_inner css=&#8220;.vc_custom_1607161003581{padding-bottom: 50px !important;}&#8220;][vc_column_inner width=&#8220;1\/3&#8243;]  <div class=\"feature-icon-w\">\n    <div class=\"feature-icon-i\">\n     <a href=\"https:\/\/taski.com\/wp-content\/uploads\/2020\/12\/Floor-Care-Brochure.pdf\" target=\"_blank\">       <div class=\"feature-tbl\">\n        <div class=\"feature-cell image-cell\">\n          <img decoding=\"async\" class=\"aligncenter size-full\" alt=\"\" src=\"https:\/\/staging.taski.com\/wp-content\/uploads\/2020\/12\/icon-document.png\"\/>\n        <\/div>\n        <div class=\"feature-cell description-cell\">\n          <p>Brosch\u00fcre zur Bodenpflege<\/p>\n        <\/div>\n       <\/div>\n        <\/a>       <div class=\"cl-fl\"><\/div>\n    <\/div>\n  <\/div>\n[\/vc_column_inner][vc_column_inner width=&#8220;1\/3&#8243;]  <div class=\"feature-icon-w\">\n    <div class=\"feature-icon-i\">\n     <a href=\"https:\/\/taski.com\/wp-content\/uploads\/2020\/12\/TASKI-Twister-Brochure.pdf\" target=\"_blank\">       <div class=\"feature-tbl\">\n        <div class=\"feature-cell image-cell\">\n          <img decoding=\"async\" class=\"aligncenter size-full\" alt=\"\" src=\"https:\/\/staging.taski.com\/wp-content\/uploads\/2020\/12\/icon-document.png\"\/>\n        <\/div>\n        <div class=\"feature-cell description-cell\">\n          <p>Brosch\u00fcre zu TASKI &amp; Twister<\/p>\n        <\/div>\n       <\/div>\n        <\/a>       <div class=\"cl-fl\"><\/div>\n    <\/div>\n  <\/div>\n[\/vc_column_inner][vc_column_inner width=&#8220;1\/3&#8243;]  <div class=\"feature-icon-w\">\n    <div class=\"feature-icon-i\">\n     <a href=\"https:\/\/taski.com\/wp-content\/uploads\/2020\/12\/Day-Time-Cleaning-Brochure-.pdf\" target=\"_blank\">       <div class=\"feature-tbl\">\n        <div class=\"feature-cell image-cell\">\n          <img decoding=\"async\" class=\"aligncenter size-full\" alt=\"\" src=\"https:\/\/staging.taski.com\/wp-content\/uploads\/2020\/12\/icon-document.png\"\/>\n        <\/div>\n        <div class=\"feature-cell description-cell\">\n          <p>Brosch\u00fcre \u00fcber t\u00e4gliche Reinigung<\/p>\n        <\/div>\n       <\/div>\n        <\/a>       <div class=\"cl-fl\"><\/div>\n    <\/div>\n  <\/div>\n[\/vc_column_inner][\/vc_row_inner][\/vc_column][\/vc_row][vc_row css=&#8220;.vc_custom_1607327415736{background-color: #fafafa !important;}&#8220;][vc_column]\n  <div class=\"three-cta-block\">\n    <div class=\"three-cta-block-i\">\n      <div class=\"row\">\n        <div class=\"three-cta-block-grid\">\n           <div class=\"three-cta-item\">\n            <div class=\"tci-i\">\n             <div class=\"tci-item-content\">\n                <h5><strong> Jetzt <\/strong><br \/>\nmehr erfahren!<\/h5>\n                <a href=\"\/produkte-innovationen-loesungen\/?lang=de\"><p>Produkte<br \/>\nund L\u00f6sungen<\/p><\/a>\n             <\/div>\n            <\/div>\n           <\/div>\n           <div class=\"three-cta-item\">\n            <div class=\"tci-i\">\n             <div class=\"tci-item-content\">\n                <h5><strong> Jetzt <\/strong><br \/>\nbestellen!<\/h5>\n                <a href=\"\/mein-taski-shop\/?lang=de\"><p>Zum<br \/>\nTASKI<br \/>\nShop<\/p><\/a>\n             <\/div>\n            <\/div>\n           <\/div>\n           <div class=\"three-cta-item\">\n            <div class=\"tci-i\">\n             <div class=\"tci-item-content\">\n                <h5><strong> Jetzt <\/strong><br \/>\nanfragen!<\/h5>\n                <a href=\"\/nachrichten-hilfe-kontakte\/kontakt\/?lang=de\"><p>Kontakt<\/p><\/a>\n             <\/div>\n            <\/div>\n           <\/div>\n        <\/div>\n      <\/div>\n    <\/div>\n  <\/div>\n  <div class=\"cl-fl\"><\/div>\n[\/vc_column][\/vc_row]<\/p>\n","protected":false},"excerpt":{"rendered":"<p>Beim Kauf einer TASKI Maschine stellen wir Ihnen kostenlos einen beratenden Experten f\u00fcr Bodenpflege zur Seite<\/p>\n","protected":false},"author":1,"featured_media":4753,"parent":6721,"menu_order":666,"comment_status":"closed","ping_status":"closed","template":"","meta":{"_acf_changed":false,"_seopress_robots_primary_cat":"","_seopress_titles_title":"","_seopress_titles_desc":"","_seopress_robots_index":"","inline_featured_image":false,"footnotes":""},"class_list":["post-7073","page","type-page","status-publish","has-post-thumbnail","hentry"],"acf":[],"_links":{"self":[{"href":"https:\/\/staging.taski.com\/de\/wp-json\/wp\/v2\/pages\/7073","targetHints":{"allow":["GET"]}}],"collection":[{"href":"https:\/\/staging.taski.com\/de\/wp-json\/wp\/v2\/pages"}],"about":[{"href":"https:\/\/staging.taski.com\/de\/wp-json\/wp\/v2\/types\/page"}],"author":[{"embeddable":true,"href":"https:\/\/staging.taski.com\/de\/wp-json\/wp\/v2\/users\/1"}],"replies":[{"embeddable":true,"href":"https:\/\/staging.taski.com\/de\/wp-json\/wp\/v2\/comments?post=7073"}],"version-history":[{"count":2,"href":"https:\/\/staging.taski.com\/de\/wp-json\/wp\/v2\/pages\/7073\/revisions"}],"predecessor-version":[{"id":56156,"href":"https:\/\/staging.taski.com\/de\/wp-json\/wp\/v2\/pages\/7073\/revisions\/56156"}],"up":[{"embeddable":true,"href":"https:\/\/staging.taski.com\/de\/wp-json\/wp\/v2\/pages\/6721"}],"wp:featuredmedia":[{"embeddable":true,"href":"https:\/\/staging.taski.com\/de\/wp-json\/wp\/v2\/media\/4753"}],"wp:attachment":[{"href":"https:\/\/staging.taski.com\/de\/wp-json\/wp\/v2\/media?parent=7073"}],"curies":[{"name":"wp","href":"https:\/\/api.w.org\/{rel}","templated":true}]}}