{"id":7068,"date":"2020-12-05T13:20:18","date_gmt":"2020-12-05T13:20:18","guid":{"rendered":"https:\/\/taski.com\/warum-taski\/expert-advice\/teppichpflege-expertise\/"},"modified":"2026-03-25T07:37:24","modified_gmt":"2026-03-25T07:37:24","slug":"teppichpflege-expertise","status":"publish","type":"page","link":"https:\/\/staging.taski.com\/de\/warum-taski\/expert-advice\/teppichpflege-expertise\/","title":{"rendered":"Expertise f\u00fcr Teppichpflege"},"content":{"rendered":"<div class=\"wpb-content-wrapper\"><p>[vc_row][vc_column]\n  <div class=\"main-banner-block full-width content-video-no\" style=\"background-image:url(https:\/\/staging.taski.com\/wp-content\/uploads\/2025\/12\/image-1-1.png);\">\n         <div class=\"main-banner-block-i\">\n      <div class=\"row\">\n       <div class=\"mbb-fl\">\n        <div class=\"main-banner-block-content\">\n            <h2>Teppiche m\u00fcssen regelm\u00e4\u00dfig gereinigt und gepflegt werden.<br \/>\nDie Experten von TASKI stehen Ihnen mit bew\u00e4hrten Verfahren und Empfehlungen und den besten Produkten f\u00fcr Ihre Teppiche und Textilien zur Seite.<\/h2>\n            <div class=\"button-wrapper\">\n                        <\/div>\n        <\/div>\n               <\/div>\n      <\/div>\n\n\n    <\/div>\n  <\/div>\n  <div class=\"cl-fl\"><\/div>\n[\/vc_column][\/vc_row][vc_row][vc_column]\n  <div class=\"page-description-block style-dark\">\n    <div class=\"page-description-block-i\">\n      <div class=\"row\">\n        <div class=\"page-description-content\">\n          <\/div><\/div><\/div><\/div><\/p>\n<h2>Ihr virtueller Teppichpflege-Experte<\/h2>\n<p><img alt=\"\" loading=\"lazy\" decoding=\"async\" class=\"size-medium wp-image-2676 alignnone\" src=\"https:\/\/taski.com\/wp-content\/uploads\/2021\/01\/CarpetedStairs-300x200.jpg\" alt=\"\" width=\"300\" height=\"200\" \/><\/p>\n<p><strong>Staubsaugen<\/strong><\/p>\n<p>80 % des Schmutzes gelangt durch den Eingang in ein Geb\u00e4ude. Vergessen Sie nie, wie wichtig Matten im Eingangsbereich sind. W\u00e4hlen Sie f\u00fcr eine hervorragende Reinigung immer einen TASKI Staubsauger, denn die Kombination aus Vakuum und mechanischer B\u00fcrstenwirkung ist \u00fcberlegen.<\/p>\n<p><img alt=\"\" loading=\"lazy\" decoding=\"async\" class=\"size-medium wp-image-2319 alignnone\" src=\"https:\/\/taski.com\/wp-content\/uploads\/2020\/12\/HOSPITALITY_21_CARPET_VACUUM_CLEANING-200x300.jpg\" alt=\"\" width=\"200\" height=\"300\" \/><\/p>\n<p>F\u00fcr Sicherheit und Produktivit\u00e4t bei der Treppen- und Transportreinigung w\u00e4hlen Sie einen TASKI R\u00fcckensauger.<\/p>\n<p><img alt=\"\" loading=\"lazy\" decoding=\"async\" class=\"size-medium wp-image-2352 alignnone\" src=\"https:\/\/taski.com\/wp-content\/uploads\/2020\/12\/TASKI-Aero-Up-Still-7-1-300x169.jpg\" alt=\"\" width=\"300\" height=\"169\" \/><\/p>\n<p><strong>HEPA-Filter<\/strong><\/p>\n<p>Die beste Vorgehensweise ist die Verwendung von TASKI HEPA H13-Filtern, die die Luftqualit\u00e4t in Innenr\u00e4umen verbessern und 99,95 % der kleinsten Partikel und Schadstoffe herausfiltern.<\/p>\n<p><img alt=\"\" loading=\"lazy\" decoding=\"async\" class=\"size-medium wp-image-2645 alignnone\" src=\"https:\/\/taski.com\/wp-content\/uploads\/2020\/12\/AERO-HEPA-Filter_Scenic2-300x300.png\" alt=\"\" width=\"300\" height=\"300\" srcset=\"https:\/\/staging.taski.com\/wp-content\/uploads\/2020\/12\/AERO-HEPA-Filter_Scenic2-300x300.png 300w, https:\/\/staging.taski.com\/wp-content\/uploads\/2020\/12\/AERO-HEPA-Filter_Scenic2-100x100.png 100w, https:\/\/staging.taski.com\/wp-content\/uploads\/2020\/12\/AERO-HEPA-Filter_Scenic2-600x600.png 600w, https:\/\/staging.taski.com\/wp-content\/uploads\/2020\/12\/AERO-HEPA-Filter_Scenic2.png 800w\" sizes=\"auto, (max-width: 300px) 100vw, 300px\" \/><\/p>\n<p><strong>Zwischenreinigung<\/strong><\/p>\n<p>Das TASKI procarpet Verkapselungssystem nutzt Trockenschaum um Teppiche zu reinigen, ohne dass diese nass bleiben oder R\u00e4ume nicht genutzt werden k\u00f6nnen. In weniger als einer Stunde trocken \u2013 die Verkapselung ist die perfekte Methode f\u00fcr Eingangsbereiche, Flure und Laufwege, sei es bei Bedarf oder als Teil eines ganzj\u00e4hrigen regelm\u00e4\u00dfigen Reinigungsprogramms. Trockenschaum kann auch mit dem TASKI-Schaumgenerator und der TASKI ergodisc zur leichten Reinigung der Teppichoberfl\u00e4che verwendet werden und trocknet innerhalb von Minuten.<\/p>\n<p><strong><img alt=\"\" loading=\"lazy\" decoding=\"async\" class=\"size-medium wp-image-1879 alignnone\" src=\"https:\/\/taski.com\/wp-content\/uploads\/2021\/01\/Carpet-extraction-300x200.jpg\" alt=\"\" width=\"300\" height=\"200\" \/><\/strong><\/p>\n<p><strong>Regelm\u00e4\u00dfige Reinigung<\/strong><\/p>\n<p>TASKI procarpet-Maschinen werden auch f\u00fcr die Tiefenreinigung von Teppichen und einigen strapazierf\u00e4higen Textilien mittels Kaltwasser-Extraktion eingesetzt. TASKI-Trockendampfreiniger liefern Hochdruck-Hochtemperaturdampf f\u00fcr bew\u00e4hrte Reinigungs- und Desinfektionsergebnisse. TASKI ergodisc-Ger\u00e4te und Schaumgeneratoren k\u00f6nnen zudem mit einem TASKI-Trockenschaumshampoo und einer weichen Shampoob\u00fcrste f\u00fcr die Tiefenreinigung von hochflorigen Teppichen verwendet werden, wenn eine Extraktion nicht m\u00f6glich ist.<\/p>\n<p><strong><img alt=\"\" loading=\"lazy\" decoding=\"async\" class=\"alignnone size-medium wp-image-2356\" src=\"https:\/\/taski.com\/wp-content\/uploads\/2020\/12\/Carpet-extraction-2-300x200.jpg\" alt=\"\" width=\"300\" height=\"200\" \/><\/strong><\/p>\n<p><strong>Laden Sie unsere Teppichpflegebrosch\u00fcre oder unser Informationsblatt herunter, um weitere Ratschl\u00e4ge zu erhalten. F\u00fcr weitere Informationen zu Diversey Teppichpflege, <a href=\"https:\/\/diversey.de\/de\/losungen\/bodenpflege\/teppichreinigungsprodukte\">klicken Sie bitte hier<\/a>. <\/strong><\/p>\n        <\/div>\n      \n    \n  \n  <div class=\"cl-fl\"><\/div>\n[\/vc_column][\/vc_row][vc_row css=&#8220;.vc_custom_1607164076720{padding-top: 90px !important;padding-bottom: 190px !important;}&#8220;][vc_column][vc_column_text css=&#8220;.vc_custom_1608052634412{padding-bottom: 90px !important;}&#8220;]\n<h2 style=\"text-align: center;\">Downloads<\/h2>\n<p>[\/vc_column_text][vc_row_inner css=&#8220;.vc_custom_1607161003581{padding-bottom: 50px !important;}&#8220;][vc_column_inner width=&#8220;1\/3&#8243;]  <div class=\"feature-icon-w\">\n    <div class=\"feature-icon-i\">\n     <a href=\"https:\/\/taski.com\/wp-content\/uploads\/2020\/12\/Carpet-Care-Brochure.pdf\" target=\"_blank\">       <div class=\"feature-tbl\">\n        <div class=\"feature-cell image-cell\">\n          <img decoding=\"async\" class=\"aligncenter size-full\" alt=\"\" src=\"https:\/\/staging.taski.com\/wp-content\/uploads\/2020\/12\/icon-document.png\"\/>\n        <\/div>\n        <div class=\"feature-cell description-cell\">\n          <p>Brosch\u00fcre zur Teppichpflege<\/p>\n        <\/div>\n       <\/div>\n        <\/a>       <div class=\"cl-fl\"><\/div>\n    <\/div>\n  <\/div>\n[\/vc_column_inner][vc_column_inner width=&#8220;1\/3&#8243;]  <div class=\"feature-icon-w\">\n    <div class=\"feature-icon-i\">\n     <a href=\"https:\/\/taski.com\/wp-content\/uploads\/2020\/12\/Carpet-Care-COVID-19.pdf\" target=\"_blank\">       <div class=\"feature-tbl\">\n        <div class=\"feature-cell image-cell\">\n          <img decoding=\"async\" class=\"aligncenter size-full\" alt=\"\" src=\"https:\/\/staging.taski.com\/wp-content\/uploads\/2020\/12\/icon-document.png\"\/>\n        <\/div>\n        <div class=\"feature-cell description-cell\">\n          <p>Brosch\u00fcre zur Teppichpflege &amp; COVID 19<\/p>\n        <\/div>\n       <\/div>\n        <\/a>       <div class=\"cl-fl\"><\/div>\n    <\/div>\n  <\/div>\n[\/vc_column_inner][vc_column_inner width=&#8220;1\/3&#8243;]  <div class=\"feature-icon-w\">\n    <div class=\"feature-icon-i\">\n     <a href=\"https:\/\/taski.com\/wp-content\/uploads\/2022\/07\/HEPA-Filter-Brochure_DE.pdf\" target=\"_blank\">       <div class=\"feature-tbl\">\n        <div class=\"feature-cell image-cell\">\n          <img decoding=\"async\" class=\"aligncenter size-full\" alt=\"\" src=\"https:\/\/staging.taski.com\/wp-content\/uploads\/2020\/12\/icon-document.png\"\/>\n        <\/div>\n        <div class=\"feature-cell description-cell\">\n          <p>Brosch\u00fcre zur HEPA-Filtration<\/p>\n        <\/div>\n       <\/div>\n        <\/a>       <div class=\"cl-fl\"><\/div>\n    <\/div>\n  <\/div>\n[\/vc_column_inner][\/vc_row_inner][vc_row_inner][vc_column_inner width=&#8220;1\/3&#8243;]  <div class=\"feature-icon-w\">\n    <div class=\"feature-icon-i\">\n     <a href=\"https:\/\/taski.com\/wp-content\/uploads\/2020\/12\/AERO-Vacuum-IAQ-Whitepaper.pdf\" target=\"_blank\">       <div class=\"feature-tbl\">\n        <div class=\"feature-cell image-cell\">\n          <img decoding=\"async\" class=\"aligncenter size-full\" alt=\"\" src=\"https:\/\/staging.taski.com\/wp-content\/uploads\/2020\/12\/icon-document.png\"\/>\n        <\/div>\n        <div class=\"feature-cell description-cell\">\n          <p>AERO Staubsauger Whitepaper zur Raumluftqualit\u00e4t<\/p>\n        <\/div>\n       <\/div>\n        <\/a>       <div class=\"cl-fl\"><\/div>\n    <\/div>\n  <\/div>\n[\/vc_column_inner][vc_column_inner width=&#8220;1\/3&#8243;]  <div class=\"feature-icon-w\">\n    <div class=\"feature-icon-i\">\n     <a href=\"https:\/\/taski.com\/wp-content\/uploads\/2020\/12\/AERO-Vacuum-Day-Time-Cleaning-Whitepaper.pdf\" target=\"_blank\">       <div class=\"feature-tbl\">\n        <div class=\"feature-cell image-cell\">\n          <img decoding=\"async\" class=\"aligncenter size-full\" alt=\"\" src=\"https:\/\/staging.taski.com\/wp-content\/uploads\/2020\/12\/icon-document.png\"\/>\n        <\/div>\n        <div class=\"feature-cell description-cell\">\n          <p>AERO Staubsauger Informationsblatt zur Tagesreinigung<\/p>\n        <\/div>\n       <\/div>\n        <\/a>       <div class=\"cl-fl\"><\/div>\n    <\/div>\n  <\/div>\n[\/vc_column_inner][vc_column_inner width=&#8220;1\/3&#8243;]  <div class=\"feature-icon-w\">\n    <div class=\"feature-icon-i\">\n     <a href=\"https:\/\/taski.com\/wp-content\/uploads\/2020\/12\/Day-Time-Cleaning-Brochure-.pdf\" target=\"_blank\">       <div class=\"feature-tbl\">\n        <div class=\"feature-cell image-cell\">\n          <img decoding=\"async\" class=\"aligncenter size-full\" alt=\"\" src=\"https:\/\/staging.taski.com\/wp-content\/uploads\/2020\/12\/icon-document.png\"\/>\n        <\/div>\n        <div class=\"feature-cell description-cell\">\n          <p>Brosch\u00fcre zur Tagesreinigung<\/p>\n        <\/div>\n       <\/div>\n        <\/a>       <div class=\"cl-fl\"><\/div>\n    <\/div>\n  <\/div>\n[\/vc_column_inner][\/vc_row_inner][\/vc_column][\/vc_row][vc_row css=&#8220;.vc_custom_1607327415736{background-color: #fafafa !important;}&#8220;][vc_column]\n  <div class=\"three-cta-block\">\n    <div class=\"three-cta-block-i\">\n      <div class=\"row\">\n        <div class=\"three-cta-block-grid\">\n           <div class=\"three-cta-item\">\n            <div class=\"tci-i\">\n             <div class=\"tci-item-content\">\n                <h5><strong> Jetzt <\/strong><br \/>\nmehr erfahren!<\/h5>\n                <a href=\"\/produkte-innovationen-loesungen\/?lang=de\"><p>Produkte<br \/>\nund L\u00f6sungen<\/p><\/a>\n             <\/div>\n            <\/div>\n           <\/div>\n           <div class=\"three-cta-item\">\n            <div class=\"tci-i\">\n             <div class=\"tci-item-content\">\n                <h5><strong> Jetzt <\/strong><br \/>\nbestellen!<\/h5>\n                <a href=\"\/mein-taski-shop\/?lang=de\"><p>Zum<br \/>\nTASKI<br \/>\nShop<\/p><\/a>\n             <\/div>\n            <\/div>\n           <\/div>\n           <div class=\"three-cta-item\">\n            <div class=\"tci-i\">\n             <div class=\"tci-item-content\">\n                <h5><strong> Jetzt <\/strong><br \/>\nanfragen!<\/h5>\n                <a href=\"\/nachrichten-hilfe-kontakte\/kontakt\/?lang=de\"><p>Kontakt<\/p><\/a>\n             <\/div>\n            <\/div>\n           <\/div>\n        <\/div>\n      <\/div>\n    <\/div>\n  <\/div>\n  <div class=\"cl-fl\"><\/div>\n[\/vc_column][\/vc_row]<\/p>\n","protected":false},"excerpt":{"rendered":"<p>Teppiche und Stoffoberfl\u00e4chen m\u00fcssen h\u00e4ufig gereinigt und gewartet werden.<br \/>\nTASKI-Experten sind hier, um Ihnen mit bew\u00e4hrten Verfahren und Ratschl\u00e4gen zu den besten Produkten oder Ihren Teppichen und Stoffen zu helfen.<\/p>\n","protected":false},"author":1,"featured_media":55251,"parent":6721,"menu_order":671,"comment_status":"closed","ping_status":"closed","template":"","meta":{"_acf_changed":false,"_seopress_robots_primary_cat":"","_seopress_titles_title":"","_seopress_titles_desc":"","_seopress_robots_index":"","inline_featured_image":false,"footnotes":""},"class_list":["post-7068","page","type-page","status-publish","has-post-thumbnail","hentry"],"acf":[],"_links":{"self":[{"href":"https:\/\/staging.taski.com\/de\/wp-json\/wp\/v2\/pages\/7068","targetHints":{"allow":["GET"]}}],"collection":[{"href":"https:\/\/staging.taski.com\/de\/wp-json\/wp\/v2\/pages"}],"about":[{"href":"https:\/\/staging.taski.com\/de\/wp-json\/wp\/v2\/types\/page"}],"author":[{"embeddable":true,"href":"https:\/\/staging.taski.com\/de\/wp-json\/wp\/v2\/users\/1"}],"replies":[{"embeddable":true,"href":"https:\/\/staging.taski.com\/de\/wp-json\/wp\/v2\/comments?post=7068"}],"version-history":[{"count":3,"href":"https:\/\/staging.taski.com\/de\/wp-json\/wp\/v2\/pages\/7068\/revisions"}],"predecessor-version":[{"id":56214,"href":"https:\/\/staging.taski.com\/de\/wp-json\/wp\/v2\/pages\/7068\/revisions\/56214"}],"up":[{"embeddable":true,"href":"https:\/\/staging.taski.com\/de\/wp-json\/wp\/v2\/pages\/6721"}],"wp:featuredmedia":[{"embeddable":true,"href":"https:\/\/staging.taski.com\/de\/wp-json\/wp\/v2\/media\/55251"}],"wp:attachment":[{"href":"https:\/\/staging.taski.com\/de\/wp-json\/wp\/v2\/media?parent=7068"}],"curies":[{"name":"wp","href":"https:\/\/api.w.org\/{rel}","templated":true}]}}