{"id":7060,"date":"2020-12-05T13:21:31","date_gmt":"2020-12-05T13:21:31","guid":{"rendered":"https:\/\/taski.com\/warum-taski\/expert-advice\/der-suenderkreis\/"},"modified":"2022-08-10T13:57:10","modified_gmt":"2022-08-10T13:57:10","slug":"sinnersche-kreis","status":"publish","type":"page","link":"https:\/\/staging.taski.com\/de\/warum-taski\/expert-advice\/sinnersche-kreis\/","title":{"rendered":"Der Sinnersche Kreis"},"content":{"rendered":"<div class=\"wpb-content-wrapper\"><p>[vc_row][vc_column]\n  <div class=\"main-banner-block full-width content-video-no\" style=\"background-image:url(https:\/\/staging.taski.com\/wp-content\/uploads\/2021\/01\/TASKI-Twister-image.png);\">\n         <div class=\"main-banner-block-i\">\n      <div class=\"row\">\n       <div class=\"mbb-fl\">\n        <div class=\"main-banner-block-content\">\n            <h2>Der Sinnersche Kreis besteht aus vier Grundelementen: Mechanik + Chemie+ W\u00e4rme + Zeit<\/h2>\n            <div class=\"button-wrapper\">\n                        <\/div>\n        <\/div>\n               <\/div>\n      <\/div>\n\n\n    <\/div>\n  <\/div>\n  <div class=\"cl-fl\"><\/div>\n[\/vc_column][\/vc_row][vc_row][vc_column]\n  <div class=\"page-description-block style-dark\">\n    <div class=\"page-description-block-i\">\n      <div class=\"row\">\n        <div class=\"page-description-content\">\n          <\/div><\/div><\/div><\/div><\/p>\n<h2>Wir bieten die volle Synergie von Maschinen, Reinigungschemie und Ger\u00e4ten f\u00fcr eine hervorragende Reinigung<\/h2>\n<p>Um wirklich ein komplettes und optimales Reinigungsprogramm anbieten zu k\u00f6nnen, ben\u00f6tigen Sie die besten Ger\u00e4tschaften f\u00fcr die jeweilige Aufgabe. Nur Diversey bietet Ihnen ein einzigartiges B\u00fcndel aus Maschinen, Werkzeugen und Chemikalien.<\/p>\n<p><strong>Diversey Reinigungschemie:<\/strong><br \/>\nDie Boden- und Teppichpflegemittel von Diversey liefern hervorragende Reinigungsergebnisse und sind weltweit erh\u00e4ltlich.<\/p>\n<p><img alt=\"\" loading=\"lazy\" decoding=\"async\" class=\"wp-image-2670 alignnone\" src=\"https:\/\/taski.com\/wp-content\/uploads\/2021\/01\/Chemical-image-1-300x200.jpg\" alt=\"\" width=\"512\" height=\"341\" \/><\/p>\n<p><strong>F\u00fcr weitere Informationen \u00fcber Diverseys Bodenpflege-Produkte, <a href=\"https:\/\/diversey.de\/de\/losungen\/bodenpflege\">hier klicken<\/a>.<\/strong><\/p>\n<p><strong>Verschiedene Reinigungswerkzeuge:<\/strong><br \/>\nZu den hochmodernen Reinigungsger\u00e4ten von Diversey geh\u00f6ren Twister-Diamantpads, traditionelle Americo-Pads und Jonmaster Ultra-Microfaser.<\/p>\n<p><img alt=\"\" loading=\"lazy\" decoding=\"async\" class=\"wp-image-2672 alignnone\" src=\"https:\/\/taski.com\/wp-content\/uploads\/2021\/01\/Twister-2-300x243.png\" alt=\"\" width=\"512\" height=\"415\" \/><\/p>\n<p><strong>F\u00fcr weitere Informationen \u00fcber Diverseys Reinigungsger\u00e4te, <a href=\"https:\/\/diversey.de\/de\/losungen\/reinigungsgeraete-und-systeme\">hier klicken<\/a>.\u00a0<\/strong><\/p>\n<p><strong>F\u00fcr weitere Informationen \u00fcber Twister, <a href=\"https:\/\/diversey.de\/de\/twister\">hier klicken<\/a>. <\/strong><\/p>\n        <\/div>\n      \n    \n  \n  <div class=\"cl-fl\"><\/div>\n[\/vc_column][\/vc_row][vc_row css=&#8220;.vc_custom_1607164076720{padding-top: 90px !important;padding-bottom: 190px !important;}&#8220;][vc_column][vc_column_text css=&#8220;.vc_custom_1608052576991{padding-bottom: 90px !important;}&#8220;]\n<h2 style=\"text-align: center;\">Downloads<\/h2>\n<p>[\/vc_column_text][vc_row_inner css=&#8220;.vc_custom_1607161003581{padding-bottom: 50px !important;}&#8220;][vc_column_inner width=&#8220;1\/3&#8243;]  <div class=\"feature-icon-w\">\n    <div class=\"feature-icon-i\">\n     <a href=\"https:\/\/taski.com\/wp-content\/uploads\/2020\/12\/Machanical-Cleaning-Brochure.pdf\" target=\"_blank\">       <div class=\"feature-tbl\">\n        <div class=\"feature-cell image-cell\">\n          <img decoding=\"async\" class=\"aligncenter size-full\" alt=\"\" src=\"https:\/\/staging.taski.com\/wp-content\/uploads\/2020\/12\/icon-document.png\"\/>\n        <\/div>\n        <div class=\"feature-cell description-cell\">\n          <p>Brosch\u00fcre zur mechanischen Reinigung<\/p>\n        <\/div>\n       <\/div>\n        <\/a>       <div class=\"cl-fl\"><\/div>\n    <\/div>\n  <\/div>\n[\/vc_column_inner][vc_column_inner width=&#8220;1\/3&#8243;]  <div class=\"feature-icon-w\">\n    <div class=\"feature-icon-i\">\n     <a href=\"https:\/\/taski.com\/wp-content\/uploads\/2020\/12\/TASKI-Twister-Brochure.pdf\" target=\"_blank\">       <div class=\"feature-tbl\">\n        <div class=\"feature-cell image-cell\">\n          <img decoding=\"async\" class=\"aligncenter size-full\" alt=\"\" src=\"https:\/\/staging.taski.com\/wp-content\/uploads\/2020\/12\/icon-document.png\"\/>\n        <\/div>\n        <div class=\"feature-cell description-cell\">\n          <p>Brosch\u00fcre zu TASKI &amp; Twister<\/p>\n        <\/div>\n       <\/div>\n        <\/a>       <div class=\"cl-fl\"><\/div>\n    <\/div>\n  <\/div>\n[\/vc_column_inner][vc_column_inner width=&#8220;1\/3&#8243;][\/vc_column_inner][\/vc_row_inner][\/vc_column][\/vc_row][vc_row css=&#8220;.vc_custom_1607327415736{background-color: #fafafa !important;}&#8220;][vc_column]\n  <div class=\"two-cta-block\">\n    <div class=\"two-cta-block-i\">\n      <div class=\"row\">\n        <div class=\"two-cta-block-grid\">\n           <div class=\"two-cta-item\">\n            <div class=\"tci-i\">\n             <div class=\"tci-item-content\">\n                <h5><strong> Jetzt <\/strong><br \/>\nmehr erfahren!<\/h5>\n                <a href=\"\/nachrichten-hilfe-kontakte\/kontakt\/?lang=de\"><p>Kontakt<\/p><\/a>\n             <\/div>\n            <\/div>\n           <\/div>\n           <div class=\"two-cta-item\">\n            <div class=\"tci-i\">\n             <div class=\"tci-item-content\">\n                <h5><strong> H\u00e4ufig<\/strong><br \/>\ngestellte Fragen<\/h5>\n                <a href=\"\/faqs\/?lang=de\"><p>FAQ's<\/p><\/a>\n             <\/div>\n            <\/div>\n           <\/div>\n        <\/div>\n      <\/div>\n    <\/div>\n  <\/div>\n  <div class=\"cl-fl\"><\/div>\n[\/vc_column][\/vc_row]<\/p>\n","protected":false},"excerpt":{"rendered":"<p>Bei TASKI und Diversey verstehen wir wirklich alle Aspekte der Reinigung und Hygiene. Dank unseres breiten Portfolios sind wir ideal positioniert, um Ihr kompletter Hygienepartner zu sein.<\/p>\n","protected":false},"author":1,"featured_media":5923,"parent":6721,"menu_order":407,"comment_status":"closed","ping_status":"closed","template":"","meta":{"_acf_changed":false,"_seopress_robots_primary_cat":"","_seopress_titles_title":"","_seopress_titles_desc":"","_seopress_robots_index":"","inline_featured_image":false,"footnotes":""},"class_list":["post-7060","page","type-page","status-publish","has-post-thumbnail","hentry"],"acf":[],"_links":{"self":[{"href":"https:\/\/staging.taski.com\/de\/wp-json\/wp\/v2\/pages\/7060","targetHints":{"allow":["GET"]}}],"collection":[{"href":"https:\/\/staging.taski.com\/de\/wp-json\/wp\/v2\/pages"}],"about":[{"href":"https:\/\/staging.taski.com\/de\/wp-json\/wp\/v2\/types\/page"}],"author":[{"embeddable":true,"href":"https:\/\/staging.taski.com\/de\/wp-json\/wp\/v2\/users\/1"}],"replies":[{"embeddable":true,"href":"https:\/\/staging.taski.com\/de\/wp-json\/wp\/v2\/comments?post=7060"}],"version-history":[{"count":0,"href":"https:\/\/staging.taski.com\/de\/wp-json\/wp\/v2\/pages\/7060\/revisions"}],"up":[{"embeddable":true,"href":"https:\/\/staging.taski.com\/de\/wp-json\/wp\/v2\/pages\/6721"}],"wp:featuredmedia":[{"embeddable":true,"href":"https:\/\/staging.taski.com\/de\/wp-json\/wp\/v2\/media\/5923"}],"wp:attachment":[{"href":"https:\/\/staging.taski.com\/de\/wp-json\/wp\/v2\/media?parent=7060"}],"curies":[{"name":"wp","href":"https:\/\/api.w.org\/{rel}","templated":true}]}}