{"id":6883,"date":"2020-11-30T14:05:31","date_gmt":"2020-11-30T14:05:31","guid":{"rendered":"https:\/\/taski.com\/taski-auswahl\/"},"modified":"2026-03-20T17:27:25","modified_gmt":"2026-03-20T17:27:25","slug":"taski-maschinenberater","status":"publish","type":"page","link":"https:\/\/staging.taski.com\/de\/taski-maschinenberater\/","title":{"rendered":"TASKI Online-Maschinenberater"},"content":{"rendered":"<div class=\"wpb-content-wrapper\"><p>[vc_row][vc_column]\n  <div class=\"page-intro-block size-fit-image style-dark font-medium\">\n         <div class=\"page-intro-block-i\">\n      <div class=\"row\">\n        <div class=\"page-intro-content\">\n            <div class=\"title-block\">\n                                     <h2>W\u00e4hlen und konfigurieren Sie die optimale L\u00f6sung f\u00fcr Ihre Reinigungsanforderungen.<br \/>\nKonfigurieren Sie ihre Top-3 Maschinen und berechnen sie die Gesamtreinigungskosten. <\/h2>\n                    <p>Konfigurieren Sie die optimale L\u00f6sung f\u00fcr Ihre Reinigungsanforderungen.<br \/>\nDer TASKI Selector ist ein n\u00fctzliches Konfigurationstool welches Ihnen dabei hilft, die perfekte Maschine zu finden.<br \/>\nSie k\u00f6nnen Ihre ganz pers\u00f6nliche ULTIMATE-Konfiguration zusammenstellen und die Gesamtkosten f\u00fcr die Reinigung f\u00fcr die drei Maschinen berechnen, die aufgrund Ihrer Auswahl in die engere Wahl gekommen sind.<\/p>\n                             <\/div>\n            <div class=\"page-intro-image\">\n                                <div class=\"page-intro-image-alt\">\n                    \n                    <img decoding=\"async\" src=\"https:\/\/staging.taski.com\/wp-content\/uploads\/2020\/12\/fleet-management.jpg\" alt=\"\" \/>\n\n                <\/div>\n            <\/div>\n        <\/div>\n      <\/div>\n\n\n    <\/div>\n  <\/div>\n  <div class=\"cl-fl\"><\/div>\n[\/vc_column][\/vc_row][vc_row][vc_column]\n    <div class=\"taski-selector-block\">\n        <div class=\"row\">\n            \n            <div class=\"taski-selector-title\">Wir haben 3 M\u00f6glichkeiten entwickelt, um Ihnen bei der Auswahl Ihrer ultimativen Reinigungsmaschine zu helfen<\/div>\n            \n            <div class=\"taski-selector-nav\">\n                <div class=\"taski-selector-nav-item\">        \n                    <a href=\"\/taski-selector\/machine-finder\/\">\n                        <div class=\"sq\">\n                            <div class=\"image\"><img decoding=\"async\" src=\"https:\/\/staging.taski.com\/wp-content\/uploads\/2020\/12\/85288_IntelliTrail.png\" \/><\/div>\n                            <h3>Maschinen-<strong>finder<\/strong><\/h3>       \n                        <\/div>\n                        <p>Folgen Sie unserem einfachen Prozess, um die beste Maschine f\u00fcr Ihre Anwendung zu finden\n\n<\/p>\n                    <\/a>    \n                <\/div>\n                <div class=\"taski-selector-nav-item\">        \n                    <a href=\"\/taski-selector \/machine-builder\/\">\n                        <div class=\"sq\">\n                            <div class=\"image\"><img decoding=\"async\" src=\"https:\/\/staging.taski.com\/wp-content\/uploads\/2020\/12\/85288-Tools-and-accessories.png\" \/><\/div>\n                            <h3>Maschinen-<strong>konfigurator<\/strong><\/h3>       \n                        <\/div>\n                        <p>Bauen und konfigurieren Sie Ihre<br \/>optimale Maschine<\/p>\n                    <\/a>    \n                <\/div>\n                <div class=\"taski-selector-nav-item\">        \n                    <a href=\"\/taski-selector\/cost-calculator\/\">\n                        <div class=\"sq\">\n                            <div class=\"image\"><img decoding=\"async\" src=\"https:\/\/staging.taski.com\/wp-content\/uploads\/2020\/12\/85288_Cost.png\" \/><\/div>\n                            <h3>Kosten-<strong>kalkulator <\/strong><\/h3>       \n                        <\/div>\n                        <p>Vergleichen Sie und w\u00e4hlen Sie die Maschine mit den niedrigsten Reinigungskosten f\u00fcr Ihre Bed\u00fcrfnisse.<\/p>\n                    <\/a>    \n                <\/div>                                \n            <\/div>\n        \n        <\/div>         \n    <\/div>                \n   \n[\/vc_column][\/vc_row][vc_row][vc_column]\n  <div class=\"page-description-block style-dark\">\n    <div class=\"page-description-block-i\">\n      <div class=\"row\">\n        <div class=\"page-description-content\">\n          <\/div><\/div><\/div><\/div><\/p>\n<h2>Der TASKI Maschinenberater ist ein hochentwickeltes Tool zur Planung und Auswahl der perfekten Maschine, das sogar Ihre Gesamtbetriebskosten berechnet.<\/h2>\n<p>Sie entscheiden, welches Modell und welche Optionen Sie f\u00fcr Ihre<br \/>\nULTIMATIVE-Maschinenkonfiguration m\u00f6chten.<\/p>\n        <\/div>\n      \n    \n  \n  <div class=\"cl-fl\"><\/div>\n[\/vc_column][\/vc_row]\n","protected":false},"excerpt":{"rendered":"<p>[vc_row][vc_column][\/vc_column][\/vc_row][vc_row][vc_column][\/vc_column][\/vc_row][vc_row][vc_column][\/vc_column][\/vc_row]<\/p>\n","protected":false},"author":1,"featured_media":0,"parent":0,"menu_order":710,"comment_status":"closed","ping_status":"closed","template":"page-selector.php","meta":{"_acf_changed":false,"_seopress_robots_primary_cat":"","_seopress_titles_title":"","_seopress_titles_desc":"","_seopress_robots_index":"","inline_featured_image":false,"footnotes":""},"class_list":["post-6883","page","type-page","status-publish","hentry"],"acf":[],"_links":{"self":[{"href":"https:\/\/staging.taski.com\/de\/wp-json\/wp\/v2\/pages\/6883","targetHints":{"allow":["GET"]}}],"collection":[{"href":"https:\/\/staging.taski.com\/de\/wp-json\/wp\/v2\/pages"}],"about":[{"href":"https:\/\/staging.taski.com\/de\/wp-json\/wp\/v2\/types\/page"}],"author":[{"embeddable":true,"href":"https:\/\/staging.taski.com\/de\/wp-json\/wp\/v2\/users\/1"}],"replies":[{"embeddable":true,"href":"https:\/\/staging.taski.com\/de\/wp-json\/wp\/v2\/comments?post=6883"}],"version-history":[{"count":1,"href":"https:\/\/staging.taski.com\/de\/wp-json\/wp\/v2\/pages\/6883\/revisions"}],"predecessor-version":[{"id":56125,"href":"https:\/\/staging.taski.com\/de\/wp-json\/wp\/v2\/pages\/6883\/revisions\/56125"}],"wp:attachment":[{"href":"https:\/\/staging.taski.com\/de\/wp-json\/wp\/v2\/media?parent=6883"}],"curies":[{"name":"wp","href":"https:\/\/api.w.org\/{rel}","templated":true}]}}