{"id":6875,"date":"2020-11-30T14:05:55","date_gmt":"2020-11-30T14:05:55","guid":{"rendered":"https:\/\/taski.com\/finance-solutions\/"},"modified":"2026-03-25T14:55:06","modified_gmt":"2026-03-25T14:55:06","slug":"finance-solutions","status":"publish","type":"page","link":"https:\/\/staging.taski.com\/de\/finance-solutions\/","title":{"rendered":"Finanzierungsl\u00f6sungen"},"content":{"rendered":"<div class=\"wpb-content-wrapper\"><p>[vc_row][vc_column]\n  <div class=\"page-intro-block size-fit-image style-dark font-large\">\n         <div class=\"page-intro-block-i\">\n      <div class=\"row\">\n        <div class=\"page-intro-content\">\n            <div class=\"title-block\">\n                                     <h2><span class=\"pt\">Finanzierungsm\u00f6glichkeiten<\/span>Eine Reihe flexibler Finanzierungsl\u00f6sungen, darunter Leasing, Miete, Pay-per-Use und gebrauchte Maschinen.<\/h2>\n                                                 <\/div>\n            <div class=\"page-intro-image\">\n                                <div class=\"page-intro-image-alt\">\n                    \n                    <img decoding=\"async\" src=\"https:\/\/staging.taski.com\/wp-content\/uploads\/2020\/12\/financial-solutions-intro.jpg\" alt=\"\" \/>\n\n                <\/div>\n            <\/div>\n        <\/div>\n      <\/div>\n\n\n    <\/div>\n  <\/div>\n  <div class=\"cl-fl\"><\/div>\n[\/vc_column][\/vc_row][vc_row][vc_column]\n  <div class=\"taski-column-block col-2\" style=\"\">\n                        <div class=\"single-block content-only yes-spacing light-grey\">\n              <div class=\"single-block-i\" style=\"background-image:url();\">\n                <div class=\"tbl\"><div class=\"cell\">\n                \n                <div class=\"content\"><p><strong>Leasing<\/strong><\/p>\n<p class=\"ewa-rteLine\"><strong>Die TASKI-Leasingoptionen bieten eine Reihe flexibler und kosteng\u00fcnstiger L\u00f6sungen f\u00fcr den Erwerb von TASKI-Ger\u00e4ten mit der Sicherheit des TASKI-Services.<\/strong><\/p>\n<p class=\"ewa-rteLine\">Zu den verf\u00fcgbaren Optionen geh\u00f6ren: Mietkauf \/ Vertragsmiete \/ Operatives Leasing<\/p>\n<p class=\"ewa-rteLine\">Mit oder ohne Service in bequemen monatlichen oder viertelj\u00e4hrlichen Raten \u00fcber 1 bis 5 Jahre.<\/p>\n<p class=\"ewa-rteLine\">Am Ende Ihrer Vertragslaufzeit k\u00f6nnen Sie w\u00e4hlen, ob Sie dieselben Maschine weiterleasen, zur\u00fcckgeben oder eine neue Maschine leasen m\u00f6chten<\/p>\n<p class=\"ewa-rteLine\">Wir gestalten alle unsere L\u00f6sungen so, dass Sie die Kontrolle haben.<\/p>\n<div class=\"ewa-rteLine\">\n<p class=\"ewa-rteLine\">\n<\/p><\/div>\n<\/div>\n                                <\/div><\/div>\n              <\/div>\n            <\/div>\n            <div class=\"single-block image-background-cover no-spacing dark-grey\">\n              <div class=\"single-block-i\" style=\"background-image:url(https:\/\/staging.taski.com\/wp-content\/uploads\/2021\/01\/finance_banner-scaled.jpg);\">\n                <div class=\"tbl\"><div class=\"cell\">\n                \n                \n                                <\/div><\/div>\n              <\/div>\n            <\/div>\n  <\/div>\n  <div class=\"cl-fl\"><\/div>\n\n  <div class=\"taski-column-block col-2\" style=\"\">\n                        <div class=\"single-block cta yes-spacing light-grey\">\n              <div class=\"single-block-i\" style=\"background-image:url();\">\n                <div class=\"tbl\"><div class=\"cell\">\n                \n                \n                                  <div class=\"tbl\"><div class=\"cell\">\n                    <div class=\"single-cta-item\">\n                        <div class=\"sci-i\">\n                            <div class=\"sci-item-content\">\n                                <div class=\"t\"><strong> M\u00f6chten sie uns kontaktieren<\/strong><br \/>\noder haben Sie eine Frage?<\/div>\n                                <div class=\"b\"><a href=\"\/news-help-contacts\/ask-paul-contact\/\">Kontakt<\/a><\/div>\n                            <\/div>\n                        <\/div>\n                    <\/div>\n                  <\/div><\/div>\n                                <\/div><\/div>\n              <\/div>\n            <\/div>\n            <div class=\"single-block content-only yes-spacing dark-grey\">\n              <div class=\"single-block-i\" style=\"background-image:url();\">\n                <div class=\"tbl\"><div class=\"cell\">\n                \n                <div class=\"content\"><p><strong>Brosch\u00fcren &amp; Downloads<\/strong><\/p>\n<ul>\n<li><a href=\"https:\/\/taski.com\/wp-content\/uploads\/2021\/01\/Leasing-Brochure.pdf\" target=\"_blank\" rel=\"noopener\">Leasing Brochure (EN)<\/a><\/li>\n<\/ul>\n<\/div>\n                                <\/div><\/div>\n              <\/div>\n            <\/div>\n  <\/div>\n  <div class=\"cl-fl\"><\/div>\n[\/vc_column][\/vc_row][vc_row][vc_column]\n  <div class=\"taski-column-block col-2\" style=\"\">\n                        <div class=\"single-block all no-spacing white\">\n              <div class=\"single-block-i\" style=\"background-image:url(https:\/\/staging.taski.com\/wp-content\/uploads\/2020\/12\/Rental-scaled.jpg);\">\n                <div class=\"tbl\"><div class=\"cell\">\n                <div class=\"image\"><img decoding=\"async\" src=\"https:\/\/staging.taski.com\/wp-content\/uploads\/2020\/12\/Rental-scaled.jpg\"\/><\/div>\n                \n                                <\/div><\/div>\n              <\/div>\n            <\/div>\n            <div class=\"single-block content-only yes-spacing light-grey\">\n              <div class=\"single-block-i\" style=\"background-image:url();\">\n                <div class=\"tbl\"><div class=\"cell\">\n                \n                <div class=\"content\"><h3><strong>Miete<\/strong><\/h3>\n<p><strong>TASKI Miete (Rent &amp; Clean) ist die Antwort auf die wachsende Nachfrage nach einem flexiblen Einsatz von Maschinen f\u00fcr einen k\u00fcrzeren Zeitraum, ohne dass Sie eine Maschine besitzen oder leasen m\u00fcssen.<\/strong><\/p>\n<p>Es spielt keine Rolle, wie lange Ihr Bedarf ist, eine Woche oder ein paar Monate, wir haben eine gro\u00dfe Auswahl an batteriebetriebenen Scheuersaugmaschinen, die Sie mieten k\u00f6nnen.<\/p>\n<p>Von kleinen handgef\u00fchrten bis hin zu gro\u00dfen Aufsitz-Scheuersaugmaschinen haben wir die richtige Maschine f\u00fcr Ihren Bedarf. Alle Maschinen werden vor Ort geliefert und die Anwender werden von uns geschult.<\/p>\n<p>Unsere umfassende IntelliTrail-Technologie erm\u00f6glicht eine \u00dcberwachung der Maschinen rund um die Uhr.<\/p>\n<p>F\u00fcr weitere Details zur Verf\u00fcgbarkeit in Ihrem Land kontaktieren Sie uns bitte auf unserer <a href=\"https:\/\/taski.com\/nachrichten-hilfe-kontakte\/kontakt\/?lang=de\">Kontaktseite<\/a>.<\/p>\n<\/div>\n                                <\/div><\/div>\n              <\/div>\n            <\/div>\n  <\/div>\n  <div class=\"cl-fl\"><\/div>\n\n  <div class=\"taski-column-block col-2\" style=\"\">\n                        <div class=\"single-block content-only yes-spacing white\">\n              <div class=\"single-block-i\" style=\"background-image:url();\">\n                <div class=\"tbl\"><div class=\"cell\">\n                \n                <div class=\"content\"><p><strong>Brosch\u00fcren &amp; Downloads<\/strong><\/p>\n<p><a href=\"https:\/\/taski.com\/wp-content\/uploads\/2020\/12\/Rental-Brochure.pdf\" target=\"_blank\" rel=\"noopener\">Rental Brochure (EN)<\/a><\/p>\n<\/div>\n                                <\/div><\/div>\n              <\/div>\n            <\/div>\n            <div class=\"single-block cta yes-spacing light-grey\">\n              <div class=\"single-block-i\" style=\"background-image:url();\">\n                <div class=\"tbl\"><div class=\"cell\">\n                \n                \n                                  <div class=\"tbl\"><div class=\"cell\">\n                    <div class=\"single-cta-item\">\n                        <div class=\"sci-i\">\n                            <div class=\"sci-item-content\">\n                                <div class=\"t\"><strong>M\u00f6chten sie uns kontaktieren<\/strong><br \/>\noder haben Sie eine Frage?<\/div>\n                                <div class=\"b\"><a href=\"\/news-help-contacts\/ask-paul-contact\/\">Kontakt<\/a><\/div>\n                            <\/div>\n                        <\/div>\n                    <\/div>\n                  <\/div><\/div>\n                                <\/div><\/div>\n              <\/div>\n            <\/div>\n  <\/div>\n  <div class=\"cl-fl\"><\/div>\n[\/vc_column][\/vc_row][vc_row][vc_column]\n  <div class=\"taski-column-block col-2\" style=\"\">\n                        <div class=\"single-block content-only yes-spacing light-grey\">\n              <div class=\"single-block-i\" style=\"background-image:url();\">\n                <div class=\"tbl\"><div class=\"cell\">\n                \n                <div class=\"content\"><h3><strong>Bezahlen pro Nutzung<\/strong><\/h3>\n<p><strong>TASKI IntelliPay per Use ist ein revolution\u00e4res neues Konzept, bei dem Sie nur f\u00fcr die Zeit bezahlen, in der Sie eine Maschine nutzen.<br \/>\n<\/strong><\/p>\n<p>Unsere umfassende IntelliTrail-Telemetrie bietet eine 24-Stunden-\u00dcberwachung der Maschinen. Es zeichnet die genaue Nutzung auf und gibt Daten zur\u00fcck, einschlie\u00dflich Geo-Zaun-Sicherheit, Kollision oder Besch\u00e4digung, Batterieladung und Wartungseingriffe, um sicherzustellen, dass die Maschine f\u00fcr Sie optimal funktioniert.<\/p>\n<p>F\u00fcr weitere Informationen zur Verf\u00fcgbarkeit in Ihrem Land klicken Sie bitte auf unsere <a href=\"https:\/\/taski.com\/nachrichten-hilfe-kontakte\/kontakt\/?lang=de\">Kontaktseite<\/a>.<\/p>\n<\/div>\n                                <\/div><\/div>\n              <\/div>\n            <\/div>\n            <div class=\"single-block all yes-spacing dark-grey\">\n              <div class=\"single-block-i\" style=\"background-image:url(https:\/\/staging.taski.com\/wp-content\/uploads\/2020\/12\/Pay-per-use-scaled.jpeg);\">\n                <div class=\"tbl\"><div class=\"cell\">\n                <div class=\"image\"><img decoding=\"async\" src=\"https:\/\/staging.taski.com\/wp-content\/uploads\/2020\/12\/Pay-per-use-scaled.jpeg\"\/><\/div>\n                \n                                <\/div><\/div>\n              <\/div>\n            <\/div>\n  <\/div>\n  <div class=\"cl-fl\"><\/div>\n\n  <div class=\"taski-column-block col-2\" style=\"\">\n                        <div class=\"single-block cta yes-spacing light-grey\">\n              <div class=\"single-block-i\" style=\"background-image:url();\">\n                <div class=\"tbl\"><div class=\"cell\">\n                \n                \n                                  <div class=\"tbl\"><div class=\"cell\">\n                    <div class=\"single-cta-item\">\n                        <div class=\"sci-i\">\n                            <div class=\"sci-item-content\">\n                                <div class=\"t\"><strong>M\u00f6chten sie uns kontaktieren<\/strong><br \/>\noder haben Sie eine Frage?<\/div>\n                                <div class=\"b\"><a href=\"\/news-help-contacts\/ask-paul-contact\/\">Kontakt<\/a><\/div>\n                            <\/div>\n                        <\/div>\n                    <\/div>\n                  <\/div><\/div>\n                                <\/div><\/div>\n              <\/div>\n            <\/div>\n            <div class=\"single-block content-only yes-spacing dark-grey\">\n              <div class=\"single-block-i\" style=\"background-image:url();\">\n                <div class=\"tbl\"><div class=\"cell\">\n                \n                \n                                <\/div><\/div>\n              <\/div>\n            <\/div>\n  <\/div>\n  <div class=\"cl-fl\"><\/div>\n[\/vc_column][\/vc_row][vc_row][vc_column]\n  <div class=\"taski-column-block col-2\" style=\"\">\n                        <div class=\"single-block image-background-cover no-spacing white\">\n              <div class=\"single-block-i\" style=\"background-image:url(https:\/\/staging.taski.com\/wp-content\/uploads\/2020\/12\/machines.jpg);\">\n                <div class=\"tbl\"><div class=\"cell\">\n                \n                \n                                <\/div><\/div>\n              <\/div>\n            <\/div>\n            <div class=\"single-block content-only yes-spacing light-grey\">\n              <div class=\"single-block-i\" style=\"background-image:url();\">\n                <div class=\"tbl\"><div class=\"cell\">\n                \n                <div class=\"content\"><h3><strong>Gebrauchte Maschinen<\/strong><\/h3>\n<p><strong>Das TASKI Gebrauchtmaschinen-Programm bietet die M\u00f6glichkeit, die Qualit\u00e4t und Zuverl\u00e4ssigkeit von TASKI in Form von sorgf\u00e4ltig vorbereiteten und gewarteten Gebrauchtmaschinen zu testen.<\/strong><\/p>\n<p>Reinigungs- und Hygieneexperten kennen die \u00fcberlegenen Gesamtbetriebskosten (TCO) und Gesamtnutzungskosten (TCU) von TASKI. Das Design, die Qualit\u00e4t und die Zuverl\u00e4ssigkeit von TASKI sind legend\u00e4r. Gebrauchte Maschinen, die von TASKI f\u00fcr den Wiederverkauf vorbereitet werden, werden nach strengen Qualit\u00e4tsstandards getestet. Sie haben hohe Anspr\u00fcche, daher bieten wir Ihnen bei TASKI die besten Gebrauchtmaschinen an.<\/p>\n<p>F\u00fcr weitere Details zur Verf\u00fcgbarkeit in Ihrem Land klicken Sie bitte auf unsere <a href=\"https:\/\/taski.com\/nachrichten-hilfe-kontakte\/kontakt\/?lang=de\">Kontaktseite<\/a>.<\/p>\n<\/div>\n                                <\/div><\/div>\n              <\/div>\n            <\/div>\n  <\/div>\n  <div class=\"cl-fl\"><\/div>\n\n  <div class=\"taski-column-block col-2\" style=\"\">\n                        <div class=\"single-block content-only yes-spacing white\">\n              <div class=\"single-block-i\" style=\"background-image:url();\">\n                <div class=\"tbl\"><div class=\"cell\">\n                \n                <div class=\"content\"><p><strong>Brosch\u00fcren &amp; Downloads<\/strong><\/p>\n<ul>\n<li><a href=\"https:\/\/taski.com\/wp-content\/uploads\/2020\/12\/Pre-Owned-Brochure.pdf\" target=\"_blank\" rel=\"noopener\">Pre-Owned Brochure (EN)<\/a><\/li>\n<\/ul>\n<\/div>\n                                <\/div><\/div>\n              <\/div>\n            <\/div>\n            <div class=\"single-block cta yes-spacing light-grey\">\n              <div class=\"single-block-i\" style=\"background-image:url();\">\n                <div class=\"tbl\"><div class=\"cell\">\n                \n                \n                                  <div class=\"tbl\"><div class=\"cell\">\n                    <div class=\"single-cta-item\">\n                        <div class=\"sci-i\">\n                            <div class=\"sci-item-content\">\n                                <div class=\"t\"><strong>M\u00f6chten sie uns kontaktieren<\/strong><br \/>\noder haben Sie eine Frage?<\/div>\n                                <div class=\"b\"><a href=\"\/news-help-contacts\/ask-paul-contact\/\">Kontakt<\/a><\/div>\n                            <\/div>\n                        <\/div>\n                    <\/div>\n                  <\/div><\/div>\n                                <\/div><\/div>\n              <\/div>\n            <\/div>\n  <\/div>\n  <div class=\"cl-fl\"><\/div>\n[\/vc_column][\/vc_row][vc_row][vc_column]\n  <div class=\"three-cta-block\">\n    <div class=\"three-cta-block-i\">\n      <div class=\"row\">\n        <div class=\"three-cta-block-grid\">\n           <div class=\"three-cta-item\">\n            <div class=\"tci-i\">\n             <div class=\"tci-item-content\">\n                <h5><strong>Jetzt <\/strong><br \/>\nmehr<br \/>\nerfahren!<\/h5>\n                <a href=\"\/products-innovations-solutions\/\"><p>Unsere L\u00f6sungen<\/p><\/a>\n             <\/div>\n            <\/div>\n           <\/div>\n           <div class=\"three-cta-item\">\n            <div class=\"tci-i\">\n             <div class=\"tci-item-content\">\n                <h5><strong>Jetzt <\/strong><br \/>\nkonfigurieren!<\/h5>\n                <a href=\"\/taski-maschinenberater\/\"><p>Zum<br \/>\nMaschinen-<br \/>\nBerater<\/p><\/a>\n             <\/div>\n            <\/div>\n           <\/div>\n           <div class=\"three-cta-item\">\n            <div class=\"tci-i\">\n             <div class=\"tci-item-content\">\n                <h5><strong>Jetzt <\/strong><br \/>\nanfragen<\/h5>\n                <a href=\"\/news-help-contacts\/ask-paul-contact\/\"><p>Kontakt<\/p><\/a>\n             <\/div>\n            <\/div>\n           <\/div>\n        <\/div>\n      <\/div>\n    <\/div>\n  <\/div>\n  <div class=\"cl-fl\"><\/div>\n[\/vc_column][\/vc_row]<\/p>\n<\/div>","protected":false},"excerpt":{"rendered":"<p>[vc_row][vc_column][\/vc_column][\/vc_row][vc_row][vc_column][\/vc_column][\/vc_row][vc_row][vc_column][\/vc_column][\/vc_row][vc_row][vc_column][\/vc_column][\/vc_row][vc_row][vc_column][\/vc_column][\/vc_row][vc_row][vc_column][\/vc_column][\/vc_row]<\/p>\n","protected":false},"author":1,"featured_media":0,"parent":0,"menu_order":737,"comment_status":"closed","ping_status":"closed","template":"","meta":{"_acf_changed":false,"_seopress_robots_primary_cat":"","_seopress_titles_title":"","_seopress_titles_desc":"","_seopress_robots_index":"","inline_featured_image":false,"footnotes":""},"class_list":["post-6875","page","type-page","status-publish","hentry"],"acf":[],"_links":{"self":[{"href":"https:\/\/staging.taski.com\/de\/wp-json\/wp\/v2\/pages\/6875","targetHints":{"allow":["GET"]}}],"collection":[{"href":"https:\/\/staging.taski.com\/de\/wp-json\/wp\/v2\/pages"}],"about":[{"href":"https:\/\/staging.taski.com\/de\/wp-json\/wp\/v2\/types\/page"}],"author":[{"embeddable":true,"href":"https:\/\/staging.taski.com\/de\/wp-json\/wp\/v2\/users\/1"}],"replies":[{"embeddable":true,"href":"https:\/\/staging.taski.com\/de\/wp-json\/wp\/v2\/comments?post=6875"}],"version-history":[{"count":10,"href":"https:\/\/staging.taski.com\/de\/wp-json\/wp\/v2\/pages\/6875\/revisions"}],"predecessor-version":[{"id":56221,"href":"https:\/\/staging.taski.com\/de\/wp-json\/wp\/v2\/pages\/6875\/revisions\/56221"}],"wp:attachment":[{"href":"https:\/\/staging.taski.com\/de\/wp-json\/wp\/v2\/media?parent=6875"}],"curies":[{"name":"wp","href":"https:\/\/api.w.org\/{rel}","templated":true}]}}