{"id":6849,"date":"2020-12-01T11:57:42","date_gmt":"2020-12-01T11:57:42","guid":{"rendered":"https:\/\/taski.com\/faqs\/"},"modified":"2022-09-07T09:42:06","modified_gmt":"2022-09-07T09:42:06","slug":"faqs","status":"publish","type":"page","link":"https:\/\/staging.taski.com\/de\/faqs\/","title":{"rendered":"H\u00e4ufig gestellte Fragen (FAQs)"},"content":{"rendered":"<div class=\"wpb-content-wrapper\"><p>[vc_row][vc_column]               <div class=\"row full-row\">\n                 <div class=\"faq-block\">\n                  <div class=\"faq-block-i\">\n                    <div class=\"faq-block-title\"><h2>H\u00e4ufig gestellte Fragen (FAQ)<\/h2><\/div>\n                    <div class=\"faq-block-nav\">\n                      <div class=\"faq-block-nav-grid\">\n                        <a href=\"#\" class=\"active\" data-tab=\"all\">All<\/a>\n                                    <a href=\"#\" data-tab=\"allgemeines\">Allgemeines<\/a>\n\n                                    <a href=\"#\" data-tab=\"industrie-markte-trends-de\">Industrie, M\u00e4rkte &amp; Trends<\/a>\n\n                                    <a href=\"#\" data-tab=\"produkte\">Produkte<\/a>\n\n                \n                      <\/div>\n                    <\/div>\n\n\n                    <div class=\"faq-block-items\">\n                                        <div class=\"faq-block-item produkte\">\n                      <div class=\"fbi-header\"><a href=\"#\">Verkaufen Sie Batteriesauger und kleine Maschinen? <i class=\"fa fa-chevron-down\"><\/i><\/a><\/div>\n                      <div class=\"fbi-content\"><div class=\"fbi-content-i\"><p>Ja, wir stellen die neuesten lithium- und digitalmotorbetriebenen Staubsauger und Scheuersaugmaschinen her. Weitere Details finden Sie auf unserer<a href=\"https:\/\/taski.com\/produkte-innovationen-loesungen\/innovations\/?lang=de\"> Innovationsseite<\/a> und<a href=\"https:\/\/taski.com\/produkte-innovationen-loesungen\/products\/?lang=de\"> Produktseiten<\/a>.<\/p>\n<\/div><\/div>\n                    <\/div>\n                                        <div class=\"faq-block-item industrie-markte-trends-de\">\n                      <div class=\"fbi-header\"><a href=\"#\">Hat TASKI Fallstudien zur Nachhaltigkeit? <i class=\"fa fa-chevron-down\"><\/i><\/a><\/div>\n                      <div class=\"fbi-content\"><div class=\"fbi-content-i\"><p>Ja. Wir k\u00f6nnen sowohl nachhaltige Produkte f\u00fcr Hartb\u00f6den als auch f\u00fcr Teppiche anbieten. Ebenso gibt es innerhalb der Marke TASKI mehrere Innovationen und neue Technologien, die nachhaltig sind. Weitere Details finden Sie auf unserer<a href=\"https:\/\/taski.com\/warum-taski\/about-taski\/nachhaltigkeit\/?lang=de\"> Nachhaltigkeitsseite.<\/a><\/p>\n<\/div><\/div>\n                    <\/div>\n                                        <div class=\"faq-block-item allgemeines\">\n                      <div class=\"fbi-header\"><a href=\"#\">Werden alle TASKI-Maschinen in der Schweiz hergestellt? <i class=\"fa fa-chevron-down\"><\/i><\/a><\/div>\n                      <div class=\"fbi-content\"><div class=\"fbi-content-i\"><p>Nein. TASKI produziert und bezieht haupts\u00e4chlich aus europ\u00e4ischen L\u00e4ndern, aber auch aus Asien. F\u00fcr weitere Details k\u00f6nnen Sie uns gerne direkt <a href=\"https:\/\/taski.com\/nachrichten-hilfe-kontakte\/kontakt\/?lang=de\">kontaktieren.<\/a><\/p>\n<\/div><\/div>\n                    <\/div>\n                                        <div class=\"faq-block-item allgemeines\">\n                      <div class=\"fbi-header\"><a href=\"#\">Wie lange gibt es TASKI schon? <i class=\"fa fa-chevron-down\"><\/i><\/a><\/div>\n                      <div class=\"fbi-content\"><div class=\"fbi-content-i\"><p>\u00dcber 65 Jahre. Wir sind stolz auf unser Schweizer Erbe.<\/p>\n<\/div><\/div>\n                    <\/div>\n                                        <div class=\"faq-block-item allgemeines\">\n                      <div class=\"fbi-header\"><a href=\"#\">Wo befindet sich TASKI? <i class=\"fa fa-chevron-down\"><\/i><\/a><\/div>\n                      <div class=\"fbi-content\"><div class=\"fbi-content-i\"><p>M\u00fcnchwilen liegt im Nordosten der Schweiz &#8211; n\u00f6rdlich von Z\u00fcrich.<\/p>\n<\/div><\/div>\n                    <\/div>\n                                        <div class=\"faq-block-item allgemeines\">\n                      <div class=\"fbi-header\"><a href=\"#\">Ist TASKI Teil von Diversey? <i class=\"fa fa-chevron-down\"><\/i><\/a><\/div>\n                      <div class=\"fbi-content\"><div class=\"fbi-content-i\"><p>Ja und sehr stolz, ein Teil der Diversey-Familie zu sein. TASKI ist eine strategische Gesch\u00e4ftseinheit innerhalb von Diversey. Weitere Details zu Diversey finden Sie unter<a href=\"https:\/\/diversey.com\/en\"> www.diversey.com.<\/a><\/p>\n<p>&nbsp;<\/p>\n<\/div><\/div>\n                    <\/div>\n                                        <div class=\"faq-block-item allgemeines\">\n                      <div class=\"fbi-header\"><a href=\"#\">Welche Regionen und L\u00e4nder bedient TASKI? <i class=\"fa fa-chevron-down\"><\/i><\/a><\/div>\n                      <div class=\"fbi-content\"><div class=\"fbi-content-i\"><p>TASKI ist auf allen Kontinenten und in allen L\u00e4ndern, in denen Diversey vertreten ist, erh\u00e4ltlich. Das sind \u00fcber 80 L\u00e4nder! F\u00fcr weitere Informationen nehmen Sie bitte <a href=\"https:\/\/taski.com\/nachrichten-hilfe-kontakte\/kontakt\/?lang=de\">Kontakt<\/a> mit uns auf und wir werden Sie gerne beraten.<\/p>\n<\/div><\/div>\n                    <\/div>\n                                        <div class=\"faq-block-item allgemeines industrie-markte-trends-de\">\n                      <div class=\"fbi-header\"><a href=\"#\">Haben Sie L\u00f6sungen f\u00fcr die t\u00e4gliche Unterhaltsreinigung? <i class=\"fa fa-chevron-down\"><\/i><\/a><\/div>\n                      <div class=\"fbi-content\"><div class=\"fbi-content-i\"><p>Ja, TASKI hat kleine batteriebetriebene Reinigungsmaschinen entwickelt, um die t\u00e4gliche Unterhaltsreinigung bestreiten zu k\u00f6nnen. Weitere Details finden Sie auf unseren<a href=\"https:\/\/taski.com\/warum-taski\/expert-advice\/aktuelle-trends-best-practice\/?lang=de\">\u00a0Aktuelle Trends &amp; Best Practice<\/a> Seiten.<\/p>\n<\/div><\/div>\n                    <\/div>\n                                        <div class=\"faq-block-item produkte\">\n                      <div class=\"fbi-header\"><a href=\"#\">Hat TASKI nachhaltige Innovationen? <i class=\"fa fa-chevron-down\"><\/i><\/a><\/div>\n                      <div class=\"fbi-content\"><div class=\"fbi-content-i\"><p>Ja. Sowohl Innovationen als auch Technologien. Weitere Details finden Sie in der Rubrik <a href=\"https:\/\/taski.com\/produkte-innovationen-loesungen\/innovations\/?lang=de\">Innovationen<\/a>.<\/p>\n<\/div><\/div>\n                    <\/div>\n                                        <div class=\"faq-block-item industrie-markte-trends-de\">\n                      <div class=\"fbi-header\"><a href=\"#\">Welche Branchen bedient TASKI? <i class=\"fa fa-chevron-down\"><\/i><\/a><\/div>\n                      <div class=\"fbi-content\"><div class=\"fbi-content-i\"><p>TASKI beliefert alle wichtigen M\u00e4rkte und Sektoren. Einschlie\u00dflich Facility Management, Einzelhandel, Gastgewerbe, Gesundheitswesen (akut) und Gesundheitswesen (Langzeitpflege), die \u00f6ffentliche Institutionen und Bildung sowie Lebensmittelservice. Weitere Details finden Sie unter der Rubrik <a href=\"https:\/\/taski.com\/warum-taski\/ihre-maerkte-und-sektoren\/?lang=de\">M\u00e4rkte und Sektoren<\/a>.<\/p>\n<\/div><\/div>\n                    <\/div>\n                                        <div class=\"faq-block-item industrie-markte-trends-de\">\n                      <div class=\"fbi-header\"><a href=\"#\">Wie bleibt TASKI bei Markttrends auf dem Laufenden? <i class=\"fa fa-chevron-down\"><\/i><\/a><\/div>\n                      <div class=\"fbi-content\"><div class=\"fbi-content-i\"><p>TASKI ist anders als jeder andere Maschinenhersteller. Die Zugeh\u00f6rigkeit zu Diversey erm\u00f6glicht es TASKI, der Konkurrenz einen Schritt voraus zu sein. Weitere Details k\u00f6nnen Sie unter<a href=\"https:\/\/taski.com\/warum-taski\/taski-kompetenzen\/?lang=de\"> TASKI-Kompetenzen<\/a> finden.<\/p>\n<\/div><\/div>\n                    <\/div>\n                                        <\/div>\n\n\n                  <\/div>\n                 <\/div>\n               <\/div>\n               <script>\n                    if(window.location.hash) {\n                        \/\/ Fragment exists\n                        var tab_to_call = window.location.hash;\n                        tab_to_call = tab_to_call.replace('#','');\n                        jQuery(window).load( function(){\n                            \/\/jQuery('.faq-block-nav-grid a[data-tab=products-services]').addClass('woo');\n\n                               jQuery('.faq-block-nav-grid a[data-tab='+tab_to_call+']').addClass('woo').trigger('click');\n\n                        });\n                    } else {\n                    \/\/ Fragment doesn't exist\n                    }\n               <\/script>\n[\/vc_column][\/vc_row][vc_row][vc_column][vc_row_inner][vc_column_inner][vc_column_text]<\/p>\n<h2>Ihre Frage wurde noch nicht beantwortet?<br \/>\n<a href=\"https:\/\/taski.com\/nachrichten-hilfe-kontakte\/kontakt\/?lang=de\">Kontaktieren Sie uns<\/a><\/h2>\n<p>Unser Expertenteam ist immer f\u00fcr Sie da. Wir werden Ihre Frage gerne in unseren FAQs teilen.[\/vc_column_text][\/vc_column_inner][\/vc_row_inner][\/vc_column][\/vc_row]<\/p>\n<\/div>","protected":false},"excerpt":{"rendered":"<p>[vc_row][vc_column][\/vc_column][\/vc_row][vc_row][vc_column][vc_row_inner][vc_column_inner][vc_column_text] Ihre Frage wurde noch nicht beantwortet? Kontaktieren Sie uns Unser Expertenteam ist immer f\u00fcr Sie da. Wir werden Ihre Frage gerne in unseren FAQs teilen.[\/vc_column_text][\/vc_column_inner][\/vc_row_inner][\/vc_column][\/vc_row]<\/p>\n","protected":false},"author":1,"featured_media":0,"parent":0,"menu_order":692,"comment_status":"closed","ping_status":"closed","template":"","meta":{"_acf_changed":false,"_seopress_robots_primary_cat":"","_seopress_titles_title":"","_seopress_titles_desc":"","_seopress_robots_index":"","inline_featured_image":false,"footnotes":""},"class_list":["post-6849","page","type-page","status-publish","hentry"],"acf":[],"_links":{"self":[{"href":"https:\/\/staging.taski.com\/de\/wp-json\/wp\/v2\/pages\/6849","targetHints":{"allow":["GET"]}}],"collection":[{"href":"https:\/\/staging.taski.com\/de\/wp-json\/wp\/v2\/pages"}],"about":[{"href":"https:\/\/staging.taski.com\/de\/wp-json\/wp\/v2\/types\/page"}],"author":[{"embeddable":true,"href":"https:\/\/staging.taski.com\/de\/wp-json\/wp\/v2\/users\/1"}],"replies":[{"embeddable":true,"href":"https:\/\/staging.taski.com\/de\/wp-json\/wp\/v2\/comments?post=6849"}],"version-history":[{"count":0,"href":"https:\/\/staging.taski.com\/de\/wp-json\/wp\/v2\/pages\/6849\/revisions"}],"wp:attachment":[{"href":"https:\/\/staging.taski.com\/de\/wp-json\/wp\/v2\/media?parent=6849"}],"curies":[{"name":"wp","href":"https:\/\/api.w.org\/{rel}","templated":true}]}}