{"id":6766,"date":"2020-11-30T07:24:29","date_gmt":"2020-11-30T07:24:29","guid":{"rendered":"https:\/\/taski.com\/produkte-innovationen-loesungen\/innovations\/"},"modified":"2026-03-20T10:23:19","modified_gmt":"2026-03-20T10:23:19","slug":"innovations","status":"publish","type":"page","link":"https:\/\/staging.taski.com\/de\/produkte-innovationen-loesungen\/innovations\/","title":{"rendered":"Innovationen"},"content":{"rendered":"<div class=\"wpb-content-wrapper\"><p>[vc_row][vc_column]\n  <div class=\"page-intro-block size-original-size style-light font-large\">\n         <div class=\"page-intro-block-i\">\n      <div class=\"row\">\n        <div class=\"page-intro-content\">\n            <div class=\"title-block\">\n                                     <h2>TASKI ist marktf\u00fchrend was INNOVATION betrifft.<br \/>\nEs ist in unserer DNA und explizit in unseren <strong>revolution\u00e4ren, preisgekr\u00f6nten Produkten.<\/strong><\/h2>\n                    <p>TASKI bietet Ihnen seit \u00fcber 60 Jahren immer wieder innovative, preisgekr\u00f6nte Designs, Technologien und Produkte.<br \/>\nMit Hunderten von aktiven Patenten ist die Innovationskraft von TASKI sehr stark. Und hier ist der Beweis\u2026<\/p>\n                             <\/div>\n            <div class=\"page-intro-image\">\n                                <div class=\"page-intro-image-alt\">\n                    \n                    <img decoding=\"async\" src=\"https:\/\/staging.taski.com\/wp-content\/uploads\/2022\/04\/ULTIMAXX1900_digital_airport-1920x1080.jpg\" alt=\"\" \/>\n\n                <\/div>\n            <\/div>\n        <\/div>\n      <\/div>\n\n\n    <\/div>\n  <\/div>\n  <div class=\"cl-fl\"><\/div>\n[\/vc_column][\/vc_row][vc_row css=&#8220;.vc_custom_1608399474529{padding-top: 90px !important;padding-bottom: 90px !important;background-color: #fafafa !important;}&#8220;][vc_column][vc_row_inner][vc_column_inner width=&#8220;1\/3&#8243; offset=&#8220;vc_col-lg-4 vc_col-xs-12&#8243;][vc_column_text css=&#8220;&#8220;]<\/p>\n<h2><span style=\"color: #f18a00;\">Revolution\u00e4re Technologien<\/span><\/h2>\n<h3 class=\"ewa-rteLine\">Innovative L\u00f6sungen f\u00fcr h\u00f6here Produktivit\u00e4t, hervorragende Reinigungsergebnisse, Ressourceneinsparung und zur Verbesserung der Luftqualit\u00e4t.<\/h3>\n<h3>Wir nennen sie<strong> Intelligente L\u00f6sungen.<\/strong><\/h3>\n<p>[\/vc_column_text][\/vc_column_inner][vc_column_inner width=&#8220;2\/3&#8243; offset=&#8220;vc_col-lg-8 vc_col-md-12&#8243;]\n  <div class=\"taski-innovations-block\">\n    <div class=\"row\">\n\n        <div class=\"taski-innovations-block-i\">\n   \n\n\n     <div class=\"innovations-grid\">\n\n           <div class=\"innovations-item full-width\"><h3>Operative Effizienz<\/h3><\/div>\n            <div class=\"innovations-item\">\n              <div class=\"its-i\">\n               <a href=\"https:\/\/staging.taski.com\/de\/intelligent-solution\/intellitrail-2-0-next-generation-telemetry\/\">\n                <div class=\"media-w\">\n                    <div class=\"image\">\n                      <div class=\"image-i\">\n\n                            <img decoding=\"async\" src=\"https:\/\/staging.taski.com\/wp-content\/uploads\/2022\/05\/intellitrail.png\" \/>\n\n                      <\/div>\n                    <\/div>\n                <\/div>\n                <div class=\"text\">\n                  <div class=\"tbl\"><div class=\"cell\">\n                    <h4 class=\"title\">IntelliTrail &#038; Analytics<\/h4>\n                  <\/div><\/div>\n                <\/div>\n               <\/a>\n              <\/div>\n            <\/div>\n\n              \n            <div class=\"innovations-item\">\n              <div class=\"its-i\">\n               <a href=\"https:\/\/staging.taski.com\/de\/intelligent-solution\/intellipower-lithium-batterien-fuer-ueberlegene-leistung\/\">\n                <div class=\"media-w\">\n                    <div class=\"image\">\n                      <div class=\"image-i\">\n\n                            <img decoding=\"async\" src=\"https:\/\/staging.taski.com\/wp-content\/uploads\/2020\/12\/TASKI-Intellipower.png\" \/>\n\n                      <\/div>\n                    <\/div>\n                <\/div>\n                <div class=\"text\">\n                  <div class=\"tbl\"><div class=\"cell\">\n                    <h4 class=\"title\">IntelliPower &#8211; Lithium-Batterien f\u00fcr hervorragende Leistung<\/h4>\n                  <\/div><\/div>\n                <\/div>\n               <\/a>\n              <\/div>\n            <\/div>\n\n              \n            <div class=\"innovations-item\">\n              <div class=\"its-i\">\n               <a href=\"https:\/\/staging.taski.com\/de\/intelligent-solution\/ebu\/\">\n                <div class=\"media-w\">\n                    <div class=\"image\">\n                      <div class=\"image-i\">\n\n                            <img decoding=\"async\" src=\"https:\/\/staging.taski.com\/wp-content\/uploads\/2022\/05\/ebu.png\" \/>\n\n                      <\/div>\n                    <\/div>\n                <\/div>\n                <div class=\"text\">\n                  <div class=\"tbl\"><div class=\"cell\">\n                    <h4 class=\"title\">EBU &#8211; Elektronische B\u00fcrsteneinheit<\/h4>\n                  <\/div><\/div>\n                <\/div>\n               <\/a>\n              <\/div>\n            <\/div>\n\n              \n            <div class=\"innovations-item\">\n              <div class=\"its-i\">\n               <a href=\"https:\/\/staging.taski.com\/de\/intelligent-solution\/roller\/\">\n                <div class=\"media-w\">\n                    <div class=\"image\">\n                      <div class=\"image-i\">\n\n                            <img decoding=\"async\" src=\"https:\/\/staging.taski.com\/wp-content\/uploads\/2022\/05\/dual-cylinder.png\" \/>\n\n                      <\/div>\n                    <\/div>\n                <\/div>\n                <div class=\"text\">\n                  <div class=\"tbl\"><div class=\"cell\">\n                    <h4 class=\"title\">Doppelte Walzenb\u00fcrste &#8211; hochproduktives B\u00fcrstendeck<\/h4>\n                  <\/div><\/div>\n                <\/div>\n               <\/a>\n              <\/div>\n            <\/div>\n\n              <div class=\"innovations-item full-width\"><h3>Exzellente Reinigung<\/h3><\/div>\n            <div class=\"innovations-item\">\n              <div class=\"its-i\">\n               <a href=\"https:\/\/staging.taski.com\/de\/intelligent-solution\/patented-squeegee\/\">\n                <div class=\"media-w\">\n                    <div class=\"image\">\n                      <div class=\"image-i\">\n\n                            <img decoding=\"async\" src=\"https:\/\/staging.taski.com\/wp-content\/uploads\/2022\/05\/squeegee.png\" \/>\n\n                      <\/div>\n                    <\/div>\n                <\/div>\n                <div class=\"text\">\n                  <div class=\"tbl\"><div class=\"cell\">\n                    <h4 class=\"title\">Patentierter Abstreifer &#8211; beste Wasseraufnahme der Klasse<\/h4>\n                  <\/div><\/div>\n                <\/div>\n               <\/a>\n              <\/div>\n            <\/div>\n\n              \n            <div class=\"innovations-item\">\n              <div class=\"its-i\">\n               <a href=\"https:\/\/staging.taski.com\/de\/intelligent-solution\/intellitrail-analytics-flottenmanagement-analytik-leicht-gemacht\/\">\n                <div class=\"media-w\">\n                    <div class=\"image\">\n                      <div class=\"image-i\">\n\n                            <img decoding=\"async\" src=\"https:\/\/staging.taski.com\/wp-content\/uploads\/2020\/12\/Analytics.png\" \/>\n\n                      <\/div>\n                    <\/div>\n                <\/div>\n                <div class=\"text\">\n                  <div class=\"tbl\"><div class=\"cell\">\n                    <h4 class=\"title\">IntelliTrail Analytics &#8211; Flottenmanagement-Analytik leicht gemacht<\/h4>\n                  <\/div><\/div>\n                <\/div>\n               <\/a>\n              <\/div>\n            <\/div>\n\n              \n            <div class=\"innovations-item\">\n              <div class=\"its-i\">\n               <a href=\"https:\/\/staging.taski.com\/de\/intelligent-solution\/intellizone\/\">\n                <div class=\"media-w\">\n                    <div class=\"image\">\n                      <div class=\"image-i\">\n\n                            <img decoding=\"async\" src=\"https:\/\/staging.taski.com\/wp-content\/uploads\/2022\/05\/intellizone.png\" \/>\n\n                      <\/div>\n                    <\/div>\n                <\/div>\n                <div class=\"text\">\n                  <div class=\"tbl\"><div class=\"cell\">\n                    <h4 class=\"title\">IntelliZone &#8211; vordefinierte Reinigungsprogramme<\/h4>\n                  <\/div><\/div>\n                <\/div>\n               <\/a>\n              <\/div>\n            <\/div>\n\n              \n            <div class=\"innovations-item\">\n              <div class=\"its-i\">\n               <a href=\"https:\/\/staging.taski.com\/de\/intelligent-solution\/intelliscrub\/\">\n                <div class=\"media-w\">\n                    <div class=\"image\">\n                      <div class=\"image-i\">\n\n                            <img decoding=\"async\" src=\"https:\/\/staging.taski.com\/wp-content\/uploads\/2022\/05\/intelliscrub.png\" \/>\n\n                      <\/div>\n                    <\/div>\n                <\/div>\n                <div class=\"text\">\n                  <div class=\"tbl\"><div class=\"cell\">\n                    <h4 class=\"title\">IntelliScrub &#8211; einstellbarer B\u00fcrstendruck<\/h4>\n                  <\/div><\/div>\n                <\/div>\n               <\/a>\n              <\/div>\n            <\/div>\n\n              \n            <div class=\"innovations-item\">\n              <div class=\"its-i\">\n               <a href=\"https:\/\/staging.taski.com\/de\/intelligent-solution\/orbital\/\">\n                <div class=\"media-w\">\n                    <div class=\"image\">\n                      <div class=\"image-i\">\n\n                            <img decoding=\"async\" src=\"https:\/\/staging.taski.com\/wp-content\/uploads\/2022\/05\/orbital-deck.png\" \/>\n\n                      <\/div>\n                    <\/div>\n                <\/div>\n                <div class=\"text\">\n                  <div class=\"tbl\"><div class=\"cell\">\n                    <h4 class=\"title\">Orbitales B\u00fcrstendeck &#8211; schwere Reinigung<\/h4>\n                  <\/div><\/div>\n                <\/div>\n               <\/a>\n              <\/div>\n            <\/div>\n\n              <div class=\"innovations-item full-width\"><h3>Personnes et s\u00e9curit\u00e9<\/h3><\/div>\n            <div class=\"innovations-item\">\n              <div class=\"its-i\">\n               <a href=\"https:\/\/staging.taski.com\/de\/intelligent-solution\/33458\/\">\n                <div class=\"media-w\">\n                    <div class=\"image\">\n                      <div class=\"image-i\">\n\n                            <img decoding=\"async\" src=\"https:\/\/staging.taski.com\/wp-content\/uploads\/2022\/05\/intellitouch.png\" \/>\n\n                      <\/div>\n                    <\/div>\n                <\/div>\n                <div class=\"text\">\n                  <div class=\"tbl\"><div class=\"cell\">\n                    <h4 class=\"title\">IntelliTouch &#8211; ein intuitiver Multifunktions-Touchscreen<\/h4>\n                  <\/div><\/div>\n                <\/div>\n               <\/a>\n              <\/div>\n            <\/div>\n\n              \n            <div class=\"innovations-item\">\n              <div class=\"its-i\">\n               <a href=\"https:\/\/staging.taski.com\/de\/intelligent-solution\/anti-bac\/\">\n                <div class=\"media-w\">\n                    <div class=\"image\">\n                      <div class=\"image-i\">\n\n                            <img decoding=\"async\" src=\"https:\/\/staging.taski.com\/wp-content\/uploads\/2022\/05\/Intellibac.png\" \/>\n\n                      <\/div>\n                    <\/div>\n                <\/div>\n                <div class=\"text\">\n                  <div class=\"tbl\"><div class=\"cell\">\n                    <h4 class=\"title\">IntelliBac &#8211; Antimikrobieller Schutz<\/h4>\n                  <\/div><\/div>\n                <\/div>\n               <\/a>\n              <\/div>\n            <\/div>\n\n              \n            <div class=\"innovations-item\">\n              <div class=\"its-i\">\n               <a href=\"https:\/\/staging.taski.com\/de\/intelligent-solution\/hepa-filter-fuer-verbesserte-raumluftqualitaet\/\">\n                <div class=\"media-w\">\n                    <div class=\"image\">\n                      <div class=\"image-i\">\n\n                            <img decoding=\"async\" src=\"https:\/\/staging.taski.com\/wp-content\/uploads\/2020\/12\/Untitled-3.png\" \/>\n\n                      <\/div>\n                    <\/div>\n                <\/div>\n                <div class=\"text\">\n                  <div class=\"tbl\"><div class=\"cell\">\n                    <h4 class=\"title\">HEPA-Filter &#8211; f\u00fcr verbesserte Raumluftqualit\u00e4t<\/h4>\n                  <\/div><\/div>\n                <\/div>\n               <\/a>\n              <\/div>\n            <\/div>\n\n              \n            <div class=\"innovations-item\">\n              <div class=\"its-i\">\n               <a href=\"https:\/\/staging.taski.com\/de\/intelligent-solution\/whisper-motor-effiziente-leise-vakuumtechnik\/\">\n                <div class=\"media-w\">\n                    <div class=\"image\">\n                      <div class=\"image-i\">\n\n                            <img decoding=\"async\" src=\"https:\/\/staging.taski.com\/wp-content\/uploads\/2021\/01\/Whisper.png\" \/>\n\n                      <\/div>\n                    <\/div>\n                <\/div>\n                <div class=\"text\">\n                  <div class=\"tbl\"><div class=\"cell\">\n                    <h4 class=\"title\">Fl\u00fcstermotor &#8211; effiziente &amp; leise Saugtechnik<\/h4>\n                  <\/div><\/div>\n                <\/div>\n               <\/a>\n              <\/div>\n            <\/div>\n\n              <div class=\"innovations-item full-width\"><h3>Nachhaltigkeit<\/h3><\/div>\n            <div class=\"innovations-item\">\n              <div class=\"its-i\">\n               <a href=\"https:\/\/staging.taski.com\/de\/intelligent-solution\/digital-motor-motoren-der-naechsten-generation\/\">\n                <div class=\"media-w\">\n                    <div class=\"image\">\n                      <div class=\"image-i\">\n\n                            <img decoding=\"async\" src=\"https:\/\/staging.taski.com\/wp-content\/uploads\/2020\/12\/87204-IMG-TASKI_Digital_Motor_Icon.png\" \/>\n\n                      <\/div>\n                    <\/div>\n                <\/div>\n                <div class=\"text\">\n                  <div class=\"tbl\"><div class=\"cell\">\n                    <h4 class=\"title\">Digital Motor &#8211; Motoren der n\u00e4chsten Generation<\/h4>\n                  <\/div><\/div>\n                <\/div>\n               <\/a>\n              <\/div>\n            <\/div>\n\n              \n            <div class=\"innovations-item\">\n              <div class=\"its-i\">\n               <a href=\"https:\/\/staging.taski.com\/de\/intelligent-solution\/intellidose-automatische-chemikalienverduennung\/\">\n                <div class=\"media-w\">\n                    <div class=\"image\">\n                      <div class=\"image-i\">\n\n                            <img decoding=\"async\" src=\"https:\/\/staging.taski.com\/wp-content\/uploads\/2022\/05\/intellidose.png\" \/>\n\n                      <\/div>\n                    <\/div>\n                <\/div>\n                <div class=\"text\">\n                  <div class=\"tbl\"><div class=\"cell\">\n                    <h4 class=\"title\">IntelliDose \/ IntelliDose Plus &#8211; automatische Chemikalienverd\u00fcnnung<\/h4>\n                  <\/div><\/div>\n                <\/div>\n               <\/a>\n              <\/div>\n            <\/div>\n\n              \n            <div class=\"innovations-item\">\n              <div class=\"its-i\">\n               <a href=\"https:\/\/staging.taski.com\/de\/intelligent-solution\/intelliflow-kontrollierte-wasserverteilung\/\">\n                <div class=\"media-w\">\n                    <div class=\"image\">\n                      <div class=\"image-i\">\n\n                            <img decoding=\"async\" src=\"https:\/\/staging.taski.com\/wp-content\/uploads\/2022\/05\/intelliflow.png\" \/>\n\n                      <\/div>\n                    <\/div>\n                <\/div>\n                <div class=\"text\">\n                  <div class=\"tbl\"><div class=\"cell\">\n                    <h4 class=\"title\">IntelliFlow &#8211; kontrollierte Wasserverteilung<\/h4>\n                  <\/div><\/div>\n                <\/div>\n               <\/a>\n              <\/div>\n            <\/div>\n\n              \n            <div class=\"innovations-item\">\n              <div class=\"its-i\">\n               <a href=\"https:\/\/staging.taski.com\/de\/intelligent-solution\/twister-hochmoderne-diamant-bodenbelaege\/\">\n                <div class=\"media-w\">\n                    <div class=\"image\">\n                      <div class=\"image-i\">\n\n                            <img decoding=\"async\" src=\"https:\/\/staging.taski.com\/wp-content\/uploads\/2020\/12\/87203-IMG-Twister_TASKI_icon-green.png\" \/>\n\n                      <\/div>\n                    <\/div>\n                <\/div>\n                <div class=\"text\">\n                  <div class=\"tbl\"><div class=\"cell\">\n                    <h4 class=\"title\">Twister &#8211; hochmoderne Diamant-Bodenbel\u00e4ge<\/h4>\n                  <\/div><\/div>\n                <\/div>\n               <\/a>\n              <\/div>\n            <\/div>\n\n              \n\n\n    <\/div>\n\n        <div class=\"cl-fl\"><\/div>\n    <\/div>\n  <\/div>\n<\/div>\n[\/vc_column_inner][\/vc_row_inner][\/vc_column][\/vc_row][vc_row][vc_column]\n  <div class=\"three-cta-block\">\n    <div class=\"three-cta-block-i\">\n      <div class=\"row\">\n        <div class=\"three-cta-block-grid\">\n           <div class=\"three-cta-item\">\n            <div class=\"tci-i\">\n             <div class=\"tci-item-content\">\n                <h5><strong>Das TASKI <\/strong><br \/>\nSortiment<\/h5>\n                <a href=\"\/products-innovations-solutions\/products\/\"><p>PRODUKTE &amp;<br \/>\nL\u00d6SUNGEN<\/p><\/a>\n             <\/div>\n            <\/div>\n           <\/div>\n           <div class=\"three-cta-item\">\n            <div class=\"tci-i\">\n             <div class=\"tci-item-content\">\n                <h5><strong>Der TASKI<\/strong><br \/>\nMaschinen-<br \/>\nberater<\/h5>\n                <a href=\"\/taski-selector\/\"><p>FINDEN SIE<br \/>\nIHRE MASCHINE<\/p><\/a>\n             <\/div>\n            <\/div>\n           <\/div>\n           <div class=\"three-cta-item\">\n            <div class=\"tci-i\">\n             <div class=\"tci-item-content\">\n                <h5><strong>Jetzt <\/strong><br \/>\nanfragen<\/h5>\n                <a href=\"https:\/\/taski.com\/nachrichten-hilfe-kontakte\/kontakt\/?lang=de\"><p>Kontakt <\/p><\/a>\n             <\/div>\n            <\/div>\n           <\/div>\n        <\/div>\n      <\/div>\n    <\/div>\n  <\/div>\n  <div class=\"cl-fl\"><\/div>\n[\/vc_column][\/vc_row]<\/p>\n<\/div>","protected":false},"excerpt":{"rendered":"<p>[vc_row][vc_column][\/vc_column][\/vc_row][vc_row css=&#8220;.vc_custom_1608399474529{padding-top: 90px !important;padding-bottom: 90px !important;background-color: #fafafa !important;}&#8220;][vc_column][vc_row_inner][vc_column_inner width=&#8220;1\/3&#8243; offset=&#8220;vc_col-lg-4 vc_col-xs-12&#8243;][vc_column_text css=&#8220;&#8220;] Revolution\u00e4re Technologien Innovative L\u00f6sungen f\u00fcr h\u00f6here Produktivit\u00e4t, hervorragende Reinigungsergebnisse, Ressourceneinsparung und zur Verbesserung der Luftqualit\u00e4t. Wir nennen sie Intelligente L\u00f6sungen. [\/vc_column_text][\/vc_column_inner][vc_column_inner width=&#8220;2\/3&#8243; offset=&#8220;vc_col-lg-8 vc_col-md-12&#8243;][\/vc_column_inner][\/vc_row_inner][\/vc_column][\/vc_row][vc_row][vc_column][\/vc_column][\/vc_row]<\/p>\n","protected":false},"author":1,"featured_media":0,"parent":3952,"menu_order":507,"comment_status":"closed","ping_status":"closed","template":"","meta":{"_acf_changed":false,"_seopress_robots_primary_cat":"","_seopress_titles_title":"","_seopress_titles_desc":"","_seopress_robots_index":"","inline_featured_image":false,"footnotes":""},"class_list":["post-6766","page","type-page","status-publish","hentry"],"acf":[],"_links":{"self":[{"href":"https:\/\/staging.taski.com\/de\/wp-json\/wp\/v2\/pages\/6766","targetHints":{"allow":["GET"]}}],"collection":[{"href":"https:\/\/staging.taski.com\/de\/wp-json\/wp\/v2\/pages"}],"about":[{"href":"https:\/\/staging.taski.com\/de\/wp-json\/wp\/v2\/types\/page"}],"author":[{"embeddable":true,"href":"https:\/\/staging.taski.com\/de\/wp-json\/wp\/v2\/users\/1"}],"replies":[{"embeddable":true,"href":"https:\/\/staging.taski.com\/de\/wp-json\/wp\/v2\/comments?post=6766"}],"version-history":[{"count":2,"href":"https:\/\/staging.taski.com\/de\/wp-json\/wp\/v2\/pages\/6766\/revisions"}],"predecessor-version":[{"id":56115,"href":"https:\/\/staging.taski.com\/de\/wp-json\/wp\/v2\/pages\/6766\/revisions\/56115"}],"up":[{"embeddable":true,"href":"https:\/\/staging.taski.com\/de\/wp-json\/wp\/v2\/pages\/3952"}],"wp:attachment":[{"href":"https:\/\/staging.taski.com\/de\/wp-json\/wp\/v2\/media?parent=6766"}],"curies":[{"name":"wp","href":"https:\/\/api.w.org\/{rel}","templated":true}]}}