{"id":6738,"date":"2020-11-23T12:13:44","date_gmt":"2020-11-23T12:13:44","guid":{"rendered":"https:\/\/taski.com\/warum-taski\/"},"modified":"2026-03-20T09:57:29","modified_gmt":"2026-03-20T09:57:29","slug":"warum-taski","status":"publish","type":"page","link":"https:\/\/staging.taski.com\/de\/warum-taski\/","title":{"rendered":"WARUM TASKI?"},"content":{"rendered":"<div class=\"wpb-content-wrapper\"><p>[vc_row][vc_column]\n  <div class=\"page-intro-block size-fit-image style-light font-large\">\n         <div class=\"page-intro-block-i\">\n      <div class=\"row\">\n        <div class=\"page-intro-content\">\n            <div class=\"title-block\">\n                                     <h2>Wie entwickelt TASKI<br \/>\ndie <strong>ultimative Reinigungsmaschine<\/strong>?<\/h2>\n                                                 <\/div>\n            <div class=\"page-intro-image\">\n                                <div class=\"page-intro-image-alt\">\n                    \n                    <img decoding=\"async\" src=\"https:\/\/staging.taski.com\/wp-content\/uploads\/2020\/11\/Ultimate-Cleaning-Machines.jpg\" alt=\"\" \/>\n\n                <\/div>\n            <\/div>\n        <\/div>\n      <\/div>\n\n\n    <\/div>\n  <\/div>\n  <div class=\"cl-fl\"><\/div>\n[\/vc_column][\/vc_row][vc_row][vc_column]\n  <div class=\"page-description-block style-dark\">\n    <div class=\"page-description-block-i\">\n      <div class=\"row\">\n        <div class=\"page-description-content\">\n          <\/div><\/div><\/div><\/div><\/p>\n<h2>TASKI h\u00f6rt auf seine Kunden und die Umgebung, in der sie arbeiten und<strong> beobachtet die Trends innerhalb dieser Branchen<\/strong>. Dies ist die Grundlage unseres Forschungs- und Entwicklungsprozesses.<\/h2>\n<p>Ultimative Reinigungsmaschinen sind <strong>das Ergebnis<\/strong> aus Ihren Bed\u00fcrfnissen und unserer Innovation.<\/p>\n        <\/div>\n      \n    \n  \n  <div class=\"cl-fl\"><\/div>\n[\/vc_column][\/vc_row][vc_row css=&#8220;.vc_custom_1606748446025{padding-top: 90px !important;padding-bottom: 90px !important;}&#8220;][vc_column css=&#8220;.vc_custom_1606743732250{margin-top: 0px !important;margin-bottom: 0px !important;padding-top: 0px !important;padding-bottom: 0px !important;}&#8220;]\n  <div class=\"taski-carousel-block \" style=\"\">\n    <div class=\"taski-carousel-block-i\">\n\n      <div class=\"taski-carousel-title\"><p>Alles, was wir tun, ist auf Ihre Bed\u00fcrfnisse zugeschnitten<\/p><\/div>\n      <div class=\"row\">\n       <div class=\"taski-carousel-holder\">\n        <div class=\"taski-carousel owl-carousel owl-theme\" id=\"taski-carousel\">\n                                    <div class=\"item taski-slide\">\n                            <div class=\"its-i\">\n                <div class=\"media-w\">\n                    <div class=\"image\">\n                      <div class=\"image-i\">\n                        <img decoding=\"async\" src=\"https:\/\/staging.taski.com\/wp-content\/uploads\/2020\/12\/operational-efficiency.svg\" \/>\n                      <\/div>\n                    <\/div>\n                <\/div>\n                <div class=\"text\">\n                    <div class=\"title\">Betriebseffizienz<\/div>\n                    <p>Steigern Sie die betriebliche Effizienz durch Innovation, Produktivit\u00e4t und Flottenmanagement.<br \/>\nWerfen Sie einen Blick auf unsere aktuellen <strong>Produkt- &amp; Innovationsseiten.<\/strong><\/p>\n                                    <\/div>\n              <\/div>\n                          <\/div>\n            <div class=\"item taski-slide\">\n                            <div class=\"its-i\">\n                <div class=\"media-w\">\n                    <div class=\"image\">\n                      <div class=\"image-i\">\n                        <img decoding=\"async\" src=\"https:\/\/staging.taski.com\/wp-content\/uploads\/2020\/12\/continuous-innovation.svg\" \/>\n                      <\/div>\n                    <\/div>\n                <\/div>\n                <div class=\"text\">\n                    <div class=\"title\">Kontinuierliche Innovation<\/div>\n                    <p>Nutzen Sie die neuesten Technologien und das sogenannte Internet of Clean zur kontinuierlichen Verbesserung.<br \/>\nSchauen Sie sich unsere <strong>intelligenten L\u00f6sungen<\/strong> an, um mehr \u00fcber unsere preisgekr\u00f6nten Innovationen zu erfahren.<\/p>\n                                    <\/div>\n              <\/div>\n                          <\/div>\n            <div class=\"item taski-slide\">\n                            <div class=\"its-i\">\n                <div class=\"media-w\">\n                    <div class=\"image\">\n                      <div class=\"image-i\">\n                        <img decoding=\"async\" src=\"https:\/\/staging.taski.com\/wp-content\/uploads\/2020\/12\/cost-control.svg\" \/>\n                      <\/div>\n                    <\/div>\n                <\/div>\n                <div class=\"text\">\n                    <div class=\"title\">Profitables Wachstum<\/div>\n                    <p>Mechanisieren Sie mehr von Ihren Reinigungsarbeiten, um die Produktivit\u00e4t zu verbessern, die Kosten zu senken und den Gewinn zu steigern.<br \/>\nGehen Sie auf unsere <strong>Finanz- &amp; Service-Seiten<\/strong>, um mehr zu erfahren.<\/p>\n                                    <\/div>\n              <\/div>\n                          <\/div>\n            <div class=\"item taski-slide\">\n                            <div class=\"its-i\">\n                <div class=\"media-w\">\n                    <div class=\"image\">\n                      <div class=\"image-i\">\n                        <img decoding=\"async\" src=\"https:\/\/staging.taski.com\/wp-content\/uploads\/2020\/12\/customer-experience.svg\" \/>\n                      <\/div>\n                    <\/div>\n                <\/div>\n                <div class=\"text\">\n                    <div class=\"title\">Kundenerlebnis<\/div>\n                    <p>Beeindrucken Sie Ihre Kunden und st\u00e4rken Sie gleichzeitig Ihre Marke mit sauberen, sicheren B\u00f6den.<br \/>\nKlicken Sie auf unsere <strong>Branchenseiten<\/strong> f\u00fcr unsere besten L\u00f6sungen auf dem Markt.<\/p>\n                                    <\/div>\n              <\/div>\n                          <\/div>\n            <div class=\"item taski-slide\">\n                            <div class=\"its-i\">\n                <div class=\"media-w\">\n                    <div class=\"image\">\n                      <div class=\"image-i\">\n                        <img decoding=\"async\" src=\"https:\/\/staging.taski.com\/wp-content\/uploads\/2020\/12\/brand-protection.svg\" \/>\n                      <\/div>\n                    <\/div>\n                <\/div>\n                <div class=\"text\">\n                    <div class=\"title\">Markenschutz<\/div>\n                    <p>Sch\u00fctzen Sie Ihre Kunden, G\u00e4ste und Patienten und sch\u00fctzen Sie gleichzeitig Ihre Marke.<br \/>\nKlicken Sie auf unsere <strong>Branchenseiten<\/strong> f\u00fcr unsere besten L\u00f6sungen f\u00fcr Ihren Markt.<\/p>\n                                    <\/div>\n              <\/div>\n                          <\/div>\n            <div class=\"item taski-slide\">\n                            <div class=\"its-i\">\n                <div class=\"media-w\">\n                    <div class=\"image\">\n                      <div class=\"image-i\">\n                        <img decoding=\"async\" src=\"https:\/\/staging.taski.com\/wp-content\/uploads\/2020\/12\/people-safety.svg\" \/>\n                      <\/div>\n                    <\/div>\n                <\/div>\n                <div class=\"text\">\n                    <div class=\"title\">Menschen und Sicherheit<\/div>\n                    <p>Sch\u00fctzen Sie Ihre Kunden, G\u00e4ste, Patienten und Mitarbeiter durch verbesserte Luftqualit\u00e4t, Hygiene und Bodentrocknung.<br \/>\nWerfen Sie einen Blick auf unsere <strong>Produkt- &amp; Innovationsseiten<\/strong>.<\/p>\n                                    <\/div>\n              <\/div>\n                          <\/div>\n            <div class=\"item taski-slide\">\n                            <div class=\"its-i\">\n                <div class=\"media-w\">\n                    <div class=\"image\">\n                      <div class=\"image-i\">\n                        <img decoding=\"async\" src=\"https:\/\/staging.taski.com\/wp-content\/uploads\/2020\/12\/sustainability.svg\" \/>\n                      <\/div>\n                    <\/div>\n                <\/div>\n                <div class=\"text\">\n                    <div class=\"title\">Nachhaltigkeit<\/div>\n                    <p>Reduzieren Sie die Nebenkosten um bis zu 76 % und erf\u00fcllen Sie Ihre betrieblichen Nachhaltigkeitsziele.<br \/>\nSehen Sie sich unsere <strong>intelligenten L\u00f6sungen und Informationsbl\u00e4tter<\/strong> an.<\/p>\n                                    <\/div>\n              <\/div>\n                          <\/div>\n            <div class=\"item taski-slide\">\n                            <div class=\"its-i\">\n                <div class=\"media-w\">\n                    <div class=\"image\">\n                      <div class=\"image-i\">\n                        <img decoding=\"async\" src=\"https:\/\/staging.taski.com\/wp-content\/uploads\/2020\/12\/working-capital-optimisation.svg\" \/>\n                      <\/div>\n                    <\/div>\n                <\/div>\n                <div class=\"text\">\n                    <div class=\"title\">Optimierung des Betriebskapitals<\/div>\n                    <p>Klug investieren: So bekommen Sie mehr Geld. Verbessern Sie Ihren ROI und verk\u00fcrzen Sie Ihre Amortisation.<br \/>\nBesuchen Sie unsere <strong>Finanz- und Service-Seiten<\/strong>, um mehr zu erfahren.<\/p>\n                                    <\/div>\n              <\/div>\n                          <\/div>\n            <div class=\"item taski-slide\">\n                            <div class=\"its-i\">\n                <div class=\"media-w\">\n                    <div class=\"image\">\n                      <div class=\"image-i\">\n                        <img decoding=\"async\" src=\"https:\/\/staging.taski.com\/wp-content\/uploads\/2020\/12\/asset-protection.svg\" \/>\n                      <\/div>\n                    <\/div>\n                <\/div>\n                <div class=\"text\">\n                    <div class=\"title\">Verm\u00f6gensschutz<\/div>\n                    <p>Sch\u00fctzen und pflegen Sie Ihre Geb\u00e4ude und verbessern Sie gleichzeitig das Erscheinungsbild.<br \/>\nKlicken Sie auf unsere <strong>Expertenberatung &amp; Kontaktseiten<\/strong>, um mehr zu erfahren oder Fragen zu stellen<\/p>\n                                    <\/div>\n              <\/div>\n                          <\/div>\n            <div class=\"item taski-slide\">\n                            <div class=\"its-i\">\n                <div class=\"media-w\">\n                    <div class=\"image\">\n                      <div class=\"image-i\">\n                        <img decoding=\"async\" src=\"https:\/\/staging.taski.com\/wp-content\/uploads\/2020\/12\/infection-prevention.svg\" \/>\n                      <\/div>\n                    <\/div>\n                <\/div>\n                <div class=\"text\">\n                    <div class=\"title\">Infektionspr\u00e4vention<\/div>\n                    <p>Sch\u00fctzen Sie Ihre Kunden, G\u00e4ste, Patienten und Ihr Personal mit h\u00f6chsten Hygienestandards.<br \/>\nKlicken Sie auf unsere <strong>Expertenberatung &amp; Kontaktseiten<\/strong>, um mehr zu erfahren oder Fragen zu stellen.<\/p>\n                                    <\/div>\n              <\/div>\n                          <\/div>\n                    <\/div>\n\n        <div class=\"taski-carousel-navigation\">\n          <div class=\"nav-left\">\n            <a href=\"#\"><i class=\"fa fa-chevron-left\"><\/i><\/a>\n          <\/div>\n          <div class=\"nav-description\">\n\n          <\/div>\n          <div class=\"nav-right\">\n            <a href=\"#\"><i class=\"fa fa-chevron-right\"><\/i><\/a>\n          <\/div>\n        <\/div>\n       <\/div>\n      <\/div>\n   <\/div>\n  <\/div>\n  <div class=\"cl-fl\"><\/div>\n[\/vc_column][\/vc_row][vc_row][vc_column]\n  <div class=\"three-cta-block\">\n    <div class=\"three-cta-block-i\">\n      <div class=\"row\">\n        <div class=\"three-cta-block-grid\">\n           <div class=\"three-cta-item\">\n            <div class=\"tci-i\">\n             <div class=\"tci-item-content\">\n                <h5><strong>Unsere <\/strong><br \/>\nBranchenl\u00f6sungen<\/h5>\n                <a href=\"\/warum-taski\/ihre-maerkte-und-sektoren\/?lang=de\"><p>Zu den<br \/>\nSektoren<\/p><\/a>\n             <\/div>\n            <\/div>\n           <\/div>\n           <div class=\"three-cta-item\">\n            <div class=\"tci-i\">\n             <div class=\"tci-item-content\">\n                <h5><strong>Die TASKI <\/strong><br \/>\nNeuheiten<\/h5>\n                <a href=\"\/produkte-innovationen-loesungen\/innovations\/?lang=de\"><p>Zu den<br \/>\nInnovationen<\/p><\/a>\n             <\/div>\n            <\/div>\n           <\/div>\n           <div class=\"three-cta-item\">\n            <div class=\"tci-i\">\n             <div class=\"tci-item-content\">\n                <h5><strong>Jetzt <\/strong><br \/>\nanfragen<\/h5>\n                <a href=\"\/nachrichten-hilfe-kontakte\/kontakt\/?lang=de\"><p>Kontakt<\/p><\/a>\n             <\/div>\n            <\/div>\n           <\/div>\n        <\/div>\n      <\/div>\n    <\/div>\n  <\/div>\n  <div class=\"cl-fl\"><\/div>\n[\/vc_column][\/vc_row]\n","protected":false},"excerpt":{"rendered":"<p>[vc_row][vc_column][\/vc_column][\/vc_row][vc_row][vc_column][\/vc_column][\/vc_row][vc_row css=&#8220;.vc_custom_1606748446025{padding-top: 90px !important;padding-bottom: 90px !important;}&#8220;][vc_column css=&#8220;.vc_custom_1606743732250{margin-top: 0px !important;margin-bottom: 0px !important;padding-top: 0px !important;padding-bottom: 0px !important;}&#8220;][\/vc_column][\/vc_row][vc_row][vc_column][\/vc_column][\/vc_row]<\/p>\n","protected":false},"author":1,"featured_media":0,"parent":0,"menu_order":543,"comment_status":"closed","ping_status":"closed","template":"","meta":{"_acf_changed":false,"_seopress_robots_primary_cat":"","_seopress_titles_title":"","_seopress_titles_desc":"","_seopress_robots_index":"","inline_featured_image":false,"footnotes":""},"class_list":["post-6738","page","type-page","status-publish","hentry"],"acf":[],"_links":{"self":[{"href":"https:\/\/staging.taski.com\/de\/wp-json\/wp\/v2\/pages\/6738","targetHints":{"allow":["GET"]}}],"collection":[{"href":"https:\/\/staging.taski.com\/de\/wp-json\/wp\/v2\/pages"}],"about":[{"href":"https:\/\/staging.taski.com\/de\/wp-json\/wp\/v2\/types\/page"}],"author":[{"embeddable":true,"href":"https:\/\/staging.taski.com\/de\/wp-json\/wp\/v2\/users\/1"}],"replies":[{"embeddable":true,"href":"https:\/\/staging.taski.com\/de\/wp-json\/wp\/v2\/comments?post=6738"}],"version-history":[{"count":1,"href":"https:\/\/staging.taski.com\/de\/wp-json\/wp\/v2\/pages\/6738\/revisions"}],"predecessor-version":[{"id":56109,"href":"https:\/\/staging.taski.com\/de\/wp-json\/wp\/v2\/pages\/6738\/revisions\/56109"}],"wp:attachment":[{"href":"https:\/\/staging.taski.com\/de\/wp-json\/wp\/v2\/media?parent=6738"}],"curies":[{"name":"wp","href":"https:\/\/api.w.org\/{rel}","templated":true}]}}