{"id":6728,"date":"2020-11-30T09:06:34","date_gmt":"2020-11-30T09:06:34","guid":{"rendered":"https:\/\/taski.com\/taski-kompetenzen\/"},"modified":"2026-03-20T15:25:01","modified_gmt":"2026-03-20T15:25:01","slug":"taski-kompetenzen","status":"publish","type":"page","link":"https:\/\/staging.taski.com\/de\/warum-taski\/taski-kompetenzen\/","title":{"rendered":"TASKI-Kompetenzen"},"content":{"rendered":"<div class=\"wpb-content-wrapper\"><p>[vc_row][vc_column]\n  <div class=\"page-intro-block size-fit-image style-light font-large\">\n         <div class=\"page-intro-block-i\">\n      <div class=\"row\">\n        <div class=\"page-intro-content\">\n            <div class=\"title-block\">\n                                     <h2>Warum kann TASKI von sich behaupten,<br \/>\nder Hersteller der<br \/>\n<strong>ULTIMATIVEN Reinigungsmaschinen zu sein?<\/strong><\/h2>\n                                                 <\/div>\n            <div class=\"page-intro-image\">\n                                <div class=\"page-intro-image-alt\">\n                    \n                    <img decoding=\"async\" src=\"https:\/\/staging.taski.com\/wp-content\/uploads\/2020\/11\/Ultimate-Cleaning-Machines.jpg\" alt=\"\" \/>\n\n                <\/div>\n            <\/div>\n        <\/div>\n      <\/div>\n\n\n    <\/div>\n  <\/div>\n  <div class=\"cl-fl\"><\/div>\n[\/vc_column][\/vc_row][vc_row][vc_column]\n  <div class=\"page-description-block style-dark\">\n    <div class=\"page-description-block-i\">\n      <div class=\"row\">\n        <div class=\"page-description-content\">\n          <\/div><\/div><\/div><\/div><\/p>\n<h3>TASKI ist eine weltweit f\u00fchrende <strong>Marke<\/strong> in Sachen mechanischer Reinigung. Der Ruf von TASKI als <strong>brillant konstruierte<\/strong> Schweizer Marke ist weithin bekannt. Unsere Produkte sind aus hochwertigen Komponenten konstruiert und auf <strong>eine lange Lebensdauer ausgelegt<\/strong>.<br \/>\nAber die Wahrheit geht tiefer als das&#8230;<\/h3>\n<h3>Die DNA von TASKI l\u00e4sst sich am Besten in <strong>9 Kernkompetenzen <\/strong>zusammenfassen.<\/h3>\n<\/div>\n      \n    \n  \n  <div class=\"cl-fl\"><\/div>\n[\/vc_column][\/vc_row][vc_row css=&#8220;.vc_custom_1606748446025{padding-top: 90px !important;padding-bottom: 90px !important;}&#8220;][vc_column css=&#8220;.vc_custom_1606743732250{margin-top: 0px !important;margin-bottom: 0px !important;padding-top: 0px !important;padding-bottom: 0px !important;}&#8220;]\n  <div class=\"taski-carousel-block \" style=\"\">\n    <div class=\"taski-carousel-block-i\">\n\n      <div class=\"taski-carousel-title\"><p>Alles, was wir tun, ist auf Ihre Bed\u00fcrfnisse zugeschnitten<\/p><\/div>\n      <div class=\"row\">\n       <div class=\"taski-carousel-holder\">\n        <div class=\"taski-carousel owl-carousel owl-theme\" id=\"taski-carousel\">\n                                    <div class=\"item taski-slide\">\n                              <a class=\"video-play\" href=\"#\" data-src=\"https:\/\/player.vimeo.com\/video\/485889180\">\n                    <div class=\"media-w\">\n                        <div class=\"image\">\n                            <img decoding=\"async\" src=\"https:\/\/staging.taski.com\/wp-content\/uploads\/2020\/12\/Customer-market-insight.jpg\" \/>\n                        <\/div>\n                        <div class=\"video-embed\">\n                            <iframe loading=\"lazy\" id=\"\" src=\"\" width=\"100%\" height=\"100%\" frameborder=\"0\" style=\"position:absolute;top:0;left:0;width:100%;height:100%;\"   allow=\"autoplay; fullscreen\" muted webkitallowfullscreen mozallowfullscreen allowfullscreen><\/iframe>\n                        <\/div>\n                    <\/div>\n                <\/a>\n                    <div class=\"text\">\n                        <div class=\"title\">1. Kunden- &amp; Markteinblick<\/div>\n                        <p>Unsere Kunden treiben unser Gesch\u00e4ft voran und erwarten das Beste.<\/p>\n                        <div class=\"btn\"><a href=\"\/why-taski\/your-markets-sectors\/\">M\u00f6chten Sie mehr erfahren?<\/a><\/div>                    <\/div>\n                          <\/div>\n            <div class=\"item taski-slide\">\n                              <a class=\"video-play\" href=\"#\" data-src=\"https:\/\/player.vimeo.com\/video\/485889302\">\n                    <div class=\"media-w\">\n                        <div class=\"image\">\n                            <img decoding=\"async\" src=\"https:\/\/staging.taski.com\/wp-content\/uploads\/2020\/12\/2-innovation.jpg\" \/>\n                        <\/div>\n                        <div class=\"video-embed\">\n                            <iframe loading=\"lazy\" id=\"\" src=\"\" width=\"100%\" height=\"100%\" frameborder=\"0\" style=\"position:absolute;top:0;left:0;width:100%;height:100%;\"   allow=\"autoplay; fullscreen\" muted webkitallowfullscreen mozallowfullscreen allowfullscreen><\/iframe>\n                        <\/div>\n                    <\/div>\n                <\/a>\n                    <div class=\"text\">\n                        <div class=\"title\">2. Innovation<\/div>\n                        <p>Unsere Designer fordern gern fest verwurzelte Vorstellungen heraus - innovativ und optimierend.<\/p>\n                        <div class=\"btn\"><a href=\"\/products-innovations-solutions\/innovations\/\">M\u00f6chten Sie mehr erfahren?<\/a><\/div>                    <\/div>\n                          <\/div>\n            <div class=\"item taski-slide\">\n                              <a class=\"video-play\" href=\"#\" data-src=\"https:\/\/player.vimeo.com\/video\/485889311\">\n                    <div class=\"media-w\">\n                        <div class=\"image\">\n                            <img decoding=\"async\" src=\"https:\/\/staging.taski.com\/wp-content\/uploads\/2021\/01\/Swingo-2100-image-scaled.jpg\" \/>\n                        <\/div>\n                        <div class=\"video-embed\">\n                            <iframe loading=\"lazy\" id=\"\" src=\"\" width=\"100%\" height=\"100%\" frameborder=\"0\" style=\"position:absolute;top:0;left:0;width:100%;height:100%;\"   allow=\"autoplay; fullscreen\" muted webkitallowfullscreen mozallowfullscreen allowfullscreen><\/iframe>\n                        <\/div>\n                    <\/div>\n                <\/a>\n                    <div class=\"text\">\n                        <div class=\"title\">3. Erstklassige Produkte<\/div>\n                        <p>Aus den hochwertigsten Komponenten gebaut - f\u00fcr hervorragende Produktivit\u00e4t und Reinigungsleistung.<\/p>\n                        <div class=\"btn\"><a href=\"\/products-innovations-solutions\/products\/\">M\u00f6chten Sie mehr erfahren?<\/a><\/div>                    <\/div>\n                          <\/div>\n            <div class=\"item taski-slide\">\n                              <a class=\"video-play\" href=\"#\" data-src=\"https:\/\/player.vimeo.com\/video\/485889423\">\n                    <div class=\"media-w\">\n                        <div class=\"image\">\n                            <img decoding=\"async\" src=\"https:\/\/staging.taski.com\/wp-content\/uploads\/2020\/12\/expert-advice.jpg\" \/>\n                        <\/div>\n                        <div class=\"video-embed\">\n                            <iframe loading=\"lazy\" id=\"\" src=\"\" width=\"100%\" height=\"100%\" frameborder=\"0\" style=\"position:absolute;top:0;left:0;width:100%;height:100%;\"   allow=\"autoplay; fullscreen\" muted webkitallowfullscreen mozallowfullscreen allowfullscreen><\/iframe>\n                        <\/div>\n                    <\/div>\n                <\/a>\n                    <div class=\"text\">\n                        <div class=\"title\">4. Fachkundige Beratung<\/div>\n                        <p>Unser Arbeitsansatz ist beratungsorientiert.<\/p>\n                        <div class=\"btn\"><a href=\"\/expert-advice\/\">M\u00f6chten Sie mehr erfahren?<\/a><\/div>                    <\/div>\n                          <\/div>\n            <div class=\"item taski-slide\">\n                              <a class=\"video-play\" href=\"#\" data-src=\"https:\/\/player.vimeo.com\/video\/485889497\">\n                    <div class=\"media-w\">\n                        <div class=\"image\">\n                            <img decoding=\"async\" src=\"https:\/\/staging.taski.com\/wp-content\/uploads\/2020\/12\/cleaning-excellence.jpg\" \/>\n                        <\/div>\n                        <div class=\"video-embed\">\n                            <iframe loading=\"lazy\" id=\"\" src=\"\" width=\"100%\" height=\"100%\" frameborder=\"0\" style=\"position:absolute;top:0;left:0;width:100%;height:100%;\"   allow=\"autoplay; fullscreen\" muted webkitallowfullscreen mozallowfullscreen allowfullscreen><\/iframe>\n                        <\/div>\n                    <\/div>\n                <\/a>\n                    <div class=\"text\">\n                        <div class=\"title\">5. Ausgezeichnete Reinigung<\/div>\n                        <p>Wenn Sie es mit der Reinigung ernst meinen, entscheiden Sie sich f\u00fcr TASKI.<\/p>\n                        <div class=\"btn\"><a href=\"\/products-innovations-solutions\/products\/\">M\u00f6chten Sie mehr erfahren?<\/a><\/div>                    <\/div>\n                          <\/div>\n            <div class=\"item taski-slide\">\n                              <a class=\"video-play\" href=\"#\" data-src=\"https:\/\/player.vimeo.com\/video\/485889571\">\n                    <div class=\"media-w\">\n                        <div class=\"image\">\n                            <img decoding=\"async\" src=\"https:\/\/staging.taski.com\/wp-content\/uploads\/2020\/12\/internet-of-clean.jpg\" \/>\n                        <\/div>\n                        <div class=\"video-embed\">\n                            <iframe loading=\"lazy\" id=\"\" src=\"\" width=\"100%\" height=\"100%\" frameborder=\"0\" style=\"position:absolute;top:0;left:0;width:100%;height:100%;\"   allow=\"autoplay; fullscreen\" muted webkitallowfullscreen mozallowfullscreen allowfullscreen><\/iframe>\n                        <\/div>\n                    <\/div>\n                <\/a>\n                    <div class=\"text\">\n                        <div class=\"title\">6. Internet of clean<\/div>\n                        <p>Niemand hat mehr f\u00fcr die Entwicklung des Internet of Clean getan als Diversey.<br \/>\nNiemand hat mehr Ger\u00e4te mit intelligenten Daten verkn\u00fcpft als TASKI.<\/p>\n                        <div class=\"btn\"><a href=\"\/products-innovations-solutions\/innovations\/\">M\u00f6chten Sie mehr erfahren?<\/a><\/div>                    <\/div>\n                          <\/div>\n            <div class=\"item taski-slide\">\n                              <a class=\"video-play\" href=\"#\" data-src=\"https:\/\/player.vimeo.com\/video\/485889628\">\n                    <div class=\"media-w\">\n                        <div class=\"image\">\n                            <img decoding=\"async\" src=\"https:\/\/staging.taski.com\/wp-content\/uploads\/2020\/12\/sutainability.jpg\" \/>\n                        <\/div>\n                        <div class=\"video-embed\">\n                            <iframe loading=\"lazy\" id=\"\" src=\"\" width=\"100%\" height=\"100%\" frameborder=\"0\" style=\"position:absolute;top:0;left:0;width:100%;height:100%;\"   allow=\"autoplay; fullscreen\" muted webkitallowfullscreen mozallowfullscreen allowfullscreen><\/iframe>\n                        <\/div>\n                    <\/div>\n                <\/a>\n                    <div class=\"text\">\n                        <div class=\"title\">7. Nachhaltigkeit<\/div>\n                        <p>Nachhaltigkeit ist nicht nur Gr\u00fcn. Bei TASKI ist Nachhaltigkeit Orange. Nachhaltigkeit ist der Kern von allem, was wir tun.<\/p>\n                        <div class=\"btn\"><a href=\"\/why-taski\/about-taski\/sustainability\/\">M\u00f6chten Sie mehr erfahren?<\/a><\/div>                    <\/div>\n                          <\/div>\n            <div class=\"item taski-slide\">\n                              <a class=\"video-play\" href=\"#\" data-src=\"https:\/\/player.vimeo.com\/video\/485889651\">\n                    <div class=\"media-w\">\n                        <div class=\"image\">\n                            <img decoding=\"async\" src=\"https:\/\/staging.taski.com\/wp-content\/uploads\/2020\/12\/tco.jpg\" \/>\n                        <\/div>\n                        <div class=\"video-embed\">\n                            <iframe loading=\"lazy\" id=\"\" src=\"\" width=\"100%\" height=\"100%\" frameborder=\"0\" style=\"position:absolute;top:0;left:0;width:100%;height:100%;\"   allow=\"autoplay; fullscreen\" muted webkitallowfullscreen mozallowfullscreen allowfullscreen><\/iframe>\n                        <\/div>\n                    <\/div>\n                <\/a>\n                    <div class=\"text\">\n                        <div class=\"title\">8. Niedrigste TCO<\/div>\n                        <p>Wir senken die Kosten f\u00fcr Sie in allen Betriebsphasen.<\/p>\n                        <div class=\"btn\"><a href=\"\/taski-maschinenberater\/\">M\u00f6chten Sie mehr erfahren?<\/a><\/div>                    <\/div>\n                          <\/div>\n            <div class=\"item taski-slide\">\n                              <a class=\"video-play\" href=\"#\" data-src=\"https:\/\/player.vimeo.com\/video\/485889723\">\n                    <div class=\"media-w\">\n                        <div class=\"image\">\n                            <img decoding=\"async\" src=\"https:\/\/staging.taski.com\/wp-content\/uploads\/2021\/01\/ISS-Customer-Endorsement.jpg\" \/>\n                        <\/div>\n                        <div class=\"video-embed\">\n                            <iframe loading=\"lazy\" id=\"\" src=\"\" width=\"100%\" height=\"100%\" frameborder=\"0\" style=\"position:absolute;top:0;left:0;width:100%;height:100%;\"   allow=\"autoplay; fullscreen\" muted webkitallowfullscreen mozallowfullscreen allowfullscreen><\/iframe>\n                        <\/div>\n                    <\/div>\n                <\/a>\n                    <div class=\"text\">\n                        <div class=\"title\">9. Kundenempfehlung<\/div>\n                        <p>Die st\u00e4rkste Best\u00e4tigung daf\u00fcr sind unsere zufriedenen und treuen Kunden.<\/p>\n                        <div class=\"btn\"><a href=\"\/nachrichten-hilfe-kontakte\/\">M\u00f6chten Sie mehr erfahren?<\/a><\/div>                    <\/div>\n                          <\/div>\n                    <\/div>\n\n        <div class=\"taski-carousel-navigation\">\n          <div class=\"nav-left\">\n            <a href=\"#\"><i class=\"fa fa-chevron-left\"><\/i><\/a>\n          <\/div>\n          <div class=\"nav-description\">\n\n          <\/div>\n          <div class=\"nav-right\">\n            <a href=\"#\"><i class=\"fa fa-chevron-right\"><\/i><\/a>\n          <\/div>\n        <\/div>\n       <\/div>\n      <\/div>\n   <\/div>\n  <\/div>\n  <div class=\"cl-fl\"><\/div>\n[\/vc_column][\/vc_row][vc_row][vc_column]\n  <div class=\"three-cta-block\">\n    <div class=\"three-cta-block-i\">\n      <div class=\"row\">\n        <div class=\"three-cta-block-grid\">\n           <div class=\"three-cta-item\">\n            <div class=\"tci-i\">\n             <div class=\"tci-item-content\">\n                <h5><strong>Unsere<\/strong><br \/>\nBranchenl\u00f6sungen<\/h5>\n                <a href=\"\/warum-taski\/ihre-maerkte-und-sektoren\/?lang=de\"><p>Zu den<br \/>\nSektoren<\/p><\/a>\n             <\/div>\n            <\/div>\n           <\/div>\n           <div class=\"three-cta-item\">\n            <div class=\"tci-i\">\n             <div class=\"tci-item-content\">\n                <h5><strong> Die TASKI <\/strong><br \/>\nNeuheiten<\/h5>\n                <a href=\"\/produkte-innovationen-loesungen\/innovations\/?lang=de\"><p>TASKI Innovationen<\/p><\/a>\n             <\/div>\n            <\/div>\n           <\/div>\n           <div class=\"three-cta-item\">\n            <div class=\"tci-i\">\n             <div class=\"tci-item-content\">\n                <h5><strong>Jetzt <\/strong><br \/>\nanfragen<\/h5>\n                <a href=\"\/nachrichten-hilfe-kontakte\/kontakt\/?lang=de\"><p>Kontakt<\/p><\/a>\n             <\/div>\n            <\/div>\n           <\/div>\n        <\/div>\n      <\/div>\n    <\/div>\n  <\/div>\n  <div class=\"cl-fl\"><\/div>\n[\/vc_column][\/vc_row]\n","protected":false},"excerpt":{"rendered":"<p>[vc_row][vc_column][\/vc_column][\/vc_row][vc_row][vc_column][\/vc_column][\/vc_row][vc_row css=&#8220;.vc_custom_1606748446025{padding-top: 90px !important;padding-bottom: 90px !important;}&#8220;][vc_column css=&#8220;.vc_custom_1606743732250{margin-top: 0px !important;margin-bottom: 0px !important;padding-top: 0px !important;padding-bottom: 0px !important;}&#8220;][\/vc_column][\/vc_row][vc_row][vc_column][\/vc_column][\/vc_row]<\/p>\n","protected":false},"author":1,"featured_media":0,"parent":6738,"menu_order":680,"comment_status":"closed","ping_status":"closed","template":"","meta":{"_acf_changed":false,"_seopress_robots_primary_cat":"","_seopress_titles_title":"","_seopress_titles_desc":"","_seopress_robots_index":"","inline_featured_image":false,"footnotes":""},"class_list":["post-6728","page","type-page","status-publish","hentry"],"acf":[],"_links":{"self":[{"href":"https:\/\/staging.taski.com\/de\/wp-json\/wp\/v2\/pages\/6728","targetHints":{"allow":["GET"]}}],"collection":[{"href":"https:\/\/staging.taski.com\/de\/wp-json\/wp\/v2\/pages"}],"about":[{"href":"https:\/\/staging.taski.com\/de\/wp-json\/wp\/v2\/types\/page"}],"author":[{"embeddable":true,"href":"https:\/\/staging.taski.com\/de\/wp-json\/wp\/v2\/users\/1"}],"replies":[{"embeddable":true,"href":"https:\/\/staging.taski.com\/de\/wp-json\/wp\/v2\/comments?post=6728"}],"version-history":[{"count":2,"href":"https:\/\/staging.taski.com\/de\/wp-json\/wp\/v2\/pages\/6728\/revisions"}],"predecessor-version":[{"id":56119,"href":"https:\/\/staging.taski.com\/de\/wp-json\/wp\/v2\/pages\/6728\/revisions\/56119"}],"up":[{"embeddable":true,"href":"https:\/\/staging.taski.com\/de\/wp-json\/wp\/v2\/pages\/6738"}],"wp:attachment":[{"href":"https:\/\/staging.taski.com\/de\/wp-json\/wp\/v2\/media?parent=6728"}],"curies":[{"name":"wp","href":"https:\/\/api.w.org\/{rel}","templated":true}]}}