{"id":6721,"date":"2020-11-30T09:07:09","date_gmt":"2020-11-30T09:07:09","guid":{"rendered":"https:\/\/taski.com\/expert-advice\/"},"modified":"2021-12-08T08:08:03","modified_gmt":"2021-12-08T08:08:03","slug":"expert-advice","status":"publish","type":"page","link":"https:\/\/staging.taski.com\/de\/warum-taski\/expert-advice\/","title":{"rendered":"Fachkundige Beratung"},"content":{"rendered":"<div class=\"wpb-content-wrapper\"><p>[vc_row][vc_column]\n  <div class=\"page-intro-block size-fit-image style-dark font-large\">\n         <div class=\"page-intro-block-i\">\n      <div class=\"row\">\n        <div class=\"page-intro-content\">\n            <div class=\"title-block\">\n                                     <h2>Wir bieten <strong>fachkundige Beratung<\/strong><\/h2>\n                                                 <\/div>\n            <div class=\"page-intro-image\">\n                                <div class=\"page-intro-image-alt\">\n                    \n                    <img decoding=\"async\" src=\"https:\/\/staging.taski.com\/wp-content\/uploads\/2020\/12\/expert-advice-1.jpg\" alt=\"\" \/>\n\n                <\/div>\n            <\/div>\n        <\/div>\n      <\/div>\n\n\n    <\/div>\n  <\/div>\n  <div class=\"cl-fl\"><\/div>\n[\/vc_column][\/vc_row][vc_row css=&#8220;.vc_custom_1608124915381{padding-top: 70px !important;padding-bottom: 90px !important;}&#8220;][vc_column]\n\n\n  <div class=\"taski-carousel-block\">\n    <div class=\"taski-carousel-block-i\">\n      <div class=\"row\">\n       <div class=\"taski-carousel-holder\">\n        <div class=\"taski-carousel owl-carousel owl-theme\" id=\"taski-carousel\">\n                               <div class=\"item taski-slide\">\n              <div class=\"its-i\">\n                <div class=\"media-w\">\n                    <div class=\"image\">\n                      <div class=\"image-i\">\n                        <img decoding=\"async\" src=\"https:\/\/staging.taski.com\/wp-content\/uploads\/2021\/09\/88828-VCT-TASKI_Augmented_Reality_App_Icon-HRNC_Rotary-1.png\" \/>\n                      <\/div>\n                    <\/div>\n                <\/div>\n                <div class=\"text\">\n                    <div class=\"title\">TASKI AR &#038; IntelliSupport<\/div>\n                    <p>[vc_row][vc_column][vc_empty_space][vc_custom_heading text=&#8220;Ihre Maschinen-App f\u00fcr Wartung, Self-Service, Demos &amp; TASKI IntelliSupport&#8220; font_container=&#8220;tag:h2|text_align:center|color:%23f48938&#8243; use_theme_fonts=&#8220;yes&#8220; css=&#8220;.vc_custom_1631026731389{padding-top: 50px !important;padding-right: 50px !important;padding-bottom: 50px !important;padding-left: 50px !important;border-radius: 35px !important;}&#8220;][vc_single_image image=&#8220;21644&#8243; img_size=&#8220;medium&#8220; alignment=&#8220;center&#8220; title=&#8220;TASKI AR jetzt downloaden!&#8220;][vc_single_image image=&#8220;21633&#8243; img_size=&#8220;Full&#8220; alignment=&#8220;center&#8220; css=&#8220;.vc_custom_1631026756157{background-color: #636363 !important;}&#8220;][\/vc_column][\/vc_row][vc_row][vc_column][\/vc_column][\/vc_row][vc_row][vc_column][\/vc_column][\/vc_row][vc_row][vc_column width=&#8220;1\/3&#8243;][\/vc_column][vc_column width=&#8220;1\/3&#8243;][\/vc_column][vc_column width=&#8220;1\/3&#8243;][\/vc_column][\/vc_row][vc_row][vc_column][vc_tta_pageable][vc_tta_section title=&#8220;Section 2&#8243; tab_id=&#8220;1631026491373-6403a758-95b8&#8243;][\/vc_tta_section][\/vc_tta_pageable][\/vc_column][\/vc_row]<\/p>\n                    <div class=\"btn\"><a href=\"https:\/\/staging.taski.com\/de\/warum-taski\/expert-advice\/taski-ar-intellisupport\/\">Finde mehr heraus<\/a><\/div>\n                <\/div>\n              <\/div>\n            <\/div>\n                                <div class=\"item taski-slide\">\n              <div class=\"its-i\">\n                <div class=\"media-w\">\n                    <div class=\"image\">\n                      <div class=\"image-i\">\n                        <img decoding=\"async\" src=\"https:\/\/staging.taski.com\/wp-content\/uploads\/2021\/01\/Sinners-Circle.png\" \/>\n                      <\/div>\n                    <\/div>\n                <\/div>\n                <div class=\"text\">\n                    <div class=\"title\">Der Sinnersche Kreis<\/div>\n                    <p>Bei TASKI und Diversey verstehen wir wirklich alle Aspekte der Reinigung und Hygiene. Dank unseres breiten Portfolios sind wir ideal positioniert, um Ihr kompletter Hygienepartner zu sein.<\/p>\n                    <div class=\"btn\"><a href=\"https:\/\/staging.taski.com\/de\/warum-taski\/expert-advice\/sinnersche-kreis\/\">Finde mehr heraus<\/a><\/div>\n                <\/div>\n              <\/div>\n            <\/div>\n                                <div class=\"item taski-slide\">\n              <div class=\"its-i\">\n                <div class=\"media-w\">\n                    <div class=\"image\">\n                      <div class=\"image-i\">\n                        <img decoding=\"async\" src=\"https:\/\/staging.taski.com\/wp-content\/uploads\/2020\/12\/electronic-tools-1.jpg\" \/>\n                      <\/div>\n                    <\/div>\n                <\/div>\n                <div class=\"text\">\n                    <div class=\"title\">Elektronische Hilfsmittel<\/div>\n                    <p>Elektronische Werkzeuge, mit denen Sie auf Knopfdruck Ihr eigener Experte sein k\u00f6nnen.\r\nTASKI Selector \/ TASKI APP \/ IntelliTrail Analytics \/ Fernsteuerung<\/p>\n                    <div class=\"btn\"><a href=\"https:\/\/staging.taski.com\/de\/warum-taski\/expert-advice\/elektronische-hilfsmittel\/\">Finde mehr heraus<\/a><\/div>\n                <\/div>\n              <\/div>\n            <\/div>\n                                <div class=\"item taski-slide\">\n              <div class=\"its-i\">\n                <div class=\"media-w\">\n                    <div class=\"image\">\n                      <div class=\"image-i\">\n                        <img decoding=\"async\" src=\"https:\/\/staging.taski.com\/wp-content\/uploads\/2020\/12\/virtual-floor-care-expert-1.jpg\" \/>\n                      <\/div>\n                    <\/div>\n                <\/div>\n                <div class=\"text\">\n                    <div class=\"title\">Expertise f\u00fcr Bodenpflege<\/div>\n                    <p>Beim Kauf einer TASKI Maschine stellen wir Ihnen kostenlos einen beratenden Experten f\u00fcr Bodenpflege zur Seite<\/p>\n                    <div class=\"btn\"><a href=\"https:\/\/staging.taski.com\/de\/warum-taski\/expert-advice\/bodenpflege-expertise\/\">Finde mehr heraus<\/a><\/div>\n                <\/div>\n              <\/div>\n            <\/div>\n                                <div class=\"item taski-slide\">\n              <div class=\"its-i\">\n                <div class=\"media-w\">\n                    <div class=\"image\">\n                      <div class=\"image-i\">\n                        <img decoding=\"async\" src=\"https:\/\/staging.taski.com\/wp-content\/uploads\/2020\/12\/our-experts-1.jpg\" \/>\n                      <\/div>\n                    <\/div>\n                <\/div>\n                <div class=\"text\">\n                    <div class=\"title\">Unsere Experten<\/div>\n                    <p>Ihre eigenen erfahrenen Reinigungsberater. Unser Beratungsansatz bietet die beste fachkundige Beratung.<\/p>\n                    <div class=\"btn\"><a href=\"https:\/\/staging.taski.com\/de\/warum-taski\/expert-advice\/unsere-experten\/\">Finde mehr heraus<\/a><\/div>\n                <\/div>\n              <\/div>\n            <\/div>\n                                <div class=\"item taski-slide\">\n              <div class=\"its-i\">\n                <div class=\"media-w\">\n                    <div class=\"image\">\n                      <div class=\"image-i\">\n                        <img decoding=\"async\" src=\"https:\/\/staging.taski.com\/wp-content\/uploads\/2020\/12\/current-trends.jpg\" \/>\n                      <\/div>\n                    <\/div>\n                <\/div>\n                <div class=\"text\">\n                    <div class=\"title\">Aktuelle Trends &#038; Best Practice<\/div>\n                    <p>TASKI und Diversey zusammen sind in der Branche als die Beh\u00f6rden f\u00fcr hervorragende Reinigungs- und Hygieneleistungen bekannt. Bei TASKI sind unsere Experten immer f\u00fcr Sie da.<\/p>\n                    <div class=\"btn\"><a href=\"https:\/\/staging.taski.com\/de\/warum-taski\/expert-advice\/aktuelle-trends-best-practice\/\">Finde mehr heraus<\/a><\/div>\n                <\/div>\n              <\/div>\n            <\/div>\n                                <div class=\"item taski-slide\">\n              <div class=\"its-i\">\n                <div class=\"media-w\">\n                    <div class=\"image\">\n                      <div class=\"image-i\">\n                        <img decoding=\"async\" src=\"https:\/\/staging.taski.com\/wp-content\/uploads\/2020\/12\/engineers.jpg\" \/>\n                      <\/div>\n                    <\/div>\n                <\/div>\n                <div class=\"text\">\n                    <div class=\"title\">Training &#038; Schulung<\/div>\n                    <p>Eine Reihe von einfach zu befolgenden Schulungsmaterialien f\u00fcr eine effektive und sichere Verwendung.<\/p>\n                    <div class=\"btn\"><a href=\"https:\/\/staging.taski.com\/de\/warum-taski\/expert-advice\/training-schulung\/\">Finde mehr heraus<\/a><\/div>\n                <\/div>\n              <\/div>\n            <\/div>\n                                <div class=\"item taski-slide\">\n              <div class=\"its-i\">\n                <div class=\"media-w\">\n                    <div class=\"image\">\n                      <div class=\"image-i\">\n                        <img decoding=\"async\" src=\"https:\/\/staging.taski.com\/wp-content\/uploads\/2025\/09\/image-1-1-618x608.png\" \/>\n                      <\/div>\n                    <\/div>\n                <\/div>\n                <div class=\"text\">\n                    <div class=\"title\">Expertise f\u00fcr Teppichpflege<\/div>\n                    <p>Teppiche und Stoffoberfl\u00e4chen m\u00fcssen h\u00e4ufig gereinigt und gewartet werden. \r\nTASKI-Experten sind hier, um Ihnen mit bew\u00e4hrten Verfahren und Ratschl\u00e4gen zu den besten Produkten oder Ihren Teppichen und Stoffen zu helfen.<\/p>\n                    <div class=\"btn\"><a href=\"https:\/\/staging.taski.com\/de\/warum-taski\/expert-advice\/teppichpflege-expertise\/\">Finde mehr heraus<\/a><\/div>\n                <\/div>\n              <\/div>\n            <\/div>\n                                <div class=\"item taski-slide\">\n              <div class=\"its-i\">\n                <div class=\"media-w\">\n                    <div class=\"image\">\n                      <div class=\"image-i\">\n                        <img decoding=\"async\" src=\"https:\/\/staging.taski.com\/wp-content\/uploads\/2020\/12\/FOODSERVICE_5_SWINGO-1-1-1.jpg\" \/>\n                      <\/div>\n                    <\/div>\n                <\/div>\n                <div class=\"text\">\n                    <div class=\"title\">Maschinelle Reinigung<\/div>\n                    <p>Wo befinden Sie sich in der Entwicklung der Reinigung? \r\nHier sind die wichtigsten Gr\u00fcnde, warum Maschinen so viel besser sind als Wischen ...<\/p>\n                    <div class=\"btn\"><a href=\"https:\/\/staging.taski.com\/de\/warum-taski\/expert-advice\/maschinelle-reinigung\/\">Finde mehr heraus<\/a><\/div>\n                <\/div>\n              <\/div>\n            <\/div>\n                            <\/div>\n\n        <div class=\"taski-carousel-navigation\">\n          <div class=\"nav-left\">\n            <a href=\"#\"><i class=\"fa fa-chevron-left\"><\/i><\/a>\n          <\/div>\n          <div class=\"nav-description\">\n\n          <\/div>\n          <div class=\"nav-right\">\n            <a href=\"#\"><i class=\"fa fa-chevron-right\"><\/i><\/a>\n          <\/div>\n        <\/div>\n      <\/div>\n     <\/div>\n   <\/div>\n  <\/div>\n\n[\/vc_column][\/vc_row][vc_row css=&#8220;.vc_custom_1608124737169{padding-bottom: 0px !important;}&#8220;][vc_column]\n  <div class=\"page-description-block style-dark\">\n    <div class=\"page-description-block-i\">\n      <div class=\"row\">\n        <div class=\"page-description-content\">\n          <\/div><\/div><\/div><\/div><\/p>\n<h2>Diversey&#8217;s tiefgreifende Kenntnisse \u00fcber globale, regionale und lokale Megatrends und kritische Kundenbed\u00fcrfnisse haben TASKI immer geholfen,<strong> der Konkurrenz voraus zu sein.<\/strong><\/h2>\n<\/div>\n      \n    \n  \n  <div class=\"cl-fl\"><\/div>\n[\/vc_column][\/vc_row]\n","protected":false},"excerpt":{"rendered":"<p>[vc_row][vc_column][\/vc_column][\/vc_row][vc_row css=&#8220;.vc_custom_1608124915381{padding-top: 70px !important;padding-bottom: 90px !important;}&#8220;][vc_column][\/vc_column][\/vc_row][vc_row css=&#8220;.vc_custom_1608124737169{padding-bottom: 0px !important;}&#8220;][vc_column][\/vc_column][\/vc_row]<\/p>\n","protected":false},"author":1,"featured_media":0,"parent":6738,"menu_order":650,"comment_status":"closed","ping_status":"closed","template":"","meta":{"_acf_changed":false,"_seopress_robots_primary_cat":"","_seopress_titles_title":"","_seopress_titles_desc":"","_seopress_robots_index":"","inline_featured_image":false,"footnotes":""},"class_list":["post-6721","page","type-page","status-publish","hentry"],"acf":[],"_links":{"self":[{"href":"https:\/\/staging.taski.com\/de\/wp-json\/wp\/v2\/pages\/6721","targetHints":{"allow":["GET"]}}],"collection":[{"href":"https:\/\/staging.taski.com\/de\/wp-json\/wp\/v2\/pages"}],"about":[{"href":"https:\/\/staging.taski.com\/de\/wp-json\/wp\/v2\/types\/page"}],"author":[{"embeddable":true,"href":"https:\/\/staging.taski.com\/de\/wp-json\/wp\/v2\/users\/1"}],"replies":[{"embeddable":true,"href":"https:\/\/staging.taski.com\/de\/wp-json\/wp\/v2\/comments?post=6721"}],"version-history":[{"count":0,"href":"https:\/\/staging.taski.com\/de\/wp-json\/wp\/v2\/pages\/6721\/revisions"}],"up":[{"embeddable":true,"href":"https:\/\/staging.taski.com\/de\/wp-json\/wp\/v2\/pages\/6738"}],"wp:attachment":[{"href":"https:\/\/staging.taski.com\/de\/wp-json\/wp\/v2\/media?parent=6721"}],"curies":[{"name":"wp","href":"https:\/\/api.w.org\/{rel}","templated":true}]}}