{"id":54644,"date":"2025-02-19T12:10:19","date_gmt":"2025-02-19T12:10:19","guid":{"rendered":"https:\/\/staging.taski.com\/produkte-innovationen-loesungen\/products\/staubsauger\/aufsitz-staubsauger\/"},"modified":"2026-03-24T17:18:23","modified_gmt":"2026-03-24T17:18:23","slug":"aufsitz-staubsauger","status":"publish","type":"page","link":"https:\/\/staging.taski.com\/de\/produkte-innovationen-loesungen\/products\/staubsauger\/aufsitz-staubsauger\/","title":{"rendered":"Aufsitzmodelle"},"content":{"rendered":"<div class=\"wpb-content-wrapper\"><p>[vc_row][vc_column]\n  <div class=\"page-intro-block size-fit-image style-dark font-large\">\n         <div class=\"page-intro-block-i\">\n      <div class=\"row\">\n        <div class=\"page-intro-content\">\n            <div class=\"title-block\">\n                                     <h2><span class=\"pt\">Aufsitzmodelle<\/span>Lithium-Batterietechnologie<br \/>\nAERO- und Vacumat-Staubsauger tragen dazu bei, die Materialien und Oberfl\u00e4chen Ihres Geb\u00e4udes langfristig zu sch\u00fctzen und deren Lebensdauer zu verl\u00e4ngern<\/h2>\n                                                 <\/div>\n            <div class=\"page-intro-image\">\n                                <div class=\"page-intro-image-alt\">\n                    \n                    <img decoding=\"async\" src=\"https:\/\/staging.taski.com\/wp-content\/uploads\/2024\/04\/Copy-of-Copy-of-Aero_8_Flexx_035-scaled-e1713178800781-1706x1080.jpg\" alt=\"\" \/>\n\n                <\/div>\n            <\/div>\n        <\/div>\n      <\/div>\n\n\n    <\/div>\n  <\/div>\n  <div class=\"cl-fl\"><\/div>\n[\/vc_column][\/vc_row][vc_row][vc_column][vc_basic_grid post_type=&#8220;taski-products&#8220; style=&#8220;load-more&#8220; show_filter=&#8220;yes&#8220; element_width=&#8220;2&#8243; gap=&#8220;35&#8243; orderby=&#8220;menu_order&#8220; order=&#8220;ASC&#8220; filter_style=&#8220;default-less-rounded&#8220; filter_color=&#8220;orange&#8220; filter_size=&#8220;lg&#8220; item=&#8220;50527&#8243; css=&#8220;.vc_custom_1739967003904{margin-top: 20px !important;margin-bottom: 80px !important;}&#8220; max_items=&#8220;-1&#8243; items_per_page=&#8220;6&#8243; grid_id=&#8220;vc_gid:1774372639743-59eb190a-08ce-5&#8243; filter_source=&#8220;taski_product__category&#8220; exclude_filter=&#8220;105&#8243; taxonomies=&#8220;105&#8243;][\/vc_column][\/vc_row][vc_row css=&#8220;.vc_custom_1609780983622{padding-bottom: 95px !important;}&#8220;][vc_column]\n  <div class=\"product-description-block style-light image-left\">\n    <div class=\"product-description-block-i\">\n        <div class=\"product-description-block-content\">\n          <div class=\"product-description-block-title\">\n                            <div class=\"pdbt-icon\"><img decoding=\"async\" src=\"https:\/\/staging.taski.com\/wp-content\/uploads\/2020\/12\/operational-efficiency.svg\" \/><\/div>\n                <div class=\"pdbt-text\">Operative Effizienz<\/div>\n                      <\/div>\n          <div class=\"product-description-block-text\"><p>TASKI AERO Li-Ion Akkustaubsauger k\u00f6nnen bis zu <strong>70% mehr Produktivit\u00e4t<\/strong> als herk\u00f6mmliche Staubsauger liefern.<\/p>\n<p>Dieses kleine Upgrade kann einen <strong>gro\u00dfen Unterschied<\/strong> machen.<\/p>\n<\/div>\n        <\/div>\n        <div class=\"product-description-block-image\" style=\"background-image:url(https:\/\/staging.taski.com\/wp-content\/uploads\/2021\/01\/Backpack-vacuum-scaled.jpg)\">\n\n        <\/div>\n    <\/div>\n  <\/div>\n  <div class=\"cl-fl\"><\/div>\n\n  <div class=\"product-description-block style-dark image-right\">\n    <div class=\"product-description-block-i\">\n        <div class=\"product-description-block-content\">\n          <div class=\"product-description-block-title\">\n                            <div class=\"pdbt-icon\"><img decoding=\"async\" src=\"https:\/\/staging.taski.com\/wp-content\/uploads\/2021\/02\/brand-protection-white.png\" \/><\/div>\n                <div class=\"pdbt-text\">Schutz von Marken und Verm\u00f6genswerten<\/div>\n                      <\/div>\n          <div class=\"product-description-block-text\"><p><strong>Der erste Eindruck z\u00e4hlt.<\/strong><\/p>\n<p>Ihr Teppich und Ihre Hartb\u00f6den sind ein teures Gut.<\/p>\n<p>AERO, Jet &amp; Vacumat Staubsauger sorgen daf\u00fcr, dass Ihre Bausubstanz<strong> l\u00e4nger sauber aussieht<\/strong> und helfen, einen vorzeitigen Austausch zu verhindern.<\/p>\n<\/div>\n        <\/div>\n        <div class=\"product-description-block-image\" style=\"background-image:url(https:\/\/staging.taski.com\/wp-content\/uploads\/2021\/01\/Tub-vacuum-scaled.jpg)\">\n\n        <\/div>\n    <\/div>\n  <\/div>\n  <div class=\"cl-fl\"><\/div>\n[\/vc_column][\/vc_row][vc_row][vc_column][vc_row_inner][vc_column_inner]\n  <div class=\"three-cta-block\">\n    <div class=\"three-cta-block-i\">\n      <div class=\"row\">\n        <div class=\"three-cta-block-grid\">\n           <div class=\"three-cta-item\">\n            <div class=\"tci-i\">\n             <div class=\"tci-item-content\">\n                <h5>&lt;strong&gt;Siehe unsere&lt;\/strong&gt;<br \/>\nIndustrie<br \/>\nL\u00f6sungen<\/h5>\n                <a href=\"\/products-innovations-solutions\/\"><p>Produkte und<br \/> L\u00f6sungen <\/p><\/a>\n             <\/div>\n            <\/div>\n           <\/div>\n           <div class=\"three-cta-item\">\n            <div class=\"tci-i\">\n             <div class=\"tci-item-content\">\n                <h5>&lt;strong&gt;Sehen Sie die neuesten&lt;\/strong&gt;<br \/>\nTASKI<br \/>\nInnovationen<\/h5>\n                <a href=\"\/products-innovations-solutions\/innovations\/\"><p>INNOVATIONEN<\/p><\/a>\n             <\/div>\n            <\/div>\n           <\/div>\n           <div class=\"three-cta-item\">\n            <div class=\"tci-i\">\n             <div class=\"tci-item-content\">\n                <h5>&lt;strong&gt;Kontaktieren Sie&lt;\/strong&gt;<br \/>\nmit<br \/>\nuns<\/h5>\n                <a href=\"\/news-help-contacts\/\"><p>Kontakt <\/p><\/a>\n             <\/div>\n            <\/div>\n           <\/div>\n        <\/div>\n      <\/div>\n    <\/div>\n  <\/div>\n  <div class=\"cl-fl\"><\/div>\n[\/vc_column_inner][\/vc_row_inner][\/vc_column][\/vc_row]<\/p>\n<\/div>","protected":false},"excerpt":{"rendered":"<p>[vc_row][vc_column][\/vc_column][\/vc_row][vc_row][vc_column][vc_basic_grid post_type=&#8220;taski-products&#8220; style=&#8220;load-more&#8220; show_filter=&#8220;yes&#8220; element_width=&#8220;2&#8243; gap=&#8220;35&#8243; orderby=&#8220;menu_order&#8220; order=&#8220;ASC&#8220; filter_style=&#8220;default-less-rounded&#8220; filter_color=&#8220;orange&#8220; filter_size=&#8220;lg&#8220; item=&#8220;50527&#8243; css=&#8220;.vc_custom_1739967003904{margin-top: 20px !important;margin-bottom: 80px !important;}&#8220; max_items=&#8220;-1&#8243; items_per_page=&#8220;6&#8243; grid_id=&#8220;vc_gid:1774372639743-59eb190a-08ce-5&#8243; filter_source=&#8220;taski_product__category&#8220; exclude_filter=&#8220;105&#8243; taxonomies=&#8220;105&#8243;][\/vc_column][\/vc_row][vc_row css=&#8220;.vc_custom_1609780983622{padding-bottom: 95px !important;}&#8220;][vc_column][\/vc_column][\/vc_row][vc_row][vc_column][vc_row_inner][vc_column_inner][\/vc_column_inner][\/vc_row_inner][\/vc_column][\/vc_row]<\/p>\n","protected":false},"author":1,"featured_media":0,"parent":7024,"menu_order":317,"comment_status":"closed","ping_status":"closed","template":"page-products.php","meta":{"_acf_changed":false,"_seopress_robots_primary_cat":"","_seopress_titles_title":"","_seopress_titles_desc":"","_seopress_robots_index":"","inline_featured_image":false,"footnotes":""},"class_list":["post-54644","page","type-page","status-publish","hentry"],"acf":[],"_links":{"self":[{"href":"https:\/\/staging.taski.com\/de\/wp-json\/wp\/v2\/pages\/54644","targetHints":{"allow":["GET"]}}],"collection":[{"href":"https:\/\/staging.taski.com\/de\/wp-json\/wp\/v2\/pages"}],"about":[{"href":"https:\/\/staging.taski.com\/de\/wp-json\/wp\/v2\/types\/page"}],"author":[{"embeddable":true,"href":"https:\/\/staging.taski.com\/de\/wp-json\/wp\/v2\/users\/1"}],"replies":[{"embeddable":true,"href":"https:\/\/staging.taski.com\/de\/wp-json\/wp\/v2\/comments?post=54644"}],"version-history":[{"count":5,"href":"https:\/\/staging.taski.com\/de\/wp-json\/wp\/v2\/pages\/54644\/revisions"}],"predecessor-version":[{"id":56197,"href":"https:\/\/staging.taski.com\/de\/wp-json\/wp\/v2\/pages\/54644\/revisions\/56197"}],"up":[{"embeddable":true,"href":"https:\/\/staging.taski.com\/de\/wp-json\/wp\/v2\/pages\/7024"}],"wp:attachment":[{"href":"https:\/\/staging.taski.com\/de\/wp-json\/wp\/v2\/media?parent=54644"}],"curies":[{"name":"wp","href":"https:\/\/api.w.org\/{rel}","templated":true}]}}