{"id":4471,"date":"2020-11-30T16:15:23","date_gmt":"2020-11-30T16:15:23","guid":{"rendered":"https:\/\/taski.com\/ihre-maerkte-und-sektoren\/regierung-bildung\/"},"modified":"2026-03-23T18:16:06","modified_gmt":"2026-03-23T18:16:06","slug":"oeffentliche-institutionen","status":"publish","type":"page","link":"https:\/\/staging.taski.com\/de\/warum-taski\/ihre-maerkte-und-sektoren\/oeffentliche-institutionen\/","title":{"rendered":"\u00d6ffentliche Institutionen"},"content":{"rendered":"<div class=\"wpb-content-wrapper\"><p>[vc_row][vc_column]\n  <div class=\"page-intro-block size-fit-image style-dark font-large\">\n         <div class=\"page-intro-block-i\">\n      <div class=\"row\">\n        <div class=\"page-intro-content\">\n            <div class=\"title-block\">\n                                     <h2>M\u00f6chten Sie Ihre Liegenschaften effizient reinigen und gleichzeitig die Gesundheit und Sicherheit der \u00d6ffentlichkeit gew\u00e4hrleisten?<br \/>\nTASKI kann Ihnen dabei helfen.<br \/>\nWas sind ihre gr\u00f6ssten Herausforderungen?<br \/>\nWir verstehen die Bed\u00fcrfnisse Ihrer Branche<\/h2>\n                                                 <\/div>\n            <div class=\"page-intro-image\">\n                                <div class=\"page-intro-image-alt\">\n                    \n                    <img decoding=\"async\" src=\"https:\/\/staging.taski.com\/wp-content\/uploads\/2020\/11\/government-education.jpg\" alt=\"\" \/>\n\n                <\/div>\n            <\/div>\n        <\/div>\n      <\/div>\n\n\n    <\/div>\n  <\/div>\n  <div class=\"cl-fl\"><\/div>\n[\/vc_column][\/vc_row][vc_row css=&#8220;.vc_custom_1606587476742{padding-top: 80px !important;padding-bottom: 95px !important;}&#8220;][vc_column][vc_row_inner][vc_column_inner]\n  <div class=\"page-video-block\">\n    <div class=\"page-video-block-i\">\n      <div class=\"row\">\n        <div class=\"page-video-block-content\">\n            <div class=\"title-block\">\n                 <h2>Was sind Ihre vorrangigen Herausforderungen?<\/h2>\n            <\/div>\n            <div class=\"page-video-image\">\n                \n              <a href=\"#\" class=\"video-player-link\" data-video-id=\"485944650\" data-src=\"https:\/\/player.vimeo.com\/video\/485944650\">\n                <img decoding=\"async\" src=\"https:\/\/staging.taski.com\/wp-content\/uploads\/2021\/01\/GE-need-image.jpg\" alt=\"Was sind Ihre vorrangigen Herausforderungen? Image\" \/>\n\n     <div class=\"page-video-video-abs\"><div class=\"video-embed\"><iframe loading=\"lazy\" id=\"\" src=\"\" width=\"100%\" height=\"100%\" frameborder=\"0\" style=\"position:absolute;top:0;left:0;width:100%;height:100%;\"   allow=\"autoplay; fullscreen\" muted webkitallowfullscreen mozallowfullscreen allowfullscreen><\/iframe><\/div><\/div>              <\/a>\n            <\/div>\n        <\/div>\n      <\/div>\n\n\n    <\/div>\n  <\/div>\n  <div class=\"cl-fl\"><\/div>\n[\/vc_column_inner][\/vc_row_inner][\/vc_column][\/vc_row][vc_row][vc_column]\n  <div class=\"taski-carousel-block \" style=\"\">\n    <div class=\"taski-carousel-block-i\">\n\n      <div class=\"taski-carousel-title\"><p>Wir verstehen die Bed\u00fcrfnisse Ihrer Branche<\/p><\/div>\n      <div class=\"row\">\n       <div class=\"taski-carousel-holder\">\n        <div class=\"taski-carousel owl-carousel owl-theme\" id=\"taski-carousel\">\n                                    <div class=\"item taski-slide\">\n                            <div class=\"its-i\">\n                <div class=\"media-w\">\n                    <div class=\"image\">\n                      <div class=\"image-i\">\n                        <img decoding=\"async\" src=\"https:\/\/staging.taski.com\/wp-content\/uploads\/2020\/12\/sustainability.svg\" \/>\n                      <\/div>\n                    <\/div>\n                <\/div>\n                <div class=\"text\">\n                    <div class=\"title\">Nachhaltigkeit<\/div>\n                    <p>Reduzieren Sie die Betriebskosten um bis zu 76%, um Ihre und die Nachhaltigkeitsziele Ihrer Kunden zu erreichen. Werfen Sie einen Blick auf unsere <strong>intelligenten L\u00f6sungen.<\/strong> Produkte und Technologien zur Reduzierung von Energie, Wasser, Chemikalien und Abfall.<\/p>\n                                    <\/div>\n              <\/div>\n                          <\/div>\n            <div class=\"item taski-slide\">\n                            <div class=\"its-i\">\n                <div class=\"media-w\">\n                    <div class=\"image\">\n                      <div class=\"image-i\">\n                        <img decoding=\"async\" src=\"https:\/\/staging.taski.com\/wp-content\/uploads\/2020\/12\/operational-efficiency.svg\" \/>\n                      <\/div>\n                    <\/div>\n                <\/div>\n                <div class=\"text\">\n                    <div class=\"title\">Betriebseffizienz<\/div>\n                    <p>Steigern Sie die betriebliche Effizienz durch Innovation, \u00fcberlegene Produktivit\u00e4t und Flottenmanagement. Werfen Sie einen Blick auf unsere &lt;strong&gt;Flottenmanagement-Tool IntelliTrail.&lt;\/strong&gt;<\/p>\n                                    <\/div>\n              <\/div>\n                          <\/div>\n            <div class=\"item taski-slide\">\n                            <div class=\"its-i\">\n                <div class=\"media-w\">\n                    <div class=\"image\">\n                      <div class=\"image-i\">\n                        <img decoding=\"async\" src=\"https:\/\/staging.taski.com\/wp-content\/uploads\/2020\/12\/cost-control.svg\" \/>\n                      <\/div>\n                    <\/div>\n                <\/div>\n                <div class=\"text\">\n                    <div class=\"title\">Kostenkontrolle<\/div>\n                    <p>Steigern Sie die betriebliche Effizienz durch Innovation, \u00fcberlegene Produktivit\u00e4t und Flottenmanagement. Werfen Sie einen Blick auf unsere flexiblen &lt;strong&gt;Finanzierungs- &amp; Serviceoptionen&lt;\/strong&gt; sowie &lt;strong&gt;IntelliTrail.&lt;\/strong&gt;<\/p>\n                                    <\/div>\n              <\/div>\n                          <\/div>\n            <div class=\"item taski-slide\">\n                            <div class=\"its-i\">\n                <div class=\"media-w\">\n                    <div class=\"image\">\n                      <div class=\"image-i\">\n                        <img decoding=\"async\" src=\"https:\/\/staging.taski.com\/wp-content\/uploads\/2020\/12\/cost-control.svg\" \/>\n                      <\/div>\n                    <\/div>\n                <\/div>\n                <div class=\"text\">\n                    <div class=\"title\">Menschen &amp; Sicherheit<\/div>\n                    <p>Sch\u00fctzen Sie Ihr Team und die \u00d6ffentlichkeit durch verbesserte Luftqualit\u00e4t, Hygiene und Bodentrocknung. Informieren Sie sich \u00fcber &lt;strong&gt;IntelliSpray und HEPA-Filter.&lt;\/strong&gt; Zwei Upgrades mit gro\u00dfer Wirkung.<\/p>\n                                    <\/div>\n              <\/div>\n                          <\/div>\n            <div class=\"item taski-slide\">\n                            <div class=\"its-i\">\n                <div class=\"media-w\">\n                    <div class=\"image\">\n                      <div class=\"image-i\">\n                        <img decoding=\"async\" src=\"https:\/\/staging.taski.com\/wp-content\/uploads\/2020\/12\/asset-protection.svg\" \/>\n                      <\/div>\n                    <\/div>\n                <\/div>\n                <div class=\"text\">\n                    <div class=\"title\">Verm\u00f6gensschutz<\/div>\n                    <p>Ihr Anwesen ist wertvoll, sch\u00fctzen Sie Ihre Werte und verbessern Sie gleichzeitig das Erscheinungsbild. &lt;strong&gt;TASKI swingo Scheuersaugmaschinen und Twister Diamantpads&lt;\/strong&gt; liefern unschlagbare Reinigung in einem Durchgang. Mit oder ohne Chemikalie.<\/p>\n                                    <\/div>\n              <\/div>\n                          <\/div>\n                    <\/div>\n\n        <div class=\"taski-carousel-navigation\">\n          <div class=\"nav-left\">\n            <a href=\"#\"><i class=\"fa fa-chevron-left\"><\/i><\/a>\n          <\/div>\n          <div class=\"nav-description\">\n\n          <\/div>\n          <div class=\"nav-right\">\n            <a href=\"#\"><i class=\"fa fa-chevron-right\"><\/i><\/a>\n          <\/div>\n        <\/div>\n       <\/div>\n      <\/div>\n   <\/div>\n  <\/div>\n  <div class=\"cl-fl\"><\/div>\n[\/vc_column][\/vc_row][vc_row css=&#8220;.vc_custom_1606653988515{padding-top: 80px !important;padding-bottom: 80px !important;background-color: #505050 !important;}&#8220;][vc_column][vc_row_inner][vc_column_inner]\n  <div class=\"testimonials-block\">\n    <div class=\"testimonials-block-i\">\n      <div class=\"row\">\n        <div class=\"title-block\">\n            <h2>Was unsere Kunden sagen<\/h2>\n        <\/div>\n\n        <div class=\"testimonials-grid\">\n           <div class=\"testimonial-item\">\n            <div class=\"ti-i\">\n             <img decoding=\"async\" src=\"https:\/\/staging.taski.com\/wp-content\/uploads\/2020\/11\/testimonial-1.jpg\" alt=\"Image\" \/>\n             <div class=\"test-item-content\">\n                <div class=\"test-item-title\">Eine Universit\u00e4t in Deutschland musste auf den Druck der Nachhaltigkeit reagieren. <strong>Mit dem Fokus auf reduzierte Nebenkosten konnte TASKI helfen.<\/strong><\/div>\n                <div class=\"test-item-text\"><p>\u201cMit dem TASKI Selector und der ToolBox von Diversey konnten wir sogar zeigen, wie viel Energie und Wasser wir eingespart haben, seit wir auf TASKI-Maschinen und Twister-Pads umgestiegen sind. Dies hat dazu beigetragen, unseren j\u00e4hrlichen CO2-Fu\u00dfabdruck zu reduzieren.\u201d<\/p><\/div>\n             <\/div>\n            <\/div>\n           <\/div>\n           <div class=\"testimonial-item\">\n            <div class=\"ti-i\">\n             <img decoding=\"async\" src=\"https:\/\/staging.taski.com\/wp-content\/uploads\/2020\/11\/testimonial-2.jpg\" alt=\"Image\" \/>\n             <div class=\"test-item-content\">\n                <div class=\"test-item-title\">In einer der \u00e4ltesten Regierungseinrichtungen Londons bestand die eigentliche Herausforderung darin, <strong>ein Reinigungsprogramm f\u00fcr ein hunderte von Jahren altes Geb\u00e4ude mit einer unbezahlbaren Bausubstanz zu erstellen.<\/strong><\/div>\n                <div class=\"test-item-text\"><p>\u201cNur Diversey konnte mir das Vertrauen geben, dass unsere prestigetr\u00e4chtigen Geb\u00e4ude in sicheren H\u00e4nden sind. Ihre technischen Experten waren in der Lage, eine L\u00f6sung aus Chemikalien und TASKI-Maschinen zu entwickeln, um unsere Geb\u00e4ude ohne das Risiko einer Besch\u00e4digung oder eines Risikos f\u00fcr die \u00d6ffentlichkeit zu warten. Bei Tausenden von Besuchern pro Tag war dies eine Sorge weniger.\u201d<\/p><\/div>\n             <\/div>\n            <\/div>\n           <\/div>\n           <div class=\"testimonial-item\">\n            <div class=\"ti-i\">\n             <img decoding=\"async\" src=\"https:\/\/staging.taski.com\/wp-content\/uploads\/2020\/11\/testimonial-3.jpg\" alt=\"Image\" \/>\n             <div class=\"test-item-content\">\n                <div class=\"test-item-title\">Eine sehr gro\u00dfe innerst\u00e4dtische Schule hatte gro\u00dfe Probleme, Personal zu halten. <strong>Die Mechanisierung der Reinigung erwies sich als Herausforderung.<\/strong> Die Mitarbeiter waren der Meinung, dass die vorherigen Maschinen schwer und kompliziert zu bedienen waren, um das Ergebnis zu verbessern.<\/div>\n                <div class=\"test-item-text\"><p>\u201cUnser Team liebt seine neuen TASKI Maschinen. Sie finden sie einfach zu bedienen und freuen sich, von einer Maschine zur anderen mit den gleichen Bedienelementen zu wechseln. Das Bef\u00fcllen und Entleeren ist nicht mehr etwas, woran wir sie st\u00e4ndig erinnern m\u00fcssen.\u201d<\/p><\/div>\n             <\/div>\n            <\/div>\n           <\/div>\n\n        <\/div>\n\n      <\/div>\n    <\/div>\n  <\/div>\n  <div class=\"cl-fl\"><\/div>\n[\/vc_column_inner][\/vc_row_inner][\/vc_column][\/vc_row][vc_row][vc_column][vc_column_text]<\/p>\n<h2 style=\"text-align: center;\">Laden Sie unsere Branchenbrosch\u00fcren und Produkthandb\u00fccher herunter<\/h2>\n<p>[\/vc_column_text][\/vc_column][\/vc_row][vc_row][vc_column width=&#8220;1\/3&#8243;]  <div class=\"feature-icon-w\">\n    <div class=\"feature-icon-i\">\n     <a href=\"https:\/\/taski.com\/wp-content\/uploads\/2021\/01\/Government-Education-Sector-Brochure.pdf\" target=\"_blank\">       <div class=\"feature-tbl\">\n        <div class=\"feature-cell image-cell\">\n          <img decoding=\"async\" class=\"aligncenter size-full\" alt=\"\" src=\"https:\/\/staging.taski.com\/wp-content\/uploads\/2020\/12\/icon-document.png\"\/>\n        <\/div>\n        <div class=\"feature-cell description-cell\">\n          <p>\u00d6ffentliche Institutionen - Brosch\u00fcre<\/p>\n        <\/div>\n       <\/div>\n        <\/a>       <div class=\"cl-fl\"><\/div>\n    <\/div>\n  <\/div>\n[\/vc_column][vc_column width=&#8220;1\/3&#8243;][\/vc_column][\/vc_row][vc_row][vc_column][vc_row_inner][vc_column_inner]\n  <div class=\"three-cta-block\">\n    <div class=\"three-cta-block-i\">\n      <div class=\"row\">\n        <div class=\"three-cta-block-grid\">\n           <div class=\"three-cta-item\">\n            <div class=\"tci-i\">\n             <div class=\"tci-item-content\">\n                <h5><strong> Jetzt <\/strong><br \/>\nmehr erfahren!<\/h5>\n                <a href=\"\/produkte-innovationen-loesungen\/?lang=de\"><p>Produkte<br \/>\nund L\u00f6sungen<\/p><\/a>\n             <\/div>\n            <\/div>\n           <\/div>\n           <div class=\"three-cta-item\">\n            <div class=\"tci-i\">\n             <div class=\"tci-item-content\">\n                <h5><strong> Jetzt <\/strong><br \/>\nbestellen!<\/h5>\n                <a href=\"\/mein-taski-shop\/?lang=de\"><p>Zum<br \/>\nTASKI<br \/>\nShop<\/p><\/a>\n             <\/div>\n            <\/div>\n           <\/div>\n           <div class=\"three-cta-item\">\n            <div class=\"tci-i\">\n             <div class=\"tci-item-content\">\n                <h5><strong> Jetzt <\/strong><br \/>\nanfragen!<\/h5>\n                <a href=\"\/nachrichten-hilfe-kontakte\/kontakt\/?lang=de\"><p>Kontakt<\/p><\/a>\n             <\/div>\n            <\/div>\n           <\/div>\n        <\/div>\n      <\/div>\n    <\/div>\n  <\/div>\n  <div class=\"cl-fl\"><\/div>\n[\/vc_column_inner][\/vc_row_inner][\/vc_column][\/vc_row][vc_row][vc_column][\/vc_column][\/vc_row]<\/p>\n<\/div>","protected":false},"excerpt":{"rendered":"<p>TASKI-Maschinenl\u00f6sungen, mit denen Sie Ihr Geb\u00e4ude pflegen und gleichzeitig die Sicherheit der \u00d6ffentlichkeit gew\u00e4hrleisten k\u00f6nnen <\/p>\n","protected":false},"author":1,"featured_media":52966,"parent":4322,"menu_order":616,"comment_status":"closed","ping_status":"closed","template":"","meta":{"_acf_changed":false,"_seopress_robots_primary_cat":"","_seopress_titles_title":"","_seopress_titles_desc":"","_seopress_robots_index":"","inline_featured_image":false,"footnotes":""},"class_list":["post-4471","page","type-page","status-publish","has-post-thumbnail","hentry"],"acf":[],"_links":{"self":[{"href":"https:\/\/staging.taski.com\/de\/wp-json\/wp\/v2\/pages\/4471","targetHints":{"allow":["GET"]}}],"collection":[{"href":"https:\/\/staging.taski.com\/de\/wp-json\/wp\/v2\/pages"}],"about":[{"href":"https:\/\/staging.taski.com\/de\/wp-json\/wp\/v2\/types\/page"}],"author":[{"embeddable":true,"href":"https:\/\/staging.taski.com\/de\/wp-json\/wp\/v2\/users\/1"}],"replies":[{"embeddable":true,"href":"https:\/\/staging.taski.com\/de\/wp-json\/wp\/v2\/comments?post=4471"}],"version-history":[{"count":1,"href":"https:\/\/staging.taski.com\/de\/wp-json\/wp\/v2\/pages\/4471\/revisions"}],"predecessor-version":[{"id":56142,"href":"https:\/\/staging.taski.com\/de\/wp-json\/wp\/v2\/pages\/4471\/revisions\/56142"}],"up":[{"embeddable":true,"href":"https:\/\/staging.taski.com\/de\/wp-json\/wp\/v2\/pages\/4322"}],"wp:featuredmedia":[{"embeddable":true,"href":"https:\/\/staging.taski.com\/de\/wp-json\/wp\/v2\/media\/52966"}],"wp:attachment":[{"href":"https:\/\/staging.taski.com\/de\/wp-json\/wp\/v2\/media?parent=4471"}],"curies":[{"name":"wp","href":"https:\/\/api.w.org\/{rel}","templated":true}]}}