{"id":4442,"date":"2020-11-30T16:22:37","date_gmt":"2020-11-30T16:22:37","guid":{"rendered":"https:\/\/taski.com\/ihre-maerkte-und-sektoren\/herstellung\/"},"modified":"2026-03-23T18:18:38","modified_gmt":"2026-03-23T18:18:38","slug":"produktion","status":"publish","type":"page","link":"https:\/\/staging.taski.com\/de\/warum-taski\/ihre-maerkte-und-sektoren\/produktion\/","title":{"rendered":"Produktion"},"content":{"rendered":"<div class=\"wpb-content-wrapper\"><p>[vc_row][vc_column]\n  <div class=\"page-intro-block size-fit-image style-dark font-large\">\n         <div class=\"page-intro-block-i\">\n      <div class=\"row\">\n        <div class=\"page-intro-content\">\n            <div class=\"title-block\">\n                                     <h2>M\u00f6chten Sie Ihre Betriebsst\u00e4tte sauber und sicher halten und gleichzeitig die Kosten auf ein Minimum beschr\u00e4nken und unter Kontrolle halten?<br \/>\nTASKI kann Ihnen dabei helfen.<\/h2><\/div><\/div><\/div><\/div><\/div><\/p>\n<p>Was sind ihre gr\u00f6ssten Herausforderungen?<br \/>\nWir verstehen die Bed\u00fcrfnisse Ihrer Branche\n                                                 <\/p><\/div>\n            <div class=\"page-intro-image\">\n                                <div class=\"page-intro-image-alt\">\n                    \n                    <img decoding=\"async\" src=\"https:\/\/staging.taski.com\/wp-content\/uploads\/2020\/11\/manufacturing.jpg\" alt=\"\" \/>\n\n                <\/div>\n            <\/div>\n        \n      \n\n\n    \n  \n  <div class=\"cl-fl\"><\/div>\n[\/vc_column][\/vc_row][vc_row css=&#8220;.vc_custom_1606587476742{padding-top: 80px !important;padding-bottom: 95px !important;}&#8220;][vc_column][vc_row_inner][vc_column_inner]\n  <div class=\"page-video-block\">\n    <div class=\"page-video-block-i\">\n      <div class=\"row\">\n        <div class=\"page-video-block-content\">\n            <div class=\"title-block\">\n                 <h2>Was sind Ihre vorrangigen Herausforderungen?<\/h2>\n            <\/div>\n            <div class=\"page-video-image\">\n                \n              <a href=\"#\" class=\"video-player-link\" data-video-id=\"485944886\" data-src=\"https:\/\/player.vimeo.com\/video\/485944886\">\n                <img decoding=\"async\" src=\"https:\/\/staging.taski.com\/wp-content\/uploads\/2021\/01\/Manufacturing-need-image.jpg\" alt=\"Was sind Ihre vorrangigen Herausforderungen? Image\" \/>\n\n     <div class=\"page-video-video-abs\"><div class=\"video-embed\"><iframe loading=\"lazy\" id=\"\" src=\"\" width=\"100%\" height=\"100%\" frameborder=\"0\" style=\"position:absolute;top:0;left:0;width:100%;height:100%;\"   allow=\"autoplay; fullscreen\" muted webkitallowfullscreen mozallowfullscreen allowfullscreen><\/iframe><\/div><\/div>              <\/a>\n            <\/div>\n        <\/div>\n      <\/div>\n\n\n    <\/div>\n  <\/div>\n  <div class=\"cl-fl\"><\/div>\n[\/vc_column_inner][\/vc_row_inner][\/vc_column][\/vc_row][vc_row][vc_column]\n  <div class=\"taski-carousel-block \" style=\"\">\n    <div class=\"taski-carousel-block-i\">\n\n      <div class=\"taski-carousel-title\"><p>Wir verstehen die Bed\u00fcrfnisse Ihrer Branche<\/p><\/div>\n      <div class=\"row\">\n       <div class=\"taski-carousel-holder\">\n        <div class=\"taski-carousel owl-carousel owl-theme\" id=\"taski-carousel\">\n                                    <div class=\"item taski-slide\">\n                            <div class=\"its-i\">\n                <div class=\"media-w\">\n                    <div class=\"image\">\n                      <div class=\"image-i\">\n                        <img decoding=\"async\" src=\"https:\/\/staging.taski.com\/wp-content\/uploads\/2020\/12\/operational-efficiency.svg\" \/>\n                      <\/div>\n                    <\/div>\n                <\/div>\n                <div class=\"text\">\n                    <div class=\"title\">Betriebseffizienz<\/div>\n                    <p>Steigern Sie die betriebliche Effizienz und verbringen Sie weniger Zeit mit Reinigen. Testen Sie unsere 2in1 &lt;strong&gt;IntelliSweep-Innovation.&lt;\/strong&gt; Sie kehrt und schrubbt in einem Durchgang und spart so 30 % Zeit.<\/p>\n                                    <\/div>\n              <\/div>\n                          <\/div>\n            <div class=\"item taski-slide\">\n                            <div class=\"its-i\">\n                <div class=\"media-w\">\n                    <div class=\"image\">\n                      <div class=\"image-i\">\n                        <img decoding=\"async\" src=\"https:\/\/staging.taski.com\/wp-content\/uploads\/2020\/12\/people-safety.svg\" \/>\n                      <\/div>\n                    <\/div>\n                <\/div>\n                <div class=\"text\">\n                    <div class=\"title\">Menschen &amp; Sicherheit<\/div>\n                    <p>Verbessern Sie die Hygiene und halten Sie Ihre B\u00f6den sicher. &lt;strong&gt;TASKI Kehrmaschinen und Scheuersaugmaschinen&lt;\/strong&gt; sind f\u00fcr die Reinigung in einem Durchgang konzipiert und sorgen f\u00fcr sicherere, sauberere B\u00f6den.<\/p>\n                                    <\/div>\n              <\/div>\n                          <\/div>\n            <div class=\"item taski-slide\">\n                            <div class=\"its-i\">\n                <div class=\"media-w\">\n                    <div class=\"image\">\n                      <div class=\"image-i\">\n                        <img decoding=\"async\" src=\"https:\/\/staging.taski.com\/wp-content\/uploads\/2020\/12\/profitable-growth.svg\" \/>\n                      <\/div>\n                    <\/div>\n                <\/div>\n                <div class=\"text\">\n                    <div class=\"title\">Profitables Wachstum<\/div>\n                    <p>Reduzieren Sie Ihre Arbeitskosten, indem Sie einen gr\u00f6\u00dferen Teil der Reinigung mechanisieren und somit Ihren Gewinn steigern. Sehen Sie sich unsere <strong>hochproduktiven Aufsitz-Scheuersaugmaschinen und die Schnellbetankungsanlage<\/strong> an.<\/p>\n                                    <\/div>\n              <\/div>\n                          <\/div>\n            <div class=\"item taski-slide\">\n                            <div class=\"its-i\">\n                <div class=\"media-w\">\n                    <div class=\"image\">\n                      <div class=\"image-i\">\n                        <img decoding=\"async\" src=\"https:\/\/staging.taski.com\/wp-content\/uploads\/2020\/12\/working-capital-optimisation.svg\" \/>\n                      <\/div>\n                    <\/div>\n                <\/div>\n                <div class=\"text\">\n                    <div class=\"title\">Optimierung des Betriebskapitals<\/div>\n                    <p>Klug investieren. So bekommen sie mehr f\u00fcr ihr Geld. Verbessern Sie Ihren ROI und verk\u00fcrzen Sie Ihre Amortisation. Sehen Sie sich unsere &lt;strong&gt;Aufsitz- und Stand-Scheuersaugmaschinen einschlie\u00dflich IntelliSweep&lt;\/strong&gt; an und erfahren Sie wie Sie Ihre Investitionsrendite maximieren k\u00f6nnen.<\/p>\n                                    <\/div>\n              <\/div>\n                          <\/div>\n            <div class=\"item taski-slide\">\n                            <div class=\"its-i\">\n                <div class=\"media-w\">\n                    <div class=\"image\">\n                      <div class=\"image-i\">\n                        <img decoding=\"async\" src=\"https:\/\/staging.taski.com\/wp-content\/uploads\/2020\/12\/cost-control.svg\" \/>\n                      <\/div>\n                    <\/div>\n                <\/div>\n                <div class=\"text\">\n                    <div class=\"title\">Kostenkontrolle<\/div>\n                    <p>Reduzieren Sie Ihre Betriebs- und Reinigungskosten mit flexiblem Finanzierungs- und Flottenmanagement. Sehen Sie sich unsere &lt;strong&gt;intelligenten L\u00f6sungen&lt;\/strong&gt; einschlie\u00dflich Telemetrie und Analytik zur Kontrolle Ihrer Kosten an.<\/p>\n                                    <\/div>\n              <\/div>\n                          <\/div>\n                    <\/div>\n\n        <div class=\"taski-carousel-navigation\">\n          <div class=\"nav-left\">\n            <a href=\"#\"><i class=\"fa fa-chevron-left\"><\/i><\/a>\n          <\/div>\n          <div class=\"nav-description\">\n\n          <\/div>\n          <div class=\"nav-right\">\n            <a href=\"#\"><i class=\"fa fa-chevron-right\"><\/i><\/a>\n          <\/div>\n        <\/div>\n       <\/div>\n      <\/div>\n   <\/div>\n  <\/div>\n  <div class=\"cl-fl\"><\/div>\n[\/vc_column][\/vc_row][vc_row css=&#8220;.vc_custom_1606653988515{padding-top: 80px !important;padding-bottom: 80px !important;background-color: #505050 !important;}&#8220;][vc_column][vc_row_inner][vc_column_inner]\n  <div class=\"testimonials-block\">\n    <div class=\"testimonials-block-i\">\n      <div class=\"row\">\n        <div class=\"title-block\">\n            <h2>Was unsere Kunden sagen<\/h2>\n        <\/div>\n\n        <div class=\"testimonials-grid\">\n           <div class=\"testimonial-item\">\n            <div class=\"ti-i\">\n             <img decoding=\"async\" src=\"https:\/\/staging.taski.com\/wp-content\/uploads\/2020\/11\/testimonial-1.jpg\" alt=\"Image\" \/>\n             <div class=\"test-item-content\">\n                <div class=\"test-item-title\">Die Elektronikproduktion ist mit sehr hohen Kosten verbunden und wir arbeiten nach sehr hohen Hygienestandards. <strong>Nur TASKI hatte das Fachwissen, um die perfekte L\u00f6sung zu liefern.<\/strong><\/div>\n                <div class=\"test-item-text\"><p>\u201cProduktionsausf\u00e4lle oder eine mangelhafte Qualit\u00e4tskontrolle werden hier einfach nicht toleriert. Mit Hilfe der TASKI-Experten konnten sie ein Reinigungsprogramm entwickeln, das Maschine und Chemie in einem Durchgang kombiniert. Wir sind sogar zu einer speziellen antistatischen Diversey-Reinigungschemikalie \u00fcbergegangen und haben auf HEPA-Filter aufger\u00fcstet.\u201d<\/p><\/div>\n             <\/div>\n            <\/div>\n           <\/div>\n           <div class=\"testimonial-item\">\n            <div class=\"ti-i\">\n             <img decoding=\"async\" src=\"https:\/\/staging.taski.com\/wp-content\/uploads\/2020\/11\/testimonial-2.jpg\" alt=\"Image\" \/>\n             <div class=\"test-item-content\">\n                <div class=\"test-item-title\">Die Personalfluktuation war ein Problem. TASKI <strong>half einem Maschinenbauer, die Produktivit\u00e4t zu verbessern<\/strong>, aber auch die Reinigung einfacher und komfortabler zu gestalten<\/div>\n                <div class=\"test-item-text\"><p>\u201cWir wissen, dass unsere Produktionslinie nicht der sch\u00f6nste Ort ist, und es war ein Problem, das Reinigungspersonal zu halten. Die Umstellung auf Aufsitz-Scheuersaugmaschinen bedeutet, dass sie jetzt bequem und sicher sitzen k\u00f6nnen. Die Zeit, die wir mit den Aufsitz-Scheuersaugmaschinen eingespart haben, bedeutet, dass wir ihnen jetzt l\u00e4ngere Pausen g\u00f6nnen k\u00f6nnen - ein Gewinn f\u00fcr alle.\u201d<\/p><\/div>\n             <\/div>\n            <\/div>\n           <\/div>\n           <div class=\"testimonial-item\">\n            <div class=\"ti-i\">\n             <img decoding=\"async\" src=\"https:\/\/staging.taski.com\/wp-content\/uploads\/2020\/11\/testimonial-3.jpg\" alt=\"Image\" \/>\n             <div class=\"test-item-content\">\n                <div class=\"test-item-title\">In einem Geb\u00e4ude, wo rund um die Uhr produziert wird, war die Reinigung ein kritischer Teil des Prozesses. Eine skandinavische Lebensmittelfabrik brauchte jedoch<strong> Wege f\u00fcr eine schnelle Reinigung.<\/strong><\/div>\n                <div class=\"test-item-text\"><p>\u201cWenn wir zur\u00fcckblicken, war es offensichtlich. Als TASKI auf die Baustelle kam, sagten sie einfach: 'Warum zu Fu\u00df gehen, wenn man fahren kann? Wir haben unsere Bodenreinigungszeit um 30 % reduziert, indem wir auf eine Stand-on-Maschine umgestiegen sind. Sie war perfekt, sie war klein genug, um wendig zu sein, reinigte aber so viel schneller. Sie passte sogar in das gleiche Reinigungslager.\u201d<\/p><\/div>\n             <\/div>\n            <\/div>\n           <\/div>\n\n        <\/div>\n\n      <\/div>\n    <\/div>\n  <\/div>\n  <div class=\"cl-fl\"><\/div>\n[\/vc_column_inner][\/vc_row_inner][\/vc_column][\/vc_row][vc_row][vc_column][vc_column_text]\n<h2 style=\"text-align: center;\">Laden Sie unsere Branchenbrosch\u00fcren und Produkthandb\u00fccher herunter<\/h2>\n<p>[\/vc_column_text][\/vc_column][\/vc_row][vc_row][vc_column width=&#8220;1\/3&#8243;]  <div class=\"feature-icon-w\">\n    <div class=\"feature-icon-i\">\n     <a href=\"https:\/\/taski.com\/wp-content\/uploads\/2021\/01\/Manufacturing-Sector-Brochure.pdf\" target=\"_blank\">       <div class=\"feature-tbl\">\n        <div class=\"feature-cell image-cell\">\n          <img decoding=\"async\" class=\"aligncenter size-full\" alt=\"\" src=\"https:\/\/staging.taski.com\/wp-content\/uploads\/2020\/12\/icon-document.png\"\/>\n        <\/div>\n        <div class=\"feature-cell description-cell\">\n          <p>Herstellung &amp; Produktion - Brosch\u00fcre<\/p>\n        <\/div>\n       <\/div>\n        <\/a>       <div class=\"cl-fl\"><\/div>\n    <\/div>\n  <\/div>\n[\/vc_column][vc_column width=&#8220;1\/3&#8243;][\/vc_column][\/vc_row][vc_row][vc_column][vc_row_inner][vc_column_inner]\n  <div class=\"three-cta-block\">\n    <div class=\"three-cta-block-i\">\n      <div class=\"row\">\n        <div class=\"three-cta-block-grid\">\n           <div class=\"three-cta-item\">\n            <div class=\"tci-i\">\n             <div class=\"tci-item-content\">\n                <h5><strong> Jetzt <\/strong><br \/>\nmehr erfahren!<\/h5>\n                <a href=\"\/produkte-innovationen-loesungen\/?lang=de\"><p>Produkte<br \/>\nund L\u00f6sungen<\/p><\/a>\n             <\/div>\n            <\/div>\n           <\/div>\n           <div class=\"three-cta-item\">\n            <div class=\"tci-i\">\n             <div class=\"tci-item-content\">\n                <h5><strong> Jetzt <\/strong><br \/>\nbestellen!<\/h5>\n                <a href=\"\/mein-taski-shop\/?lang=de\"><p>Zum<br \/>\nTASKI<br \/>\nShop<\/p><\/a>\n             <\/div>\n            <\/div>\n           <\/div>\n           <div class=\"three-cta-item\">\n            <div class=\"tci-i\">\n             <div class=\"tci-item-content\">\n                <h5><strong> Jetzt <\/strong><br \/>\nanfragen!<\/h5>\n                <a href=\"\/nachrichten-hilfe-kontakte\/kontakt\/?lang=de\"><p>Kontakt<\/p><\/a>\n             <\/div>\n            <\/div>\n           <\/div>\n        <\/div>\n      <\/div>\n    <\/div>\n  <\/div>\n  <div class=\"cl-fl\"><\/div>\n[\/vc_column_inner][\/vc_row_inner][\/vc_column][\/vc_row]<\/p>\n","protected":false},"excerpt":{"rendered":"<p>TASKI-Maschinenl\u00f6sungen minimieren St\u00f6rungen f\u00fcr Ihr Unternehmen und helfen, die Kosten unter Kontrolle zu halten<\/p>\n","protected":false},"author":1,"featured_media":4433,"parent":4322,"menu_order":640,"comment_status":"closed","ping_status":"closed","template":"","meta":{"_acf_changed":false,"_seopress_robots_primary_cat":"","_seopress_titles_title":"","_seopress_titles_desc":"","_seopress_robots_index":"","inline_featured_image":false,"footnotes":""},"class_list":["post-4442","page","type-page","status-publish","has-post-thumbnail","hentry"],"acf":[],"_links":{"self":[{"href":"https:\/\/staging.taski.com\/de\/wp-json\/wp\/v2\/pages\/4442","targetHints":{"allow":["GET"]}}],"collection":[{"href":"https:\/\/staging.taski.com\/de\/wp-json\/wp\/v2\/pages"}],"about":[{"href":"https:\/\/staging.taski.com\/de\/wp-json\/wp\/v2\/types\/page"}],"author":[{"embeddable":true,"href":"https:\/\/staging.taski.com\/de\/wp-json\/wp\/v2\/users\/1"}],"replies":[{"embeddable":true,"href":"https:\/\/staging.taski.com\/de\/wp-json\/wp\/v2\/comments?post=4442"}],"version-history":[{"count":1,"href":"https:\/\/staging.taski.com\/de\/wp-json\/wp\/v2\/pages\/4442\/revisions"}],"predecessor-version":[{"id":56143,"href":"https:\/\/staging.taski.com\/de\/wp-json\/wp\/v2\/pages\/4442\/revisions\/56143"}],"up":[{"embeddable":true,"href":"https:\/\/staging.taski.com\/de\/wp-json\/wp\/v2\/pages\/4322"}],"wp:featuredmedia":[{"embeddable":true,"href":"https:\/\/staging.taski.com\/de\/wp-json\/wp\/v2\/media\/4433"}],"wp:attachment":[{"href":"https:\/\/staging.taski.com\/de\/wp-json\/wp\/v2\/media?parent=4442"}],"curies":[{"name":"wp","href":"https:\/\/api.w.org\/{rel}","templated":true}]}}