{"id":4437,"date":"2020-11-30T16:23:31","date_gmt":"2020-11-30T16:23:31","guid":{"rendered":"https:\/\/taski.com\/ihre-maerkte-und-sektoren\/warehousing-logistics\/"},"modified":"2026-03-23T18:21:36","modified_gmt":"2026-03-23T18:21:36","slug":"warehousing-logistics","status":"publish","type":"page","link":"https:\/\/staging.taski.com\/de\/warum-taski\/ihre-maerkte-und-sektoren\/warehousing-logistics\/","title":{"rendered":"Lager &amp; Logistik"},"content":{"rendered":"<div class=\"wpb-content-wrapper\"><p>[vc_row][vc_column]\n  <div class=\"page-intro-block size-fit-image style-dark font-large\">\n         <div class=\"page-intro-block-i\">\n      <div class=\"row\">\n        <div class=\"page-intro-content\">\n            <div class=\"title-block\">\n                                     <h2>M\u00f6chten Sie Ihre R\u00e4umlichkeiten sauber und sicher halten, ohne dabei den Betrieb zu sehr zu beeintr\u00e4chtigen?<br \/>\nTASKI kann Ihnen dabei helfen.<\/h2><\/div><\/div><\/div><\/div><\/div><\/p>\n<p>Was sind ihre gr\u00f6ssten Herausforderungen?<br \/>\nWir verstehen die Bed\u00fcrfnisse Ihrer Branche\n                                                 <\/p><\/div>\n            <div class=\"page-intro-image\">\n                                <div class=\"page-intro-image-alt\">\n                    \n                    <img decoding=\"async\" src=\"https:\/\/staging.taski.com\/wp-content\/uploads\/2020\/11\/warehouse.jpg\" alt=\"\" \/>\n\n                <\/div>\n            <\/div>\n        \n      \n\n\n    \n  \n  <div class=\"cl-fl\"><\/div>\n[\/vc_column][\/vc_row][vc_row css=&#8220;.vc_custom_1606587476742{padding-top: 80px !important;padding-bottom: 95px !important;}&#8220;][vc_column][vc_row_inner][vc_column_inner]\n  <div class=\"page-video-block\">\n    <div class=\"page-video-block-i\">\n      <div class=\"row\">\n        <div class=\"page-video-block-content\">\n            <div class=\"title-block\">\n                 <h2>Was sind Ihre vorrangigen Herausforderungen?<\/h2>\n            <\/div>\n            <div class=\"page-video-image\">\n                \n              <a href=\"#\" class=\"video-player-link\" data-video-id=\"485944756\" data-src=\"https:\/\/player.vimeo.com\/video\/485944756\">\n                <img decoding=\"async\" src=\"https:\/\/staging.taski.com\/wp-content\/uploads\/2021\/01\/Warhosuing-need-image.jpg\" alt=\"Was sind Ihre vorrangigen Herausforderungen? Image\" \/>\n\n     <div class=\"page-video-video-abs\"><div class=\"video-embed\"><iframe loading=\"lazy\" id=\"\" src=\"\" width=\"100%\" height=\"100%\" frameborder=\"0\" style=\"position:absolute;top:0;left:0;width:100%;height:100%;\"   allow=\"autoplay; fullscreen\" muted webkitallowfullscreen mozallowfullscreen allowfullscreen><\/iframe><\/div><\/div>              <\/a>\n            <\/div>\n        <\/div>\n      <\/div>\n\n\n    <\/div>\n  <\/div>\n  <div class=\"cl-fl\"><\/div>\n[\/vc_column_inner][\/vc_row_inner][\/vc_column][\/vc_row][vc_row][vc_column]\n  <div class=\"taski-carousel-block \" style=\"\">\n    <div class=\"taski-carousel-block-i\">\n\n      <div class=\"taski-carousel-title\"><p>Wir verstehen die Bed\u00fcrfnisse Ihrer Branche<\/p><\/div>\n      <div class=\"row\">\n       <div class=\"taski-carousel-holder\">\n        <div class=\"taski-carousel owl-carousel owl-theme\" id=\"taski-carousel\">\n                                    <div class=\"item taski-slide\">\n                            <div class=\"its-i\">\n                <div class=\"media-w\">\n                    <div class=\"image\">\n                      <div class=\"image-i\">\n                        <img decoding=\"async\" src=\"https:\/\/staging.taski.com\/wp-content\/uploads\/2020\/12\/operational-efficiency.svg\" \/>\n                      <\/div>\n                    <\/div>\n                <\/div>\n                <div class=\"text\">\n                    <div class=\"title\">Betriebseffizienz<\/div>\n                    <p>Steigern Sie die betriebliche Effizienz und verbringen Sie weniger Zeit mit Reinigen. Testen Sie unsere <strong>IntellSweep 2in1-Innovation.<\/strong> Er kehrt und schrubbt B\u00f6den in einem Schritt und spart dabei 30 % Zeit.<\/p>\n                                    <\/div>\n              <\/div>\n                          <\/div>\n            <div class=\"item taski-slide\">\n                            <div class=\"its-i\">\n                <div class=\"media-w\">\n                    <div class=\"image\">\n                      <div class=\"image-i\">\n                        <img decoding=\"async\" src=\"https:\/\/staging.taski.com\/wp-content\/uploads\/2020\/12\/people-safety.svg\" \/>\n                      <\/div>\n                    <\/div>\n                <\/div>\n                <div class=\"text\">\n                    <div class=\"title\">Menschen &amp; Sicherheit<\/div>\n                    <p>Verbessern Sie die Hygiene und halten Sie Ihre B\u00f6den sicher. &lt;strong&gt;TASKI Kehrmaschinen und Scheuersaugmaschinen&lt;\/strong&gt; sind f\u00fcr die Reinigung in einem Durchgang konzipiert und sorgen f\u00fcr sicherere und sauberere B\u00f6den.<\/p>\n                                    <\/div>\n              <\/div>\n                          <\/div>\n            <div class=\"item taski-slide\">\n                            <div class=\"its-i\">\n                <div class=\"media-w\">\n                    <div class=\"image\">\n                      <div class=\"image-i\">\n                        <img decoding=\"async\" src=\"https:\/\/staging.taski.com\/wp-content\/uploads\/2020\/12\/cost-control.svg\" \/>\n                      <\/div>\n                    <\/div>\n                <\/div>\n                <div class=\"text\">\n                    <div class=\"title\">Kostenkontrolle<\/div>\n                    <p>Reduzieren Sie Ihre Betriebs- und Reinigungskosten mit flexiblem Finanzierungs- und Flottenmanagement. Sehen Sie sich unsere IntelliTrail-Flottenmanagement-Tools und unsere flexiblen <strong>Finanzierungs- und Serviceoptionen an.<\/strong><\/p>\n                                    <\/div>\n              <\/div>\n                          <\/div>\n            <div class=\"item taski-slide\">\n                            <div class=\"its-i\">\n                <div class=\"media-w\">\n                    <div class=\"image\">\n                      <div class=\"image-i\">\n                        <img decoding=\"async\" src=\"https:\/\/staging.taski.com\/wp-content\/uploads\/2020\/12\/profitable-growth.svg\" \/>\n                      <\/div>\n                    <\/div>\n                <\/div>\n                <div class=\"text\">\n                    <div class=\"title\">Profitables Wachstum<\/div>\n                    <p>Reduzieren Sie Ihre Arbeitskosten, indem Sie einen gr\u00f6\u00dferen Teil der Reinigung mechanisieren und somit auch den Gewinn steigern. Sehen Sie sich unsere <strong>hochproduktiven Aufsitz-Scheuersaugmaschinen und unsere schnelle Tankf\u00fcllstation<\/strong> an.<\/p>\n                                    <\/div>\n              <\/div>\n                          <\/div>\n            <div class=\"item taski-slide\">\n                            <div class=\"its-i\">\n                <div class=\"media-w\">\n                    <div class=\"image\">\n                      <div class=\"image-i\">\n                        <img decoding=\"async\" src=\"https:\/\/staging.taski.com\/wp-content\/uploads\/2020\/12\/continuous-innovation.svg\" \/>\n                      <\/div>\n                    <\/div>\n                <\/div>\n                <div class=\"text\">\n                    <div class=\"title\">Kontinuierliche Innovation<\/div>\n                    <p>Nutzen Sie die neuesten Technologien und das sogenannte Internet of Clean, um die Kosten zu senken und die Effizienz zu steigern. Informieren Sie sich \u00fcber unsere <strong>IntelliTrail-Telemetrie- und Flottenmanagement-Tools sowie \u00fcber unsere Innovationen swingobot 2000 und IntelliSweep.<\/strong><\/p>\n                                    <\/div>\n              <\/div>\n                          <\/div>\n                    <\/div>\n\n        <div class=\"taski-carousel-navigation\">\n          <div class=\"nav-left\">\n            <a href=\"#\"><i class=\"fa fa-chevron-left\"><\/i><\/a>\n          <\/div>\n          <div class=\"nav-description\">\n\n          <\/div>\n          <div class=\"nav-right\">\n            <a href=\"#\"><i class=\"fa fa-chevron-right\"><\/i><\/a>\n          <\/div>\n        <\/div>\n       <\/div>\n      <\/div>\n   <\/div>\n  <\/div>\n  <div class=\"cl-fl\"><\/div>\n[\/vc_column][\/vc_row][vc_row css=&#8220;.vc_custom_1606653988515{padding-top: 80px !important;padding-bottom: 80px !important;background-color: #505050 !important;}&#8220;][vc_column][vc_row_inner][vc_column_inner]\n  <div class=\"testimonials-block\">\n    <div class=\"testimonials-block-i\">\n      <div class=\"row\">\n        <div class=\"title-block\">\n            <h2>Was unsere Kunden sagen<\/h2>\n        <\/div>\n\n        <div class=\"testimonials-grid\">\n           <div class=\"testimonial-item\">\n            <div class=\"ti-i\">\n             <img decoding=\"async\" src=\"https:\/\/staging.taski.com\/wp-content\/uploads\/2020\/11\/testimonial-1.jpg\" alt=\"Image\" \/>\n             <div class=\"test-item-content\">\n                <div class=\"test-item-title\"><strong>Ein High-Tech-Lagerspezialist<\/strong> in Gro\u00dfbritannien kontaktierte TASKI, als sein Kunde sich \u00fcber Verunreinigungen beschwerte.<\/div>\n                <div class=\"test-item-text\"><p>\u201cWir hatten ein Problem mit Verunreinigungen. TASKI f\u00fchrte eine Standortuntersuchung durch, die damit endete, dass wir zur Vorreinigung mit Kehrmaschinen \u00fcbergingen, bevor wir ihre Scheuersaugmaschine swingo 4000 und ihre erstaunliche Wasseraufnahme einsetzten. Mit Hilfe der Fernmessung konnten wir \u00fcberpr\u00fcfen, dass das Problem gel\u00f6st war.\u201d<\/p><\/div>\n             <\/div>\n            <\/div>\n           <\/div>\n           <div class=\"testimonial-item\">\n            <div class=\"ti-i\">\n             <img decoding=\"async\" src=\"https:\/\/staging.taski.com\/wp-content\/uploads\/2020\/11\/testimonial-2.jpg\" alt=\"Image\" \/>\n             <div class=\"test-item-content\">\n                <div class=\"test-item-title\">In einem gesch\u00e4ftigen Logistikzentrum in Nordamerika war es von gr\u00f6\u00dfter Bedeutung, die B\u00f6den frei von Wasser und Eis zu halten, um das <strong>Problem der Rutschgefahr<\/strong><strong> zu verringern.<\/strong><\/div>\n                <div class=\"test-item-text\"><p>\u201cUnsere Mitarbeiter sind unser gr\u00f6\u00dftes Kapital. Wir hatten im Herbst und Winter Probleme mit dem Rutschen. Die Wasseraufnahme von TASKI ist die Beste auf dem Markt, deshalb haben wir uns f\u00fcr sie entschieden.\u201d<\/p><\/div>\n             <\/div>\n            <\/div>\n           <\/div>\n           <div class=\"testimonial-item\">\n            <div class=\"ti-i\">\n             <img decoding=\"async\" src=\"https:\/\/staging.taski.com\/wp-content\/uploads\/2020\/11\/testimonial-3.jpg\" alt=\"Image\" \/>\n             <div class=\"test-item-content\">\n                <div class=\"test-item-title\">Angesichts knapper Budgets wurde TASKI kontaktiert, um einer <strong>europ\u00e4ischen Supermarktkette <\/strong>zu helfen, ihre <strong>Kosten zu senken.<\/strong><\/div>\n                <div class=\"test-item-text\"><p>\u201cWir hatten einige unerwartete hohe Reparaturrechnungen f\u00fcr unsere alten Maschinen. Die Jungs von TASKI haben uns geholfen, einen neuen 5-Jahres-Leasingvertrag abzuschlie\u00dfen. Wir haben uns f\u00fcr den Gold Intelli Service entschieden, der Fernmessung und sogar Batterien und Ladeger\u00e4te beinhaltet. F\u00fcr uns funktioniert eine einzige feste monatliche Rechnung f\u00fcr Finanzierung und Service einfach. Keine b\u00f6sen \u00dcberraschungen mehr.\u201d<\/p><\/div>\n             <\/div>\n            <\/div>\n           <\/div>\n\n        <\/div>\n\n      <\/div>\n    <\/div>\n  <\/div>\n  <div class=\"cl-fl\"><\/div>\n[\/vc_column_inner][\/vc_row_inner][\/vc_column][\/vc_row][vc_row][vc_column][vc_column_text]\n<h2 style=\"text-align: center;\">Laden Sie unsere Branchenbrosch\u00fcren und Produkthandb\u00fccher herunter<\/h2>\n<p>[\/vc_column_text][\/vc_column][\/vc_row][vc_row][vc_column width=&#8220;1\/3&#8243;]  <div class=\"feature-icon-w\">\n    <div class=\"feature-icon-i\">\n     <a href=\"https:\/\/taski.com\/wp-content\/uploads\/2021\/01\/Warehousing-Logistics-Sector-Brochure.pdf\" target=\"_blank\">       <div class=\"feature-tbl\">\n        <div class=\"feature-cell image-cell\">\n          <img decoding=\"async\" class=\"aligncenter size-full\" alt=\"\" src=\"https:\/\/staging.taski.com\/wp-content\/uploads\/2020\/12\/icon-document.png\"\/>\n        <\/div>\n        <div class=\"feature-cell description-cell\">\n          <p>Lagerhaltung<br \/>\n&amp; Logistik - Brosch\u00fcre<\/p>\n        <\/div>\n       <\/div>\n        <\/a>       <div class=\"cl-fl\"><\/div>\n    <\/div>\n  <\/div>\n[\/vc_column][vc_column width=&#8220;1\/3&#8243;][\/vc_column][\/vc_row][vc_row][vc_column][vc_row_inner][vc_column_inner]\n  <div class=\"three-cta-block\">\n    <div class=\"three-cta-block-i\">\n      <div class=\"row\">\n        <div class=\"three-cta-block-grid\">\n           <div class=\"three-cta-item\">\n            <div class=\"tci-i\">\n             <div class=\"tci-item-content\">\n                <h5><strong> Jetzt <\/strong><br \/>\nmehr erfahren!<\/h5>\n                <a href=\"\/produkte-innovationen-loesungen\/?lang=de\"><p>Produkte<br \/>\nund L\u00f6sungen<\/p><\/a>\n             <\/div>\n            <\/div>\n           <\/div>\n           <div class=\"three-cta-item\">\n            <div class=\"tci-i\">\n             <div class=\"tci-item-content\">\n                <h5><strong> Jetzt <\/strong><br \/>\nbestellen!<\/h5>\n                <a href=\"\/mein-taski-shop\/?lang=de\"><p>Zum<br \/>\nTASKI<br \/>\nShop<\/p><\/a>\n             <\/div>\n            <\/div>\n           <\/div>\n           <div class=\"three-cta-item\">\n            <div class=\"tci-i\">\n             <div class=\"tci-item-content\">\n                <h5><strong> Jetzt <\/strong><br \/>\nanfragen!<\/h5>\n                <a href=\"\/nachrichten-hilfe-kontakte\/kontakt\/?lang=de\"><p>Kontakt<\/p><\/a>\n             <\/div>\n            <\/div>\n           <\/div>\n        <\/div>\n      <\/div>\n    <\/div>\n  <\/div>\n  <div class=\"cl-fl\"><\/div>\n[\/vc_column_inner][\/vc_row_inner][\/vc_column][\/vc_row]<\/p>\n","protected":false},"excerpt":{"rendered":"<p>TASKI-Maschinenl\u00f6sungen minimieren St\u00f6rungen f\u00fcr Ihr Unternehmen und maximieren Ihre Effizienz<\/p>\n","protected":false},"author":1,"featured_media":52945,"parent":4322,"menu_order":632,"comment_status":"closed","ping_status":"closed","template":"","meta":{"_acf_changed":false,"_seopress_robots_primary_cat":"","_seopress_titles_title":"","_seopress_titles_desc":"","_seopress_robots_index":"","inline_featured_image":false,"footnotes":""},"class_list":["post-4437","page","type-page","status-publish","has-post-thumbnail","hentry"],"acf":[],"_links":{"self":[{"href":"https:\/\/staging.taski.com\/de\/wp-json\/wp\/v2\/pages\/4437","targetHints":{"allow":["GET"]}}],"collection":[{"href":"https:\/\/staging.taski.com\/de\/wp-json\/wp\/v2\/pages"}],"about":[{"href":"https:\/\/staging.taski.com\/de\/wp-json\/wp\/v2\/types\/page"}],"author":[{"embeddable":true,"href":"https:\/\/staging.taski.com\/de\/wp-json\/wp\/v2\/users\/1"}],"replies":[{"embeddable":true,"href":"https:\/\/staging.taski.com\/de\/wp-json\/wp\/v2\/comments?post=4437"}],"version-history":[{"count":1,"href":"https:\/\/staging.taski.com\/de\/wp-json\/wp\/v2\/pages\/4437\/revisions"}],"predecessor-version":[{"id":56144,"href":"https:\/\/staging.taski.com\/de\/wp-json\/wp\/v2\/pages\/4437\/revisions\/56144"}],"up":[{"embeddable":true,"href":"https:\/\/staging.taski.com\/de\/wp-json\/wp\/v2\/pages\/4322"}],"wp:featuredmedia":[{"embeddable":true,"href":"https:\/\/staging.taski.com\/de\/wp-json\/wp\/v2\/media\/52945"}],"wp:attachment":[{"href":"https:\/\/staging.taski.com\/de\/wp-json\/wp\/v2\/media?parent=4437"}],"curies":[{"name":"wp","href":"https:\/\/api.w.org\/{rel}","templated":true}]}}