{"id":4322,"date":"2020-11-30T09:06:53","date_gmt":"2020-11-30T09:06:53","guid":{"rendered":"https:\/\/taski.com\/ihre-maerkte-und-sektoren\/"},"modified":"2021-11-08T13:08:10","modified_gmt":"2021-11-08T13:08:10","slug":"ihre-maerkte-und-sektoren","status":"publish","type":"page","link":"https:\/\/staging.taski.com\/de\/warum-taski\/ihre-maerkte-und-sektoren\/","title":{"rendered":"Ihre M\u00e4rkte und Sektoren"},"content":{"rendered":"<div class=\"wpb-content-wrapper\"><p>[vc_row][vc_column]\n  <div class=\"page-intro-block size-fit-image style-dark font-large\">\n         <div class=\"page-intro-block-i\">\n      <div class=\"row\">\n        <div class=\"page-intro-content\">\n            <div class=\"title-block\">\n                                     <h2>Wir sprechen <strong>dieselbe Sprache.<\/strong> Unabh\u00e4ngig von Ihrem Sektor  <strong>haben wir die richtigen L\u00f6sungen f\u00fcr Ihre Reinigung.<\/strong><\/h2>\n                                                 <\/div>\n            <div class=\"page-intro-image\">\n                                <div class=\"page-intro-image-alt\">\n                    \n                    <img decoding=\"async\" src=\"https:\/\/staging.taski.com\/wp-content\/uploads\/2020\/11\/why-taski.jpg\" alt=\"\" \/>\n\n                <\/div>\n            <\/div>\n        <\/div>\n      <\/div>\n\n\n    <\/div>\n  <\/div>\n  <div class=\"cl-fl\"><\/div>\n[\/vc_column][\/vc_row][vc_row css=&#8220;.vc_custom_1606587476742{padding-top: 80px !important;padding-bottom: 95px !important;}&#8220;][vc_column][vc_row_inner][vc_column_inner]\n  <div class=\"categories-grid-block light grid-center contact-no\" style=\"\">\n    <div class=\"categories-grid-block-i\">\n      <div class=\"row\">\n       <div class=\"cat-grid-row\">\n        <div class=\"cat-intro-block\">\n          <p><strong>Sie erwarten<br \/>\ndas Beste?<br \/>\n<\/strong>Wir liefern es -<br \/>\negal, in welcher Branche Sie arbeiten.<\/p>\n\n\n\n        <\/div>\n        <div class=\"cat-grid-block\">\n            <div class=\"cat-grid\">\n                            <div class=\"cat-grid-item\">\n               <a href=\"https:\/\/staging.taski.com\/de\/warum-taski\/ihre-maerkte-und-sektoren\/facility-management\/\">\n               <div class=\"cgi-i\">\n                <div class=\"front\"><img decoding=\"async\" src=\"https:\/\/staging.taski.com\/wp-content\/uploads\/2025\/02\/Backpack-vacuum-scaled-1-400x400.png\" \/><div class=\"desc\">Geb\u00e4udereinigung<\/div><\/div>\n                <div class=\"back\"><div class=\"desc\">Geb\u00e4udereinigung<div class=\"invisi\">TASKI Maschinenl\u00f6sungen f\u00fcr den Geb\u00e4udedienstleistungssektor, die betriebliche Effizienz und Kostenkontrolle bieten<\/div><\/div><\/div>\n               <\/div>\n               <\/a>\n              <\/div>\n                            <div class=\"cat-grid-item\">\n               <a href=\"https:\/\/staging.taski.com\/de\/warum-taski\/ihre-maerkte-und-sektoren\/einzelhandel\/\">\n               <div class=\"cgi-i\">\n                <div class=\"front\"><img decoding=\"async\" src=\"https:\/\/staging.taski.com\/wp-content\/uploads\/2022\/11\/Retail-for-Wordpress-400x400.jpg\" \/><div class=\"desc\">Einzelhandel<\/div><\/div>\n                <div class=\"back\"><div class=\"desc\">Einzelhandel<div class=\"invisi\">TASKI-Maschinenl\u00f6sungen f\u00fcr den Einzelhandel, die ein verbessertes Kundenerlebnis und eine verbesserte Kostenkontrolle bieten<\/div><\/div><\/div>\n               <\/div>\n               <\/a>\n              <\/div>\n                            <div class=\"cat-grid-item\">\n               <a href=\"https:\/\/staging.taski.com\/de\/warum-taski\/ihre-maerkte-und-sektoren\/gesundheitswesen-akut-2\/\">\n               <div class=\"cgi-i\">\n                <div class=\"front\"><img decoding=\"async\" src=\"https:\/\/staging.taski.com\/wp-content\/uploads\/2020\/11\/healthcare-acute.jpg\" \/><div class=\"desc\">Akute Gesundheitsversorgung<\/div><\/div>\n                <div class=\"back\"><div class=\"desc\">Akute Gesundheitsversorgung<div class=\"invisi\">TASKI-Maschinenl\u00f6sungen bieten Infektionspr\u00e4vention und Sicherheit f\u00fcr Ihre Patienten und die \u00d6ffentlichkeit.<\/div><\/div><\/div>\n               <\/div>\n               <\/a>\n              <\/div>\n                            <div class=\"cat-grid-item\">\n               <a href=\"https:\/\/staging.taski.com\/de\/warum-taski\/ihre-maerkte-und-sektoren\/healthcare-long-term-care\/\">\n               <div class=\"cgi-i\">\n                <div class=\"front\"><img decoding=\"async\" src=\"https:\/\/staging.taski.com\/wp-content\/uploads\/2021\/04\/HEALTHCARE_31_Vacuum_carpet-sq.jpg\" \/><div class=\"desc\">Langzeitpflege im Gesundheitswesen<\/div><\/div>\n                <div class=\"back\"><div class=\"desc\">Langzeitpflege im Gesundheitswesen<div class=\"invisi\">TASKI-Maschinenl\u00f6sungen f\u00fcr Ihre Bewohner f\u00fcr \u00fcberlegene Infektionskontrolle und Sicherheit in Ihrer Langzeitpflegeeinrichtung.<\/div><\/div><\/div>\n               <\/div>\n               <\/a>\n              <\/div>\n                            <div class=\"cat-grid-item\">\n               <a href=\"https:\/\/staging.taski.com\/de\/warum-taski\/ihre-maerkte-und-sektoren\/hospitality\/\">\n               <div class=\"cgi-i\">\n                <div class=\"front\"><img decoding=\"async\" src=\"https:\/\/staging.taski.com\/wp-content\/uploads\/2025\/05\/HOSPITALITY_landscape-full-1-1-scaled-1-400x400.jpg\" \/><div class=\"desc\">Hotellerie<\/div><\/div>\n                <div class=\"back\"><div class=\"desc\">Hotellerie<div class=\"invisi\">TASKI-Maschinenl\u00f6sungen f\u00fcr ein verbessertes Kundenerlebnis und den Schutz Ihrer Marke.<\/div><\/div><\/div>\n               <\/div>\n               <\/a>\n              <\/div>\n                            <div class=\"cat-grid-item\">\n               <a href=\"https:\/\/staging.taski.com\/de\/warum-taski\/ihre-maerkte-und-sektoren\/food-service-catering\/\">\n               <div class=\"cgi-i\">\n                <div class=\"front\"><img decoding=\"async\" src=\"https:\/\/staging.taski.com\/wp-content\/uploads\/2025\/07\/Food-Service-400x400.png\" \/><div class=\"desc\">Foodservice &#038; Catering<\/div><\/div>\n                <div class=\"back\"><div class=\"desc\">Foodservice &#038; Catering<div class=\"invisi\">TASKI-Maschinenl\u00f6sungen, die h\u00f6chste Hygienestandards erf\u00fcllen und Ihre Abendessen beeindrucken.<\/div><\/div><\/div>\n               <\/div>\n               <\/a>\n              <\/div>\n                            <div class=\"cat-grid-item\">\n               <a href=\"https:\/\/staging.taski.com\/de\/warum-taski\/ihre-maerkte-und-sektoren\/oeffentliche-institutionen\/\">\n               <div class=\"cgi-i\">\n                <div class=\"front\"><img decoding=\"async\" src=\"https:\/\/staging.taski.com\/wp-content\/uploads\/2025\/05\/TASKI_ERGODISC-LR-08299-400x400.jpg\" \/><div class=\"desc\">\u00d6ffentliche Institutionen<\/div><\/div>\n                <div class=\"back\"><div class=\"desc\">\u00d6ffentliche Institutionen<div class=\"invisi\">TASKI-Maschinenl\u00f6sungen, mit denen Sie Ihr Geb\u00e4ude pflegen und gleichzeitig die Sicherheit der \u00d6ffentlichkeit gew\u00e4hrleisten k\u00f6nnen <\/div><\/div><\/div>\n               <\/div>\n               <\/a>\n              <\/div>\n                            <div class=\"cat-grid-item\">\n               <a href=\"https:\/\/staging.taski.com\/de\/warum-taski\/ihre-maerkte-und-sektoren\/transport\/\">\n               <div class=\"cgi-i\">\n                <div class=\"front\"><img decoding=\"async\" src=\"https:\/\/staging.taski.com\/wp-content\/uploads\/2020\/11\/transports.jpg\" \/><div class=\"desc\">Transport<\/div><\/div>\n                <div class=\"back\"><div class=\"desc\">Transport<div class=\"invisi\">TASKI-Maschinenl\u00f6sungen, die Ihnen helfen, Ihr Geb\u00e4ude zu pflegen, Ihre Marke zu sch\u00fctzen und die \u00d6ffentlichkeit zu sch\u00fctzen <\/div><\/div><\/div>\n               <\/div>\n               <\/a>\n              <\/div>\n                            <div class=\"cat-grid-item\">\n               <a href=\"https:\/\/staging.taski.com\/de\/warum-taski\/ihre-maerkte-und-sektoren\/warehousing-logistics\/\">\n               <div class=\"cgi-i\">\n                <div class=\"front\"><img decoding=\"async\" src=\"https:\/\/staging.taski.com\/wp-content\/uploads\/2025\/05\/Warehousing-Logistics-balimat-6500-400x400.jpg\" \/><div class=\"desc\">Lager &amp; Logistik<\/div><\/div>\n                <div class=\"back\"><div class=\"desc\">Lager &amp; Logistik<div class=\"invisi\">TASKI-Maschinenl\u00f6sungen minimieren St\u00f6rungen f\u00fcr Ihr Unternehmen und maximieren Ihre Effizienz<\/div><\/div><\/div>\n               <\/div>\n               <\/a>\n              <\/div>\n                            <div class=\"cat-grid-item\">\n               <a href=\"https:\/\/staging.taski.com\/de\/warum-taski\/ihre-maerkte-und-sektoren\/produktion\/\">\n               <div class=\"cgi-i\">\n                <div class=\"front\"><img decoding=\"async\" src=\"https:\/\/staging.taski.com\/wp-content\/uploads\/2020\/11\/manufacturing.jpg\" \/><div class=\"desc\">Produktion<\/div><\/div>\n                <div class=\"back\"><div class=\"desc\">Produktion<div class=\"invisi\">TASKI-Maschinenl\u00f6sungen minimieren St\u00f6rungen f\u00fcr Ihr Unternehmen und helfen, die Kosten unter Kontrolle zu halten<\/div><\/div><\/div>\n               <\/div>\n               <\/a>\n              <\/div>\n                            <div class=\"cat-grid-item\">\n               <a href=\"https:\/\/staging.taski.com\/de\/warum-taski\/ihre-maerkte-und-sektoren\/warehousing-logistics\/\">\n               <div class=\"cgi-i\">\n                <div class=\"front\"><img decoding=\"async\" src=\"\" \/><div class=\"desc\">Lager &#038; Logistik<\/div><\/div>\n                <div class=\"back\"><div class=\"desc\">Lager &#038; Logistik<div class=\"invisi\">TASKI-Maschinenl\u00f6sungen minimieren St\u00f6rungen f\u00fcr Ihr Unternehmen und maximieren Ihre Effizienz<\/div><\/div><\/div>\n               <\/div>\n               <\/a>\n              <\/div>\n              \n            <\/div>\n\n            <div class=\"cat-grid-contact\"><a href=\"\">Kontakt <\/a><\/div>\n\n        <\/div>\n       <\/div>\n\n\n      <\/div>\n\n   <\/div>\n  <\/div>\n  <div class=\"cl-fl\"><\/div>\n[\/vc_column_inner][\/vc_row_inner][\/vc_column][\/vc_row][vc_row css=&#8220;.vc_custom_1606301767295{padding-top: 170px !important;padding-bottom: 170px !important;background-color: #484848 !important;}&#8220;][vc_column][vc_row_inner][vc_column_inner][vc_raw_html el_class=&#8220;outro-block white&#8220;]JTNDaDIlM0VXZW5uJTIwZXMlMjB1bSUyMGRlbiUyME1hc2NoaW5lbm1hcmt0JTIwZ2VodCUyQyUyMHByb2ZpdGllcnQlMjBUQVNLSSUyMHZvbiUyMGRlbiUyMCUzQ3N0cm9uZyUzRUVya2VubnRuaXNzZW4lMjB1bmQlMjBkZW0lMjBXaXNzZW4lMkMlM0MlMkZzdHJvbmclM0UlMjB3ZWxjaGUlMjBEaXZlcnNleSUyMHNpY2glMjAlQzMlQkNiZXIlMjB2aWVsZSUyMEphaHJlJTIwYXVmZ2ViYXV0JTIwaGF0LiUyMERhZHVyY2glMjBwcm9maXRpZXJlbiUyMGF1Y2glMjBTaWUlMjBiZWklMjBlaW5lbSUyMEthdWYlMjBlaW5lciUyMFRBU0tJJTIwTWFzY2hpbmUlMjBhdXRvbWF0aXNjaCUyMHZvbSUyMGJyZWl0ZW0lMjBGYWNod2lzc2VuLiUzQyUyRmgyJTNFJTBBJTNDcCUzRSUzQ3N0cm9uZyUzRURlciUyMEVyZm9sZyUyMGRlciUyMFJlaW5pZ3VuZ3NtYXNjaGluZW4lM0MlMkZzdHJvbmclM0UlM0MlMkZwJTNFJTBBJTNDcCUzRUFsbGUlMjB0JUMzJUE0Z2xpY2hlbiUyMEJlc3RyZWJ1bmdlbiUyMHZvbiUyMFRBU0tJJTIwYmFzaWVyZW4lMjBhdWYlMjBkZW0lMjBXdW5zY2glMjBuYWNoJTIwSCVDMyVCNmNoc3RsZWlzdHVuZ2VuLiUyMFZvbSUyMGVyc3RlbiUyMEZ1bmtlbiUyMGVpbmVyJTIwSWRlZSUyMCVDMyVCQ2JlciUyMGRpZSUyMElubm92YXRpb25zcGxhbnVuZyUyMGJpcyUyMGhpbiUyMHp1ciUyMEZvcnNjaHVuZyUyMHVuZCUyMEVudHdpY2tsdW5nJTNBJTIwV2lyJTIwc2V0emVuJTIwaW1tZXIlMjBhdWYlMjBob2hlJTIwUXVhbGl0JUMzJUE0dC4lM0MlMkZwJTNF[\/vc_raw_html][\/vc_column_inner][\/vc_row_inner][\/vc_column][\/vc_row]<\/p>\n<\/div>","protected":false},"excerpt":{"rendered":"<p>[vc_row][vc_column][\/vc_column][\/vc_row][vc_row css=&#8220;.vc_custom_1606587476742{padding-top: 80px !important;padding-bottom: 95px !important;}&#8220;][vc_column][vc_row_inner][vc_column_inner][\/vc_column_inner][\/vc_row_inner][\/vc_column][\/vc_row][vc_row css=&#8220;.vc_custom_1606301767295{padding-top: 170px !important;padding-bottom: 170px !important;background-color: #484848 !important;}&#8220;][vc_column][vc_row_inner][vc_column_inner][vc_raw_html el_class=&#8220;outro-block white&#8220;]JTNDaDIlM0VXZW5uJTIwZXMlMjB1bSUyMGRlbiUyME1hc2NoaW5lbm1hcmt0JTIwZ2VodCUyQyUyMHByb2ZpdGllcnQlMjBUQVNLSSUyMHZvbiUyMGRlbiUyMCUzQ3N0cm9uZyUzRUVya2VubnRuaXNzZW4lMjB1bmQlMjBkZW0lMjBXaXNzZW4lMkMlM0MlMkZzdHJvbmclM0UlMjB3ZWxjaGUlMjBEaXZlcnNleSUyMHNpY2glMjAlQzMlQkNiZXIlMjB2aWVsZSUyMEphaHJlJTIwYXVmZ2ViYXV0JTIwaGF0LiUyMERhZHVyY2glMjBwcm9maXRpZXJlbiUyMGF1Y2glMjBTaWUlMjBiZWklMjBlaW5lbSUyMEthdWYlMjBlaW5lciUyMFRBU0tJJTIwTWFzY2hpbmUlMjBhdXRvbWF0aXNjaCUyMHZvbSUyMGJyZWl0ZW0lMjBGYWNod2lzc2VuLiUzQyUyRmgyJTNFJTBBJTNDcCUzRSUzQ3N0cm9uZyUzRURlciUyMEVyZm9sZyUyMGRlciUyMFJlaW5pZ3VuZ3NtYXNjaGluZW4lM0MlMkZzdHJvbmclM0UlM0MlMkZwJTNFJTBBJTNDcCUzRUFsbGUlMjB0JUMzJUE0Z2xpY2hlbiUyMEJlc3RyZWJ1bmdlbiUyMHZvbiUyMFRBU0tJJTIwYmFzaWVyZW4lMjBhdWYlMjBkZW0lMjBXdW5zY2glMjBuYWNoJTIwSCVDMyVCNmNoc3RsZWlzdHVuZ2VuLiUyMFZvbSUyMGVyc3RlbiUyMEZ1bmtlbiUyMGVpbmVyJTIwSWRlZSUyMCVDMyVCQ2JlciUyMGRpZSUyMElubm92YXRpb25zcGxhbnVuZyUyMGJpcyUyMGhpbiUyMHp1ciUyMEZvcnNjaHVuZyUyMHVuZCUyMEVudHdpY2tsdW5nJTNBJTIwV2lyJTIwc2V0emVuJTIwaW1tZXIlMjBhdWYlMjBob2hlJTIwUXVhbGl0JUMzJUE0dC4lM0MlMkZwJTNF[\/vc_raw_html][\/vc_column_inner][\/vc_row_inner][\/vc_column][\/vc_row]<\/p>\n","protected":false},"author":1,"featured_media":0,"parent":6738,"menu_order":492,"comment_status":"closed","ping_status":"closed","template":"","meta":{"_acf_changed":false,"_seopress_robots_primary_cat":"","_seopress_titles_title":"","_seopress_titles_desc":"","_seopress_robots_index":"","inline_featured_image":false,"footnotes":""},"class_list":["post-4322","page","type-page","status-publish","hentry"],"acf":[],"_links":{"self":[{"href":"https:\/\/staging.taski.com\/de\/wp-json\/wp\/v2\/pages\/4322","targetHints":{"allow":["GET"]}}],"collection":[{"href":"https:\/\/staging.taski.com\/de\/wp-json\/wp\/v2\/pages"}],"about":[{"href":"https:\/\/staging.taski.com\/de\/wp-json\/wp\/v2\/types\/page"}],"author":[{"embeddable":true,"href":"https:\/\/staging.taski.com\/de\/wp-json\/wp\/v2\/users\/1"}],"replies":[{"embeddable":true,"href":"https:\/\/staging.taski.com\/de\/wp-json\/wp\/v2\/comments?post=4322"}],"version-history":[{"count":0,"href":"https:\/\/staging.taski.com\/de\/wp-json\/wp\/v2\/pages\/4322\/revisions"}],"up":[{"embeddable":true,"href":"https:\/\/staging.taski.com\/de\/wp-json\/wp\/v2\/pages\/6738"}],"wp:attachment":[{"href":"https:\/\/staging.taski.com\/de\/wp-json\/wp\/v2\/media?parent=4322"}],"curies":[{"name":"wp","href":"https:\/\/api.w.org\/{rel}","templated":true}]}}