{"id":4135,"date":"2020-11-28T18:32:41","date_gmt":"2020-11-28T18:32:41","guid":{"rendered":"https:\/\/taski.com\/facility-management\/"},"modified":"2022-11-08T16:02:39","modified_gmt":"2022-11-08T16:02:39","slug":"facility-management","status":"publish","type":"page","link":"https:\/\/staging.taski.com\/de\/warum-taski\/ihre-maerkte-und-sektoren\/facility-management\/","title":{"rendered":"Geb\u00e4udereinigung"},"content":{"rendered":"<div class=\"wpb-content-wrapper\"><p>[vc_row][vc_column]\n  <div class=\"page-intro-block size-fit-image style-dark font-large\">\n         <div class=\"page-intro-block-i\">\n      <div class=\"row\">\n        <div class=\"page-intro-content\">\n            <div class=\"title-block\">\n                                     <h2><span class=\"pt\">Geb\u00e4udereinigung<\/span>Sie suchen nach Maschinen mit <strong>h\u00f6chster Effizienz<\/strong> und dennoch mit <strong>niedrigen Betriebskosten?<\/strong> TASKI kann Ihnen helfen.<\/h2>\n                                                 <\/div>\n            <div class=\"page-intro-image\">\n                                <div class=\"page-intro-image-alt\">\n                    \n                    <img decoding=\"async\" src=\"https:\/\/staging.taski.com\/wp-content\/uploads\/2020\/11\/facility-management.jpg\" alt=\"\" \/>\n\n                <\/div>\n            <\/div>\n        <\/div>\n      <\/div>\n\n\n    <\/div>\n  <\/div>\n  <div class=\"cl-fl\"><\/div>\n[\/vc_column][\/vc_row][vc_row css=&#8220;.vc_custom_1606587476742{padding-top: 80px !important;padding-bottom: 95px !important;}&#8220;][vc_column][vc_row_inner][vc_column_inner]\n  <div class=\"page-video-block\">\n    <div class=\"page-video-block-i\">\n      <div class=\"row\">\n        <div class=\"page-video-block-content\">\n            <div class=\"title-block\">\n                 <h2>Was sind Ihre vorrangigen Herausforderungen?<\/h2>\n            <\/div>\n            <div class=\"page-video-image\">\n                \n              <a href=\"#\" class=\"video-player-link\" data-video-id=\"485944193\" data-src=\"https:\/\/player.vimeo.com\/video\/485944193\">\n                <img decoding=\"async\" src=\"https:\/\/staging.taski.com\/wp-content\/uploads\/2021\/01\/aero-bp-fm-pic800x450.jpg\" alt=\"Was sind Ihre vorrangigen Herausforderungen? Image\" \/>\n\n     <div class=\"page-video-video-abs\"><div class=\"video-embed\"><iframe loading=\"lazy\" id=\"\" src=\"\" width=\"100%\" height=\"100%\" frameborder=\"0\" style=\"position:absolute;top:0;left:0;width:100%;height:100%;\"   allow=\"autoplay; fullscreen\" muted webkitallowfullscreen mozallowfullscreen allowfullscreen><\/iframe><\/div><\/div>              <\/a>\n            <\/div>\n        <\/div>\n      <\/div>\n\n\n    <\/div>\n  <\/div>\n  <div class=\"cl-fl\"><\/div>\n[\/vc_column_inner][\/vc_row_inner][\/vc_column][\/vc_row][vc_row css=&#8220;.vc_custom_1606587476742{padding-top: 80px !important;padding-bottom: 95px !important;}&#8220;][vc_column]\n  <div class=\"taski-carousel-block \" style=\"\">\n    <div class=\"taski-carousel-block-i\">\n\n      <div class=\"taski-carousel-title\"><p>Wir verstehen die Bed\u00fcrfnisse Ihrer Branche<\/p><\/div>\n      <div class=\"row\">\n       <div class=\"taski-carousel-holder\">\n        <div class=\"taski-carousel owl-carousel owl-theme\" id=\"taski-carousel\">\n                                    <div class=\"item taski-slide\">\n                            <div class=\"its-i\">\n                <div class=\"media-w\">\n                    <div class=\"image\">\n                      <div class=\"image-i\">\n                        <img decoding=\"async\" src=\"https:\/\/staging.taski.com\/wp-content\/uploads\/2020\/12\/operational-efficiency.svg\" \/>\n                      <\/div>\n                    <\/div>\n                <\/div>\n                <div class=\"text\">\n                    <div class=\"title\">Effizienz der Betriebsabl\u00e4ufe<\/div>\n                    <p>Steigern Sie die betriebliche Effizienz durch Innovation, \u00fcberlegene Produktivit\u00e4t und Flottenmanagement. Werfen Sie einen Blick auf unsere <strong>neuesten Stand- und Aufsitz-Scheuersaugmaschinen und unsere Akku-R\u00fcckensauger.<\/strong><\/p>\n                                    <\/div>\n              <\/div>\n                          <\/div>\n            <div class=\"item taski-slide\">\n                            <div class=\"its-i\">\n                <div class=\"media-w\">\n                    <div class=\"image\">\n                      <div class=\"image-i\">\n                        <img decoding=\"async\" src=\"https:\/\/staging.taski.com\/wp-content\/uploads\/2020\/12\/profitable-growth.svg\" \/>\n                      <\/div>\n                    <\/div>\n                <\/div>\n                <div class=\"text\">\n                    <div class=\"title\">Profitables Wachstum<\/div>\n                    <p>Reduzieren Sie Ihre Arbeitskosten, indem Sie einen gr\u00f6\u00dferen Teil der Reinigung mechanisieren, um den Gewinn zu steigern. Warum laufen, wenn man fahren kann? Werfen Sie einen Blick auf unsere neuesten <strong>Aufsitzmaschinen.<\/strong><\/p>\n                                    <\/div>\n              <\/div>\n                          <\/div>\n            <div class=\"item taski-slide\">\n                            <div class=\"its-i\">\n                <div class=\"media-w\">\n                    <div class=\"image\">\n                      <div class=\"image-i\">\n                        <img decoding=\"async\" src=\"https:\/\/staging.taski.com\/wp-content\/uploads\/2020\/12\/continuous-innovation.svg\" \/>\n                      <\/div>\n                    <\/div>\n                <\/div>\n                <div class=\"text\">\n                    <div class=\"title\">Kontinuierliche Innovation<\/div>\n                    <p>Nutzen Sie die neuesten Technologien und das sogenannte Internet of Clean, um die Kundenbindungsrate zu verbessern. Werfen Sie einen Blick auf <strong>IntelliTrail telemetry und IntelliTrail Analytics<\/strong>.<\/p>\n                                    <\/div>\n              <\/div>\n                          <\/div>\n            <div class=\"item taski-slide\">\n                            <div class=\"its-i\">\n                <div class=\"media-w\">\n                    <div class=\"image\">\n                      <div class=\"image-i\">\n                        <img decoding=\"async\" src=\"https:\/\/staging.taski.com\/wp-content\/uploads\/2020\/12\/sustainability.svg\" \/>\n                      <\/div>\n                    <\/div>\n                <\/div>\n                <div class=\"text\">\n                    <div class=\"title\">Nachhaltigkeit<\/div>\n                    <p>Reduzieren Sie die Betriebskosten um bis zu 76%, um Ihre und die Nachhaltigkeitsziele Ihrer Kunden zu erreichen. Werfen Sie einen Blick auf <strong>IntelliFlow, IntelliDose und unsere neuesten Staubsauger mit Fl\u00fcstertechnologie und digitalen Motorstaubsauger.<\/strong><\/p>\n                                    <\/div>\n              <\/div>\n                          <\/div>\n            <div class=\"item taski-slide\">\n                            <div class=\"its-i\">\n                <div class=\"media-w\">\n                    <div class=\"image\">\n                      <div class=\"image-i\">\n                        <img decoding=\"async\" src=\"https:\/\/staging.taski.com\/wp-content\/uploads\/2020\/12\/people-safety.svg\" \/>\n                      <\/div>\n                    <\/div>\n                <\/div>\n                <div class=\"text\">\n                    <div class=\"title\">Menschen &amp; Sicherheit<\/div>\n                    <p>Sch\u00fctzen Sie Ihr Team und Ihre Kunden durch verbesserte Luftqualit\u00e4t, Hygiene und Bodentrocknung. Werfen Sie einen Blick auf unsere neuesten <strong>Li-Ion-Akkumaschinen und HEPA-Filter<\/strong>.<\/p>\n                                    <\/div>\n              <\/div>\n                          <\/div>\n            <div class=\"item taski-slide\">\n                            <div class=\"its-i\">\n                <div class=\"media-w\">\n                    <div class=\"image\">\n                      <div class=\"image-i\">\n                        <img decoding=\"async\" src=\"https:\/\/staging.taski.com\/wp-content\/uploads\/2020\/12\/working-capital-optimisation.svg\" \/>\n                      <\/div>\n                    <\/div>\n                <\/div>\n                <div class=\"text\">\n                    <div class=\"title\">Optimierung des Betriebskapitals<\/div>\n                    <p>Klug investieren. Lassen Sie Ihr Geld h\u00e4rter f\u00fcr Sie arbeiten. Verbessern Sie Ihren ROI und verk\u00fcrzen Sie Ihre Amortisation. Werfen Sie einen Blick auf unsere flexiblen <strong>Finanzierungs- und Serviceoptionen.<\/strong><\/p>\n                                    <\/div>\n              <\/div>\n                          <\/div>\n                    <\/div>\n\n        <div class=\"taski-carousel-navigation\">\n          <div class=\"nav-left\">\n            <a href=\"#\"><i class=\"fa fa-chevron-left\"><\/i><\/a>\n          <\/div>\n          <div class=\"nav-description\">\n\n          <\/div>\n          <div class=\"nav-right\">\n            <a href=\"#\"><i class=\"fa fa-chevron-right\"><\/i><\/a>\n          <\/div>\n        <\/div>\n       <\/div>\n      <\/div>\n   <\/div>\n  <\/div>\n  <div class=\"cl-fl\"><\/div>\n[\/vc_column][\/vc_row][vc_row css=&#8220;.vc_custom_1609954068367{padding-top: 80px !important;padding-bottom: 80px !important;background-color: #505050 !important;}&#8220;][vc_column][vc_row_inner][vc_column_inner]\n  <div class=\"testimonials-block\">\n    <div class=\"testimonials-block-i\">\n      <div class=\"row\">\n        <div class=\"title-block\">\n            <h2>Was unsere Kunden sagen<\/h2>\n        <\/div>\n\n        <div class=\"testimonials-grid\">\n           <div class=\"testimonial-item\">\n            <div class=\"ti-i\">\n             <img decoding=\"async\" src=\"https:\/\/staging.taski.com\/wp-content\/uploads\/2020\/11\/testimonial-1.jpg\" alt=\"Image\" \/>\n             <div class=\"test-item-content\">\n                <div class=\"test-item-title\">Ein gro\u00dfer FM-Anbieter in Nordamerika bot TASKI um Hilfe<br \/>\n<strong>seine enormen Lohnkosten zu reduzieren<\/strong>.<\/div>\n                <div class=\"test-item-text\"><p>\u201eUnproduktive Zeit und Ausfallzeiten sind ein Killer f\u00fcr unser Gesch\u00e4ft. Mit TASKI IntelliTrail konnten wir sehen, wie wir unsere Ressourcen besser nutzen k\u00f6nnen. Wir waren schockiert, als wir sahen, wie wenig einige Maschinen genutzt wurden.\u201c<\/p><\/div>\n             <\/div>\n            <\/div>\n           <\/div>\n           <div class=\"testimonial-item\">\n            <div class=\"ti-i\">\n             <img decoding=\"async\" src=\"https:\/\/staging.taski.com\/wp-content\/uploads\/2020\/11\/testimonial-2.jpg\" alt=\"Image\" \/>\n             <div class=\"test-item-content\">\n                <div class=\"test-item-title\"><strong>Verbesserung der Margen<\/strong><br \/>\ndurch Freisetzung von in Verm\u00f6genswerten gebundener Liquidit\u00e4t.<\/div>\n                <div class=\"test-item-text\"><p>\u201eWir haben uns bewusst daf\u00fcr entschieden, den Wert unserer Maschinenanlagen in unserer Bilanz zu reduzieren. Der Wechsel zu der flexiblen Finanzierung von TASKI hat dringend ben\u00f6tigte Liquidit\u00e4t freigesetzt.\u201c<\/p><\/div>\n             <\/div>\n            <\/div>\n           <\/div>\n           <div class=\"testimonial-item\">\n            <div class=\"ti-i\">\n             <img decoding=\"async\" src=\"https:\/\/staging.taski.com\/wp-content\/uploads\/2020\/11\/testimonial-3.jpg\" alt=\"Image\" \/>\n             <div class=\"test-item-content\">\n                <div class=\"test-item-title\">Ein sehr gro\u00dfes BSC wandte sich an TASKI, um die Kundenbindungsrate zu erh\u00f6hen und <strong>sein Ergebnis zu verbessern<\/strong>.<\/div>\n                <div class=\"test-item-text\"><p>\u201eWir haben uns f\u00fcr innovative TASKI-Maschinen und Internet of Clean-L\u00f6sungen entschieden. Wir haben sogar Vertr\u00e4ge modelliert, in denen die TASKI Intellibot-Roboter rentabel sind. Das verschafft uns einen Wettbewerbsvorteil. Die Reinigung ist ein wettbewerbsintensiver Markt, daher ist Innovation unser Lebenselixier, sie f\u00fchrt zu Einsparungen, verbesserten Gewinnen und hilft uns, Kunden zu gewinnen und zu binden.\u201c<\/p><\/div>\n             <\/div>\n            <\/div>\n           <\/div>\n\n        <\/div>\n\n      <\/div>\n    <\/div>\n  <\/div>\n  <div class=\"cl-fl\"><\/div>\n[\/vc_column_inner][\/vc_row_inner][\/vc_column][\/vc_row][vc_row][vc_column][vc_column_text]<\/p>\n<h2 style=\"text-align: center;\">Laden Sie unsere Branchenbrosch\u00fcren und Produkthandb\u00fccher herunter<\/h2>\n<p>[\/vc_column_text][\/vc_column][\/vc_row][vc_row][vc_column width=&#8220;1\/3&#8243;]  <div class=\"feature-icon-w\">\n    <div class=\"feature-icon-i\">\n     <a href=\"https:\/\/taski.com\/wp-content\/uploads\/2021\/01\/FM-Sector-Brochure-2.pdf\" target=\"_blank\">       <div class=\"feature-tbl\">\n        <div class=\"feature-cell image-cell\">\n          <img decoding=\"async\" class=\"aligncenter size-full\" alt=\"\" src=\"https:\/\/staging.taski.com\/wp-content\/uploads\/2020\/12\/icon-document.png\"\/>\n        <\/div>\n        <div class=\"feature-cell description-cell\">\n          <p>Geb\u00e4udemanagement - Brosch\u00fcre<\/p>\n        <\/div>\n       <\/div>\n        <\/a>       <div class=\"cl-fl\"><\/div>\n    <\/div>\n  <\/div>\n[\/vc_column][vc_column width=&#8220;1\/3&#8243;]  <div class=\"feature-icon-w\">\n    <div class=\"feature-icon-i\">\n     <a href=\"https:\/\/taski.com\/wp-content\/uploads\/2021\/01\/Sustainability-Customer-Endorsement-ISS.pdf\" target=\"_blank\">       <div class=\"feature-tbl\">\n        <div class=\"feature-cell image-cell\">\n          <img decoding=\"async\" class=\"aligncenter size-full\" alt=\"\" src=\"https:\/\/staging.taski.com\/wp-content\/uploads\/2020\/12\/icon-document.png\"\/>\n        <\/div>\n        <div class=\"feature-cell description-cell\">\n          <p>Nachhaltigkeit Kundenbef\u00fcrwortung<\/p>\n        <\/div>\n       <\/div>\n        <\/a>       <div class=\"cl-fl\"><\/div>\n    <\/div>\n  <\/div>\n[\/vc_column][\/vc_row][vc_row][vc_column][vc_row_inner][vc_column_inner]\n  <div class=\"three-cta-block\">\n    <div class=\"three-cta-block-i\">\n      <div class=\"row\">\n        <div class=\"three-cta-block-grid\">\n           <div class=\"three-cta-item\">\n            <div class=\"tci-i\">\n             <div class=\"tci-item-content\">\n                <h5><strong> Jetzt <\/strong><br \/>\nmehr erfahren!<\/h5>\n                <a href=\"\/produkte-innovationen-loesungen\/?lang=de\"><p>Produkte<br \/>\nund L\u00f6sungen<\/p><\/a>\n             <\/div>\n            <\/div>\n           <\/div>\n           <div class=\"three-cta-item\">\n            <div class=\"tci-i\">\n             <div class=\"tci-item-content\">\n                <h5><strong> Jetzt <\/strong><br \/>\nbestellen!<\/h5>\n                <a href=\"\/mein-taski-shop\/?lang=de\"><p>Zum<br \/>\nTASKI<br \/>\nShop<\/p><\/a>\n             <\/div>\n            <\/div>\n           <\/div>\n           <div class=\"three-cta-item\">\n            <div class=\"tci-i\">\n             <div class=\"tci-item-content\">\n                <h5><strong> Jetzt <\/strong><br \/>\nanfragen!<\/h5>\n                <a href=\"\/nachrichten-hilfe-kontakte\/kontakt\/?lang=de\"><p>Kontakt<\/p><\/a>\n             <\/div>\n            <\/div>\n           <\/div>\n        <\/div>\n      <\/div>\n    <\/div>\n  <\/div>\n  <div class=\"cl-fl\"><\/div>\n[\/vc_column_inner][\/vc_row_inner][\/vc_column][\/vc_row]<\/p>\n<\/div>","protected":false},"excerpt":{"rendered":"<p>TASKI Maschinenl\u00f6sungen f\u00fcr den Geb\u00e4udedienstleistungssektor, die betriebliche Effizienz und Kostenkontrolle bieten<\/p>\n","protected":false},"author":1,"featured_media":50443,"parent":4322,"menu_order":566,"comment_status":"closed","ping_status":"closed","template":"","meta":{"_acf_changed":false,"_seopress_robots_primary_cat":"","_seopress_titles_title":"","_seopress_titles_desc":"","_seopress_robots_index":"","inline_featured_image":false,"footnotes":""},"class_list":["post-4135","page","type-page","status-publish","has-post-thumbnail","hentry"],"acf":[],"_links":{"self":[{"href":"https:\/\/staging.taski.com\/de\/wp-json\/wp\/v2\/pages\/4135","targetHints":{"allow":["GET"]}}],"collection":[{"href":"https:\/\/staging.taski.com\/de\/wp-json\/wp\/v2\/pages"}],"about":[{"href":"https:\/\/staging.taski.com\/de\/wp-json\/wp\/v2\/types\/page"}],"author":[{"embeddable":true,"href":"https:\/\/staging.taski.com\/de\/wp-json\/wp\/v2\/users\/1"}],"replies":[{"embeddable":true,"href":"https:\/\/staging.taski.com\/de\/wp-json\/wp\/v2\/comments?post=4135"}],"version-history":[{"count":0,"href":"https:\/\/staging.taski.com\/de\/wp-json\/wp\/v2\/pages\/4135\/revisions"}],"up":[{"embeddable":true,"href":"https:\/\/staging.taski.com\/de\/wp-json\/wp\/v2\/pages\/4322"}],"wp:featuredmedia":[{"embeddable":true,"href":"https:\/\/staging.taski.com\/de\/wp-json\/wp\/v2\/media\/50443"}],"wp:attachment":[{"href":"https:\/\/staging.taski.com\/de\/wp-json\/wp\/v2\/media?parent=4135"}],"curies":[{"name":"wp","href":"https:\/\/api.w.org\/{rel}","templated":true}]}}