{"id":4008,"date":"2020-11-30T09:06:18","date_gmt":"2020-11-30T09:06:18","guid":{"rendered":"https:\/\/taski.com\/about-taski\/"},"modified":"2026-03-20T15:01:16","modified_gmt":"2026-03-20T15:01:16","slug":"about-taski","status":"publish","type":"page","link":"https:\/\/staging.taski.com\/de\/warum-taski\/about-taski\/","title":{"rendered":"\u00dcber TASKI"},"content":{"rendered":"<div class=\"wpb-content-wrapper\"><p>[vc_row][vc_column]\n  <div class=\"page-intro-block size-fit-image style-light font-large\">\n         <div class=\"page-intro-block-i\">\n      <div class=\"row\">\n        <div class=\"page-intro-content\">\n            <div class=\"title-block\">\n                                     <h2>TASKI ist stolz darauf, eine Marke von Solenis zu sein. Der Ruf von TASKI als technisch brillantes Schweizer Unternehmen ist weithin bekannt.<\/h2>\n                                                 <\/div>\n            <div class=\"page-intro-image\">\n                                <div class=\"page-intro-image-alt\">\n                    \n                    <img decoding=\"async\" src=\"https:\/\/staging.taski.com\/wp-content\/uploads\/2020\/12\/Swiss-flag_1.2.1-2.jpg\" alt=\"\" \/>\n\n                <\/div>\n            <\/div>\n        <\/div>\n      <\/div>\n\n\n    <\/div>\n  <\/div>\n  <div class=\"cl-fl\"><\/div>\n[\/vc_column][\/vc_row][vc_row][vc_column]\n  <div class=\"page-description-block style-dark\">\n    <div class=\"page-description-block-i\">\n      <div class=\"row\">\n        <div class=\"page-description-content\">\n          <\/div><\/div><\/div><\/div><\/p>\n<h2>Die TASKI <strong>Vision und Mission<\/strong>:<\/h2>\n<h3>Die TASKI Vision und Mission: TASKI ist stolz darauf, mit Schweizer Pr\u00e4zision und integrierten nachhaltigen L\u00f6sungen den ultimativen Kundennutzen zu schaffen<\/h3>\n<h2>Andere m\u00f6gen folgen &#8211; <strong>TASKI f\u00fchrt.<\/strong><\/h2>\n<\/div>\n      \n    \n  \n  <div class=\"cl-fl\"><\/div>\n[\/vc_column][\/vc_row][vc_row css=&#8220;.vc_custom_1606742742288{background-color: #f18a00 !important;}&#8220;][vc_column css=&#8220;.vc_custom_1606743732250{margin-top: 0px !important;margin-bottom: 0px !important;padding-top: 0px !important;padding-bottom: 0px !important;}&#8220;]\n  <div class=\"image-hover-block\">\n    <div class=\"image-hover-block-i\">\n\n        <div class=\"image-hover-grid\">\n           <div class=\"image-hover-item\">\n            <div class=\"ih-i\" style=\"background:url(https:\/\/staging.taski.com\/wp-content\/uploads\/2020\/11\/image-hover-1.jpg);\">\n             <div class=\"ih-item-content\">\n                <div class=\"ih-item-content-i\"><p>Wir sind stolz auf unser Schweizer Erbe - es ist in unserer DNA. Es ist ein Bezugspunkt und eine lebendige Inspiration<\/p>\n<\/div>\n             <\/div>\n            <\/div>\n           <\/div>\n           <div class=\"image-hover-item\">\n            <div class=\"ih-i\" style=\"background:url(https:\/\/staging.taski.com\/wp-content\/uploads\/2020\/11\/image-hover-2.jpg);\">\n             <div class=\"ih-item-content\">\n                <div class=\"ih-item-content-i\"><p>Schweizer Qualit\u00e4t pr\u00e4gt unseren verdienten Ruf f\u00fcr brillante Ingenieurskunst.<\/p>\n<\/div>\n             <\/div>\n            <\/div>\n           <\/div>\n           <div class=\"image-hover-item\">\n            <div class=\"ih-i\" style=\"background:url(https:\/\/staging.taski.com\/wp-content\/uploads\/2021\/01\/Engineering-excellence-image.png);\">\n             <div class=\"ih-item-content\">\n                <div class=\"ih-item-content-i\"><p>Unsere Designer und Ingenieure stellen Konventionen in Frage, optimieren und erneuern, um hervorragende Reinigungsleistungen zu erzielen.<\/p>\n<\/div>\n             <\/div>\n            <\/div>\n           <\/div>\n           <div class=\"image-hover-item\">\n            <div class=\"ih-i\" style=\"background:url(https:\/\/staging.taski.com\/wp-content\/uploads\/2021\/01\/Machine-testing-image.jpg);\">\n             <div class=\"ih-item-content\">\n                <div class=\"ih-item-content-i\"><p>Testen, testen und nochmal testen: In M\u00fcnchwilen (CH) wird jede Maschine auf Herz und Nieren gepr\u00fcft, bevor sie das Werk verl\u00e4sst. Keine Charge oder Muster - jede einzelne Maschine! Jede Maschine tr\u00e4gt die Unterschrift des Ingenieurs als pers\u00f6nliches Versprechen an die ULTIMATIVE Qualit\u00e4t.<\/p>\n<\/div>\n             <\/div>\n            <\/div>\n           <\/div>\n\n        <\/div>\n\n\n    <\/div>\n  <\/div>\n  <div class=\"cl-fl\"><\/div>\n[\/vc_column][\/vc_row][vc_row][vc_column][vc_column_text]\n<h3 style=\"text-align: center;\">Um mehr dar\u00fcber zu erfahren, wie TASKI die Reinigung ver\u00e4ndern wird, klicken Sie auf die Downloads<\/h3>\n<p>[\/vc_column_text][\/vc_column][\/vc_row][vc_row][vc_column width=&#8220;1\/2&#8243;]  <div class=\"feature-icon-w\">\n    <div class=\"feature-icon-i\">\n     <a href=\"https:\/\/taski.com\/wp-content\/uploads\/2021\/03\/Taski-Vision-flyer-.pdf\" target=\"_blank\">       <div class=\"feature-tbl\">\n        <div class=\"feature-cell image-cell\">\n          <img decoding=\"async\" class=\"aligncenter size-full\" alt=\"\" src=\"https:\/\/staging.taski.com\/wp-content\/uploads\/2020\/12\/icon-document.png\"\/>\n        <\/div>\n        <div class=\"feature-cell description-cell\">\n          <p>TASKI Vision - Flyer<\/p>\n        <\/div>\n       <\/div>\n        <\/a>       <div class=\"cl-fl\"><\/div>\n    <\/div>\n  <\/div>\n[\/vc_column][vc_column width=&#8220;1\/2&#8243;]  <div class=\"feature-icon-w\">\n    <div class=\"feature-icon-i\">\n     <a href=\"https:\/\/taski.com\/wp-content\/uploads\/2021\/03\/Taski-Vision-poster-.pdf\" target=\"_blank\">       <div class=\"feature-tbl\">\n        <div class=\"feature-cell image-cell\">\n          <img decoding=\"async\" class=\"aligncenter size-full\" alt=\"\" src=\"https:\/\/staging.taski.com\/wp-content\/uploads\/2020\/12\/icon-document.png\"\/>\n        <\/div>\n        <div class=\"feature-cell description-cell\">\n          <p>TASKI Mission - Poster<\/p>\n        <\/div>\n       <\/div>\n        <\/a>       <div class=\"cl-fl\"><\/div>\n    <\/div>\n  <\/div>\n[\/vc_column][\/vc_row][vc_row][vc_column]\n  <div class=\"three-cta-block\">\n    <div class=\"three-cta-block-i\">\n      <div class=\"row\">\n        <div class=\"three-cta-block-grid\">\n           <div class=\"three-cta-item\">\n            <div class=\"tci-i\">\n             <div class=\"tci-item-content\">\n                <h5><strong>Unsere<\/strong><br \/>\nL\u00f6sungen<\/h5>\n                <a href=\"\/produkte-innovationen-loesungen\/?lang=de\"><p>Produkte<br \/>\nund L\u00f6sungen<\/p><\/a>\n             <\/div>\n            <\/div>\n           <\/div>\n           <div class=\"three-cta-item\">\n            <div class=\"tci-i\">\n             <div class=\"tci-item-content\">\n                <h5><strong>Jetzt <\/strong><br \/>\nbestellen<\/h5>\n                <a href=\"\/mein-taski-shop\/?lang=de\"><p>Zum<br \/>\nTASKI Shop<\/p><\/a>\n             <\/div>\n            <\/div>\n           <\/div>\n           <div class=\"three-cta-item\">\n            <div class=\"tci-i\">\n             <div class=\"tci-item-content\">\n                <h5><strong>Jetzt<\/strong><br \/>\nanfragen<\/h5>\n                <a href=\"https:\/\/taski.com\/nachrichten-hilfe-kontakte\/kontakt\/?lang=de\"><p>Kontakt<\/p><\/a>\n             <\/div>\n            <\/div>\n           <\/div>\n        <\/div>\n      <\/div>\n    <\/div>\n  <\/div>\n  <div class=\"cl-fl\"><\/div>\n[\/vc_column][\/vc_row]<\/p>\n","protected":false},"excerpt":{"rendered":"<p>[vc_row][vc_column][\/vc_column][\/vc_row][vc_row][vc_column][\/vc_column][\/vc_row][vc_row css=&#8220;.vc_custom_1606742742288{background-color: #f18a00 !important;}&#8220;][vc_column css=&#8220;.vc_custom_1606743732250{margin-top: 0px !important;margin-bottom: 0px !important;padding-top: 0px !important;padding-bottom: 0px !important;}&#8220;][\/vc_column][\/vc_row][vc_row][vc_column][vc_column_text] Um mehr dar\u00fcber zu erfahren, wie TASKI die Reinigung ver\u00e4ndern wird, klicken Sie auf die Downloads [\/vc_column_text][\/vc_column][\/vc_row][vc_row][vc_column width=&#8220;1\/2&#8243;][\/vc_column][vc_column width=&#8220;1\/2&#8243;][\/vc_column][\/vc_row][vc_row][vc_column][\/vc_column][\/vc_row]<\/p>\n","protected":false},"author":1,"featured_media":0,"parent":6738,"menu_order":552,"comment_status":"closed","ping_status":"closed","template":"","meta":{"_acf_changed":false,"_seopress_robots_primary_cat":"","_seopress_titles_title":"","_seopress_titles_desc":"","_seopress_robots_index":"","inline_featured_image":false,"footnotes":""},"class_list":["post-4008","page","type-page","status-publish","hentry"],"acf":[],"_links":{"self":[{"href":"https:\/\/staging.taski.com\/de\/wp-json\/wp\/v2\/pages\/4008","targetHints":{"allow":["GET"]}}],"collection":[{"href":"https:\/\/staging.taski.com\/de\/wp-json\/wp\/v2\/pages"}],"about":[{"href":"https:\/\/staging.taski.com\/de\/wp-json\/wp\/v2\/types\/page"}],"author":[{"embeddable":true,"href":"https:\/\/staging.taski.com\/de\/wp-json\/wp\/v2\/users\/1"}],"replies":[{"embeddable":true,"href":"https:\/\/staging.taski.com\/de\/wp-json\/wp\/v2\/comments?post=4008"}],"version-history":[{"count":2,"href":"https:\/\/staging.taski.com\/de\/wp-json\/wp\/v2\/pages\/4008\/revisions"}],"predecessor-version":[{"id":56117,"href":"https:\/\/staging.taski.com\/de\/wp-json\/wp\/v2\/pages\/4008\/revisions\/56117"}],"up":[{"embeddable":true,"href":"https:\/\/staging.taski.com\/de\/wp-json\/wp\/v2\/pages\/6738"}],"wp:attachment":[{"href":"https:\/\/staging.taski.com\/de\/wp-json\/wp\/v2\/media?parent=4008"}],"curies":[{"name":"wp","href":"https:\/\/api.w.org\/{rel}","templated":true}]}}