{"id":3952,"date":"2020-11-23T12:14:19","date_gmt":"2020-11-23T12:14:19","guid":{"rendered":"https:\/\/taski.com\/produkte-innovationen-loesungen\/"},"modified":"2026-03-20T10:02:56","modified_gmt":"2026-03-20T10:02:56","slug":"produkte-innovationen-loesungen","status":"publish","type":"page","link":"https:\/\/staging.taski.com\/de\/produkte-innovationen-loesungen\/","title":{"rendered":"Produkte, Innovationen &#038; L\u00f6sungen"},"content":{"rendered":"<div class=\"wpb-content-wrapper\"><p>[vc_row el_id=&#8220;main-banner&#8220;][vc_column]\n  <div class=\"page-intro-block size-fit-image style-light font-large\">\n         <div class=\"page-intro-block-i\">\n      <div class=\"row\">\n        <div class=\"page-intro-content\">\n            <div class=\"title-block\">\n                                     <h2>Ihre Anforderungen und unsere Innovation.<\/h2>\n                    <p>Durch gr\u00fcndliches Testen stellen wir sicher, dass jedes entwickelte Produkt und jede Dienstleistung eine perfekte L\u00f6sung f\u00fcr Ihre Bed\u00fcrfnisse bietet.<\/p>\n<p>TASKI ist in jeder Phase des Kaufentscheidungsprozesses f\u00fcr Sie da. <\/p>\n                             <\/div>\n            <div class=\"page-intro-image\">\n                                <div class=\"page-intro-image-alt\">\n                    \n                    <img decoding=\"async\" src=\"https:\/\/staging.taski.com\/wp-content\/uploads\/2021\/01\/Robotic-innovation-2-1.jpg\" alt=\"\" \/>\n\n                <\/div>\n            <\/div>\n        <\/div>\n      <\/div>\n\n\n    <\/div>\n  <\/div>\n  <div class=\"cl-fl\"><\/div>\n[\/vc_column][\/vc_row][vc_row][vc_column]\n  <div class=\"page-description-block style-dark\">\n    <div class=\"page-description-block-i\">\n      <div class=\"row\">\n        <div class=\"page-description-content\">\n          <\/div><\/div><\/div><\/div><\/p>\n<h2>In jeder Phase des Kaufentscheidungsprozesses ist TASKI f\u00fcr Sie da. Unser Beratungskonzept stellt sicher, dass Sie die perfekte Wahl treffen.<\/h2>\n<p>Wir stellen sicher, dass Sie die ultimative Reinigungsmaschine erhalten, die hervorragende Reinigungsleistungen mit dem Service und der Unterst\u00fctzung bietet, die Sie erwarten.<\/p>\n        <\/div>\n      \n    \n  \n  <div class=\"cl-fl\"><\/div>\n[\/vc_column][\/vc_row][vc_row css=&#8220;.vc_custom_1607451657985{padding-top: 90px !important;}&#8220; el_id=&#8220;full-width-categories&#8220;][vc_column]\n  <div class=\"taski-carousel-block \" style=\"\">\n    <div class=\"taski-carousel-block-i\">\n\n      \n      <div class=\"row\">\n       <div class=\"taski-carousel-holder\">\n        <div class=\"taski-carousel owl-carousel owl-theme\" id=\"taski-carousel\">\n                                    <div class=\"item taski-slide\">\n                            <div class=\"its-i\">\n                <div class=\"media-w\">\n                    <div class=\"image\">\n                      <div class=\"image-i\">\n                        <img decoding=\"async\" src=\"https:\/\/staging.taski.com\/wp-content\/uploads\/2021\/01\/IntelliSpray-2.jpg\" \/>\n                      <\/div>\n                    <\/div>\n                <\/div>\n                <div class=\"text\">\n                    <div class=\"title\">Intelligente L\u00f6sungen<\/div>\n                    <p>Technologien, Konzepte und Produkte zur Steigerung der Produktivit\u00e4t, zur Erzielung hervorragender Reinigungsergebnisse, zur Energie- und Wassereinsparung, zur Reduzierung von Chemikalien und zur Verbesserung der Luftqualit\u00e4t. M\u00f6chten Sie mehr erfahren?<\/p>\n                    <div class=\"btn\"><a href=\"https:\/\/taski.com\/produkte-innovationen-loesungen\/innovations\/?lang=de\">Innovationen<\/a><\/div>                <\/div>\n              <\/div>\n                          <\/div>\n            <div class=\"item taski-slide\">\n                            <div class=\"its-i\">\n                <div class=\"media-w\">\n                    <div class=\"image\">\n                      <div class=\"image-i\">\n                        <img decoding=\"async\" src=\"https:\/\/staging.taski.com\/wp-content\/uploads\/2020\/12\/fleet-management.jpg\" \/>\n                      <\/div>\n                    <\/div>\n                <\/div>\n                <div class=\"text\">\n                    <div class=\"title\">TASKI Maschinenberater<\/div>\n                    <p>Wir haben 3 Konfiguratoren entwickelt, um Ihnen bei der Wahl Ihrer ultimaten Reinigungsmaschine zu helfen.<\/p>\n                    <div class=\"btn\"><a href=\"https:\/\/taski.com\/taski-maschinenberater\/?lang=de\">M\u00f6chten Sie mehr erfahren?<\/a><\/div>                <\/div>\n              <\/div>\n                          <\/div>\n            <div class=\"item taski-slide\">\n                            <div class=\"its-i\">\n                <div class=\"media-w\">\n                    <div class=\"image\">\n                      <div class=\"image-i\">\n                        <img decoding=\"async\" src=\"https:\/\/staging.taski.com\/wp-content\/uploads\/2020\/12\/Aero_8_plus_0036g1.jpg\" \/>\n                      <\/div>\n                    <\/div>\n                <\/div>\n                <div class=\"text\">\n                    <div class=\"title\">Produkte<\/div>\n                    <p>Finden Sie Ihre ultimative Reinigungsmaschine. Wir helfen Ihnen, die perfekte Wahl zu treffen.<\/p>\n                    <div class=\"btn\"><a href=\"https:\/\/taski.com\/produkte-innovationen-loesungen\/products\/?lang=de\">TASKI Reinigungsmaschinen<\/a><\/div>                <\/div>\n              <\/div>\n                          <\/div>\n            <div class=\"item taski-slide\">\n                            <div class=\"its-i\">\n                <div class=\"media-w\">\n                    <div class=\"image\">\n                      <div class=\"image-i\">\n                        <img decoding=\"async\" src=\"https:\/\/staging.taski.com\/wp-content\/uploads\/2020\/12\/financial-solutions-intro.jpg\" \/>\n                      <\/div>\n                    <\/div>\n                <\/div>\n                <div class=\"text\">\n                    <div class=\"title\">Finanzl\u00f6sungen<\/div>\n                    <p>Eine Reihe flexibler Finanzierungsm\u00f6glichkeiten, darunter Leasing, Miete, nutzungsabh\u00e4ngige Abrechnung und gebrauchte Maschinen.<\/p>\n                    <div class=\"btn\"><a href=\"https:\/\/taski.com\/finance-solutions\/?lang=de\">M\u00f6chten Sie mehr erfahren?<\/a><\/div>                <\/div>\n              <\/div>\n                          <\/div>\n            <div class=\"item taski-slide\">\n                            <div class=\"its-i\">\n                <div class=\"media-w\">\n                    <div class=\"image\">\n                      <div class=\"image-i\">\n                        <img decoding=\"async\" src=\"https:\/\/staging.taski.com\/wp-content\/uploads\/2020\/12\/virtual-floor-care-expert-1.jpg\" \/>\n                      <\/div>\n                    <\/div>\n                <\/div>\n                <div class=\"text\">\n                    <div class=\"title\">Service<\/div>\n                    <p>Die TASKI Servicepakete wurden entwickelt, um eine optimale Maschinenleistung zu gew\u00e4hrleisten und die niedrigsten Gesamtbetriebskosten (TCO) zu erzielen.<\/p>\n                    <div class=\"btn\"><a href=\"https:\/\/taski.com\/service\/?lang=de\">Mehr erfahren<\/a><\/div>                <\/div>\n              <\/div>\n                          <\/div>\n                    <\/div>\n\n        <div class=\"taski-carousel-navigation\">\n          <div class=\"nav-left\">\n            <a href=\"#\"><i class=\"fa fa-chevron-left\"><\/i><\/a>\n          <\/div>\n          <div class=\"nav-description\">\n\n          <\/div>\n          <div class=\"nav-right\">\n            <a href=\"#\"><i class=\"fa fa-chevron-right\"><\/i><\/a>\n          <\/div>\n        <\/div>\n       <\/div>\n      <\/div>\n   <\/div>\n  <\/div>\n  <div class=\"cl-fl\"><\/div>\n[\/vc_column][\/vc_row][vc_row css=&#8220;.vc_custom_1606750435278{padding-top: 90px !important;}&#8220;][vc_column]\n  <div class=\"page-description-block style-dark\">\n    <div class=\"page-description-block-i\">\n      <div class=\"row\">\n        <div class=\"page-description-content\">\n          \n<h2>Die Wahl der TASKI Maschine<\/h2>\n<p>W\u00e4hlen Sie Ihre ultimate Reinigungsmaschine.<br \/>\nSt\u00f6bern Sie auf unseren Produktseiten oder nutzen Sie unseren Maschinenberater, um die perfekte Wahl zu treffen.<\/p>\n        <\/div>\n      <\/div>\n    <\/div>\n  <\/div>\n  <div class=\"cl-fl\"><\/div>\n[\/vc_column][\/vc_row][vc_row css=&#8220;.vc_custom_1606750505039{padding-top: 40px !important;padding-bottom: 40px !important;}&#8220;][vc_column]\n  <div class=\"three-cta-block\">\n    <div class=\"three-cta-block-i\">\n      <div class=\"row\">\n        <div class=\"three-cta-block-grid\">\n           <div class=\"three-cta-item\">\n            <div class=\"tci-i\">\n             <div class=\"tci-item-content\">\n                <h5><strong>W\u00e4hlen Sie Ihre Maschine<\/strong><br \/>\nvon TASKI<\/h5>\n                <a href=\"https:\/\/taski.com\/taski-maschinenberater\/?lang=de\"><p>Maschinen-<br \/>\nberater<\/p><\/a>\n             <\/div>\n            <\/div>\n           <\/div>\n           <div class=\"three-cta-item\">\n            <div class=\"tci-i\">\n             <div class=\"tci-item-content\">\n                <h5><strong>Jetzt<\/strong><br \/>\nkaufen<\/h5>\n                <a href=\"https:\/\/taski.com\/mein-taski-shop\/?lang=de\"><p>Mein TASKI Shop<\/p><\/a>\n             <\/div>\n            <\/div>\n           <\/div>\n           <div class=\"three-cta-item\">\n            <div class=\"tci-i\">\n             <div class=\"tci-item-content\">\n                <h5><strong>Kontakt<\/strong><br \/>\naufnehmen<\/h5>\n                <a href=\"https:\/\/taski.com\/nachrichten-hilfe-kontakte\/kontakt\/?lang=de\"><p>Kontakt<\/p><\/a>\n             <\/div>\n            <\/div>\n           <\/div>\n        <\/div>\n      <\/div>\n    <\/div>\n  <\/div>\n  <div class=\"cl-fl\"><\/div>\n[\/vc_column][\/vc_row]\n","protected":false},"excerpt":{"rendered":"<p>[vc_row el_id=&#8220;main-banner&#8220;][vc_column][\/vc_column][\/vc_row][vc_row][vc_column][\/vc_column][\/vc_row][vc_row css=&#8220;.vc_custom_1607451657985{padding-top: 90px !important;}&#8220; el_id=&#8220;full-width-categories&#8220;][vc_column][\/vc_column][\/vc_row][vc_row css=&#8220;.vc_custom_1606750435278{padding-top: 90px !important;}&#8220;][vc_column][\/vc_column][\/vc_row][vc_row css=&#8220;.vc_custom_1606750505039{padding-top: 40px !important;padding-bottom: 40px !important;}&#8220;][vc_column][\/vc_column][\/vc_row]<\/p>\n","protected":false},"author":1,"featured_media":0,"parent":0,"menu_order":146,"comment_status":"closed","ping_status":"closed","template":"","meta":{"_acf_changed":false,"_seopress_robots_primary_cat":"","_seopress_titles_title":"","_seopress_titles_desc":"","_seopress_robots_index":"","inline_featured_image":false,"footnotes":""},"class_list":["post-3952","page","type-page","status-publish","hentry"],"acf":[],"_links":{"self":[{"href":"https:\/\/staging.taski.com\/de\/wp-json\/wp\/v2\/pages\/3952","targetHints":{"allow":["GET"]}}],"collection":[{"href":"https:\/\/staging.taski.com\/de\/wp-json\/wp\/v2\/pages"}],"about":[{"href":"https:\/\/staging.taski.com\/de\/wp-json\/wp\/v2\/types\/page"}],"author":[{"embeddable":true,"href":"https:\/\/staging.taski.com\/de\/wp-json\/wp\/v2\/users\/1"}],"replies":[{"embeddable":true,"href":"https:\/\/staging.taski.com\/de\/wp-json\/wp\/v2\/comments?post=3952"}],"version-history":[{"count":2,"href":"https:\/\/staging.taski.com\/de\/wp-json\/wp\/v2\/pages\/3952\/revisions"}],"predecessor-version":[{"id":56111,"href":"https:\/\/staging.taski.com\/de\/wp-json\/wp\/v2\/pages\/3952\/revisions\/56111"}],"wp:attachment":[{"href":"https:\/\/staging.taski.com\/de\/wp-json\/wp\/v2\/media?parent=3952"}],"curies":[{"name":"wp","href":"https:\/\/api.w.org\/{rel}","templated":true}]}}