{"id":28522,"date":"2021-09-13T10:48:00","date_gmt":"2021-09-13T10:48:00","guid":{"rendered":"https:\/\/taski.com\/?page_id=28522"},"modified":"2022-09-07T13:01:12","modified_gmt":"2022-09-07T13:01:12","slug":"taski-ar-intellisupport","status":"publish","type":"page","link":"https:\/\/staging.taski.com\/de\/warum-taski\/expert-advice\/taski-ar-intellisupport\/","title":{"rendered":"TASKI AR &#038; IntelliSupport"},"content":{"rendered":"<div class=\"wpb-content-wrapper\"><p>[vc_row][vc_column]\n  <div class=\"main-banner-block half-blocks content-video-no\" style=\"background-image:url(https:\/\/staging.taski.com\/wp-content\/uploads\/2021\/09\/Feature-Image-1.jpeg);\">\n         <div class=\"main-banner-block-i\">\n      <div class=\"row\">\n       <div class=\"mbb-fl\">\n        <div class=\"main-banner-block-content\">\n            <h2><\/h2>\n            <div class=\"button-wrapper\">\n                        <\/div>\n        <\/div>\n               <\/div>\n      <\/div>\n\n\n    <\/div>\n  <\/div>\n  <div class=\"cl-fl\"><\/div>\n[vc_empty_space][vc_custom_heading text=&#8220;Ihre Maschinen-App f\u00fcr Wartung, Self-Service, Demos &amp; TASKI IntelliSupport&#8220; font_container=&#8220;tag:h2|text_align:center|color:%23f48938&#8243; use_theme_fonts=&#8220;yes&#8220; css=&#8220;.vc_custom_1631026731389{padding-top: 50px !important;padding-right: 50px !important;padding-bottom: 50px !important;padding-left: 50px !important;border-radius: 35px !important;}&#8220;]  <div class=\"simple-icons\">\n    <div class=\"simple-icons-i\">\n              <div class=\"simple-icon-each\">\n        <div class=\"si-image\">\n          <img decoding=\"async\" class=\"aligncenter size-full\" alt=\"\" src=\"https:\/\/staging.taski.com\/wp-content\/uploads\/2021\/09\/90132-VCT-TASKI_AR__Demonstrate_Icon.png\"\/>\n        <\/div>\n        <div class=\"si-image-desc\">\n          <p>Demonstration<\/p>\n<p>Lassen Sie sich die wichtigsten Funktionen und Elemente der Maschine vorf\u00fchren, damit Sie besser verstehen, wie sie funktioniert und wo sie am besten eingesetzt wird. Entdecken Sie Merkmale wie die einzigartige B\u00fcrsteneinheit und das ergonomische Design der Maschine.<\/p>\n        <\/div>\n       <\/div>\n                     <div class=\"simple-icon-each\">\n        <div class=\"si-image\">\n          <img decoding=\"async\" class=\"aligncenter size-full\" alt=\"\" src=\"https:\/\/staging.taski.com\/wp-content\/uploads\/2021\/09\/Untitled-1.png\"\/>\n        <\/div>\n        <div class=\"si-image-desc\">\n          <p>Wartung<\/p>\n<p>Warten Sie die Maschine nach einer Schicht mit einer App-gest\u00fctzten Schritt-f\u00fcr-Schritt-Anleitung zu allen 7 gelben Wartungspunkten. Entleeren Sie den Trichter, \u00fcberpr\u00fcfen Sie den Staubbeutel, reinigen Sie die B\u00fcrsteneinheit und vieles mehr. Beugen Sie zuk\u00fcnftigen Ausf\u00e4llen fr\u00fchzeitig und gr\u00fcndlich vor.<\/p>\n        <\/div>\n       <\/div>\n                     <div class=\"simple-icon-each\">\n        <div class=\"si-image\">\n          <img decoding=\"async\" class=\"aligncenter size-full\" alt=\"\" src=\"https:\/\/staging.taski.com\/wp-content\/uploads\/2021\/09\/Service.png\"\/>\n        <\/div>\n        <div class=\"si-image-desc\">\n          <p><strong>Self-Service<\/strong><\/p>\n<p>Wenn Sie ein Problem mit der Maschine haben, ist es am besten, wenn Sie zuerst die Maschine selbst \u00fcberpr\u00fcfen. TASKI AR gibt Ihnen eine einfache Anleitung, wie Sie h\u00e4ufige Probleme mit der Maschine beheben k\u00f6nnen, um Ausfallzeiten und \u00c4rger zu vermeiden.<\/p>\n        <\/div>\n       <\/div>\n                     <div class=\"simple-icon-each\">\n        <div class=\"si-image\">\n          <img decoding=\"async\" class=\"aligncenter size-full\" alt=\"\" src=\"https:\/\/staging.taski.com\/wp-content\/uploads\/2021\/09\/90131-VCT-TASKI_AR_IntelliSupport_Icon.png\"\/>\n        <\/div>\n        <div class=\"si-image-desc\">\n          <p><strong>TASKI IntelliSupport<\/strong><\/p>\n<p>Falls Sie nicht in der Lage sind, das Problem selbst zu l\u00f6sen, ist TASKI IntelliSupport ein einfacher und bequemer Service, um sofort Hilfe von einem von Diversey autorisierten Techniker zu erhalten. Sie sind mit allen TASKI-Ressourcen ausgestattet, um sicherzustellen, dass Ihre Maschine immer einsatzbereit bleibt.<\/p>\n        <\/div>\n       <\/div>\n                     <div class=\"simple-icon-each\">\n        <div class=\"si-image\">\n          <img decoding=\"async\" class=\"aligncenter size-full\" alt=\"\" src=\"https:\/\/staging.taski.com\/wp-content\/uploads\/2021\/09\/Untitled-2.png\"\/>\n        <\/div>\n        <div class=\"si-image-desc\">\n          <p><strong>Dokumente &amp; Ersatzteile<\/strong><\/p>\n<p>Die Dokumentation, wie Gebrauchsanweisungen und digitale Wallcharts, sind ebenfalls in die App integriert, um Ihnen einen schnellen Zugriff zu erm\u00f6glichen. Au\u00dferdem k\u00f6nnen Sie den TASKI Ersatzteil-Hub \u00f6ffnen, um schnellen Zugriff auf Ersatzteile zu erhalten.<\/p>\n        <\/div>\n       <\/div>\n           <\/div>\n  <\/div>\n  <div class=\"cl-fl\"><\/div>\n[vc_single_image image=&#8220;21644&#8243; img_size=&#8220;medium&#8220; alignment=&#8220;center&#8220; title=&#8220;TASKI AR jetzt downloaden!&#8220;][vc_single_image image=&#8220;21633&#8243; img_size=&#8220;Full&#8220; alignment=&#8220;center&#8220; css=&#8220;.vc_custom_1631026756157{background-color: #636363 !important;}&#8220;][\/vc_column][\/vc_row][vc_row][vc_column][\/vc_column][\/vc_row][vc_row][vc_column]  <div class=\"feature-icon-w\">\n    <div class=\"feature-icon-i\">\n            <div class=\"feature-tbl\">\n        <div class=\"feature-cell image-cell\">\n          <img decoding=\"async\" class=\"aligncenter size-full\" alt=\"\" src=\"\"\/>\n        <\/div>\n        <div class=\"feature-cell description-cell\">\n                  <\/div>\n       <\/div>\n               <div class=\"cl-fl\"><\/div>\n    <\/div>\n  <\/div>\n[\/vc_column][\/vc_row][vc_row][vc_column width=&#8220;1\/3&#8243;]  <div class=\"feature-icon-w\">\n    <div class=\"feature-icon-i\">\n     <a href=\"https:\/\/taski.com\/wp-content\/uploads\/2021\/09\/90136-LIT-TASKI_AR_Brochure-A4-MASTER-HRNC.pdf?_t=1631023550\" target=\"_blank\">       <div class=\"feature-tbl\">\n        <div class=\"feature-cell image-cell\">\n          <img decoding=\"async\" class=\"aligncenter size-full\" alt=\"\" src=\"https:\/\/staging.taski.com\/wp-content\/uploads\/2021\/09\/TASKI-AR-PSS-Image.png\"\/>\n        <\/div>\n        <div class=\"feature-cell description-cell\">\n          <p>TASKI AR Brosch\u00fcre (EN)<\/p>\n        <\/div>\n       <\/div>\n        <\/a>       <div class=\"cl-fl\"><\/div>\n    <\/div>\n  <\/div>\n[\/vc_column][vc_column width=&#8220;1\/3&#8243;]  <div class=\"feature-icon-w\">\n    <div class=\"feature-icon-i\">\n     <a href=\"https:\/\/taski.com\/wp-content\/uploads\/2021\/09\/90135-SAL-TASKI_AR_Leaflet-A4-MASTER-HRNC_20210727145416.pdf?_t=1631023544\" target=\"_blank\">       <div class=\"feature-tbl\">\n        <div class=\"feature-cell image-cell\">\n          <img decoding=\"async\" class=\"aligncenter size-full\" alt=\"\" src=\"https:\/\/staging.taski.com\/wp-content\/uploads\/2021\/09\/TASKI-AR-PSS-Image.png\"\/>\n        <\/div>\n        <div class=\"feature-cell description-cell\">\n          <p>TASKI AR Produktinformationsblatt (EN)<\/p>\n        <\/div>\n       <\/div>\n        <\/a>       <div class=\"cl-fl\"><\/div>\n    <\/div>\n  <\/div>\n[\/vc_column][vc_column width=&#8220;1\/3&#8243;][\/vc_column][\/vc_row][vc_row][vc_column][vc_tta_pageable][vc_tta_section title=&#8220;Section 2&#8243; tab_id=&#8220;1631026491373-6403a758-95b8&#8243;][\/vc_tta_section][\/vc_tta_pageable][\/vc_column][\/vc_row]<\/p>\n<\/div>","protected":false},"excerpt":{"rendered":"<p>[vc_row][vc_column][vc_empty_space][vc_custom_heading text=&#8220;Ihre Maschinen-App f\u00fcr Wartung, Self-Service, Demos &amp; TASKI IntelliSupport&#8220; font_container=&#8220;tag:h2|text_align:center|color:%23f48938&#8243; use_theme_fonts=&#8220;yes&#8220; css=&#8220;.vc_custom_1631026731389{padding-top: 50px !important;padding-right: 50px !important;padding-bottom: 50px !important;padding-left: 50px !important;border-radius: 35px !important;}&#8220;][vc_single_image image=&#8220;21644&#8243; img_size=&#8220;medium&#8220; alignment=&#8220;center&#8220; title=&#8220;TASKI AR jetzt downloaden!&#8220;][vc_single_image image=&#8220;21633&#8243; img_size=&#8220;Full&#8220; alignment=&#8220;center&#8220; css=&#8220;.vc_custom_1631026756157{background-color: #636363 !important;}&#8220;][\/vc_column][\/vc_row][vc_row][vc_column][\/vc_column][\/vc_row][vc_row][vc_column][\/vc_column][\/vc_row][vc_row][vc_column width=&#8220;1\/3&#8243;][\/vc_column][vc_column width=&#8220;1\/3&#8243;][\/vc_column][vc_column width=&#8220;1\/3&#8243;][\/vc_column][\/vc_row][vc_row][vc_column][vc_tta_pageable][vc_tta_section title=&#8220;Section 2&#8243; tab_id=&#8220;1631026491373-6403a758-95b8&#8243;][\/vc_tta_section][\/vc_tta_pageable][\/vc_column][\/vc_row]<\/p>\n","protected":false},"author":3,"featured_media":21813,"parent":6721,"menu_order":70,"comment_status":"closed","ping_status":"closed","template":"","meta":{"_acf_changed":false,"_seopress_robots_primary_cat":"","_seopress_titles_title":"","_seopress_titles_desc":"","_seopress_robots_index":"","inline_featured_image":false,"footnotes":""},"class_list":["post-28522","page","type-page","status-publish","has-post-thumbnail","hentry"],"acf":[],"_links":{"self":[{"href":"https:\/\/staging.taski.com\/de\/wp-json\/wp\/v2\/pages\/28522","targetHints":{"allow":["GET"]}}],"collection":[{"href":"https:\/\/staging.taski.com\/de\/wp-json\/wp\/v2\/pages"}],"about":[{"href":"https:\/\/staging.taski.com\/de\/wp-json\/wp\/v2\/types\/page"}],"author":[{"embeddable":true,"href":"https:\/\/staging.taski.com\/de\/wp-json\/wp\/v2\/users\/3"}],"replies":[{"embeddable":true,"href":"https:\/\/staging.taski.com\/de\/wp-json\/wp\/v2\/comments?post=28522"}],"version-history":[{"count":0,"href":"https:\/\/staging.taski.com\/de\/wp-json\/wp\/v2\/pages\/28522\/revisions"}],"up":[{"embeddable":true,"href":"https:\/\/staging.taski.com\/de\/wp-json\/wp\/v2\/pages\/6721"}],"wp:featuredmedia":[{"embeddable":true,"href":"https:\/\/staging.taski.com\/de\/wp-json\/wp\/v2\/media\/21813"}],"wp:attachment":[{"href":"https:\/\/staging.taski.com\/de\/wp-json\/wp\/v2\/media?parent=28522"}],"curies":[{"name":"wp","href":"https:\/\/api.w.org\/{rel}","templated":true}]}}